{"id":56629,"date":"2016-11-07T16:09:38","date_gmt":"2016-11-07T15:09:38","guid":{"rendered":"https:\/\/staging.lucky-hunter.com\/product\/mounting-bracket-for-game-camera-2\/"},"modified":"2016-11-07T16:09:38","modified_gmt":"2016-11-07T15:09:38","slug":"mounting-bracket-for-game-camera-2","status":"publish","type":"product","link":"https:\/\/staging.lucky-hunter.com\/ro\/product\/mounting-bracket-for-game-camera-2\/","title":{"rendered":"Suport de montare pentru camera de joc"},"content":{"rendered":"<h3>Suport de montare pentru camera de joc<\/h3>\n<p>Un suport inteligent \u0219i rezistent pentru a v\u0103 monta camera de joc exact la \u00een\u0103l\u021bimea \u0219i unghiul potrivit. Acest lucru \u00eenseamn\u0103 c\u0103 nu v\u0103 mai \u00eencurca\u021bi c\u00e2nd vine vorba de \u00eenlocuirea bateriilor sau a cardurilor de memorie; ve\u021bi \u0219ti loca\u021bia exact\u0103 \u00een care se afl\u0103 camera dvs. pentru a o plasa \u00een loca\u021bia perfect\u0103 din nou \u0219i din nou.<\/p>\n<p>Fabricat din materiale rezistente, suportul de montare va fi utilizabil an de an pentru nevoile dvs. de montare a camerei.<\/p>\n<p>Acestea sunt de profil redus, chiar dac\u0103 sunt grele, deci nu sunt at\u00e2t de inestetice pentru a l\u0103sa \u00een picioare \u00een perioadele \u00een care nu ave\u021bi nevoie de utilizarea unei camere de joc.<\/p>\n<p>Preparat din metal cu suprafata vopsita.<\/p>\n<p>\u00a0<\/p>\n","protected":false},"excerpt":{"rendered":"<p>Un suport inteligent \u0219i rezistent pentru a v\u0103 monta camera de joc exact la \u00een\u0103l\u021bimea \u0219i unghiul potrivit.\u00a0Preparat din metal cu suprafata vopsita.<\/p>\n","protected":false},"featured_media":49382,"template":"","meta":[],"product_brand":[],"product_cat":[8890],"product_tag":[],"yoast_head":"<!-- This site is optimized with the Yoast SEO plugin v24.3 - https:\/\/yoast.com\/wordpress\/plugins\/seo\/ -->\n<title>Suport de montare pentru camera de joc: Greutate | V\u00e2n\u0103tor norocos<\/title>\n<meta name=\"description\" content=\"Monta\u021bi camera dvs. \u00een pozi\u021bia corect\u0103. Un suport de montare pentru camera de joc inteligent \u0219i rezistent. Preparat din metal cu suprafata vopsita.\" \/>\n<meta name=\"robots\" content=\"noindex, follow, max-snippet:-1, max-image-preview:large, max-video-preview:-1\" \/>\n<meta property=\"og:locale\" content=\"ro_RO\" \/>\n<meta property=\"og:type\" content=\"article\" \/>\n<meta property=\"og:title\" content=\"Suport de montare pentru camera de joc rezistent\u0103 | V\u00e2n\u0103tor norocos\" \/>\n<meta property=\"og:description\" content=\"Monta\u021bi camera dvs. \u00een pozi\u021bia corect\u0103. Un suport de montare pentru camera de joc inteligent \u0219i rezistent. Preparat din metal cu suprafata vopsita.\" \/>\n<meta property=\"og:url\" content=\"https:\/\/staging.lucky-hunter.com\/ro\/product\/mounting-bracket-for-game-camera-2\/\" \/>\n<meta property=\"og:site_name\" content=\"Lucky-Hunter\" \/>\n<meta property=\"og:image\" content=\"https:\/\/staging.lucky-hunter.com\/wp-content\/uploads\/2016\/11\/JK-621.png\" \/>\n\t<meta property=\"og:image:width\" content=\"1000\" \/>\n\t<meta property=\"og:image:height\" content=\"1000\" \/>\n\t<meta property=\"og:image:type\" content=\"image\/png\" \/>\n<meta name=\"twitter:card\" content=\"summary_large_image\" \/>\n<meta name=\"twitter:title\" content=\"Suport de montare pentru camera de joc rezistent\u0103 | V\u00e2n\u0103tor norocos\" \/>\n<meta name=\"twitter:description\" content=\"Monta\u021bi camera dvs. \u00een pozi\u021bia corect\u0103. Un suport de montare pentru camera de joc inteligent \u0219i rezistent. Preparat din metal cu suprafata vopsita.\" \/>\n<meta name=\"twitter:label1\" content=\"Timp estimat pentru citire\" \/>\n\t<meta name=\"twitter:data1\" content=\"1 minut\" \/>\n<script type=\"application\/ld+json\" class=\"yoast-schema-graph\">{\"@context\":\"https:\/\/schema.org\",\"@graph\":[{\"@type\":\"WebPage\",\"@id\":\"https:\/\/staging.lucky-hunter.com\/ro\/product\/mounting-bracket-for-game-camera-2\/\",\"url\":\"https:\/\/staging.lucky-hunter.com\/ro\/product\/mounting-bracket-for-game-camera-2\/\",\"name\":\"Suport de montare pentru camera de joc: Greutate | V\u00e2n\u0103tor norocos\",\"isPartOf\":{\"@id\":\"https:\/\/staging.lucky-hunter.com\/#website\"},\"primaryImageOfPage\":{\"@id\":\"https:\/\/staging.lucky-hunter.com\/ro\/product\/mounting-bracket-for-game-camera-2\/#primaryimage\"},\"image\":{\"@id\":\"https:\/\/staging.lucky-hunter.com\/ro\/product\/mounting-bracket-for-game-camera-2\/#primaryimage\"},\"thumbnailUrl\":\"https:\/\/staging.lucky-hunter.com\/wp-content\/uploads\/2016\/11\/JK-621.png\",\"datePublished\":\"2016-11-07T15:09:38+00:00\",\"dateModified\":\"2016-11-07T15:09:38+00:00\",\"description\":\"Monta\u021bi camera dvs. \u00een pozi\u021bia corect\u0103. Un suport de montare pentru camera de joc inteligent \u0219i rezistent. Preparat din metal cu suprafata vopsita.\",\"breadcrumb\":{\"@id\":\"https:\/\/staging.lucky-hunter.com\/ro\/product\/mounting-bracket-for-game-camera-2\/#breadcrumb\"},\"inLanguage\":\"ro-RO\",\"potentialAction\":[{\"@type\":\"ReadAction\",\"target\":[\"https:\/\/staging.lucky-hunter.com\/ro\/product\/mounting-bracket-for-game-camera-2\/\"]}]},{\"@type\":\"ImageObject\",\"inLanguage\":\"ro-RO\",\"@id\":\"https:\/\/staging.lucky-hunter.com\/ro\/product\/mounting-bracket-for-game-camera-2\/#primaryimage\",\"url\":\"https:\/\/staging.lucky-hunter.com\/wp-content\/uploads\/2016\/11\/JK-621.png\",\"contentUrl\":\"https:\/\/staging.lucky-hunter.com\/wp-content\/uploads\/2016\/11\/JK-621.png\",\"width\":1000,\"height\":1000},{\"@type\":\"BreadcrumbList\",\"@id\":\"https:\/\/staging.lucky-hunter.com\/ro\/product\/mounting-bracket-for-game-camera-2\/#breadcrumb\",\"itemListElement\":[{\"@type\":\"ListItem\",\"position\":1,\"name\":\"Home\",\"item\":\"https:\/\/staging.lucky-hunter.com\/ro\/\"},{\"@type\":\"ListItem\",\"position\":2,\"name\":\"Shop\",\"item\":\"https:\/\/staging.lucky-hunter.com\/ro\/shop\/\"},{\"@type\":\"ListItem\",\"position\":3,\"name\":\"Suport de montare pentru camera de joc\"}]},{\"@type\":\"WebSite\",\"@id\":\"https:\/\/staging.lucky-hunter.com\/#website\",\"url\":\"https:\/\/staging.lucky-hunter.com\/\",\"name\":\"Lucky-Hunter\",\"description\":\"Gear Up or Give Up\",\"potentialAction\":[{\"@type\":\"SearchAction\",\"target\":{\"@type\":\"EntryPoint\",\"urlTemplate\":\"https:\/\/staging.lucky-hunter.com\/?s={search_term_string}\"},\"query-input\":{\"@type\":\"PropertyValueSpecification\",\"valueRequired\":true,\"valueName\":\"search_term_string\"}}],\"inLanguage\":\"ro-RO\"}]}<\/script>\n<!-- \/ Yoast SEO plugin. -->","yoast_head_json":{"title":"Suport de montare pentru camera de joc: Greutate | V\u00e2n\u0103tor norocos","description":"Monta\u021bi camera dvs. \u00een pozi\u021bia corect\u0103. Un suport de montare pentru camera de joc inteligent \u0219i rezistent. Preparat din metal cu suprafata vopsita.","robots":{"index":"noindex","follow":"follow","max-snippet":"max-snippet:-1","max-image-preview":"max-image-preview:large","max-video-preview":"max-video-preview:-1"},"og_locale":"ro_RO","og_type":"article","og_title":"Suport de montare pentru camera de joc rezistent\u0103 | V\u00e2n\u0103tor norocos","og_description":"Monta\u021bi camera dvs. \u00een pozi\u021bia corect\u0103. Un suport de montare pentru camera de joc inteligent \u0219i rezistent. Preparat din metal cu suprafata vopsita.","og_url":"https:\/\/staging.lucky-hunter.com\/ro\/product\/mounting-bracket-for-game-camera-2\/","og_site_name":"Lucky-Hunter","og_image":[{"width":1000,"height":1000,"url":"https:\/\/staging.lucky-hunter.com\/wp-content\/uploads\/2016\/11\/JK-621.png","type":"image\/png"}],"twitter_card":"summary_large_image","twitter_title":"Suport de montare pentru camera de joc rezistent\u0103 | V\u00e2n\u0103tor norocos","twitter_description":"Monta\u021bi camera dvs. \u00een pozi\u021bia corect\u0103. Un suport de montare pentru camera de joc inteligent \u0219i rezistent. Preparat din metal cu suprafata vopsita.","twitter_misc":{"Timp estimat pentru citire":"1 minut"},"schema":{"@context":"https:\/\/schema.org","@graph":[{"@type":"WebPage","@id":"https:\/\/staging.lucky-hunter.com\/ro\/product\/mounting-bracket-for-game-camera-2\/","url":"https:\/\/staging.lucky-hunter.com\/ro\/product\/mounting-bracket-for-game-camera-2\/","name":"Suport de montare pentru camera de joc: Greutate | V\u00e2n\u0103tor norocos","isPartOf":{"@id":"https:\/\/staging.lucky-hunter.com\/#website"},"primaryImageOfPage":{"@id":"https:\/\/staging.lucky-hunter.com\/ro\/product\/mounting-bracket-for-game-camera-2\/#primaryimage"},"image":{"@id":"https:\/\/staging.lucky-hunter.com\/ro\/product\/mounting-bracket-for-game-camera-2\/#primaryimage"},"thumbnailUrl":"https:\/\/staging.lucky-hunter.com\/wp-content\/uploads\/2016\/11\/JK-621.png","datePublished":"2016-11-07T15:09:38+00:00","dateModified":"2016-11-07T15:09:38+00:00","description":"Monta\u021bi camera dvs. \u00een pozi\u021bia corect\u0103. Un suport de montare pentru camera de joc inteligent \u0219i rezistent. Preparat din metal cu suprafata vopsita.","breadcrumb":{"@id":"https:\/\/staging.lucky-hunter.com\/ro\/product\/mounting-bracket-for-game-camera-2\/#breadcrumb"},"inLanguage":"ro-RO","potentialAction":[{"@type":"ReadAction","target":["https:\/\/staging.lucky-hunter.com\/ro\/product\/mounting-bracket-for-game-camera-2\/"]}]},{"@type":"ImageObject","inLanguage":"ro-RO","@id":"https:\/\/staging.lucky-hunter.com\/ro\/product\/mounting-bracket-for-game-camera-2\/#primaryimage","url":"https:\/\/staging.lucky-hunter.com\/wp-content\/uploads\/2016\/11\/JK-621.png","contentUrl":"https:\/\/staging.lucky-hunter.com\/wp-content\/uploads\/2016\/11\/JK-621.png","width":1000,"height":1000},{"@type":"BreadcrumbList","@id":"https:\/\/staging.lucky-hunter.com\/ro\/product\/mounting-bracket-for-game-camera-2\/#breadcrumb","itemListElement":[{"@type":"ListItem","position":1,"name":"Home","item":"https:\/\/staging.lucky-hunter.com\/ro\/"},{"@type":"ListItem","position":2,"name":"Shop","item":"https:\/\/staging.lucky-hunter.com\/ro\/shop\/"},{"@type":"ListItem","position":3,"name":"Suport de montare pentru camera de joc"}]},{"@type":"WebSite","@id":"https:\/\/staging.lucky-hunter.com\/#website","url":"https:\/\/staging.lucky-hunter.com\/","name":"Lucky-Hunter","description":"Gear Up or Give Up","potentialAction":[{"@type":"SearchAction","target":{"@type":"EntryPoint","urlTemplate":"https:\/\/staging.lucky-hunter.com\/?s={search_term_string}"},"query-input":{"@type":"PropertyValueSpecification","valueRequired":true,"valueName":"search_term_string"}}],"inLanguage":"ro-RO"}]}},"_links":{"self":[{"href":"https:\/\/staging.lucky-hunter.com\/ro\/wp-json\/wp\/v2\/product\/56629"}],"collection":[{"href":"https:\/\/staging.lucky-hunter.com\/ro\/wp-json\/wp\/v2\/product"}],"about":[{"href":"https:\/\/staging.lucky-hunter.com\/ro\/wp-json\/wp\/v2\/types\/product"}],"wp:featuredmedia":[{"embeddable":true,"href":"https:\/\/staging.lucky-hunter.com\/ro\/wp-json\/wp\/v2\/media\/49382"}],"wp:attachment":[{"href":"https:\/\/staging.lucky-hunter.com\/ro\/wp-json\/wp\/v2\/media?parent=56629"}],"wp:term":[{"taxonomy":"product_brand","embeddable":true,"href":"https:\/\/staging.lucky-hunter.com\/ro\/wp-json\/wp\/v2\/product_brand?post=56629"},{"taxonomy":"product_cat","embeddable":true,"href":"https:\/\/staging.lucky-hunter.com\/ro\/wp-json\/wp\/v2\/product_cat?post=56629"},{"taxonomy":"product_tag","embeddable":true,"href":"https:\/\/staging.lucky-hunter.com\/ro\/wp-json\/wp\/v2\/product_tag?post=56629"}],"curies":[{"name":"wp","href":"https:\/\/api.w.org\/{rel}","templated":true}]}}