{"id":56202,"date":"2018-05-16T09:13:10","date_gmt":"2018-05-16T07:13:10","guid":{"rendered":"https:\/\/staging.lucky-hunter.com\/product\/avery-trainers-lead\/"},"modified":"2018-05-16T09:13:10","modified_gmt":"2018-05-16T07:13:10","slug":"avery-trainers-lead","status":"publish","type":"product","link":"https:\/\/staging.lucky-hunter.com\/ro\/product\/avery-trainers-lead\/","title":{"rendered":"Avery Trainers Lead &#8211; Camuflaj"},"content":{"rendered":"<p><iframe title=\"Avery Trainers Lead\" width=\"1020\" height=\"574\" src=\"https:\/\/www.youtube.com\/embed\/7tEv6dwepNc?wmode=transparent&amp;rel=0&amp;feature=oembed&#038;enablejsapi=1&#038;origin=https:\/\/staging.lucky-hunter.com\" frameborder=\"0\" allow=\"accelerometer; autoplay; clipboard-write; encrypted-media; gyroscope; picture-in-picture\" allowfullscreen><\/iframe><\/p>\n<h1><strong>Plumb Avery Trainers de la Avery Sporting Dog<\/strong><\/h1>\n<p>Una dintre cele mai importante abilit\u0103\u021bi ale v\u00e2n\u0103torului este s\u0103 p\u0103streze c\u00e2inele calm \u00een timp ce trage \u0219i jocul scade. Numai c\u00e2nd eliberezi c\u00e2inele cu o comand\u0103 adecvat\u0103, acesta trebuie s\u0103 plece \u0219i s\u0103-\u0219i fac\u0103 treaba.<\/p>\n<p>Aceast\u0103 les\u0103 de c\u00e2ine de la American Avery Outdoors are o cataram\u0103 rapid\u0103.<\/p>\n<p>Acoperit cu zinc, butonul declan\u0219ator este proiectat s\u0103 nu str\u0103luceasc\u0103 \u0219i s\u0103 nu emit\u0103 str\u0103lucire.<\/p>\n<p>Snurul este fabricat din poliester rezistent, cu un design de camuflaj foarte frumos. Prin urmare, acest lucru va asigura c\u0103 nu iese \u00een eviden\u021b\u0103 \u00een natur\u0103.<\/p>\n<p><strong>Specifica\u021bii:<\/strong><\/p>\n<p>Material: P\u00e2nz\u0103 rezistent\u0103 din polietilen\u0103, declan\u0219ator cu zinc acoperit.<br \/>\nLungime aprox. 60 cm.<br \/>\nAlerga\u021bi aprox. 15 cm (6 &#8220;).<\/p>\n","protected":false},"excerpt":{"rendered":"<p>Una dintre cele mai importante abilit\u0103\u021bi ale v\u00e2n\u0103torului este s\u0103 p\u0103streze c\u00e2inele calm \u00een timp ce trage \u0219i jocul scade. Numai c\u00e2nd eliberezi c\u00e2inele cu o comand\u0103 adecvat\u0103, acesta trebuie s\u0103 plece \u0219i s\u0103-\u0219i fac\u0103 treaba.<\/p>\n","protected":false},"featured_media":49947,"template":"","meta":[],"product_brand":[8123],"product_cat":[9335],"product_tag":[],"yoast_head":"<!-- This site is optimized with the Yoast SEO plugin v24.3 - https:\/\/yoast.com\/wordpress\/plugins\/seo\/ -->\n<title>Avery Trainers Lead - Plumb pentru c\u00e2ini de camuflaj | V\u00e2n\u0103tor norocos<\/title>\n<meta name=\"description\" content=\"\u021aine-\u021bi c\u00e2inele calm, gata s\u0103 se desprind\u0103. Cu Avery Trainers Lead, exist\u0103 o cataram\u0103 de rupere rapid\u0103 pentru a elibera c\u00e2inele atunci c\u00e2nd este necesar.\" \/>\n<meta name=\"robots\" content=\"noindex, follow, max-snippet:-1, max-image-preview:large, max-video-preview:-1\" \/>\n<meta property=\"og:locale\" content=\"ro_RO\" \/>\n<meta property=\"og:type\" content=\"article\" \/>\n<meta property=\"og:title\" content=\"Avery Trainers Lead - Plumb pentru c\u00e2ini de camuflaj | V\u00e2n\u0103tor norocos\" \/>\n<meta property=\"og:description\" content=\"\u021aine-\u021bi c\u00e2inele calm, gata s\u0103 se desprind\u0103. Cu Avery Trainers Lead, exist\u0103 o cataram\u0103 de rupere rapid\u0103 pentru a elibera c\u00e2inele atunci c\u00e2nd este necesar.\" \/>\n<meta property=\"og:url\" content=\"https:\/\/staging.lucky-hunter.com\/product\/avery-trainers-lead\/\" \/>\n<meta property=\"og:site_name\" content=\"Lucky-Hunter\" \/>\n<meta property=\"og:image\" content=\"https:\/\/staging.lucky-hunter.com\/wp-content\/uploads\/2018\/05\/JH-90.png\" \/>\n\t<meta property=\"og:image:width\" content=\"1000\" \/>\n\t<meta property=\"og:image:height\" content=\"1000\" \/>\n\t<meta property=\"og:image:type\" content=\"image\/png\" \/>\n<meta name=\"twitter:card\" content=\"summary_large_image\" \/>\n<meta name=\"twitter:title\" content=\"Avery Trainers Lead - Plumb pentru c\u00e2ini de camuflaj | V\u00e2n\u0103tor norocos\" \/>\n<meta name=\"twitter:description\" content=\"\u021aine-\u021bi c\u00e2inele calm, gata s\u0103 se desprind\u0103. Cu Avery Trainers Lead, exist\u0103 o cataram\u0103 de rupere rapid\u0103 pentru a elibera c\u00e2inele atunci c\u00e2nd este necesar.\" \/>\n<meta name=\"twitter:label1\" content=\"Timp estimat pentru citire\" \/>\n\t<meta name=\"twitter:data1\" content=\"1 minut\" \/>\n<script type=\"application\/ld+json\" class=\"yoast-schema-graph\">{\"@context\":\"https:\/\/schema.org\",\"@graph\":[{\"@type\":\"WebPage\",\"@id\":\"https:\/\/staging.lucky-hunter.com\/product\/avery-trainers-lead\/\",\"url\":\"https:\/\/staging.lucky-hunter.com\/product\/avery-trainers-lead\/\",\"name\":\"Avery Trainers Lead - Plumb pentru c\u00e2ini de camuflaj | V\u00e2n\u0103tor norocos\",\"isPartOf\":{\"@id\":\"https:\/\/staging.lucky-hunter.com\/#website\"},\"primaryImageOfPage\":{\"@id\":\"https:\/\/staging.lucky-hunter.com\/product\/avery-trainers-lead\/#primaryimage\"},\"image\":{\"@id\":\"https:\/\/staging.lucky-hunter.com\/product\/avery-trainers-lead\/#primaryimage\"},\"thumbnailUrl\":\"https:\/\/staging.lucky-hunter.com\/wp-content\/uploads\/2018\/05\/JH-90.png\",\"datePublished\":\"2018-05-16T07:13:10+00:00\",\"dateModified\":\"2018-05-16T07:13:10+00:00\",\"description\":\"\u021aine-\u021bi c\u00e2inele calm, gata s\u0103 se desprind\u0103. Cu Avery Trainers Lead, exist\u0103 o cataram\u0103 de rupere rapid\u0103 pentru a elibera c\u00e2inele atunci c\u00e2nd este necesar.\",\"breadcrumb\":{\"@id\":\"https:\/\/staging.lucky-hunter.com\/product\/avery-trainers-lead\/#breadcrumb\"},\"inLanguage\":\"ro-RO\",\"potentialAction\":[{\"@type\":\"ReadAction\",\"target\":[\"https:\/\/staging.lucky-hunter.com\/product\/avery-trainers-lead\/\"]}]},{\"@type\":\"ImageObject\",\"inLanguage\":\"ro-RO\",\"@id\":\"https:\/\/staging.lucky-hunter.com\/product\/avery-trainers-lead\/#primaryimage\",\"url\":\"https:\/\/staging.lucky-hunter.com\/wp-content\/uploads\/2018\/05\/JH-90.png\",\"contentUrl\":\"https:\/\/staging.lucky-hunter.com\/wp-content\/uploads\/2018\/05\/JH-90.png\",\"width\":1000,\"height\":1000},{\"@type\":\"BreadcrumbList\",\"@id\":\"https:\/\/staging.lucky-hunter.com\/product\/avery-trainers-lead\/#breadcrumb\",\"itemListElement\":[{\"@type\":\"ListItem\",\"position\":1,\"name\":\"Home\",\"item\":\"https:\/\/staging.lucky-hunter.com\/ro\/\"},{\"@type\":\"ListItem\",\"position\":2,\"name\":\"Shop\",\"item\":\"https:\/\/staging.lucky-hunter.com\/ro\/shop\/\"},{\"@type\":\"ListItem\",\"position\":3,\"name\":\"Avery Trainers Lead &#8211; Camuflaj\"}]},{\"@type\":\"WebSite\",\"@id\":\"https:\/\/staging.lucky-hunter.com\/#website\",\"url\":\"https:\/\/staging.lucky-hunter.com\/\",\"name\":\"Lucky-Hunter\",\"description\":\"Gear Up or Give Up\",\"potentialAction\":[{\"@type\":\"SearchAction\",\"target\":{\"@type\":\"EntryPoint\",\"urlTemplate\":\"https:\/\/staging.lucky-hunter.com\/?s={search_term_string}\"},\"query-input\":{\"@type\":\"PropertyValueSpecification\",\"valueRequired\":true,\"valueName\":\"search_term_string\"}}],\"inLanguage\":\"ro-RO\"}]}<\/script>\n<!-- \/ Yoast SEO plugin. -->","yoast_head_json":{"title":"Avery Trainers Lead - Plumb pentru c\u00e2ini de camuflaj | V\u00e2n\u0103tor norocos","description":"\u021aine-\u021bi c\u00e2inele calm, gata s\u0103 se desprind\u0103. Cu Avery Trainers Lead, exist\u0103 o cataram\u0103 de rupere rapid\u0103 pentru a elibera c\u00e2inele atunci c\u00e2nd este necesar.","robots":{"index":"noindex","follow":"follow","max-snippet":"max-snippet:-1","max-image-preview":"max-image-preview:large","max-video-preview":"max-video-preview:-1"},"og_locale":"ro_RO","og_type":"article","og_title":"Avery Trainers Lead - Plumb pentru c\u00e2ini de camuflaj | V\u00e2n\u0103tor norocos","og_description":"\u021aine-\u021bi c\u00e2inele calm, gata s\u0103 se desprind\u0103. Cu Avery Trainers Lead, exist\u0103 o cataram\u0103 de rupere rapid\u0103 pentru a elibera c\u00e2inele atunci c\u00e2nd este necesar.","og_url":"https:\/\/staging.lucky-hunter.com\/product\/avery-trainers-lead\/","og_site_name":"Lucky-Hunter","og_image":[{"width":1000,"height":1000,"url":"https:\/\/staging.lucky-hunter.com\/wp-content\/uploads\/2018\/05\/JH-90.png","type":"image\/png"}],"twitter_card":"summary_large_image","twitter_title":"Avery Trainers Lead - Plumb pentru c\u00e2ini de camuflaj | V\u00e2n\u0103tor norocos","twitter_description":"\u021aine-\u021bi c\u00e2inele calm, gata s\u0103 se desprind\u0103. Cu Avery Trainers Lead, exist\u0103 o cataram\u0103 de rupere rapid\u0103 pentru a elibera c\u00e2inele atunci c\u00e2nd este necesar.","twitter_misc":{"Timp estimat pentru citire":"1 minut"},"schema":{"@context":"https:\/\/schema.org","@graph":[{"@type":"WebPage","@id":"https:\/\/staging.lucky-hunter.com\/product\/avery-trainers-lead\/","url":"https:\/\/staging.lucky-hunter.com\/product\/avery-trainers-lead\/","name":"Avery Trainers Lead - Plumb pentru c\u00e2ini de camuflaj | V\u00e2n\u0103tor norocos","isPartOf":{"@id":"https:\/\/staging.lucky-hunter.com\/#website"},"primaryImageOfPage":{"@id":"https:\/\/staging.lucky-hunter.com\/product\/avery-trainers-lead\/#primaryimage"},"image":{"@id":"https:\/\/staging.lucky-hunter.com\/product\/avery-trainers-lead\/#primaryimage"},"thumbnailUrl":"https:\/\/staging.lucky-hunter.com\/wp-content\/uploads\/2018\/05\/JH-90.png","datePublished":"2018-05-16T07:13:10+00:00","dateModified":"2018-05-16T07:13:10+00:00","description":"\u021aine-\u021bi c\u00e2inele calm, gata s\u0103 se desprind\u0103. Cu Avery Trainers Lead, exist\u0103 o cataram\u0103 de rupere rapid\u0103 pentru a elibera c\u00e2inele atunci c\u00e2nd este necesar.","breadcrumb":{"@id":"https:\/\/staging.lucky-hunter.com\/product\/avery-trainers-lead\/#breadcrumb"},"inLanguage":"ro-RO","potentialAction":[{"@type":"ReadAction","target":["https:\/\/staging.lucky-hunter.com\/product\/avery-trainers-lead\/"]}]},{"@type":"ImageObject","inLanguage":"ro-RO","@id":"https:\/\/staging.lucky-hunter.com\/product\/avery-trainers-lead\/#primaryimage","url":"https:\/\/staging.lucky-hunter.com\/wp-content\/uploads\/2018\/05\/JH-90.png","contentUrl":"https:\/\/staging.lucky-hunter.com\/wp-content\/uploads\/2018\/05\/JH-90.png","width":1000,"height":1000},{"@type":"BreadcrumbList","@id":"https:\/\/staging.lucky-hunter.com\/product\/avery-trainers-lead\/#breadcrumb","itemListElement":[{"@type":"ListItem","position":1,"name":"Home","item":"https:\/\/staging.lucky-hunter.com\/ro\/"},{"@type":"ListItem","position":2,"name":"Shop","item":"https:\/\/staging.lucky-hunter.com\/ro\/shop\/"},{"@type":"ListItem","position":3,"name":"Avery Trainers Lead &#8211; Camuflaj"}]},{"@type":"WebSite","@id":"https:\/\/staging.lucky-hunter.com\/#website","url":"https:\/\/staging.lucky-hunter.com\/","name":"Lucky-Hunter","description":"Gear Up or Give Up","potentialAction":[{"@type":"SearchAction","target":{"@type":"EntryPoint","urlTemplate":"https:\/\/staging.lucky-hunter.com\/?s={search_term_string}"},"query-input":{"@type":"PropertyValueSpecification","valueRequired":true,"valueName":"search_term_string"}}],"inLanguage":"ro-RO"}]}},"_links":{"self":[{"href":"https:\/\/staging.lucky-hunter.com\/ro\/wp-json\/wp\/v2\/product\/56202"}],"collection":[{"href":"https:\/\/staging.lucky-hunter.com\/ro\/wp-json\/wp\/v2\/product"}],"about":[{"href":"https:\/\/staging.lucky-hunter.com\/ro\/wp-json\/wp\/v2\/types\/product"}],"wp:featuredmedia":[{"embeddable":true,"href":"https:\/\/staging.lucky-hunter.com\/ro\/wp-json\/wp\/v2\/media\/49947"}],"wp:attachment":[{"href":"https:\/\/staging.lucky-hunter.com\/ro\/wp-json\/wp\/v2\/media?parent=56202"}],"wp:term":[{"taxonomy":"product_brand","embeddable":true,"href":"https:\/\/staging.lucky-hunter.com\/ro\/wp-json\/wp\/v2\/product_brand?post=56202"},{"taxonomy":"product_cat","embeddable":true,"href":"https:\/\/staging.lucky-hunter.com\/ro\/wp-json\/wp\/v2\/product_cat?post=56202"},{"taxonomy":"product_tag","embeddable":true,"href":"https:\/\/staging.lucky-hunter.com\/ro\/wp-json\/wp\/v2\/product_tag?post=56202"}],"curies":[{"name":"wp","href":"https:\/\/api.w.org\/{rel}","templated":true}]}}