{"id":55994,"date":"2021-04-07T08:25:20","date_gmt":"2021-04-07T06:25:20","guid":{"rendered":"https:\/\/staging.lucky-hunter.com\/product\/final-approach-last-pass-crow-decoys-fully-flocked\/"},"modified":"2021-04-07T08:25:20","modified_gmt":"2021-04-07T06:25:20","slug":"final-approach-last-pass-crow-decoys-fully-flocked","status":"publish","type":"product","link":"https:\/\/staging.lucky-hunter.com\/ro\/product\/final-approach-last-pass-crow-decoys-fully-flocked\/","title":{"rendered":"Momeli pentru corbi de abordare final\u0103 &#8211; 3 buc"},"content":{"rendered":"<h1><strong>FA Last Pass Crow Decoys Complet Flocked<\/strong><\/h1>\n<p>Ciorii pot fi greu de momelit, natura lor precaut\u0103 le poate face o pas\u0103re dificil de v\u00e2nat.<\/p>\n<p>Aceste momeli Crow de la Final Approach sunt complet aglomerate pentru un realism sporit, fiind totodat\u0103 supradimensionate pentru a fi v\u0103zute de la distan\u021be mai mari.<\/p>\n<p>Cu aceste momeli \u00een r\u0103sp\u00e2ndirea ta, aduci realismul necesar pentru a-i apropia pe corbii obosi\u021bi.<\/p>\n<p>Acest pachet include: 1 observator, 1 apelant \u0219i 1 momeal\u0103 alimentator.<\/p>\n<ul>\n<li>Drumoase Crow Mome<\/li>\n<li>Supradimensionat pentru a fi v\u0103zut de la distan\u021be mai mari<\/li>\n<li>Flocare negru plat \u0219i design texturat pentru a cre\u0219te realismul.<\/li>\n<li>Design One Piece cu miz\u0103 de c\u00e2mp<\/li>\n<li>3 pozi\u021bii unice ale capului: 1 observator, 1 apelant, 1 alimentator<\/li>\n<\/ul>\n<p>\u00a0<\/p>\n","protected":false},"excerpt":{"rendered":"<p>Aceste momeli Crow de la Final Approach sunt complet aglomerate pentru un realism sporit, fiind totodat\u0103 supradimensionate pentru a fi v\u0103zute de la distan\u021be mai mari.<\/p>\n","protected":false},"featured_media":49605,"template":"","meta":[],"product_brand":[9637],"product_cat":[8801],"product_tag":[9486],"yoast_head":"<!-- This site is optimized with the Yoast SEO plugin v24.3 - https:\/\/yoast.com\/wordpress\/plugins\/seo\/ -->\n<title>Apropiere final\u0103 Ultima trecere Crow Momeli complet aglomerate<\/title>\n<meta name=\"description\" content=\"Aceste momeli Crow de la Final Approach sunt complet aglomerate pentru un realism sporit, fiind totodat\u0103 supradimensionate pentru a fi v\u0103zute de la distan\u021be mai mari.\" \/>\n<meta name=\"robots\" content=\"noindex, follow, max-snippet:-1, max-image-preview:large, max-video-preview:-1\" \/>\n<meta property=\"og:locale\" content=\"ro_RO\" \/>\n<meta property=\"og:type\" content=\"article\" \/>\n<meta property=\"og:title\" content=\"Apropiere final\u0103 Ultima trecere Crow Momeli complet aglomerate\" \/>\n<meta property=\"og:description\" content=\"Aceste momeli Crow de la Final Approach sunt complet aglomerate pentru un realism sporit, fiind totodat\u0103 supradimensionate pentru a fi v\u0103zute de la distan\u021be mai mari.\" \/>\n<meta property=\"og:url\" content=\"https:\/\/staging.lucky-hunter.com\/ro\/product\/final-approach-last-pass-crow-decoys-fully-flocked\/\" \/>\n<meta property=\"og:site_name\" content=\"Lucky-Hunter\" \/>\n<meta property=\"og:image\" content=\"https:\/\/staging.lucky-hunter.com\/wp-content\/uploads\/2021\/04\/kragelokkermedflock.png\" \/>\n\t<meta property=\"og:image:width\" content=\"1000\" \/>\n\t<meta property=\"og:image:height\" content=\"1000\" \/>\n\t<meta property=\"og:image:type\" content=\"image\/png\" \/>\n<meta name=\"twitter:card\" content=\"summary_large_image\" \/>\n<meta name=\"twitter:label1\" content=\"Timp estimat pentru citire\" \/>\n\t<meta name=\"twitter:data1\" content=\"1 minut\" \/>\n<script type=\"application\/ld+json\" class=\"yoast-schema-graph\">{\"@context\":\"https:\/\/schema.org\",\"@graph\":[{\"@type\":\"WebPage\",\"@id\":\"https:\/\/staging.lucky-hunter.com\/ro\/product\/final-approach-last-pass-crow-decoys-fully-flocked\/\",\"url\":\"https:\/\/staging.lucky-hunter.com\/ro\/product\/final-approach-last-pass-crow-decoys-fully-flocked\/\",\"name\":\"Apropiere final\u0103 Ultima trecere Crow Momeli complet aglomerate\",\"isPartOf\":{\"@id\":\"https:\/\/staging.lucky-hunter.com\/#website\"},\"primaryImageOfPage\":{\"@id\":\"https:\/\/staging.lucky-hunter.com\/ro\/product\/final-approach-last-pass-crow-decoys-fully-flocked\/#primaryimage\"},\"image\":{\"@id\":\"https:\/\/staging.lucky-hunter.com\/ro\/product\/final-approach-last-pass-crow-decoys-fully-flocked\/#primaryimage\"},\"thumbnailUrl\":\"https:\/\/staging.lucky-hunter.com\/wp-content\/uploads\/2021\/04\/kragelokkermedflock.png\",\"datePublished\":\"2021-04-07T06:25:20+00:00\",\"dateModified\":\"2021-04-07T06:25:20+00:00\",\"description\":\"Aceste momeli Crow de la Final Approach sunt complet aglomerate pentru un realism sporit, fiind totodat\u0103 supradimensionate pentru a fi v\u0103zute de la distan\u021be mai mari.\",\"breadcrumb\":{\"@id\":\"https:\/\/staging.lucky-hunter.com\/ro\/product\/final-approach-last-pass-crow-decoys-fully-flocked\/#breadcrumb\"},\"inLanguage\":\"ro-RO\",\"potentialAction\":[{\"@type\":\"ReadAction\",\"target\":[\"https:\/\/staging.lucky-hunter.com\/ro\/product\/final-approach-last-pass-crow-decoys-fully-flocked\/\"]}]},{\"@type\":\"ImageObject\",\"inLanguage\":\"ro-RO\",\"@id\":\"https:\/\/staging.lucky-hunter.com\/ro\/product\/final-approach-last-pass-crow-decoys-fully-flocked\/#primaryimage\",\"url\":\"https:\/\/staging.lucky-hunter.com\/wp-content\/uploads\/2021\/04\/kragelokkermedflock.png\",\"contentUrl\":\"https:\/\/staging.lucky-hunter.com\/wp-content\/uploads\/2021\/04\/kragelokkermedflock.png\",\"width\":1000,\"height\":1000},{\"@type\":\"BreadcrumbList\",\"@id\":\"https:\/\/staging.lucky-hunter.com\/ro\/product\/final-approach-last-pass-crow-decoys-fully-flocked\/#breadcrumb\",\"itemListElement\":[{\"@type\":\"ListItem\",\"position\":1,\"name\":\"Home\",\"item\":\"https:\/\/staging.lucky-hunter.com\/ro\/\"},{\"@type\":\"ListItem\",\"position\":2,\"name\":\"Shop\",\"item\":\"https:\/\/staging.lucky-hunter.com\/ro\/shop\/\"},{\"@type\":\"ListItem\",\"position\":3,\"name\":\"Momeli pentru corbi de abordare final\u0103 &#8211; 3 buc\"}]},{\"@type\":\"WebSite\",\"@id\":\"https:\/\/staging.lucky-hunter.com\/#website\",\"url\":\"https:\/\/staging.lucky-hunter.com\/\",\"name\":\"Lucky-Hunter\",\"description\":\"Gear Up or Give Up\",\"potentialAction\":[{\"@type\":\"SearchAction\",\"target\":{\"@type\":\"EntryPoint\",\"urlTemplate\":\"https:\/\/staging.lucky-hunter.com\/?s={search_term_string}\"},\"query-input\":{\"@type\":\"PropertyValueSpecification\",\"valueRequired\":true,\"valueName\":\"search_term_string\"}}],\"inLanguage\":\"ro-RO\"}]}<\/script>\n<!-- \/ Yoast SEO plugin. -->","yoast_head_json":{"title":"Apropiere final\u0103 Ultima trecere Crow Momeli complet aglomerate","description":"Aceste momeli Crow de la Final Approach sunt complet aglomerate pentru un realism sporit, fiind totodat\u0103 supradimensionate pentru a fi v\u0103zute de la distan\u021be mai mari.","robots":{"index":"noindex","follow":"follow","max-snippet":"max-snippet:-1","max-image-preview":"max-image-preview:large","max-video-preview":"max-video-preview:-1"},"og_locale":"ro_RO","og_type":"article","og_title":"Apropiere final\u0103 Ultima trecere Crow Momeli complet aglomerate","og_description":"Aceste momeli Crow de la Final Approach sunt complet aglomerate pentru un realism sporit, fiind totodat\u0103 supradimensionate pentru a fi v\u0103zute de la distan\u021be mai mari.","og_url":"https:\/\/staging.lucky-hunter.com\/ro\/product\/final-approach-last-pass-crow-decoys-fully-flocked\/","og_site_name":"Lucky-Hunter","og_image":[{"width":1000,"height":1000,"url":"https:\/\/staging.lucky-hunter.com\/wp-content\/uploads\/2021\/04\/kragelokkermedflock.png","type":"image\/png"}],"twitter_card":"summary_large_image","twitter_misc":{"Timp estimat pentru citire":"1 minut"},"schema":{"@context":"https:\/\/schema.org","@graph":[{"@type":"WebPage","@id":"https:\/\/staging.lucky-hunter.com\/ro\/product\/final-approach-last-pass-crow-decoys-fully-flocked\/","url":"https:\/\/staging.lucky-hunter.com\/ro\/product\/final-approach-last-pass-crow-decoys-fully-flocked\/","name":"Apropiere final\u0103 Ultima trecere Crow Momeli complet aglomerate","isPartOf":{"@id":"https:\/\/staging.lucky-hunter.com\/#website"},"primaryImageOfPage":{"@id":"https:\/\/staging.lucky-hunter.com\/ro\/product\/final-approach-last-pass-crow-decoys-fully-flocked\/#primaryimage"},"image":{"@id":"https:\/\/staging.lucky-hunter.com\/ro\/product\/final-approach-last-pass-crow-decoys-fully-flocked\/#primaryimage"},"thumbnailUrl":"https:\/\/staging.lucky-hunter.com\/wp-content\/uploads\/2021\/04\/kragelokkermedflock.png","datePublished":"2021-04-07T06:25:20+00:00","dateModified":"2021-04-07T06:25:20+00:00","description":"Aceste momeli Crow de la Final Approach sunt complet aglomerate pentru un realism sporit, fiind totodat\u0103 supradimensionate pentru a fi v\u0103zute de la distan\u021be mai mari.","breadcrumb":{"@id":"https:\/\/staging.lucky-hunter.com\/ro\/product\/final-approach-last-pass-crow-decoys-fully-flocked\/#breadcrumb"},"inLanguage":"ro-RO","potentialAction":[{"@type":"ReadAction","target":["https:\/\/staging.lucky-hunter.com\/ro\/product\/final-approach-last-pass-crow-decoys-fully-flocked\/"]}]},{"@type":"ImageObject","inLanguage":"ro-RO","@id":"https:\/\/staging.lucky-hunter.com\/ro\/product\/final-approach-last-pass-crow-decoys-fully-flocked\/#primaryimage","url":"https:\/\/staging.lucky-hunter.com\/wp-content\/uploads\/2021\/04\/kragelokkermedflock.png","contentUrl":"https:\/\/staging.lucky-hunter.com\/wp-content\/uploads\/2021\/04\/kragelokkermedflock.png","width":1000,"height":1000},{"@type":"BreadcrumbList","@id":"https:\/\/staging.lucky-hunter.com\/ro\/product\/final-approach-last-pass-crow-decoys-fully-flocked\/#breadcrumb","itemListElement":[{"@type":"ListItem","position":1,"name":"Home","item":"https:\/\/staging.lucky-hunter.com\/ro\/"},{"@type":"ListItem","position":2,"name":"Shop","item":"https:\/\/staging.lucky-hunter.com\/ro\/shop\/"},{"@type":"ListItem","position":3,"name":"Momeli pentru corbi de abordare final\u0103 &#8211; 3 buc"}]},{"@type":"WebSite","@id":"https:\/\/staging.lucky-hunter.com\/#website","url":"https:\/\/staging.lucky-hunter.com\/","name":"Lucky-Hunter","description":"Gear Up or Give Up","potentialAction":[{"@type":"SearchAction","target":{"@type":"EntryPoint","urlTemplate":"https:\/\/staging.lucky-hunter.com\/?s={search_term_string}"},"query-input":{"@type":"PropertyValueSpecification","valueRequired":true,"valueName":"search_term_string"}}],"inLanguage":"ro-RO"}]}},"_links":{"self":[{"href":"https:\/\/staging.lucky-hunter.com\/ro\/wp-json\/wp\/v2\/product\/55994"}],"collection":[{"href":"https:\/\/staging.lucky-hunter.com\/ro\/wp-json\/wp\/v2\/product"}],"about":[{"href":"https:\/\/staging.lucky-hunter.com\/ro\/wp-json\/wp\/v2\/types\/product"}],"wp:featuredmedia":[{"embeddable":true,"href":"https:\/\/staging.lucky-hunter.com\/ro\/wp-json\/wp\/v2\/media\/49605"}],"wp:attachment":[{"href":"https:\/\/staging.lucky-hunter.com\/ro\/wp-json\/wp\/v2\/media?parent=55994"}],"wp:term":[{"taxonomy":"product_brand","embeddable":true,"href":"https:\/\/staging.lucky-hunter.com\/ro\/wp-json\/wp\/v2\/product_brand?post=55994"},{"taxonomy":"product_cat","embeddable":true,"href":"https:\/\/staging.lucky-hunter.com\/ro\/wp-json\/wp\/v2\/product_cat?post=55994"},{"taxonomy":"product_tag","embeddable":true,"href":"https:\/\/staging.lucky-hunter.com\/ro\/wp-json\/wp\/v2\/product_tag?post=55994"}],"curies":[{"name":"wp","href":"https:\/\/api.w.org\/{rel}","templated":true}]}}