{"id":67216,"date":"2016-12-07T15:22:26","date_gmt":"2016-12-07T14:22:26","guid":{"rendered":"https:\/\/staging.lucky-hunter.com\/marci\/"},"modified":"2024-01-25T12:15:18","modified_gmt":"2024-01-25T11:15:18","slug":"marci","status":"publish","type":"page","link":"https:\/\/staging.lucky-hunter.com\/ro\/marci\/","title":{"rendered":"M\u0103rci"},"content":{"rendered":"\n<div class=\"row\"  id=\"row-987344893\">\n\n\n\t<div id=\"col-724743873\" class=\"col small-12 large-12\"  >\n\t\t\t\t<div class=\"col-inner\"  >\n\t\t\t\n\t\t\t\n\n<h5 style=\"text-align: center;\">\u00a0<\/h5>\r\n<h2 class=\"uppercase\" style=\"text-align: center;\">BRANDURI PE CARE LE IUBIM<\/h2>\r\n<p style=\"text-align: left;\">La Lucky Hunter, pute\u021bi g\u0103si toate cele mai mari branduri de v\u00e2n\u0103toare \u0219i produse pentru multe forme diferite de v\u00e2n\u0103toare.<\/p>\r\n<p>Cu peste 10 ani de experien\u021b\u0103 \u00een v\u00e2nzarea de echipamente de v\u00e2n\u0103toare pentru v\u00e2n\u0103tori pasiona\u021bi, suntem adesea \u0219i primii de pe pia\u021b\u0103 care introduc produse noi. Acest lucru v\u0103 ofer\u0103 oportunitatea de a pune m\u00e2na pe cele mai recente echipamente de v\u00e2n\u0103toare.<\/p>\n\n\t\t<\/div>\n\t\t\t\t\t<\/div>\n\n\t\n\n<\/div>\n<div class=\"row\"  id=\"row-740088253\">\n\n\n\t<div id=\"col-1005399674\" class=\"col medium-3 small-6 large-3\"  >\n\t\t\t\t<div class=\"col-inner\"  >\n\t\t\t\n\t\t\t\n\n\t<div class=\"img has-hover x md-x lg-x y md-y lg-y\" id=\"image_690182071\">\n\t\t<a class=\"\" href=\"https:\/\/staging.lucky-hunter.com\/ro\/brand\/avery\/\" >\t\t\t\t\t\t<div class=\"img-inner dark\" >\n\t\t\t<img decoding=\"async\" width=\"600\" height=\"300\" src=\"https:\/\/staging.lucky-hunter.com\/wp-content\/uploads\/2021\/08\/Avery.png\" class=\"attachment-large size-large\" alt=\"\" srcset=\"https:\/\/staging.lucky-hunter.com\/wp-content\/uploads\/2021\/08\/Avery.png 600w, https:\/\/staging.lucky-hunter.com\/wp-content\/uploads\/2021\/08\/Avery-300x150.png 300w\" sizes=\"(max-width: 600px) 100vw, 600px\" \/>\t\t\t\t\t\t\n\t\t\t\t\t<\/div>\n\t\t\t\t\t\t<\/a>\t\t\n<style>\n#image_690182071 {\n  width: 100%;\n}\n<\/style>\n\t<\/div>\n\t\n\n\n\t\t<\/div>\n\t\t\t\t\t<\/div>\n\n\t\n\n\t<div id=\"col-117330416\" class=\"col medium-3 small-6 large-3\"  >\n\t\t\t\t<div class=\"col-inner\"  >\n\t\t\t\n\t\t\t\n\n\t<div class=\"img has-hover x md-x lg-x y md-y lg-y\" id=\"image_2097441493\">\n\t\t<a class=\"\" href=\"https:\/\/staging.lucky-hunter.com\/ro\/brand\/avian-x-ro\/\" >\t\t\t\t\t\t<div class=\"img-inner dark\" >\n\t\t\t<img decoding=\"async\" width=\"600\" height=\"300\" src=\"https:\/\/staging.lucky-hunter.com\/wp-content\/uploads\/2021\/08\/AvianX.png\" class=\"attachment-large size-large\" alt=\"\" srcset=\"https:\/\/staging.lucky-hunter.com\/wp-content\/uploads\/2021\/08\/AvianX.png 600w, https:\/\/staging.lucky-hunter.com\/wp-content\/uploads\/2021\/08\/AvianX-300x150.png 300w\" sizes=\"(max-width: 600px) 100vw, 600px\" \/>\t\t\t\t\t\t\n\t\t\t\t\t<\/div>\n\t\t\t\t\t\t<\/a>\t\t\n<style>\n#image_2097441493 {\n  width: 100%;\n}\n<\/style>\n\t<\/div>\n\t\n\n\n\t\t<\/div>\n\t\t\t\t\t<\/div>\n\n\t\n\n\t<div id=\"col-2121886565\" class=\"col medium-3 small-6 large-3\"  >\n\t\t\t\t<div class=\"col-inner\"  >\n\t\t\t\n\t\t\t\n\n\t<div class=\"img has-hover x md-x lg-x y md-y lg-y\" id=\"image_1583655430\">\n\t\t<a class=\"\" href=\"https:\/\/staging.lucky-hunter.com\/ro\/brand\/banded-ro\/\" >\t\t\t\t\t\t<div class=\"img-inner dark\" >\n\t\t\t<img decoding=\"async\" width=\"600\" height=\"300\" src=\"https:\/\/staging.lucky-hunter.com\/wp-content\/uploads\/2021\/08\/Banded.png\" class=\"attachment-large size-large\" alt=\"\" srcset=\"https:\/\/staging.lucky-hunter.com\/wp-content\/uploads\/2021\/08\/Banded.png 600w, https:\/\/staging.lucky-hunter.com\/wp-content\/uploads\/2021\/08\/Banded-300x150.png 300w\" sizes=\"(max-width: 600px) 100vw, 600px\" \/>\t\t\t\t\t\t\n\t\t\t\t\t<\/div>\n\t\t\t\t\t\t<\/a>\t\t\n<style>\n#image_1583655430 {\n  width: 100%;\n}\n<\/style>\n\t<\/div>\n\t\n\n\n\t\t<\/div>\n\t\t\t\t\t<\/div>\n\n\t\n\n\t<div id=\"col-1149241273\" class=\"col medium-3 small-6 large-3\"  >\n\t\t\t\t<div class=\"col-inner\"  >\n\t\t\t\n\t\t\t\n\n\t<div class=\"img has-hover x md-x lg-x y md-y lg-y\" id=\"image_1485827421\">\n\t\t<a class=\"\" href=\"https:\/\/staging.lucky-hunter.com\/brand\/beavertail\/\" >\t\t\t\t\t\t<div class=\"img-inner dark\" >\n\t\t\t<img decoding=\"async\" width=\"600\" height=\"300\" src=\"https:\/\/staging.lucky-hunter.com\/wp-content\/uploads\/2021\/08\/Beavertail.png\" class=\"attachment-large size-large\" alt=\"\" srcset=\"https:\/\/staging.lucky-hunter.com\/wp-content\/uploads\/2021\/08\/Beavertail.png 600w, https:\/\/staging.lucky-hunter.com\/wp-content\/uploads\/2021\/08\/Beavertail-300x150.png 300w\" sizes=\"(max-width: 600px) 100vw, 600px\" \/>\t\t\t\t\t\t\n\t\t\t\t\t<\/div>\n\t\t\t\t\t\t<\/a>\t\t\n<style>\n#image_1485827421 {\n  width: 100%;\n}\n<\/style>\n\t<\/div>\n\t\n\n\n\t\t<\/div>\n\t\t\t\t\t<\/div>\n\n\t\n\n<\/div>\n<div class=\"row\"  id=\"row-755288925\">\n\n\n\t<div id=\"col-1846805858\" class=\"col medium-3 small-6 large-3\"  >\n\t\t\t\t<div class=\"col-inner\"  >\n\t\t\t\n\t\t\t\n\n\t<div class=\"img has-hover x md-x lg-x y md-y lg-y\" id=\"image_256320356\">\n\t\t<a class=\"\" href=\"https:\/\/staging.lucky-hunter.com\/brand\/big-als-silhouette-decoys\/\" >\t\t\t\t\t\t<div class=\"img-inner dark\" >\n\t\t\t<img decoding=\"async\" width=\"600\" height=\"300\" src=\"https:\/\/staging.lucky-hunter.com\/wp-content\/uploads\/2021\/08\/Big-Als-Decoys.png\" class=\"attachment-large size-large\" alt=\"\" srcset=\"https:\/\/staging.lucky-hunter.com\/wp-content\/uploads\/2021\/08\/Big-Als-Decoys.png 600w, https:\/\/staging.lucky-hunter.com\/wp-content\/uploads\/2021\/08\/Big-Als-Decoys-300x150.png 300w\" sizes=\"(max-width: 600px) 100vw, 600px\" \/>\t\t\t\t\t\t\n\t\t\t\t\t<\/div>\n\t\t\t\t\t\t<\/a>\t\t\n<style>\n#image_256320356 {\n  width: 100%;\n}\n<\/style>\n\t<\/div>\n\t\n\n\n\t\t<\/div>\n\t\t\t\t\t<\/div>\n\n\t\n\n\t<div id=\"col-2113157034\" class=\"col medium-3 small-6 large-3\"  >\n\t\t\t\t<div class=\"col-inner\"  >\n\t\t\t\n\t\t\t\n\n\t<div class=\"img has-hover x md-x lg-x y md-y lg-y\" id=\"image_1058651917\">\n\t\t<a class=\"\" href=\"https:\/\/staging.lucky-hunter.com\/brand\/bolyguard\/\" >\t\t\t\t\t\t<div class=\"img-inner dark\" >\n\t\t\t<img decoding=\"async\" width=\"600\" height=\"300\" src=\"https:\/\/staging.lucky-hunter.com\/wp-content\/uploads\/2021\/08\/Bolyguard.png\" class=\"attachment-large size-large\" alt=\"\" srcset=\"https:\/\/staging.lucky-hunter.com\/wp-content\/uploads\/2021\/08\/Bolyguard.png 600w, https:\/\/staging.lucky-hunter.com\/wp-content\/uploads\/2021\/08\/Bolyguard-300x150.png 300w\" sizes=\"(max-width: 600px) 100vw, 600px\" \/>\t\t\t\t\t\t\n\t\t\t\t\t<\/div>\n\t\t\t\t\t\t<\/a>\t\t\n<style>\n#image_1058651917 {\n  width: 100%;\n}\n<\/style>\n\t<\/div>\n\t\n\n\n\t\t<\/div>\n\t\t\t\t\t<\/div>\n\n\t\n\n\t<div id=\"col-1151227732\" class=\"col medium-3 small-6 large-3\"  >\n\t\t\t\t<div class=\"col-inner\"  >\n\t\t\t\n\t\t\t\n\n\t<div class=\"img has-hover x md-x lg-x y md-y lg-y\" id=\"image_494968660\">\n\t\t<a class=\"\" href=\"https:\/\/staging.lucky-hunter.com\/brand\/dangate\/\" >\t\t\t\t\t\t<div class=\"img-inner dark\" >\n\t\t\t<img decoding=\"async\" width=\"600\" height=\"300\" src=\"https:\/\/staging.lucky-hunter.com\/wp-content\/uploads\/2021\/08\/Dangate.png\" class=\"attachment-large size-large\" alt=\"\" srcset=\"https:\/\/staging.lucky-hunter.com\/wp-content\/uploads\/2021\/08\/Dangate.png 600w, https:\/\/staging.lucky-hunter.com\/wp-content\/uploads\/2021\/08\/Dangate-300x150.png 300w\" sizes=\"(max-width: 600px) 100vw, 600px\" \/>\t\t\t\t\t\t\n\t\t\t\t\t<\/div>\n\t\t\t\t\t\t<\/a>\t\t\n<style>\n#image_494968660 {\n  width: 100%;\n}\n<\/style>\n\t<\/div>\n\t\n\n\n\t\t<\/div>\n\t\t\t\t\t<\/div>\n\n\t\n\n\t<div id=\"col-1695872234\" class=\"col medium-3 small-6 large-3\"  >\n\t\t\t\t<div class=\"col-inner\"  >\n\t\t\t\n\t\t\t\n\n\t<div class=\"img has-hover x md-x lg-x y md-y lg-y\" id=\"image_1801657322\">\n\t\t<a class=\"\" href=\"\/?product_brand=dan_thompson\" >\t\t\t\t\t\t<div class=\"img-inner dark\" >\n\t\t\t<img decoding=\"async\" width=\"600\" height=\"300\" src=\"https:\/\/staging.lucky-hunter.com\/wp-content\/uploads\/2021\/08\/Dan-Thompson.png\" class=\"attachment-large size-large\" alt=\"\" srcset=\"https:\/\/staging.lucky-hunter.com\/wp-content\/uploads\/2021\/08\/Dan-Thompson.png 600w, https:\/\/staging.lucky-hunter.com\/wp-content\/uploads\/2021\/08\/Dan-Thompson-300x150.png 300w\" sizes=\"(max-width: 600px) 100vw, 600px\" \/>\t\t\t\t\t\t\n\t\t\t\t\t<\/div>\n\t\t\t\t\t\t<\/a>\t\t\n<style>\n#image_1801657322 {\n  width: 100%;\n}\n<\/style>\n\t<\/div>\n\t\n\n\n\t\t<\/div>\n\t\t\t\t\t<\/div>\n\n\t\n\n<\/div>\n<div class=\"row\"  id=\"row-1754692230\">\n\n\n\t<div id=\"col-1511715767\" class=\"col medium-3 small-6 large-3\"  >\n\t\t\t\t<div class=\"col-inner\"  >\n\t\t\t\n\t\t\t\n\n\t<div class=\"img has-hover x md-x lg-x y md-y lg-y\" id=\"image_629020125\">\n\t\t<a class=\"\" href=\"https:\/\/staging.lucky-hunter.com\/brand\/do-all-outdoors\/\" >\t\t\t\t\t\t<div class=\"img-inner dark\" >\n\t\t\t<img decoding=\"async\" width=\"600\" height=\"300\" src=\"https:\/\/staging.lucky-hunter.com\/wp-content\/uploads\/2021\/08\/DoAllOutdoors.png\" class=\"attachment-large size-large\" alt=\"\" srcset=\"https:\/\/staging.lucky-hunter.com\/wp-content\/uploads\/2021\/08\/DoAllOutdoors.png 600w, https:\/\/staging.lucky-hunter.com\/wp-content\/uploads\/2021\/08\/DoAllOutdoors-300x150.png 300w\" sizes=\"(max-width: 600px) 100vw, 600px\" \/>\t\t\t\t\t\t\n\t\t\t\t\t<\/div>\n\t\t\t\t\t\t<\/a>\t\t\n<style>\n#image_629020125 {\n  width: 100%;\n}\n<\/style>\n\t<\/div>\n\t\n\n\n\t\t<\/div>\n\t\t\t\t\t<\/div>\n\n\t\n\n\t<div id=\"col-766097047\" class=\"col medium-3 small-6 large-3\"  >\n\t\t\t\t<div class=\"col-inner\"  >\n\t\t\t\n\t\t\t\n\n\t<div class=\"img has-hover x md-x lg-x y md-y lg-y\" id=\"image_695263011\">\n\t\t<a class=\"\" href=\"https:\/\/staging.lucky-hunter.com\/ro\/brand\/final-approach-waterfowl-ro\/\" >\t\t\t\t\t\t<div class=\"img-inner dark\" >\n\t\t\t<img decoding=\"async\" width=\"600\" height=\"300\" src=\"https:\/\/staging.lucky-hunter.com\/wp-content\/uploads\/2021\/08\/Final-Approach.png\" class=\"attachment-large size-large\" alt=\"\" srcset=\"https:\/\/staging.lucky-hunter.com\/wp-content\/uploads\/2021\/08\/Final-Approach.png 600w, https:\/\/staging.lucky-hunter.com\/wp-content\/uploads\/2021\/08\/Final-Approach-300x150.png 300w\" sizes=\"(max-width: 600px) 100vw, 600px\" \/>\t\t\t\t\t\t\n\t\t\t\t\t<\/div>\n\t\t\t\t\t\t<\/a>\t\t\n<style>\n#image_695263011 {\n  width: 100%;\n}\n<\/style>\n\t<\/div>\n\t\n\n\n\t\t<\/div>\n\t\t\t\t\t<\/div>\n\n\t\n\n\t<div id=\"col-823325869\" class=\"col medium-3 small-6 large-3\"  >\n\t\t\t\t<div class=\"col-inner\"  >\n\t\t\t\n\t\t\t\n\n\t<div class=\"img has-hover x md-x lg-x y md-y lg-y\" id=\"image_1084018254\">\n\t\t<a class=\"\" href=\"\/?product_brand=ghg_greenhead_gear\" >\t\t\t\t\t\t<div class=\"img-inner dark\" >\n\t\t\t<img decoding=\"async\" width=\"600\" height=\"300\" src=\"https:\/\/staging.lucky-hunter.com\/wp-content\/uploads\/2021\/08\/GHG.png\" class=\"attachment-large size-large\" alt=\"\" srcset=\"https:\/\/staging.lucky-hunter.com\/wp-content\/uploads\/2021\/08\/GHG.png 600w, https:\/\/staging.lucky-hunter.com\/wp-content\/uploads\/2021\/08\/GHG-300x150.png 300w\" sizes=\"(max-width: 600px) 100vw, 600px\" \/>\t\t\t\t\t\t\n\t\t\t\t\t<\/div>\n\t\t\t\t\t\t<\/a>\t\t\n<style>\n#image_1084018254 {\n  width: 100%;\n}\n<\/style>\n\t<\/div>\n\t\n\n\n\t\t<\/div>\n\t\t\t\t\t<\/div>\n\n\t\n\n\t<div id=\"col-514261578\" class=\"col medium-3 small-6 large-3\"  >\n\t\t\t\t<div class=\"col-inner\"  >\n\t\t\t\n\t\t\t\n\n\t<div class=\"img has-hover x md-x lg-x y md-y lg-y\" id=\"image_35562054\">\n\t\t<a class=\"\" href=\"https:\/\/staging.lucky-hunter.com\/brand\/haydels\/\" >\t\t\t\t\t\t<div class=\"img-inner dark\" >\n\t\t\t<img decoding=\"async\" width=\"600\" height=\"300\" src=\"https:\/\/staging.lucky-hunter.com\/wp-content\/uploads\/2021\/08\/Haydels.webp\" class=\"attachment-large size-large\" alt=\"\" srcset=\"https:\/\/staging.lucky-hunter.com\/wp-content\/uploads\/2021\/08\/Haydels.webp 600w, https:\/\/staging.lucky-hunter.com\/wp-content\/uploads\/2021\/08\/Haydels-300x150.webp 300w\" sizes=\"(max-width: 600px) 100vw, 600px\" \/>\t\t\t\t\t\t\n\t\t\t\t\t<\/div>\n\t\t\t\t\t\t<\/a>\t\t\n<style>\n#image_35562054 {\n  width: 100%;\n}\n<\/style>\n\t<\/div>\n\t\n\n\n\t\t<\/div>\n\t\t\t\t\t<\/div>\n\n\t\n\n<\/div>\n<div class=\"row\"  id=\"row-103815000\">\n\n\n\t<div id=\"col-2106345915\" class=\"col medium-3 small-6 large-3\"  >\n\t\t\t\t<div class=\"col-inner\"  >\n\t\t\t\n\t\t\t\n\n\t<div class=\"img has-hover x md-x lg-x y md-y lg-y\" id=\"image_1767157702\">\n\t\t<a class=\"\" href=\"\/?product_brand=lucky_duck\" >\t\t\t\t\t\t<div class=\"img-inner dark\" >\n\t\t\t<img decoding=\"async\" width=\"600\" height=\"300\" src=\"https:\/\/staging.lucky-hunter.com\/wp-content\/uploads\/2021\/08\/Lucky-Duck.png\" class=\"attachment-large size-large\" alt=\"\" srcset=\"https:\/\/staging.lucky-hunter.com\/wp-content\/uploads\/2021\/08\/Lucky-Duck.png 600w, https:\/\/staging.lucky-hunter.com\/wp-content\/uploads\/2021\/08\/Lucky-Duck-300x150.png 300w\" sizes=\"(max-width: 600px) 100vw, 600px\" \/>\t\t\t\t\t\t\n\t\t\t\t\t<\/div>\n\t\t\t\t\t\t<\/a>\t\t\n<style>\n#image_1767157702 {\n  width: 100%;\n}\n<\/style>\n\t<\/div>\n\t\n\n\n\t\t<\/div>\n\t\t\t\t\t<\/div>\n\n\t\n\n\t<div id=\"col-872504631\" class=\"col medium-3 small-6 large-3\"  >\n\t\t\t\t<div class=\"col-inner\"  >\n\t\t\t\n\t\t\t\n\n\t<div class=\"img has-hover x md-x lg-x y md-y lg-y\" id=\"image_1134956367\">\n\t\t<a class=\"\" href=\"https:\/\/staging.lucky-hunter.com\/brand\/mojo\/\" >\t\t\t\t\t\t<div class=\"img-inner dark\" >\n\t\t\t<img decoding=\"async\" width=\"600\" height=\"300\" src=\"https:\/\/staging.lucky-hunter.com\/wp-content\/uploads\/2021\/08\/Mojo-Outdoors.png\" class=\"attachment-large size-large\" alt=\"\" srcset=\"https:\/\/staging.lucky-hunter.com\/wp-content\/uploads\/2021\/08\/Mojo-Outdoors.png 600w, https:\/\/staging.lucky-hunter.com\/wp-content\/uploads\/2021\/08\/Mojo-Outdoors-300x150.png 300w\" sizes=\"(max-width: 600px) 100vw, 600px\" \/>\t\t\t\t\t\t\n\t\t\t\t\t<\/div>\n\t\t\t\t\t\t<\/a>\t\t\n<style>\n#image_1134956367 {\n  width: 100%;\n}\n<\/style>\n\t<\/div>\n\t\n\n\n\t\t<\/div>\n\t\t\t\t\t<\/div>\n\n\t\n\n\t<div id=\"col-2095922246\" class=\"col medium-3 small-6 large-3\"  >\n\t\t\t\t<div class=\"col-inner\"  >\n\t\t\t\n\t\t\t\n\n\t<div class=\"img has-hover x md-x lg-x y md-y lg-y\" id=\"image_2109681835\">\n\t\t<a class=\"\" href=\"\/?product_brand=rigem_right\" >\t\t\t\t\t\t<div class=\"img-inner dark\" >\n\t\t\t<img decoding=\"async\" width=\"600\" height=\"300\" src=\"https:\/\/staging.lucky-hunter.com\/wp-content\/uploads\/2021\/08\/Rig-Em-Right.png\" class=\"attachment-large size-large\" alt=\"\" srcset=\"https:\/\/staging.lucky-hunter.com\/wp-content\/uploads\/2021\/08\/Rig-Em-Right.png 600w, https:\/\/staging.lucky-hunter.com\/wp-content\/uploads\/2021\/08\/Rig-Em-Right-300x150.png 300w\" sizes=\"(max-width: 600px) 100vw, 600px\" \/>\t\t\t\t\t\t\n\t\t\t\t\t<\/div>\n\t\t\t\t\t\t<\/a>\t\t\n<style>\n#image_2109681835 {\n  width: 100%;\n}\n<\/style>\n\t<\/div>\n\t\n\n\n\t\t<\/div>\n\t\t\t\t\t<\/div>\n\n\t\n\n\t<div id=\"col-1874398120\" class=\"col medium-3 small-6 large-3\"  >\n\t\t\t\t<div class=\"col-inner\"  >\n\t\t\t\n\t\t\t\n\n\t<div class=\"img has-hover x md-x lg-x y md-y lg-y\" id=\"image_1382426168\">\n\t\t<a class=\"\" href=\"https:\/\/staging.lucky-hunter.com\/brand\/sillosocks\/\" >\t\t\t\t\t\t<div class=\"img-inner dark\" >\n\t\t\t<img decoding=\"async\" width=\"600\" height=\"300\" src=\"https:\/\/staging.lucky-hunter.com\/wp-content\/uploads\/2021\/08\/Sillosocks.png\" class=\"attachment-large size-large\" alt=\"\" srcset=\"https:\/\/staging.lucky-hunter.com\/wp-content\/uploads\/2021\/08\/Sillosocks.png 600w, https:\/\/staging.lucky-hunter.com\/wp-content\/uploads\/2021\/08\/Sillosocks-300x150.png 300w\" sizes=\"(max-width: 600px) 100vw, 600px\" \/>\t\t\t\t\t\t\n\t\t\t\t\t<\/div>\n\t\t\t\t\t\t<\/a>\t\t\n<style>\n#image_1382426168 {\n  width: 100%;\n}\n<\/style>\n\t<\/div>\n\t\n\n\n\t\t<\/div>\n\t\t\t\t\t<\/div>\n\n\t\n\n<\/div>\n<div class=\"row\"  id=\"row-1856756858\">\n\n\n\t<div id=\"col-313649746\" class=\"col medium-3 small-6 large-3\"  >\n\t\t\t\t<div class=\"col-inner\"  >\n\t\t\t\n\t\t\t\n\n\t<div class=\"img has-hover x md-x lg-x y md-y lg-y\" id=\"image_1682413655\">\n\t\t<a class=\"\" href=\"https:\/\/staging.lucky-hunter.com\/brand\/spypoint\/\" >\t\t\t\t\t\t<div class=\"img-inner dark\" >\n\t\t\t<img decoding=\"async\" width=\"600\" height=\"300\" src=\"https:\/\/staging.lucky-hunter.com\/wp-content\/uploads\/2021\/08\/Spypoint.png\" class=\"attachment-large size-large\" alt=\"\" srcset=\"https:\/\/staging.lucky-hunter.com\/wp-content\/uploads\/2021\/08\/Spypoint.png 600w, https:\/\/staging.lucky-hunter.com\/wp-content\/uploads\/2021\/08\/Spypoint-300x150.png 300w\" sizes=\"(max-width: 600px) 100vw, 600px\" \/>\t\t\t\t\t\t\n\t\t\t\t\t<\/div>\n\t\t\t\t\t\t<\/a>\t\t\n<style>\n#image_1682413655 {\n  width: 100%;\n}\n<\/style>\n\t<\/div>\n\t\n\n\n\t\t<\/div>\n\t\t\t\t\t<\/div>\n\n\t\n\n\t<div id=\"col-883862460\" class=\"col medium-3 small-6 large-3\"  >\n\t\t\t\t<div class=\"col-inner\"  >\n\t\t\t\n\t\t\t\n\n\t<div class=\"img has-hover x md-x lg-x y md-y lg-y\" id=\"image_901014397\">\n\t\t<a class=\"\" href=\"\/?product_brand=zink_calls\" >\t\t\t\t\t\t<div class=\"img-inner dark\" >\n\t\t\t<img decoding=\"async\" width=\"600\" height=\"300\" src=\"https:\/\/staging.lucky-hunter.com\/wp-content\/uploads\/2021\/08\/Zink-Calls.png\" class=\"attachment-large size-large\" alt=\"\" srcset=\"https:\/\/staging.lucky-hunter.com\/wp-content\/uploads\/2021\/08\/Zink-Calls.png 600w, https:\/\/staging.lucky-hunter.com\/wp-content\/uploads\/2021\/08\/Zink-Calls-300x150.png 300w\" sizes=\"(max-width: 600px) 100vw, 600px\" \/>\t\t\t\t\t\t\n\t\t\t\t\t<\/div>\n\t\t\t\t\t\t<\/a>\t\t\n<style>\n#image_901014397 {\n  width: 100%;\n}\n<\/style>\n\t<\/div>\n\t\n\n\n\t\t<\/div>\n\t\t\t\t\t<\/div>\n\n\t\n\n\t<div id=\"col-1137240304\" class=\"col medium-3 small-6 large-3\"  >\n\t\t\t\t<div class=\"col-inner\"  >\n\t\t\t\n\t\t\t\n\n\n\t\t<\/div>\n\t\t\t\t\t<\/div>\n\n\t\n\n\t<div id=\"col-1610853974\" class=\"col medium-3 small-6 large-3\"  >\n\t\t\t\t<div class=\"col-inner\"  >\n\t\t\t\n\t\t\t\n\n\n\t\t<\/div>\n\t\t\t\t\t<\/div>\n\n\t\n\n<\/div>\n\n","protected":false},"excerpt":{"rendered":"","protected":false},"author":1,"featured_media":0,"parent":0,"menu_order":0,"comment_status":"closed","ping_status":"closed","template":"page-blank.php","meta":{"footnotes":""},"yoast_head":"<!-- This site is optimized with the Yoast SEO plugin v24.3 - https:\/\/yoast.com\/wordpress\/plugins\/seo\/ -->\n<title>M\u0103rci - Lucky-Hunter<\/title>\n<meta name=\"robots\" content=\"noindex, follow, max-snippet:-1, max-image-preview:large, max-video-preview:-1\" \/>\n<meta property=\"og:locale\" content=\"ro_RO\" \/>\n<meta property=\"og:type\" content=\"article\" \/>\n<meta property=\"og:title\" content=\"M\u0103rci - Lucky-Hunter\" \/>\n<meta property=\"og:url\" content=\"https:\/\/staging.lucky-hunter.com\/ro\/marci\/\" \/>\n<meta property=\"og:site_name\" content=\"Lucky-Hunter\" \/>\n<meta property=\"article:modified_time\" content=\"2024-01-25T11:15:18+00:00\" \/>\n<meta name=\"twitter:card\" content=\"summary_large_image\" \/>\n<meta name=\"twitter:label1\" content=\"Timp estimat pentru citire\" \/>\n\t<meta name=\"twitter:data1\" content=\"2 minute\" \/>\n<script type=\"application\/ld+json\" class=\"yoast-schema-graph\">{\"@context\":\"https:\/\/schema.org\",\"@graph\":[{\"@type\":\"WebPage\",\"@id\":\"https:\/\/staging.lucky-hunter.com\/ro\/marci\/\",\"url\":\"https:\/\/staging.lucky-hunter.com\/ro\/marci\/\",\"name\":\"M\u0103rci - Lucky-Hunter\",\"isPartOf\":{\"@id\":\"https:\/\/staging.lucky-hunter.com\/#website\"},\"datePublished\":\"2016-12-07T14:22:26+00:00\",\"dateModified\":\"2024-01-25T11:15:18+00:00\",\"breadcrumb\":{\"@id\":\"https:\/\/staging.lucky-hunter.com\/ro\/marci\/#breadcrumb\"},\"inLanguage\":\"ro-RO\",\"potentialAction\":[{\"@type\":\"ReadAction\",\"target\":[\"https:\/\/staging.lucky-hunter.com\/ro\/marci\/\"]}]},{\"@type\":\"BreadcrumbList\",\"@id\":\"https:\/\/staging.lucky-hunter.com\/ro\/marci\/#breadcrumb\",\"itemListElement\":[{\"@type\":\"ListItem\",\"position\":1,\"name\":\"Home\",\"item\":\"https:\/\/staging.lucky-hunter.com\/ro\/\"},{\"@type\":\"ListItem\",\"position\":2,\"name\":\"M\u0103rci\"}]},{\"@type\":\"WebSite\",\"@id\":\"https:\/\/staging.lucky-hunter.com\/#website\",\"url\":\"https:\/\/staging.lucky-hunter.com\/\",\"name\":\"Lucky-Hunter\",\"description\":\"Gear Up or Give Up\",\"potentialAction\":[{\"@type\":\"SearchAction\",\"target\":{\"@type\":\"EntryPoint\",\"urlTemplate\":\"https:\/\/staging.lucky-hunter.com\/?s={search_term_string}\"},\"query-input\":{\"@type\":\"PropertyValueSpecification\",\"valueRequired\":true,\"valueName\":\"search_term_string\"}}],\"inLanguage\":\"ro-RO\"}]}<\/script>\n<!-- \/ Yoast SEO plugin. -->","yoast_head_json":{"title":"M\u0103rci - Lucky-Hunter","robots":{"index":"noindex","follow":"follow","max-snippet":"max-snippet:-1","max-image-preview":"max-image-preview:large","max-video-preview":"max-video-preview:-1"},"og_locale":"ro_RO","og_type":"article","og_title":"M\u0103rci - Lucky-Hunter","og_url":"https:\/\/staging.lucky-hunter.com\/ro\/marci\/","og_site_name":"Lucky-Hunter","article_modified_time":"2024-01-25T11:15:18+00:00","twitter_card":"summary_large_image","twitter_misc":{"Timp estimat pentru citire":"2 minute"},"schema":{"@context":"https:\/\/schema.org","@graph":[{"@type":"WebPage","@id":"https:\/\/staging.lucky-hunter.com\/ro\/marci\/","url":"https:\/\/staging.lucky-hunter.com\/ro\/marci\/","name":"M\u0103rci - Lucky-Hunter","isPartOf":{"@id":"https:\/\/staging.lucky-hunter.com\/#website"},"datePublished":"2016-12-07T14:22:26+00:00","dateModified":"2024-01-25T11:15:18+00:00","breadcrumb":{"@id":"https:\/\/staging.lucky-hunter.com\/ro\/marci\/#breadcrumb"},"inLanguage":"ro-RO","potentialAction":[{"@type":"ReadAction","target":["https:\/\/staging.lucky-hunter.com\/ro\/marci\/"]}]},{"@type":"BreadcrumbList","@id":"https:\/\/staging.lucky-hunter.com\/ro\/marci\/#breadcrumb","itemListElement":[{"@type":"ListItem","position":1,"name":"Home","item":"https:\/\/staging.lucky-hunter.com\/ro\/"},{"@type":"ListItem","position":2,"name":"M\u0103rci"}]},{"@type":"WebSite","@id":"https:\/\/staging.lucky-hunter.com\/#website","url":"https:\/\/staging.lucky-hunter.com\/","name":"Lucky-Hunter","description":"Gear Up or Give Up","potentialAction":[{"@type":"SearchAction","target":{"@type":"EntryPoint","urlTemplate":"https:\/\/staging.lucky-hunter.com\/?s={search_term_string}"},"query-input":{"@type":"PropertyValueSpecification","valueRequired":true,"valueName":"search_term_string"}}],"inLanguage":"ro-RO"}]}},"_links":{"self":[{"href":"https:\/\/staging.lucky-hunter.com\/ro\/wp-json\/wp\/v2\/pages\/67216"}],"collection":[{"href":"https:\/\/staging.lucky-hunter.com\/ro\/wp-json\/wp\/v2\/pages"}],"about":[{"href":"https:\/\/staging.lucky-hunter.com\/ro\/wp-json\/wp\/v2\/types\/page"}],"author":[{"embeddable":true,"href":"https:\/\/staging.lucky-hunter.com\/ro\/wp-json\/wp\/v2\/users\/1"}],"replies":[{"embeddable":true,"href":"https:\/\/staging.lucky-hunter.com\/ro\/wp-json\/wp\/v2\/comments?post=67216"}],"version-history":[{"count":1,"href":"https:\/\/staging.lucky-hunter.com\/ro\/wp-json\/wp\/v2\/pages\/67216\/revisions"}],"predecessor-version":[{"id":67217,"href":"https:\/\/staging.lucky-hunter.com\/ro\/wp-json\/wp\/v2\/pages\/67216\/revisions\/67217"}],"wp:attachment":[{"href":"https:\/\/staging.lucky-hunter.com\/ro\/wp-json\/wp\/v2\/media?parent=67216"}],"curies":[{"name":"wp","href":"https:\/\/api.w.org\/{rel}","templated":true}]}}