{"id":65063,"date":"2023-11-08T12:22:20","date_gmt":"2023-11-08T11:22:20","guid":{"rendered":"https:\/\/staging.lucky-hunter.com\/expedieri-compensate-climatic\/"},"modified":"2023-11-21T15:58:02","modified_gmt":"2023-11-21T14:58:02","slug":"expedieri-compensate-climatic","status":"publish","type":"page","link":"https:\/\/staging.lucky-hunter.com\/ro\/expedieri-compensate-climatic\/","title":{"rendered":"Expedieri-compensate-climatic"},"content":{"rendered":"\n<div class=\"row\"  id=\"row-582434212\">\n\n\n\t<div id=\"col-2038976220\" class=\"col medium-1 small-12 large-1\"  >\n\t\t\t\t<div class=\"col-inner\"  >\n\t\t\t\n\t\t\t\n\n\n\t\t<\/div>\n\t\t\t\t\t<\/div>\n\n\t\n\n\t<div id=\"col-15854014\" class=\"col medium-10 small-12 large-10\"  >\n\t\t\t\t<div class=\"col-inner\"  >\n\t\t\t\n\t\t\t\n\n<div class=\"text-center\"><div class=\"is-divider divider clearfix\" style=\"background-color:rgb(230, 230, 240);\"><\/div><\/div>\r\n\r\n\r\n\r\n<div style=\"text-align: justify;\">\r\n<h1 style=\"text-align: center;\">Expedi\u021bii Compensate Climatic<\/h1>\r\n<p style=\"text-align: center;\"><strong>Lucky Hunter prioritizeaz\u0103 livrarea compensat\u0103 climatic \u0219i ambalajele sustenabile<\/strong><\/p>\r\n<p>C\u00e2nd achizi\u021biona\u021bi echipamentul dvs. de v\u00e2n\u0103toare de la Lucky Hunter, beneficia\u021bi de o livrare compensat\u0103 climatic ca standard <strong>f\u0103r\u0103 costuri suplimentare<\/strong>, facilit\u00e2ndu-v\u0103 astfel, ca client, s\u0103 sus\u021bine\u021bi ini\u021biativele de reducere a amprentei noastre climatice. Ne asigur\u0103m c\u0103 partenerii no\u0219tri \u00een domeniul transporturilor \u0219i logistic\u0103 sunt orienta\u021bi c\u0103tre reducerea emisiilor de CO2 \u0219i ofer\u0103 compensa\u021bii climatice pentru transportul pe care \u00eel furnizeaz\u0103.<\/p>\r\n<p>Compensa\u021bia climatic\u0103 nu este solu\u021bia ideal\u0103, dar at\u00e2ta timp c\u00e2t tehnologia \u0219i infrastructura actual\u0103 nu pot reduce complet emisiile de CO2 de la \u00eenceput, aceasta este una dintre cele mai bune op\u021biuni \u00een sectorul transporturilor pentru a compensa amprenta de CO2. Pute\u021bi citi mai multe despre concentrarea diferi\u021bilor transportatori pe clim\u0103 mai jos:<\/p>\r\n<ul>\r\n<li><a href=\"https:\/\/gls-group.com\/DK\/en\/about-gls\/sustainability\/additional-initiatives\/\">GLS<\/a><\/li>\r\n<li><a href=\"https:\/\/www.dsv.com\/en-gb\/sustainability-esg\">DSV<\/a><\/li>\r\n<\/ul>\r\n<p>La Lucky Hunter, de mul\u021bi ani accept\u0103m cutii de carton \u0219i materiale de ambalare de la comercian\u021bii ora\u0219ului sau de la cet\u0103\u021beni care le aduc. Le refolosim pentru expedierile noastre, reduc\u00e2nd astfel semnificativ nevoia de a cump\u0103ra noi materiale de ambalare. Dac\u0103 v\u0103 \u00eentreba\u021bi uneori de ce pachetul dvs. de la Lucky Hunter este livrat \u00eentr-o cutie de la articole de coafur\u0103 sau sticle de vin, atunci a\u021bi primit un pachet cu o amprent\u0103 climatic\u0103 redus\u0103. P\u00e2n\u0103 la urm\u0103, este doar o cutie care ar trebui s\u0103 transporte \u00een siguran\u021b\u0103 bunurile comandate de la depozitul nostru la dvs.!<\/p>\r\n<p>Dac\u0103 ave\u021bi o camer\u0103 de v\u00e2n\u0103toare sau lua\u021bi \u00een considerare achizi\u021bionarea uneia, avem modele alimentate de baterii re\u00eenc\u0103rcabile sau powerbanks \u0219i panouri solare \u00eenso\u021bitoare, care \u00eenlocuiesc nevoia unui num\u0103r mare de baterii care trebuie eliminate dup\u0103 utilizare.<\/p>\r\n<p>Lucky Hunter comercializeaz\u0103 produse de calitate care pot rezista la utilizare an de an. Echipamentul de v\u00e2n\u0103toare durabil nu este doar mai pl\u0103cut la v\u00e2n\u0103toare, ci \u0219i generarea de mai pu\u021bine de\u0219euri reduce presiunea asupra climei noastre.<\/p>\r\n<\/div>\r\n\n\n\t\t<\/div>\n\t\t\t\t\t<\/div>\n\n\t\n\n\t<div id=\"col-173103137\" class=\"col medium-1 small-12 large-1\"  >\n\t\t\t\t<div class=\"col-inner\"  >\n\t\t\t\n\t\t\t\n\n\n\t\t<\/div>\n\t\t\t\t\t<\/div>\n\n\t\n\n<\/div>\n\n","protected":false},"excerpt":{"rendered":"","protected":false},"author":17864,"featured_media":0,"parent":0,"menu_order":0,"comment_status":"closed","ping_status":"closed","template":"","meta":{"footnotes":""},"yoast_head":"<!-- This site is optimized with the Yoast SEO plugin v24.3 - https:\/\/yoast.com\/wordpress\/plugins\/seo\/ -->\n<title>Expedieri-compensate-climatic - Lucky-Hunter<\/title>\n<meta name=\"robots\" content=\"noindex, follow, max-snippet:-1, max-image-preview:large, max-video-preview:-1\" \/>\n<meta property=\"og:locale\" content=\"ro_RO\" \/>\n<meta property=\"og:type\" content=\"article\" \/>\n<meta property=\"og:title\" content=\"Expedieri-compensate-climatic - Lucky-Hunter\" \/>\n<meta property=\"og:url\" content=\"https:\/\/staging.lucky-hunter.com\/ro\/expedieri-compensate-climatic\/\" \/>\n<meta property=\"og:site_name\" content=\"Lucky-Hunter\" \/>\n<meta property=\"article:modified_time\" content=\"2023-11-21T14:58:02+00:00\" \/>\n<meta name=\"twitter:card\" content=\"summary_large_image\" \/>\n<meta name=\"twitter:label1\" content=\"Timp estimat pentru citire\" \/>\n\t<meta name=\"twitter:data1\" content=\"2 minute\" \/>\n<script type=\"application\/ld+json\" class=\"yoast-schema-graph\">{\"@context\":\"https:\/\/schema.org\",\"@graph\":[{\"@type\":\"WebPage\",\"@id\":\"https:\/\/staging.lucky-hunter.com\/ro\/expedieri-compensate-climatic\/\",\"url\":\"https:\/\/staging.lucky-hunter.com\/ro\/expedieri-compensate-climatic\/\",\"name\":\"Expedieri-compensate-climatic - Lucky-Hunter\",\"isPartOf\":{\"@id\":\"https:\/\/staging.lucky-hunter.com\/#website\"},\"datePublished\":\"2023-11-08T11:22:20+00:00\",\"dateModified\":\"2023-11-21T14:58:02+00:00\",\"breadcrumb\":{\"@id\":\"https:\/\/staging.lucky-hunter.com\/ro\/expedieri-compensate-climatic\/#breadcrumb\"},\"inLanguage\":\"ro-RO\",\"potentialAction\":[{\"@type\":\"ReadAction\",\"target\":[\"https:\/\/staging.lucky-hunter.com\/ro\/expedieri-compensate-climatic\/\"]}]},{\"@type\":\"BreadcrumbList\",\"@id\":\"https:\/\/staging.lucky-hunter.com\/ro\/expedieri-compensate-climatic\/#breadcrumb\",\"itemListElement\":[{\"@type\":\"ListItem\",\"position\":1,\"name\":\"Home\",\"item\":\"https:\/\/staging.lucky-hunter.com\/ro\/\"},{\"@type\":\"ListItem\",\"position\":2,\"name\":\"Expedieri-compensate-climatic\"}]},{\"@type\":\"WebSite\",\"@id\":\"https:\/\/staging.lucky-hunter.com\/#website\",\"url\":\"https:\/\/staging.lucky-hunter.com\/\",\"name\":\"Lucky-Hunter\",\"description\":\"Gear Up or Give Up\",\"potentialAction\":[{\"@type\":\"SearchAction\",\"target\":{\"@type\":\"EntryPoint\",\"urlTemplate\":\"https:\/\/staging.lucky-hunter.com\/?s={search_term_string}\"},\"query-input\":{\"@type\":\"PropertyValueSpecification\",\"valueRequired\":true,\"valueName\":\"search_term_string\"}}],\"inLanguage\":\"ro-RO\"}]}<\/script>\n<!-- \/ Yoast SEO plugin. -->","yoast_head_json":{"title":"Expedieri-compensate-climatic - Lucky-Hunter","robots":{"index":"noindex","follow":"follow","max-snippet":"max-snippet:-1","max-image-preview":"max-image-preview:large","max-video-preview":"max-video-preview:-1"},"og_locale":"ro_RO","og_type":"article","og_title":"Expedieri-compensate-climatic - Lucky-Hunter","og_url":"https:\/\/staging.lucky-hunter.com\/ro\/expedieri-compensate-climatic\/","og_site_name":"Lucky-Hunter","article_modified_time":"2023-11-21T14:58:02+00:00","twitter_card":"summary_large_image","twitter_misc":{"Timp estimat pentru citire":"2 minute"},"schema":{"@context":"https:\/\/schema.org","@graph":[{"@type":"WebPage","@id":"https:\/\/staging.lucky-hunter.com\/ro\/expedieri-compensate-climatic\/","url":"https:\/\/staging.lucky-hunter.com\/ro\/expedieri-compensate-climatic\/","name":"Expedieri-compensate-climatic - Lucky-Hunter","isPartOf":{"@id":"https:\/\/staging.lucky-hunter.com\/#website"},"datePublished":"2023-11-08T11:22:20+00:00","dateModified":"2023-11-21T14:58:02+00:00","breadcrumb":{"@id":"https:\/\/staging.lucky-hunter.com\/ro\/expedieri-compensate-climatic\/#breadcrumb"},"inLanguage":"ro-RO","potentialAction":[{"@type":"ReadAction","target":["https:\/\/staging.lucky-hunter.com\/ro\/expedieri-compensate-climatic\/"]}]},{"@type":"BreadcrumbList","@id":"https:\/\/staging.lucky-hunter.com\/ro\/expedieri-compensate-climatic\/#breadcrumb","itemListElement":[{"@type":"ListItem","position":1,"name":"Home","item":"https:\/\/staging.lucky-hunter.com\/ro\/"},{"@type":"ListItem","position":2,"name":"Expedieri-compensate-climatic"}]},{"@type":"WebSite","@id":"https:\/\/staging.lucky-hunter.com\/#website","url":"https:\/\/staging.lucky-hunter.com\/","name":"Lucky-Hunter","description":"Gear Up or Give Up","potentialAction":[{"@type":"SearchAction","target":{"@type":"EntryPoint","urlTemplate":"https:\/\/staging.lucky-hunter.com\/?s={search_term_string}"},"query-input":{"@type":"PropertyValueSpecification","valueRequired":true,"valueName":"search_term_string"}}],"inLanguage":"ro-RO"}]}},"_links":{"self":[{"href":"https:\/\/staging.lucky-hunter.com\/ro\/wp-json\/wp\/v2\/pages\/65063"}],"collection":[{"href":"https:\/\/staging.lucky-hunter.com\/ro\/wp-json\/wp\/v2\/pages"}],"about":[{"href":"https:\/\/staging.lucky-hunter.com\/ro\/wp-json\/wp\/v2\/types\/page"}],"author":[{"embeddable":true,"href":"https:\/\/staging.lucky-hunter.com\/ro\/wp-json\/wp\/v2\/users\/17864"}],"replies":[{"embeddable":true,"href":"https:\/\/staging.lucky-hunter.com\/ro\/wp-json\/wp\/v2\/comments?post=65063"}],"version-history":[{"count":1,"href":"https:\/\/staging.lucky-hunter.com\/ro\/wp-json\/wp\/v2\/pages\/65063\/revisions"}],"predecessor-version":[{"id":65064,"href":"https:\/\/staging.lucky-hunter.com\/ro\/wp-json\/wp\/v2\/pages\/65063\/revisions\/65064"}],"wp:attachment":[{"href":"https:\/\/staging.lucky-hunter.com\/ro\/wp-json\/wp\/v2\/media?parent=65063"}],"curies":[{"name":"wp","href":"https:\/\/api.w.org\/{rel}","templated":true}]}}