{"id":65065,"date":"2023-11-08T12:22:20","date_gmt":"2023-11-08T11:22:20","guid":{"rendered":"https:\/\/staging.lucky-hunter.com\/przesylki-z-kompensacja-klimatyczna\/"},"modified":"2023-11-21T16:00:39","modified_gmt":"2023-11-21T15:00:39","slug":"przesylki-z-kompensacja-klimatyczna","status":"publish","type":"page","link":"https:\/\/staging.lucky-hunter.com\/pl\/przesylki-z-kompensacja-klimatyczna\/","title":{"rendered":"przesylki-z-kompensacja-klimatyczna"},"content":{"rendered":"\n<div class=\"row\"  id=\"row-819333436\">\n\n\n\t<div id=\"col-468620767\" class=\"col medium-1 small-12 large-1\"  >\n\t\t\t\t<div class=\"col-inner\"  >\n\t\t\t\n\t\t\t\n\n\n\t\t<\/div>\n\t\t\t\t\t<\/div>\n\n\t\n\n\t<div id=\"col-1458846703\" class=\"col medium-10 small-12 large-10\"  >\n\t\t\t\t<div class=\"col-inner\"  >\n\t\t\t\n\t\t\t\n\n<div class=\"text-center\"><div class=\"is-divider divider clearfix\" style=\"background-color:rgb(230, 230, 240);\"><\/div><\/div>\r\n\r\n\r\n<div style=\"text-align: justify;\">\r\n<h1 style=\"text-align: center;\">Przesy\u0142ki z Kompensacj\u0105 Klimatyczn\u0105<\/h1>\r\n<p style=\"text-align: center;\"><strong>Lucky Hunter stawia na dostaw\u0119 z kompensacj\u0105 klimatyczn\u0105 i opakowania zr\u00f3wnowa\u017cone<\/strong><\/p>\r\n<p>Gdy kupujesz sw\u00f3j sprz\u0119t my\u015bliwski w Lucky Hunter, otrzymujesz standardow\u0105 dostaw\u0119 z kompensacj\u0105 klimatyczn\u0105 <strong>bez dodatkowych koszt\u00f3w<\/strong>, co u\u0142atwia Ci jako klientowi wsparcie inicjatyw maj\u0105cych na celu zmniejszenie naszego \u015bladu w\u0119glowego. Zapewniamy, \u017ce nasi partnerzy w dziedzinie frachtu i logistyki s\u0105 skoncentrowani na redukcji emisji CO2 i oferuj\u0105 kompensacj\u0119 klimatyczn\u0105 za \u015bwiadczone przez nich transporty.<\/p>\r\n<p>Kompensacja klimatyczna nie jest idealnym rozwi\u0105zaniem, ale dop\u00f3ki obecna technologia i infrastruktura nie mog\u0105 w pe\u0142ni zredukowa\u0107 emisji CO2 od samego pocz\u0105tku, jest to jedna z najlepszych opcji w sektorze transportu, aby zrekompensowa\u0107 \u015blad w\u0119glowy. Wi\u0119cej informacji o skupieniu r\u00f3\u017cnych przewo\u017anik\u00f3w na klimacie znajdziesz poni\u017cej:<\/p>\r\n<ul>\r\n<li><a href=\"https:\/\/gls-group.com\/DK\/en\/about-gls\/sustainability\/additional-initiatives\/\">GLS<\/a><\/li>\r\n<li><a href=\"https:\/\/www.dsv.com\/en-gb\/sustainability-esg\">DSV<\/a><\/li>\r\n<\/ul>\r\n<p>W Lucky Hunter od wielu lat przyjmujemy kartony i materia\u0142y opakowaniowe od handlowc\u00f3w miejskich lub mieszka\u0144c\u00f3w, kt\u00f3rzy je przynosz\u0105. Ponownie wykorzystujemy je do naszych przesy\u0142ek, znacz\u0105co zmniejszaj\u0105c potrzeb\u0119 zakupu nowych materia\u0142\u00f3w opakowaniowych. Je\u015bli czasami zastanawiasz si\u0119, dlaczego twoja paczka z Lucky Hunter jest dostarczana w pude\u0142ku po artyku\u0142ach fryzjerskich lub butelkach po winie, to otrzyma\u0142e\u015b paczk\u0119 z zredukowanym \u015bladem w\u0119glowym. W ko\u0144cu to tylko pude\u0142ko, kt\u00f3re powinno bezpiecznie transportowa\u0107 zam\u00f3wione przez Ciebie towary z naszego magazynu do Ciebie!<\/p>\r\n<p>Je\u015bli masz kamer\u0119 my\u015bliwsk\u0105 lub rozwa\u017casz jej zakup, mamy modele zasilane akumulatorami lub do\u0142\u0105czonymi powerbankami i panelami s\u0142onecznymi, kt\u00f3re zast\u0119puj\u0105 potrzeb\u0119 du\u017cej liczby baterii, kt\u00f3re musz\u0105 by\u0107 utylizowane po u\u017cyciu.<\/p>\r\n<p>Lucky Hunter oferuje produkty wysokiej jako\u015bci, kt\u00f3re wytrzymuj\u0105 u\u017cytkowanie przez wiele lat. Wytrzyma\u0142y sprz\u0119t my\u015bliwski nie tylko jest przyjemniejszy podczas polowania, ale mniejsza ilo\u015b\u0107 odpad\u00f3w r\u00f3wnie\u017c zmniejsza obci\u0105\u017cenie naszego klimatu.<\/p>\r\n<\/div>\r\n\r\n\n\n\t\t<\/div>\n\t\t\t\t\t<\/div>\n\n\t\n\n\t<div id=\"col-1749544860\" class=\"col medium-1 small-12 large-1\"  >\n\t\t\t\t<div class=\"col-inner\"  >\n\t\t\t\n\t\t\t\n\n\n\t\t<\/div>\n\t\t\t\t\t<\/div>\n\n\t\n\n<\/div>\n\n","protected":false},"excerpt":{"rendered":"","protected":false},"author":17864,"featured_media":0,"parent":0,"menu_order":0,"comment_status":"closed","ping_status":"closed","template":"","meta":{"footnotes":""},"yoast_head":"<!-- This site is optimized with the Yoast SEO plugin v24.3 - https:\/\/yoast.com\/wordpress\/plugins\/seo\/ -->\n<title>przesylki-z-kompensacja-klimatyczna - Lucky-Hunter<\/title>\n<meta name=\"robots\" content=\"noindex, follow, max-snippet:-1, max-image-preview:large, max-video-preview:-1\" \/>\n<meta property=\"og:locale\" content=\"pl_PL\" \/>\n<meta property=\"og:type\" content=\"article\" \/>\n<meta property=\"og:title\" content=\"przesylki-z-kompensacja-klimatyczna - Lucky-Hunter\" \/>\n<meta property=\"og:url\" content=\"https:\/\/staging.lucky-hunter.com\/pl\/przesylki-z-kompensacja-klimatyczna\/\" \/>\n<meta property=\"og:site_name\" content=\"Lucky-Hunter\" \/>\n<meta property=\"article:modified_time\" content=\"2023-11-21T15:00:39+00:00\" \/>\n<meta name=\"twitter:card\" content=\"summary_large_image\" \/>\n<meta name=\"twitter:label1\" content=\"Szacowany czas czytania\" \/>\n\t<meta name=\"twitter:data1\" content=\"2 minuty\" \/>\n<script type=\"application\/ld+json\" class=\"yoast-schema-graph\">{\"@context\":\"https:\/\/schema.org\",\"@graph\":[{\"@type\":\"WebPage\",\"@id\":\"https:\/\/staging.lucky-hunter.com\/pl\/przesylki-z-kompensacja-klimatyczna\/\",\"url\":\"https:\/\/staging.lucky-hunter.com\/pl\/przesylki-z-kompensacja-klimatyczna\/\",\"name\":\"przesylki-z-kompensacja-klimatyczna - Lucky-Hunter\",\"isPartOf\":{\"@id\":\"https:\/\/staging.lucky-hunter.com\/#website\"},\"datePublished\":\"2023-11-08T11:22:20+00:00\",\"dateModified\":\"2023-11-21T15:00:39+00:00\",\"breadcrumb\":{\"@id\":\"https:\/\/staging.lucky-hunter.com\/pl\/przesylki-z-kompensacja-klimatyczna\/#breadcrumb\"},\"inLanguage\":\"pl-PL\",\"potentialAction\":[{\"@type\":\"ReadAction\",\"target\":[\"https:\/\/staging.lucky-hunter.com\/pl\/przesylki-z-kompensacja-klimatyczna\/\"]}]},{\"@type\":\"BreadcrumbList\",\"@id\":\"https:\/\/staging.lucky-hunter.com\/pl\/przesylki-z-kompensacja-klimatyczna\/#breadcrumb\",\"itemListElement\":[{\"@type\":\"ListItem\",\"position\":1,\"name\":\"Home\",\"item\":\"https:\/\/staging.lucky-hunter.com\/pl\/\"},{\"@type\":\"ListItem\",\"position\":2,\"name\":\"przesylki-z-kompensacja-klimatyczna\"}]},{\"@type\":\"WebSite\",\"@id\":\"https:\/\/staging.lucky-hunter.com\/#website\",\"url\":\"https:\/\/staging.lucky-hunter.com\/\",\"name\":\"Lucky-Hunter\",\"description\":\"Gear Up or Give Up\",\"potentialAction\":[{\"@type\":\"SearchAction\",\"target\":{\"@type\":\"EntryPoint\",\"urlTemplate\":\"https:\/\/staging.lucky-hunter.com\/?s={search_term_string}\"},\"query-input\":{\"@type\":\"PropertyValueSpecification\",\"valueRequired\":true,\"valueName\":\"search_term_string\"}}],\"inLanguage\":\"pl-PL\"}]}<\/script>\n<!-- \/ Yoast SEO plugin. -->","yoast_head_json":{"title":"przesylki-z-kompensacja-klimatyczna - Lucky-Hunter","robots":{"index":"noindex","follow":"follow","max-snippet":"max-snippet:-1","max-image-preview":"max-image-preview:large","max-video-preview":"max-video-preview:-1"},"og_locale":"pl_PL","og_type":"article","og_title":"przesylki-z-kompensacja-klimatyczna - Lucky-Hunter","og_url":"https:\/\/staging.lucky-hunter.com\/pl\/przesylki-z-kompensacja-klimatyczna\/","og_site_name":"Lucky-Hunter","article_modified_time":"2023-11-21T15:00:39+00:00","twitter_card":"summary_large_image","twitter_misc":{"Szacowany czas czytania":"2 minuty"},"schema":{"@context":"https:\/\/schema.org","@graph":[{"@type":"WebPage","@id":"https:\/\/staging.lucky-hunter.com\/pl\/przesylki-z-kompensacja-klimatyczna\/","url":"https:\/\/staging.lucky-hunter.com\/pl\/przesylki-z-kompensacja-klimatyczna\/","name":"przesylki-z-kompensacja-klimatyczna - Lucky-Hunter","isPartOf":{"@id":"https:\/\/staging.lucky-hunter.com\/#website"},"datePublished":"2023-11-08T11:22:20+00:00","dateModified":"2023-11-21T15:00:39+00:00","breadcrumb":{"@id":"https:\/\/staging.lucky-hunter.com\/pl\/przesylki-z-kompensacja-klimatyczna\/#breadcrumb"},"inLanguage":"pl-PL","potentialAction":[{"@type":"ReadAction","target":["https:\/\/staging.lucky-hunter.com\/pl\/przesylki-z-kompensacja-klimatyczna\/"]}]},{"@type":"BreadcrumbList","@id":"https:\/\/staging.lucky-hunter.com\/pl\/przesylki-z-kompensacja-klimatyczna\/#breadcrumb","itemListElement":[{"@type":"ListItem","position":1,"name":"Home","item":"https:\/\/staging.lucky-hunter.com\/pl\/"},{"@type":"ListItem","position":2,"name":"przesylki-z-kompensacja-klimatyczna"}]},{"@type":"WebSite","@id":"https:\/\/staging.lucky-hunter.com\/#website","url":"https:\/\/staging.lucky-hunter.com\/","name":"Lucky-Hunter","description":"Gear Up or Give Up","potentialAction":[{"@type":"SearchAction","target":{"@type":"EntryPoint","urlTemplate":"https:\/\/staging.lucky-hunter.com\/?s={search_term_string}"},"query-input":{"@type":"PropertyValueSpecification","valueRequired":true,"valueName":"search_term_string"}}],"inLanguage":"pl-PL"}]}},"_links":{"self":[{"href":"https:\/\/staging.lucky-hunter.com\/pl\/wp-json\/wp\/v2\/pages\/65065"}],"collection":[{"href":"https:\/\/staging.lucky-hunter.com\/pl\/wp-json\/wp\/v2\/pages"}],"about":[{"href":"https:\/\/staging.lucky-hunter.com\/pl\/wp-json\/wp\/v2\/types\/page"}],"author":[{"embeddable":true,"href":"https:\/\/staging.lucky-hunter.com\/pl\/wp-json\/wp\/v2\/users\/17864"}],"replies":[{"embeddable":true,"href":"https:\/\/staging.lucky-hunter.com\/pl\/wp-json\/wp\/v2\/comments?post=65065"}],"version-history":[{"count":1,"href":"https:\/\/staging.lucky-hunter.com\/pl\/wp-json\/wp\/v2\/pages\/65065\/revisions"}],"predecessor-version":[{"id":65066,"href":"https:\/\/staging.lucky-hunter.com\/pl\/wp-json\/wp\/v2\/pages\/65065\/revisions\/65066"}],"wp:attachment":[{"href":"https:\/\/staging.lucky-hunter.com\/pl\/wp-json\/wp\/v2\/media?parent=65065"}],"curies":[{"name":"wp","href":"https:\/\/api.w.org\/{rel}","templated":true}]}}