{"id":55822,"date":"2017-08-31T17:26:12","date_gmt":"2017-08-31T15:26:12","guid":{"rendered":"https:\/\/staging.lucky-hunter.com\/product\/avery-sporting-dog-mallard-2\/"},"modified":"2023-02-28T11:18:16","modified_gmt":"2023-02-28T10:18:16","slug":"avery-sporting-dog-mallard-2","status":"publish","type":"product","link":"https:\/\/staging.lucky-hunter.com\/it\/product\/avery-sporting-dog-mallard-2\/","title":{"rendered":"Avery Sporting Dog &#8211; Uccello Germano Reale EZ"},"content":{"rendered":"<div class=\"video video-fit mb\" style=\"padding-top:56.25%;\"><p><iframe width=\"1020\" height=\"574\" src=\"https:\/\/www.youtube.com\/embed\/9JOe2fY-vJs?wmode=transparent&amp;rel=0&amp;feature=oembed\" frameborder=\"0\" allowfullscreen><\/iframe><\/p>\n<\/div>\n<h2>Avery Sporting Dog &#8211; Uccello Germano Reale EZ<\/h2>\n<p>Due terzi delle dimensioni e del peso di un uccello adulto a grandezza naturale, i manichini Avery EZ sono perfetti per l&#8217;allenamento. Ci\u00f2 consente ai cani pi\u00f9 giovani o pi\u00f9 piccoli di acquisire sicurezza nel recuperare l&#8217;uccello a portata di mano in modo coerente.<\/p>\n<p>Riempito con una schiuma densa per la galleggiabilit\u00e0 e la sensazione di un vero uccello, il corpo \u00e8 anche rivestito in PVC che impedisce la bocca dura.<\/p>\n<p>Le serrature dei denti V-Grip rialzate consentono al tuo cane di afferrare saldamente l&#8217;uccello e la testa galleggiante in plastica dura scoragger\u00e0 il tuo cane dal thrashing. Pertanto questo addestrer\u00e0 il cane a trasportare correttamente l&#8217;uccello durante il recupero.<\/p>\n<p>Il corpo dell&#8217;uccello ha una lunga corda con pomello incorporato. Questo aiuta con un facile lancio a terra o in acqua. Pertanto, la precisione \u00e8 garantita con la corda.<\/p>\n<p>Disponibile in colori realistici e a forma di germano reale.<\/p>\n<p>Fai divertire il tuo cane con vari manichini per l&#8217;addestramento.<\/p>\n<p>Prodotto senza ftalati nocivi.<\/p>\n","protected":false},"excerpt":{"rendered":"<p>I manichini da addestramento Avery EZ Bird Retriever sono 2\/3 delle dimensioni e del peso di un uccello adulto a grandezza naturale, consentendo ai cani pi\u00f9 giovani o pi\u00f9 piccoli di acquisire sicurezza nel recuperare costantemente l&#8217;uccello a portata di mano.<\/p>\n","protected":false},"featured_media":33736,"template":"","meta":[],"product_brand":[8123],"product_cat":[8321],"product_tag":[],"yoast_head":"<!-- This site is optimized with the Yoast SEO plugin v24.3 - https:\/\/yoast.com\/wordpress\/plugins\/seo\/ -->\n<title>Avery Sporting Dog - Manichino da addestramento per germano reale | Cacciatore fortunato<\/title>\n<meta name=\"description\" content=\"Addestra il tuo cane a recuperare gli uccelli abbattuti. I manichini da addestramento Avery Sporting Dog sono 2\/3 delle dimensioni di un vero uccello, per addestrare il tuo cane con sicurezza.\" \/>\n<meta name=\"robots\" content=\"noindex, follow, max-snippet:-1, max-image-preview:large, max-video-preview:-1\" \/>\n<meta property=\"og:locale\" content=\"it_IT\" \/>\n<meta property=\"og:type\" content=\"article\" \/>\n<meta property=\"og:title\" content=\"Avery Sporting Dog - Manichino da addestramento per fagiani | Cacciatore fortunato\" \/>\n<meta property=\"og:description\" content=\"Addestra il tuo cane a recuperare gli uccelli abbattuti. I manichini da addestramento Avery Sporting Dog sono 2\/3 delle dimensioni di un vero uccello, per addestrare il tuo cane con sicurezza.\" \/>\n<meta property=\"og:url\" content=\"https:\/\/staging.lucky-hunter.com\/product\/avery-sporting-dog-mallard-2\/\" \/>\n<meta property=\"og:site_name\" content=\"Lucky-Hunter\" \/>\n<meta property=\"article:modified_time\" content=\"2023-02-28T10:18:16+00:00\" \/>\n<meta property=\"og:image\" content=\"https:\/\/staging.lucky-hunter.com\/wp-content\/uploads\/2017\/11\/JH-64-EZ-Mallard.png\" \/>\n\t<meta property=\"og:image:width\" content=\"1000\" \/>\n\t<meta property=\"og:image:height\" content=\"1000\" \/>\n\t<meta property=\"og:image:type\" content=\"image\/png\" \/>\n<meta name=\"twitter:card\" content=\"summary_large_image\" \/>\n<meta name=\"twitter:title\" content=\"Avery Sporting Dog - Fagiano | Cacciatore fortunato\" \/>\n<meta name=\"twitter:description\" content=\"Addestra il tuo cane a recuperare gli uccelli abbattuti. I manichini da addestramento Avery Sporting Dog sono 2\/3 delle dimensioni di un vero uccello, per addestrare il tuo cane con sicurezza.\" \/>\n<meta name=\"twitter:label1\" content=\"Tempo di lettura stimato\" \/>\n\t<meta name=\"twitter:data1\" content=\"1 minuto\" \/>\n<script type=\"application\/ld+json\" class=\"yoast-schema-graph\">{\"@context\":\"https:\/\/schema.org\",\"@graph\":[{\"@type\":\"WebPage\",\"@id\":\"https:\/\/staging.lucky-hunter.com\/product\/avery-sporting-dog-mallard-2\/\",\"url\":\"https:\/\/staging.lucky-hunter.com\/product\/avery-sporting-dog-mallard-2\/\",\"name\":\"Avery Sporting Dog - Manichino da addestramento per germano reale | Cacciatore fortunato\",\"isPartOf\":{\"@id\":\"https:\/\/staging.lucky-hunter.com\/#website\"},\"primaryImageOfPage\":{\"@id\":\"https:\/\/staging.lucky-hunter.com\/product\/avery-sporting-dog-mallard-2\/#primaryimage\"},\"image\":{\"@id\":\"https:\/\/staging.lucky-hunter.com\/product\/avery-sporting-dog-mallard-2\/#primaryimage\"},\"thumbnailUrl\":\"https:\/\/staging.lucky-hunter.com\/wp-content\/uploads\/2017\/11\/JH-64-EZ-Mallard.png\",\"datePublished\":\"2017-08-31T15:26:12+00:00\",\"dateModified\":\"2023-02-28T10:18:16+00:00\",\"description\":\"Addestra il tuo cane a recuperare gli uccelli abbattuti. I manichini da addestramento Avery Sporting Dog sono 2\/3 delle dimensioni di un vero uccello, per addestrare il tuo cane con sicurezza.\",\"breadcrumb\":{\"@id\":\"https:\/\/staging.lucky-hunter.com\/product\/avery-sporting-dog-mallard-2\/#breadcrumb\"},\"inLanguage\":\"it-IT\",\"potentialAction\":[{\"@type\":\"ReadAction\",\"target\":[\"https:\/\/staging.lucky-hunter.com\/product\/avery-sporting-dog-mallard-2\/\"]}]},{\"@type\":\"ImageObject\",\"inLanguage\":\"it-IT\",\"@id\":\"https:\/\/staging.lucky-hunter.com\/product\/avery-sporting-dog-mallard-2\/#primaryimage\",\"url\":\"https:\/\/staging.lucky-hunter.com\/wp-content\/uploads\/2017\/11\/JH-64-EZ-Mallard.png\",\"contentUrl\":\"https:\/\/staging.lucky-hunter.com\/wp-content\/uploads\/2017\/11\/JH-64-EZ-Mallard.png\",\"width\":1000,\"height\":1000},{\"@type\":\"BreadcrumbList\",\"@id\":\"https:\/\/staging.lucky-hunter.com\/product\/avery-sporting-dog-mallard-2\/#breadcrumb\",\"itemListElement\":[{\"@type\":\"ListItem\",\"position\":1,\"name\":\"Home\",\"item\":\"https:\/\/staging.lucky-hunter.com\/it\/\"},{\"@type\":\"ListItem\",\"position\":2,\"name\":\"Negozio\",\"item\":\"https:\/\/staging.lucky-hunter.com\/it\/negozio\/\"},{\"@type\":\"ListItem\",\"position\":3,\"name\":\"Avery Sporting Dog &#8211; Uccello Germano Reale EZ\"}]},{\"@type\":\"WebSite\",\"@id\":\"https:\/\/staging.lucky-hunter.com\/#website\",\"url\":\"https:\/\/staging.lucky-hunter.com\/\",\"name\":\"Lucky-Hunter\",\"description\":\"Gear Up or Give Up\",\"potentialAction\":[{\"@type\":\"SearchAction\",\"target\":{\"@type\":\"EntryPoint\",\"urlTemplate\":\"https:\/\/staging.lucky-hunter.com\/?s={search_term_string}\"},\"query-input\":{\"@type\":\"PropertyValueSpecification\",\"valueRequired\":true,\"valueName\":\"search_term_string\"}}],\"inLanguage\":\"it-IT\"}]}<\/script>\n<!-- \/ Yoast SEO plugin. -->","yoast_head_json":{"title":"Avery Sporting Dog - Manichino da addestramento per germano reale | Cacciatore fortunato","description":"Addestra il tuo cane a recuperare gli uccelli abbattuti. I manichini da addestramento Avery Sporting Dog sono 2\/3 delle dimensioni di un vero uccello, per addestrare il tuo cane con sicurezza.","robots":{"index":"noindex","follow":"follow","max-snippet":"max-snippet:-1","max-image-preview":"max-image-preview:large","max-video-preview":"max-video-preview:-1"},"og_locale":"it_IT","og_type":"article","og_title":"Avery Sporting Dog - Manichino da addestramento per fagiani | Cacciatore fortunato","og_description":"Addestra il tuo cane a recuperare gli uccelli abbattuti. I manichini da addestramento Avery Sporting Dog sono 2\/3 delle dimensioni di un vero uccello, per addestrare il tuo cane con sicurezza.","og_url":"https:\/\/staging.lucky-hunter.com\/product\/avery-sporting-dog-mallard-2\/","og_site_name":"Lucky-Hunter","article_modified_time":"2023-02-28T10:18:16+00:00","og_image":[{"width":1000,"height":1000,"url":"https:\/\/staging.lucky-hunter.com\/wp-content\/uploads\/2017\/11\/JH-64-EZ-Mallard.png","type":"image\/png"}],"twitter_card":"summary_large_image","twitter_title":"Avery Sporting Dog - Fagiano | Cacciatore fortunato","twitter_description":"Addestra il tuo cane a recuperare gli uccelli abbattuti. I manichini da addestramento Avery Sporting Dog sono 2\/3 delle dimensioni di un vero uccello, per addestrare il tuo cane con sicurezza.","twitter_misc":{"Tempo di lettura stimato":"1 minuto"},"schema":{"@context":"https:\/\/schema.org","@graph":[{"@type":"WebPage","@id":"https:\/\/staging.lucky-hunter.com\/product\/avery-sporting-dog-mallard-2\/","url":"https:\/\/staging.lucky-hunter.com\/product\/avery-sporting-dog-mallard-2\/","name":"Avery Sporting Dog - Manichino da addestramento per germano reale | Cacciatore fortunato","isPartOf":{"@id":"https:\/\/staging.lucky-hunter.com\/#website"},"primaryImageOfPage":{"@id":"https:\/\/staging.lucky-hunter.com\/product\/avery-sporting-dog-mallard-2\/#primaryimage"},"image":{"@id":"https:\/\/staging.lucky-hunter.com\/product\/avery-sporting-dog-mallard-2\/#primaryimage"},"thumbnailUrl":"https:\/\/staging.lucky-hunter.com\/wp-content\/uploads\/2017\/11\/JH-64-EZ-Mallard.png","datePublished":"2017-08-31T15:26:12+00:00","dateModified":"2023-02-28T10:18:16+00:00","description":"Addestra il tuo cane a recuperare gli uccelli abbattuti. I manichini da addestramento Avery Sporting Dog sono 2\/3 delle dimensioni di un vero uccello, per addestrare il tuo cane con sicurezza.","breadcrumb":{"@id":"https:\/\/staging.lucky-hunter.com\/product\/avery-sporting-dog-mallard-2\/#breadcrumb"},"inLanguage":"it-IT","potentialAction":[{"@type":"ReadAction","target":["https:\/\/staging.lucky-hunter.com\/product\/avery-sporting-dog-mallard-2\/"]}]},{"@type":"ImageObject","inLanguage":"it-IT","@id":"https:\/\/staging.lucky-hunter.com\/product\/avery-sporting-dog-mallard-2\/#primaryimage","url":"https:\/\/staging.lucky-hunter.com\/wp-content\/uploads\/2017\/11\/JH-64-EZ-Mallard.png","contentUrl":"https:\/\/staging.lucky-hunter.com\/wp-content\/uploads\/2017\/11\/JH-64-EZ-Mallard.png","width":1000,"height":1000},{"@type":"BreadcrumbList","@id":"https:\/\/staging.lucky-hunter.com\/product\/avery-sporting-dog-mallard-2\/#breadcrumb","itemListElement":[{"@type":"ListItem","position":1,"name":"Home","item":"https:\/\/staging.lucky-hunter.com\/it\/"},{"@type":"ListItem","position":2,"name":"Negozio","item":"https:\/\/staging.lucky-hunter.com\/it\/negozio\/"},{"@type":"ListItem","position":3,"name":"Avery Sporting Dog &#8211; Uccello Germano Reale EZ"}]},{"@type":"WebSite","@id":"https:\/\/staging.lucky-hunter.com\/#website","url":"https:\/\/staging.lucky-hunter.com\/","name":"Lucky-Hunter","description":"Gear Up or Give Up","potentialAction":[{"@type":"SearchAction","target":{"@type":"EntryPoint","urlTemplate":"https:\/\/staging.lucky-hunter.com\/?s={search_term_string}"},"query-input":{"@type":"PropertyValueSpecification","valueRequired":true,"valueName":"search_term_string"}}],"inLanguage":"it-IT"}]}},"_links":{"self":[{"href":"https:\/\/staging.lucky-hunter.com\/it\/wp-json\/wp\/v2\/product\/55822"}],"collection":[{"href":"https:\/\/staging.lucky-hunter.com\/it\/wp-json\/wp\/v2\/product"}],"about":[{"href":"https:\/\/staging.lucky-hunter.com\/it\/wp-json\/wp\/v2\/types\/product"}],"wp:featuredmedia":[{"embeddable":true,"href":"https:\/\/staging.lucky-hunter.com\/it\/wp-json\/wp\/v2\/media\/33736"}],"wp:attachment":[{"href":"https:\/\/staging.lucky-hunter.com\/it\/wp-json\/wp\/v2\/media?parent=55822"}],"wp:term":[{"taxonomy":"product_brand","embeddable":true,"href":"https:\/\/staging.lucky-hunter.com\/it\/wp-json\/wp\/v2\/product_brand?post=55822"},{"taxonomy":"product_cat","embeddable":true,"href":"https:\/\/staging.lucky-hunter.com\/it\/wp-json\/wp\/v2\/product_cat?post=55822"},{"taxonomy":"product_tag","embeddable":true,"href":"https:\/\/staging.lucky-hunter.com\/it\/wp-json\/wp\/v2\/product_tag?post=55822"}],"curies":[{"name":"wp","href":"https:\/\/api.w.org\/{rel}","templated":true}]}}