{"id":67209,"date":"2016-12-07T15:22:26","date_gmt":"2016-12-07T14:22:26","guid":{"rendered":"https:\/\/staging.lucky-hunter.com\/marche\/"},"modified":"2024-01-24T15:35:57","modified_gmt":"2024-01-24T14:35:57","slug":"marche","status":"publish","type":"page","link":"https:\/\/staging.lucky-hunter.com\/it\/marche\/","title":{"rendered":"Marche"},"content":{"rendered":"\n<div class=\"row\"  id=\"row-91106011\">\n\n\n\t<div id=\"col-411327426\" class=\"col small-12 large-12\"  >\n\t\t\t\t<div class=\"col-inner\"  >\n\t\t\t\n\t\t\t\n\n<h5 style=\"text-align: center;\">\u00a0<\/h5>\r\n<h2 class=\"uppercase\" style=\"text-align: center;\">MARCHI CHE AMIAMO<\/h2>\r\n<p style=\"text-align: left;\">Qui da Lucky Hunter, puoi trovare tutti i pi\u00f9 grandi marchi di caccia e prodotti per molte diverse forme di caccia.<\/p>\r\n<p>Con pi\u00f9 di 10 anni di esperienza nella vendita di attrezzature da caccia per cacciatori appassionati, siamo spesso anche i primi sul mercato a introdurre nuovi prodotti. Questo ti d\u00e0 l&#8217;opportunit\u00e0 di mettere le mani sull&#8217;attrezzatura da caccia pi\u00f9 recente.<\/p>\n\n\t\t<\/div>\n\t\t\t\t\t<\/div>\n\n\t\n\n<\/div>\n<div class=\"row\"  id=\"row-877304984\">\n\n\n\t<div id=\"col-1650557577\" class=\"col medium-3 small-6 large-3\"  >\n\t\t\t\t<div class=\"col-inner\"  >\n\t\t\t\n\t\t\t\n\n\t<div class=\"img has-hover x md-x lg-x y md-y lg-y\" id=\"image_211726665\">\n\t\t<a class=\"\" href=\"https:\/\/staging.lucky-hunter.com\/it\/brand\/avery\/\" >\t\t\t\t\t\t<div class=\"img-inner dark\" >\n\t\t\t<img decoding=\"async\" width=\"600\" height=\"300\" src=\"https:\/\/staging.lucky-hunter.com\/wp-content\/uploads\/2021\/08\/Avery.png\" class=\"attachment-large size-large\" alt=\"\" srcset=\"https:\/\/staging.lucky-hunter.com\/wp-content\/uploads\/2021\/08\/Avery.png 600w, https:\/\/staging.lucky-hunter.com\/wp-content\/uploads\/2021\/08\/Avery-300x150.png 300w\" sizes=\"(max-width: 600px) 100vw, 600px\" \/>\t\t\t\t\t\t\n\t\t\t\t\t<\/div>\n\t\t\t\t\t\t<\/a>\t\t\n<style>\n#image_211726665 {\n  width: 100%;\n}\n<\/style>\n\t<\/div>\n\t\n\n\n\t\t<\/div>\n\t\t\t\t\t<\/div>\n\n\t\n\n\t<div id=\"col-327637812\" class=\"col medium-3 small-6 large-3\"  >\n\t\t\t\t<div class=\"col-inner\"  >\n\t\t\t\n\t\t\t\n\n\t<div class=\"img has-hover x md-x lg-x y md-y lg-y\" id=\"image_655152808\">\n\t\t<a class=\"\" href=\"https:\/\/staging.lucky-hunter.com\/it\/brand\/avian-x-it\/\" >\t\t\t\t\t\t<div class=\"img-inner dark\" >\n\t\t\t<img decoding=\"async\" width=\"600\" height=\"300\" src=\"https:\/\/staging.lucky-hunter.com\/wp-content\/uploads\/2021\/08\/AvianX.png\" class=\"attachment-large size-large\" alt=\"\" srcset=\"https:\/\/staging.lucky-hunter.com\/wp-content\/uploads\/2021\/08\/AvianX.png 600w, https:\/\/staging.lucky-hunter.com\/wp-content\/uploads\/2021\/08\/AvianX-300x150.png 300w\" sizes=\"(max-width: 600px) 100vw, 600px\" \/>\t\t\t\t\t\t\n\t\t\t\t\t<\/div>\n\t\t\t\t\t\t<\/a>\t\t\n<style>\n#image_655152808 {\n  width: 100%;\n}\n<\/style>\n\t<\/div>\n\t\n\n\n\t\t<\/div>\n\t\t\t\t\t<\/div>\n\n\t\n\n\t<div id=\"col-432130533\" class=\"col medium-3 small-6 large-3\"  >\n\t\t\t\t<div class=\"col-inner\"  >\n\t\t\t\n\t\t\t\n\n\t<div class=\"img has-hover x md-x lg-x y md-y lg-y\" id=\"image_198680675\">\n\t\t<a class=\"\" href=\"https:\/\/staging.lucky-hunter.com\/it\/brand\/banded-it\/\" >\t\t\t\t\t\t<div class=\"img-inner dark\" >\n\t\t\t<img decoding=\"async\" width=\"600\" height=\"300\" src=\"https:\/\/staging.lucky-hunter.com\/wp-content\/uploads\/2021\/08\/Banded.png\" class=\"attachment-large size-large\" alt=\"\" srcset=\"https:\/\/staging.lucky-hunter.com\/wp-content\/uploads\/2021\/08\/Banded.png 600w, https:\/\/staging.lucky-hunter.com\/wp-content\/uploads\/2021\/08\/Banded-300x150.png 300w\" sizes=\"(max-width: 600px) 100vw, 600px\" \/>\t\t\t\t\t\t\n\t\t\t\t\t<\/div>\n\t\t\t\t\t\t<\/a>\t\t\n<style>\n#image_198680675 {\n  width: 100%;\n}\n<\/style>\n\t<\/div>\n\t\n\n\n\t\t<\/div>\n\t\t\t\t\t<\/div>\n\n\t\n\n\t<div id=\"col-952616426\" class=\"col medium-3 small-6 large-3\"  >\n\t\t\t\t<div class=\"col-inner\"  >\n\t\t\t\n\t\t\t\n\n\t<div class=\"img has-hover x md-x lg-x y md-y lg-y\" id=\"image_1638019996\">\n\t\t<a class=\"\" href=\"https:\/\/staging.lucky-hunter.com\/brand\/beavertail\/\" >\t\t\t\t\t\t<div class=\"img-inner dark\" >\n\t\t\t<img decoding=\"async\" width=\"600\" height=\"300\" src=\"https:\/\/staging.lucky-hunter.com\/wp-content\/uploads\/2021\/08\/Beavertail.png\" class=\"attachment-large size-large\" alt=\"\" srcset=\"https:\/\/staging.lucky-hunter.com\/wp-content\/uploads\/2021\/08\/Beavertail.png 600w, https:\/\/staging.lucky-hunter.com\/wp-content\/uploads\/2021\/08\/Beavertail-300x150.png 300w\" sizes=\"(max-width: 600px) 100vw, 600px\" \/>\t\t\t\t\t\t\n\t\t\t\t\t<\/div>\n\t\t\t\t\t\t<\/a>\t\t\n<style>\n#image_1638019996 {\n  width: 100%;\n}\n<\/style>\n\t<\/div>\n\t\n\n\n\t\t<\/div>\n\t\t\t\t\t<\/div>\n\n\t\n\n<\/div>\n<div class=\"row\"  id=\"row-808259661\">\n\n\n\t<div id=\"col-42400748\" class=\"col medium-3 small-6 large-3\"  >\n\t\t\t\t<div class=\"col-inner\"  >\n\t\t\t\n\t\t\t\n\n\t<div class=\"img has-hover x md-x lg-x y md-y lg-y\" id=\"image_1305726667\">\n\t\t<a class=\"\" href=\"https:\/\/staging.lucky-hunter.com\/brand\/big-als-silhouette-decoys\/\" >\t\t\t\t\t\t<div class=\"img-inner dark\" >\n\t\t\t<img decoding=\"async\" width=\"600\" height=\"300\" src=\"https:\/\/staging.lucky-hunter.com\/wp-content\/uploads\/2021\/08\/Big-Als-Decoys.png\" class=\"attachment-large size-large\" alt=\"\" srcset=\"https:\/\/staging.lucky-hunter.com\/wp-content\/uploads\/2021\/08\/Big-Als-Decoys.png 600w, https:\/\/staging.lucky-hunter.com\/wp-content\/uploads\/2021\/08\/Big-Als-Decoys-300x150.png 300w\" sizes=\"(max-width: 600px) 100vw, 600px\" \/>\t\t\t\t\t\t\n\t\t\t\t\t<\/div>\n\t\t\t\t\t\t<\/a>\t\t\n<style>\n#image_1305726667 {\n  width: 100%;\n}\n<\/style>\n\t<\/div>\n\t\n\n\n\t\t<\/div>\n\t\t\t\t\t<\/div>\n\n\t\n\n\t<div id=\"col-1978613638\" class=\"col medium-3 small-6 large-3\"  >\n\t\t\t\t<div class=\"col-inner\"  >\n\t\t\t\n\t\t\t\n\n\t<div class=\"img has-hover x md-x lg-x y md-y lg-y\" id=\"image_321647265\">\n\t\t<a class=\"\" href=\"https:\/\/staging.lucky-hunter.com\/brand\/bolyguard\/\" >\t\t\t\t\t\t<div class=\"img-inner dark\" >\n\t\t\t<img decoding=\"async\" width=\"600\" height=\"300\" src=\"https:\/\/staging.lucky-hunter.com\/wp-content\/uploads\/2021\/08\/Bolyguard.png\" class=\"attachment-large size-large\" alt=\"\" srcset=\"https:\/\/staging.lucky-hunter.com\/wp-content\/uploads\/2021\/08\/Bolyguard.png 600w, https:\/\/staging.lucky-hunter.com\/wp-content\/uploads\/2021\/08\/Bolyguard-300x150.png 300w\" sizes=\"(max-width: 600px) 100vw, 600px\" \/>\t\t\t\t\t\t\n\t\t\t\t\t<\/div>\n\t\t\t\t\t\t<\/a>\t\t\n<style>\n#image_321647265 {\n  width: 100%;\n}\n<\/style>\n\t<\/div>\n\t\n\n\n\t\t<\/div>\n\t\t\t\t\t<\/div>\n\n\t\n\n\t<div id=\"col-1879110724\" class=\"col medium-3 small-6 large-3\"  >\n\t\t\t\t<div class=\"col-inner\"  >\n\t\t\t\n\t\t\t\n\n\t<div class=\"img has-hover x md-x lg-x y md-y lg-y\" id=\"image_2139916297\">\n\t\t<a class=\"\" href=\"https:\/\/staging.lucky-hunter.com\/brand\/dangate\/\" >\t\t\t\t\t\t<div class=\"img-inner dark\" >\n\t\t\t<img decoding=\"async\" width=\"600\" height=\"300\" src=\"https:\/\/staging.lucky-hunter.com\/wp-content\/uploads\/2021\/08\/Dangate.png\" class=\"attachment-large size-large\" alt=\"\" srcset=\"https:\/\/staging.lucky-hunter.com\/wp-content\/uploads\/2021\/08\/Dangate.png 600w, https:\/\/staging.lucky-hunter.com\/wp-content\/uploads\/2021\/08\/Dangate-300x150.png 300w\" sizes=\"(max-width: 600px) 100vw, 600px\" \/>\t\t\t\t\t\t\n\t\t\t\t\t<\/div>\n\t\t\t\t\t\t<\/a>\t\t\n<style>\n#image_2139916297 {\n  width: 100%;\n}\n<\/style>\n\t<\/div>\n\t\n\n\n\t\t<\/div>\n\t\t\t\t\t<\/div>\n\n\t\n\n\t<div id=\"col-204086332\" class=\"col medium-3 small-6 large-3\"  >\n\t\t\t\t<div class=\"col-inner\"  >\n\t\t\t\n\t\t\t\n\n\t<div class=\"img has-hover x md-x lg-x y md-y lg-y\" id=\"image_1722552671\">\n\t\t<a class=\"\" href=\"\/?product_brand=dan_thompson\" >\t\t\t\t\t\t<div class=\"img-inner dark\" >\n\t\t\t<img decoding=\"async\" width=\"600\" height=\"300\" src=\"https:\/\/staging.lucky-hunter.com\/wp-content\/uploads\/2021\/08\/Dan-Thompson.png\" class=\"attachment-large size-large\" alt=\"\" srcset=\"https:\/\/staging.lucky-hunter.com\/wp-content\/uploads\/2021\/08\/Dan-Thompson.png 600w, https:\/\/staging.lucky-hunter.com\/wp-content\/uploads\/2021\/08\/Dan-Thompson-300x150.png 300w\" sizes=\"(max-width: 600px) 100vw, 600px\" \/>\t\t\t\t\t\t\n\t\t\t\t\t<\/div>\n\t\t\t\t\t\t<\/a>\t\t\n<style>\n#image_1722552671 {\n  width: 100%;\n}\n<\/style>\n\t<\/div>\n\t\n\n\n\t\t<\/div>\n\t\t\t\t\t<\/div>\n\n\t\n\n<\/div>\n<div class=\"row\"  id=\"row-1215510273\">\n\n\n\t<div id=\"col-1645425898\" class=\"col medium-3 small-6 large-3\"  >\n\t\t\t\t<div class=\"col-inner\"  >\n\t\t\t\n\t\t\t\n\n\t<div class=\"img has-hover x md-x lg-x y md-y lg-y\" id=\"image_1698637808\">\n\t\t<a class=\"\" href=\"https:\/\/staging.lucky-hunter.com\/brand\/do-all-outdoors\/\" >\t\t\t\t\t\t<div class=\"img-inner dark\" >\n\t\t\t<img decoding=\"async\" width=\"600\" height=\"300\" src=\"https:\/\/staging.lucky-hunter.com\/wp-content\/uploads\/2021\/08\/DoAllOutdoors.png\" class=\"attachment-large size-large\" alt=\"\" srcset=\"https:\/\/staging.lucky-hunter.com\/wp-content\/uploads\/2021\/08\/DoAllOutdoors.png 600w, https:\/\/staging.lucky-hunter.com\/wp-content\/uploads\/2021\/08\/DoAllOutdoors-300x150.png 300w\" sizes=\"(max-width: 600px) 100vw, 600px\" \/>\t\t\t\t\t\t\n\t\t\t\t\t<\/div>\n\t\t\t\t\t\t<\/a>\t\t\n<style>\n#image_1698637808 {\n  width: 100%;\n}\n<\/style>\n\t<\/div>\n\t\n\n\n\t\t<\/div>\n\t\t\t\t\t<\/div>\n\n\t\n\n\t<div id=\"col-1765753806\" class=\"col medium-3 small-6 large-3\"  >\n\t\t\t\t<div class=\"col-inner\"  >\n\t\t\t\n\t\t\t\n\n\t<div class=\"img has-hover x md-x lg-x y md-y lg-y\" id=\"image_1171200566\">\n\t\t<a class=\"\" href=\"https:\/\/staging.lucky-hunter.com\/brand\/final-approach-waterfowl\/\" >\t\t\t\t\t\t<div class=\"img-inner dark\" >\n\t\t\t<img decoding=\"async\" width=\"600\" height=\"300\" src=\"https:\/\/staging.lucky-hunter.com\/wp-content\/uploads\/2021\/08\/Final-Approach.png\" class=\"attachment-large size-large\" alt=\"\" srcset=\"https:\/\/staging.lucky-hunter.com\/wp-content\/uploads\/2021\/08\/Final-Approach.png 600w, https:\/\/staging.lucky-hunter.com\/wp-content\/uploads\/2021\/08\/Final-Approach-300x150.png 300w\" sizes=\"(max-width: 600px) 100vw, 600px\" \/>\t\t\t\t\t\t\n\t\t\t\t\t<\/div>\n\t\t\t\t\t\t<\/a>\t\t\n<style>\n#image_1171200566 {\n  width: 100%;\n}\n<\/style>\n\t<\/div>\n\t\n\n\n\t\t<\/div>\n\t\t\t\t\t<\/div>\n\n\t\n\n\t<div id=\"col-1736468530\" class=\"col medium-3 small-6 large-3\"  >\n\t\t\t\t<div class=\"col-inner\"  >\n\t\t\t\n\t\t\t\n\n\t<div class=\"img has-hover x md-x lg-x y md-y lg-y\" id=\"image_1808853045\">\n\t\t<a class=\"\" href=\"\/?product_brand=ghg_greenhead_gear\" >\t\t\t\t\t\t<div class=\"img-inner dark\" >\n\t\t\t<img decoding=\"async\" width=\"600\" height=\"300\" src=\"https:\/\/staging.lucky-hunter.com\/wp-content\/uploads\/2021\/08\/GHG.png\" class=\"attachment-large size-large\" alt=\"\" srcset=\"https:\/\/staging.lucky-hunter.com\/wp-content\/uploads\/2021\/08\/GHG.png 600w, https:\/\/staging.lucky-hunter.com\/wp-content\/uploads\/2021\/08\/GHG-300x150.png 300w\" sizes=\"(max-width: 600px) 100vw, 600px\" \/>\t\t\t\t\t\t\n\t\t\t\t\t<\/div>\n\t\t\t\t\t\t<\/a>\t\t\n<style>\n#image_1808853045 {\n  width: 100%;\n}\n<\/style>\n\t<\/div>\n\t\n\n\n\t\t<\/div>\n\t\t\t\t\t<\/div>\n\n\t\n\n\t<div id=\"col-1644841252\" class=\"col medium-3 small-6 large-3\"  >\n\t\t\t\t<div class=\"col-inner\"  >\n\t\t\t\n\t\t\t\n\n\t<div class=\"img has-hover x md-x lg-x y md-y lg-y\" id=\"image_30680330\">\n\t\t<a class=\"\" href=\"https:\/\/staging.lucky-hunter.com\/brand\/haydels\/\" >\t\t\t\t\t\t<div class=\"img-inner dark\" >\n\t\t\t<img decoding=\"async\" width=\"600\" height=\"300\" src=\"https:\/\/staging.lucky-hunter.com\/wp-content\/uploads\/2021\/08\/Haydels.webp\" class=\"attachment-large size-large\" alt=\"\" srcset=\"https:\/\/staging.lucky-hunter.com\/wp-content\/uploads\/2021\/08\/Haydels.webp 600w, https:\/\/staging.lucky-hunter.com\/wp-content\/uploads\/2021\/08\/Haydels-300x150.webp 300w\" sizes=\"(max-width: 600px) 100vw, 600px\" \/>\t\t\t\t\t\t\n\t\t\t\t\t<\/div>\n\t\t\t\t\t\t<\/a>\t\t\n<style>\n#image_30680330 {\n  width: 100%;\n}\n<\/style>\n\t<\/div>\n\t\n\n\n\t\t<\/div>\n\t\t\t\t\t<\/div>\n\n\t\n\n<\/div>\n<div class=\"row\"  id=\"row-942862472\">\n\n\n\t<div id=\"col-1044743408\" class=\"col medium-3 small-6 large-3\"  >\n\t\t\t\t<div class=\"col-inner\"  >\n\t\t\t\n\t\t\t\n\n\t<div class=\"img has-hover x md-x lg-x y md-y lg-y\" id=\"image_1099448730\">\n\t\t<a class=\"\" href=\"\/?product_brand=lucky_duck\" >\t\t\t\t\t\t<div class=\"img-inner dark\" >\n\t\t\t<img decoding=\"async\" width=\"600\" height=\"300\" src=\"https:\/\/staging.lucky-hunter.com\/wp-content\/uploads\/2021\/08\/Lucky-Duck.png\" class=\"attachment-large size-large\" alt=\"\" srcset=\"https:\/\/staging.lucky-hunter.com\/wp-content\/uploads\/2021\/08\/Lucky-Duck.png 600w, https:\/\/staging.lucky-hunter.com\/wp-content\/uploads\/2021\/08\/Lucky-Duck-300x150.png 300w\" sizes=\"(max-width: 600px) 100vw, 600px\" \/>\t\t\t\t\t\t\n\t\t\t\t\t<\/div>\n\t\t\t\t\t\t<\/a>\t\t\n<style>\n#image_1099448730 {\n  width: 100%;\n}\n<\/style>\n\t<\/div>\n\t\n\n\n\t\t<\/div>\n\t\t\t\t\t<\/div>\n\n\t\n\n\t<div id=\"col-1022375934\" class=\"col medium-3 small-6 large-3\"  >\n\t\t\t\t<div class=\"col-inner\"  >\n\t\t\t\n\t\t\t\n\n\t<div class=\"img has-hover x md-x lg-x y md-y lg-y\" id=\"image_1883528618\">\n\t\t<a class=\"\" href=\"https:\/\/staging.lucky-hunter.com\/brand\/mojo\/\" >\t\t\t\t\t\t<div class=\"img-inner dark\" >\n\t\t\t<img decoding=\"async\" width=\"600\" height=\"300\" src=\"https:\/\/staging.lucky-hunter.com\/wp-content\/uploads\/2021\/08\/Mojo-Outdoors.png\" class=\"attachment-large size-large\" alt=\"\" srcset=\"https:\/\/staging.lucky-hunter.com\/wp-content\/uploads\/2021\/08\/Mojo-Outdoors.png 600w, https:\/\/staging.lucky-hunter.com\/wp-content\/uploads\/2021\/08\/Mojo-Outdoors-300x150.png 300w\" sizes=\"(max-width: 600px) 100vw, 600px\" \/>\t\t\t\t\t\t\n\t\t\t\t\t<\/div>\n\t\t\t\t\t\t<\/a>\t\t\n<style>\n#image_1883528618 {\n  width: 100%;\n}\n<\/style>\n\t<\/div>\n\t\n\n\n\t\t<\/div>\n\t\t\t\t\t<\/div>\n\n\t\n\n\t<div id=\"col-2052761210\" class=\"col medium-3 small-6 large-3\"  >\n\t\t\t\t<div class=\"col-inner\"  >\n\t\t\t\n\t\t\t\n\n\t<div class=\"img has-hover x md-x lg-x y md-y lg-y\" id=\"image_444333098\">\n\t\t<a class=\"\" href=\"\/?product_brand=rigem_right\" >\t\t\t\t\t\t<div class=\"img-inner dark\" >\n\t\t\t<img decoding=\"async\" width=\"600\" height=\"300\" src=\"https:\/\/staging.lucky-hunter.com\/wp-content\/uploads\/2021\/08\/Rig-Em-Right.png\" class=\"attachment-large size-large\" alt=\"\" srcset=\"https:\/\/staging.lucky-hunter.com\/wp-content\/uploads\/2021\/08\/Rig-Em-Right.png 600w, https:\/\/staging.lucky-hunter.com\/wp-content\/uploads\/2021\/08\/Rig-Em-Right-300x150.png 300w\" sizes=\"(max-width: 600px) 100vw, 600px\" \/>\t\t\t\t\t\t\n\t\t\t\t\t<\/div>\n\t\t\t\t\t\t<\/a>\t\t\n<style>\n#image_444333098 {\n  width: 100%;\n}\n<\/style>\n\t<\/div>\n\t\n\n\n\t\t<\/div>\n\t\t\t\t\t<\/div>\n\n\t\n\n\t<div id=\"col-1994408393\" class=\"col medium-3 small-6 large-3\"  >\n\t\t\t\t<div class=\"col-inner\"  >\n\t\t\t\n\t\t\t\n\n\t<div class=\"img has-hover x md-x lg-x y md-y lg-y\" id=\"image_540354307\">\n\t\t<a class=\"\" href=\"https:\/\/staging.lucky-hunter.com\/brand\/sillosocks\/\" >\t\t\t\t\t\t<div class=\"img-inner dark\" >\n\t\t\t<img decoding=\"async\" width=\"600\" height=\"300\" src=\"https:\/\/staging.lucky-hunter.com\/wp-content\/uploads\/2021\/08\/Sillosocks.png\" class=\"attachment-large size-large\" alt=\"\" srcset=\"https:\/\/staging.lucky-hunter.com\/wp-content\/uploads\/2021\/08\/Sillosocks.png 600w, https:\/\/staging.lucky-hunter.com\/wp-content\/uploads\/2021\/08\/Sillosocks-300x150.png 300w\" sizes=\"(max-width: 600px) 100vw, 600px\" \/>\t\t\t\t\t\t\n\t\t\t\t\t<\/div>\n\t\t\t\t\t\t<\/a>\t\t\n<style>\n#image_540354307 {\n  width: 100%;\n}\n<\/style>\n\t<\/div>\n\t\n\n\n\t\t<\/div>\n\t\t\t\t\t<\/div>\n\n\t\n\n<\/div>\n<div class=\"row\"  id=\"row-1216603684\">\n\n\n\t<div id=\"col-1990364917\" class=\"col medium-3 small-6 large-3\"  >\n\t\t\t\t<div class=\"col-inner\"  >\n\t\t\t\n\t\t\t\n\n\t<div class=\"img has-hover x md-x lg-x y md-y lg-y\" id=\"image_145720867\">\n\t\t<a class=\"\" href=\"https:\/\/staging.lucky-hunter.com\/brand\/spypoint\/\" >\t\t\t\t\t\t<div class=\"img-inner dark\" >\n\t\t\t<img decoding=\"async\" width=\"600\" height=\"300\" src=\"https:\/\/staging.lucky-hunter.com\/wp-content\/uploads\/2021\/08\/Spypoint.png\" class=\"attachment-large size-large\" alt=\"\" srcset=\"https:\/\/staging.lucky-hunter.com\/wp-content\/uploads\/2021\/08\/Spypoint.png 600w, https:\/\/staging.lucky-hunter.com\/wp-content\/uploads\/2021\/08\/Spypoint-300x150.png 300w\" sizes=\"(max-width: 600px) 100vw, 600px\" \/>\t\t\t\t\t\t\n\t\t\t\t\t<\/div>\n\t\t\t\t\t\t<\/a>\t\t\n<style>\n#image_145720867 {\n  width: 100%;\n}\n<\/style>\n\t<\/div>\n\t\n\n\n\t\t<\/div>\n\t\t\t\t\t<\/div>\n\n\t\n\n\t<div id=\"col-1567789195\" class=\"col medium-3 small-6 large-3\"  >\n\t\t\t\t<div class=\"col-inner\"  >\n\t\t\t\n\t\t\t\n\n\t<div class=\"img has-hover x md-x lg-x y md-y lg-y\" id=\"image_835403656\">\n\t\t<a class=\"\" href=\"\/?product_brand=zink_calls\" >\t\t\t\t\t\t<div class=\"img-inner dark\" >\n\t\t\t<img decoding=\"async\" width=\"600\" height=\"300\" src=\"https:\/\/staging.lucky-hunter.com\/wp-content\/uploads\/2021\/08\/Zink-Calls.png\" class=\"attachment-large size-large\" alt=\"\" srcset=\"https:\/\/staging.lucky-hunter.com\/wp-content\/uploads\/2021\/08\/Zink-Calls.png 600w, https:\/\/staging.lucky-hunter.com\/wp-content\/uploads\/2021\/08\/Zink-Calls-300x150.png 300w\" sizes=\"(max-width: 600px) 100vw, 600px\" \/>\t\t\t\t\t\t\n\t\t\t\t\t<\/div>\n\t\t\t\t\t\t<\/a>\t\t\n<style>\n#image_835403656 {\n  width: 100%;\n}\n<\/style>\n\t<\/div>\n\t\n\n\n\t\t<\/div>\n\t\t\t\t\t<\/div>\n\n\t\n\n\t<div id=\"col-257659871\" class=\"col medium-3 small-6 large-3\"  >\n\t\t\t\t<div class=\"col-inner\"  >\n\t\t\t\n\t\t\t\n\n\n\t\t<\/div>\n\t\t\t\t\t<\/div>\n\n\t\n\n\t<div id=\"col-1106030323\" class=\"col medium-3 small-6 large-3\"  >\n\t\t\t\t<div class=\"col-inner\"  >\n\t\t\t\n\t\t\t\n\n\n\t\t<\/div>\n\t\t\t\t\t<\/div>\n\n\t\n\n<\/div>\n\n","protected":false},"excerpt":{"rendered":"","protected":false},"author":1,"featured_media":0,"parent":0,"menu_order":0,"comment_status":"closed","ping_status":"closed","template":"page-blank.php","meta":{"footnotes":""},"yoast_head":"<!-- This site is optimized with the Yoast SEO plugin v24.3 - https:\/\/yoast.com\/wordpress\/plugins\/seo\/ -->\n<title>Marche - Lucky-Hunter<\/title>\n<meta name=\"robots\" content=\"noindex, follow, max-snippet:-1, max-image-preview:large, max-video-preview:-1\" \/>\n<meta property=\"og:locale\" content=\"it_IT\" \/>\n<meta property=\"og:type\" content=\"article\" \/>\n<meta property=\"og:title\" content=\"Marche - Lucky-Hunter\" \/>\n<meta property=\"og:url\" content=\"https:\/\/staging.lucky-hunter.com\/brands\/\" \/>\n<meta property=\"og:site_name\" content=\"Lucky-Hunter\" \/>\n<meta property=\"article:modified_time\" content=\"2024-01-24T14:35:57+00:00\" \/>\n<meta name=\"twitter:card\" content=\"summary_large_image\" \/>\n<meta name=\"twitter:label1\" content=\"Tempo di lettura stimato\" \/>\n\t<meta name=\"twitter:data1\" content=\"2 minuti\" \/>\n<script type=\"application\/ld+json\" class=\"yoast-schema-graph\">{\"@context\":\"https:\/\/schema.org\",\"@graph\":[{\"@type\":\"WebPage\",\"@id\":\"https:\/\/staging.lucky-hunter.com\/brands\/\",\"url\":\"https:\/\/staging.lucky-hunter.com\/brands\/\",\"name\":\"Marche - Lucky-Hunter\",\"isPartOf\":{\"@id\":\"https:\/\/staging.lucky-hunter.com\/#website\"},\"datePublished\":\"2016-12-07T14:22:26+00:00\",\"dateModified\":\"2024-01-24T14:35:57+00:00\",\"breadcrumb\":{\"@id\":\"https:\/\/staging.lucky-hunter.com\/brands\/#breadcrumb\"},\"inLanguage\":\"it-IT\",\"potentialAction\":[{\"@type\":\"ReadAction\",\"target\":[\"https:\/\/staging.lucky-hunter.com\/brands\/\"]}]},{\"@type\":\"BreadcrumbList\",\"@id\":\"https:\/\/staging.lucky-hunter.com\/brands\/#breadcrumb\",\"itemListElement\":[{\"@type\":\"ListItem\",\"position\":1,\"name\":\"Home\",\"item\":\"https:\/\/staging.lucky-hunter.com\/it\/\"},{\"@type\":\"ListItem\",\"position\":2,\"name\":\"Marche\"}]},{\"@type\":\"WebSite\",\"@id\":\"https:\/\/staging.lucky-hunter.com\/#website\",\"url\":\"https:\/\/staging.lucky-hunter.com\/\",\"name\":\"Lucky-Hunter\",\"description\":\"Gear Up or Give Up\",\"potentialAction\":[{\"@type\":\"SearchAction\",\"target\":{\"@type\":\"EntryPoint\",\"urlTemplate\":\"https:\/\/staging.lucky-hunter.com\/?s={search_term_string}\"},\"query-input\":{\"@type\":\"PropertyValueSpecification\",\"valueRequired\":true,\"valueName\":\"search_term_string\"}}],\"inLanguage\":\"it-IT\"}]}<\/script>\n<!-- \/ Yoast SEO plugin. -->","yoast_head_json":{"title":"Marche - Lucky-Hunter","robots":{"index":"noindex","follow":"follow","max-snippet":"max-snippet:-1","max-image-preview":"max-image-preview:large","max-video-preview":"max-video-preview:-1"},"og_locale":"it_IT","og_type":"article","og_title":"Marche - Lucky-Hunter","og_url":"https:\/\/staging.lucky-hunter.com\/brands\/","og_site_name":"Lucky-Hunter","article_modified_time":"2024-01-24T14:35:57+00:00","twitter_card":"summary_large_image","twitter_misc":{"Tempo di lettura stimato":"2 minuti"},"schema":{"@context":"https:\/\/schema.org","@graph":[{"@type":"WebPage","@id":"https:\/\/staging.lucky-hunter.com\/brands\/","url":"https:\/\/staging.lucky-hunter.com\/brands\/","name":"Marche - Lucky-Hunter","isPartOf":{"@id":"https:\/\/staging.lucky-hunter.com\/#website"},"datePublished":"2016-12-07T14:22:26+00:00","dateModified":"2024-01-24T14:35:57+00:00","breadcrumb":{"@id":"https:\/\/staging.lucky-hunter.com\/brands\/#breadcrumb"},"inLanguage":"it-IT","potentialAction":[{"@type":"ReadAction","target":["https:\/\/staging.lucky-hunter.com\/brands\/"]}]},{"@type":"BreadcrumbList","@id":"https:\/\/staging.lucky-hunter.com\/brands\/#breadcrumb","itemListElement":[{"@type":"ListItem","position":1,"name":"Home","item":"https:\/\/staging.lucky-hunter.com\/it\/"},{"@type":"ListItem","position":2,"name":"Marche"}]},{"@type":"WebSite","@id":"https:\/\/staging.lucky-hunter.com\/#website","url":"https:\/\/staging.lucky-hunter.com\/","name":"Lucky-Hunter","description":"Gear Up or Give Up","potentialAction":[{"@type":"SearchAction","target":{"@type":"EntryPoint","urlTemplate":"https:\/\/staging.lucky-hunter.com\/?s={search_term_string}"},"query-input":{"@type":"PropertyValueSpecification","valueRequired":true,"valueName":"search_term_string"}}],"inLanguage":"it-IT"}]}},"_links":{"self":[{"href":"https:\/\/staging.lucky-hunter.com\/it\/wp-json\/wp\/v2\/pages\/67209"}],"collection":[{"href":"https:\/\/staging.lucky-hunter.com\/it\/wp-json\/wp\/v2\/pages"}],"about":[{"href":"https:\/\/staging.lucky-hunter.com\/it\/wp-json\/wp\/v2\/types\/page"}],"author":[{"embeddable":true,"href":"https:\/\/staging.lucky-hunter.com\/it\/wp-json\/wp\/v2\/users\/1"}],"replies":[{"embeddable":true,"href":"https:\/\/staging.lucky-hunter.com\/it\/wp-json\/wp\/v2\/comments?post=67209"}],"version-history":[{"count":1,"href":"https:\/\/staging.lucky-hunter.com\/it\/wp-json\/wp\/v2\/pages\/67209\/revisions"}],"predecessor-version":[{"id":67210,"href":"https:\/\/staging.lucky-hunter.com\/it\/wp-json\/wp\/v2\/pages\/67209\/revisions\/67210"}],"wp:attachment":[{"href":"https:\/\/staging.lucky-hunter.com\/it\/wp-json\/wp\/v2\/media?parent=67209"}],"curies":[{"name":"wp","href":"https:\/\/api.w.org\/{rel}","templated":true}]}}