{"id":65055,"date":"2023-11-08T12:22:20","date_gmt":"2023-11-08T11:22:20","guid":{"rendered":"https:\/\/staging.lucky-hunter.com\/spedizioni-compensate-per-il-clima\/"},"modified":"2023-11-21T15:48:33","modified_gmt":"2023-11-21T14:48:33","slug":"spedizioni-compensate-per-il-clima","status":"publish","type":"page","link":"https:\/\/staging.lucky-hunter.com\/it\/spedizioni-compensate-per-il-clima\/","title":{"rendered":"Spedizioni-compensate-per-il-clima"},"content":{"rendered":"\n<div class=\"row\"  id=\"row-1654898514\">\n\n\n\t<div id=\"col-605781598\" class=\"col medium-1 small-12 large-1\"  >\n\t\t\t\t<div class=\"col-inner\"  >\n\t\t\t\n\t\t\t\n\n\n\t\t<\/div>\n\t\t\t\t\t<\/div>\n\n\t\n\n\t<div id=\"col-475164290\" class=\"col medium-10 small-12 large-10\"  >\n\t\t\t\t<div class=\"col-inner\"  >\n\t\t\t\n\t\t\t\n\n<div class=\"text-center\"><div class=\"is-divider divider clearfix\" style=\"background-color:rgb(230, 230, 240);\"><\/div><\/div>\r\n\r\n\r\n\r\n<div style=\"text-align: justify;\">\r\n<h1 style=\"text-align: center;\">Spedizioni compensate per il clima<\/h1>\r\n<p style=\"text-align: center;\"><strong>Lucky Hunter d\u00e0 priorit\u00e0 alla consegna compensata per il clima e all&#8217;imballaggio sostenibile<\/strong><\/p>\r\n<p>Quando acquisti la tua attrezzatura da caccia da Lucky Hunter, ottieni una consegna compensata per il clima come standard <strong>senza alcun costo aggiuntivo<\/strong>, rendendo facile per te come cliente sostenere iniziative volte a ridurre la nostra impronta climatica. Ci assicuriamo che i nostri partner nel settore del trasporto e della logistica siano impegnati a ridurre le emissioni di CO2 e offrano di compensare il clima per il trasporto che forniscono.<\/p>\r\n<p>La compensazione climatica non \u00e8 la soluzione ideale, ma finch\u00e9 la tecnologia e l&#8217;infrastruttura attuali non possono ridurre completamente le emissioni di CO2 fin dall&#8217;inizio, \u00e8 una delle migliori opzioni nel settore dei trasporti per compensare l&#8217;impronta di CO2. Puoi leggere di pi\u00f9 sull&#8217;impegno dei diversi corrieri per il clima qui sotto:<\/p>\r\n<ul>\r\n<li><a href=\"https:\/\/gls-group.com\/DK\/en\/about-gls\/sustainability\/additional-initiatives\/\">GLS<\/a><\/li>\r\n<li><a href=\"https:\/\/www.dsv.com\/en-gb\/sustainability-esg\">DSV<\/a><\/li>\r\n<\/ul>\r\n<p>Da molti anni, Lucky Hunter accetta scatole di cartone e materiali di imballaggio dai commercianti della citt\u00e0 o dai cittadini che passano a lasciare i loro imballaggi usati. Li riutilizziamo per le nostre spedizioni, riducendo cos\u00ec notevolmente la necessit\u00e0 di acquistare nuovi materiali di imballaggio. Se a volte ti chiedi perch\u00e9 il tuo pacco da Lucky Hunter \u00e8 consegnato in una scatola di articoli per parrucchieri o bottiglie di vino, allora hai ricevuto un pacco con un&#8217;impronta climatica ridotta. Dopotutto, \u00e8 solo una scatola che dovrebbe trasportare i tuoi beni ordinati in modo sicuro dal nostro magazzino a te!<\/p>\r\n<p>Se hai una telecamera per la caccia o stai considerando di acquistarne una, abbiamo modelli alimentati da batterie ricaricabili o powerbank e pannelli solari accompagnatori, che sostituiscono la necessit\u00e0 di un gran numero di batterie che devono essere smaltite dopo l&#8217;uso.<\/p>\r\n<p>Lucky Hunter tratta prodotti di qualit\u00e0 che possono resistere all&#8217;uso anno dopo anno. Un equipaggiamento da caccia durevole non \u00e8 solo pi\u00f9 piacevole durante la caccia, ma meno rifiuti riducono anche lo stress sul nostro clima.<\/p>\r\n<\/div>\r\n\n\n\t\t<\/div>\n\t\t\t\t\t<\/div>\n\n\t\n\n\t<div id=\"col-36056612\" class=\"col medium-1 small-12 large-1\"  >\n\t\t\t\t<div class=\"col-inner\"  >\n\t\t\t\n\t\t\t\n\n\n\t\t<\/div>\n\t\t\t\t\t<\/div>\n\n\t\n\n<\/div>\n\n","protected":false},"excerpt":{"rendered":"","protected":false},"author":17864,"featured_media":0,"parent":0,"menu_order":0,"comment_status":"closed","ping_status":"closed","template":"","meta":{"footnotes":""},"yoast_head":"<!-- This site is optimized with the Yoast SEO plugin v24.3 - https:\/\/yoast.com\/wordpress\/plugins\/seo\/ -->\n<title>Spedizioni-compensate-per-il-clima - Lucky-Hunter<\/title>\n<meta name=\"robots\" content=\"noindex, follow, max-snippet:-1, max-image-preview:large, max-video-preview:-1\" \/>\n<meta property=\"og:locale\" content=\"it_IT\" \/>\n<meta property=\"og:type\" content=\"article\" \/>\n<meta property=\"og:title\" content=\"Spedizioni-compensate-per-il-clima - Lucky-Hunter\" \/>\n<meta property=\"og:url\" content=\"https:\/\/staging.lucky-hunter.com\/it\/spedizioni-compensate-per-il-clima\/\" \/>\n<meta property=\"og:site_name\" content=\"Lucky-Hunter\" \/>\n<meta property=\"article:modified_time\" content=\"2023-11-21T14:48:33+00:00\" \/>\n<meta name=\"twitter:card\" content=\"summary_large_image\" \/>\n<meta name=\"twitter:label1\" content=\"Tempo di lettura stimato\" \/>\n\t<meta name=\"twitter:data1\" content=\"2 minuti\" \/>\n<script type=\"application\/ld+json\" class=\"yoast-schema-graph\">{\"@context\":\"https:\/\/schema.org\",\"@graph\":[{\"@type\":\"WebPage\",\"@id\":\"https:\/\/staging.lucky-hunter.com\/it\/spedizioni-compensate-per-il-clima\/\",\"url\":\"https:\/\/staging.lucky-hunter.com\/it\/spedizioni-compensate-per-il-clima\/\",\"name\":\"Spedizioni-compensate-per-il-clima - Lucky-Hunter\",\"isPartOf\":{\"@id\":\"https:\/\/staging.lucky-hunter.com\/#website\"},\"datePublished\":\"2023-11-08T11:22:20+00:00\",\"dateModified\":\"2023-11-21T14:48:33+00:00\",\"breadcrumb\":{\"@id\":\"https:\/\/staging.lucky-hunter.com\/it\/spedizioni-compensate-per-il-clima\/#breadcrumb\"},\"inLanguage\":\"it-IT\",\"potentialAction\":[{\"@type\":\"ReadAction\",\"target\":[\"https:\/\/staging.lucky-hunter.com\/it\/spedizioni-compensate-per-il-clima\/\"]}]},{\"@type\":\"BreadcrumbList\",\"@id\":\"https:\/\/staging.lucky-hunter.com\/it\/spedizioni-compensate-per-il-clima\/#breadcrumb\",\"itemListElement\":[{\"@type\":\"ListItem\",\"position\":1,\"name\":\"Home\",\"item\":\"https:\/\/staging.lucky-hunter.com\/it\/\"},{\"@type\":\"ListItem\",\"position\":2,\"name\":\"Spedizioni-compensate-per-il-clima\"}]},{\"@type\":\"WebSite\",\"@id\":\"https:\/\/staging.lucky-hunter.com\/#website\",\"url\":\"https:\/\/staging.lucky-hunter.com\/\",\"name\":\"Lucky-Hunter\",\"description\":\"Gear Up or Give Up\",\"potentialAction\":[{\"@type\":\"SearchAction\",\"target\":{\"@type\":\"EntryPoint\",\"urlTemplate\":\"https:\/\/staging.lucky-hunter.com\/?s={search_term_string}\"},\"query-input\":{\"@type\":\"PropertyValueSpecification\",\"valueRequired\":true,\"valueName\":\"search_term_string\"}}],\"inLanguage\":\"it-IT\"}]}<\/script>\n<!-- \/ Yoast SEO plugin. -->","yoast_head_json":{"title":"Spedizioni-compensate-per-il-clima - Lucky-Hunter","robots":{"index":"noindex","follow":"follow","max-snippet":"max-snippet:-1","max-image-preview":"max-image-preview:large","max-video-preview":"max-video-preview:-1"},"og_locale":"it_IT","og_type":"article","og_title":"Spedizioni-compensate-per-il-clima - Lucky-Hunter","og_url":"https:\/\/staging.lucky-hunter.com\/it\/spedizioni-compensate-per-il-clima\/","og_site_name":"Lucky-Hunter","article_modified_time":"2023-11-21T14:48:33+00:00","twitter_card":"summary_large_image","twitter_misc":{"Tempo di lettura stimato":"2 minuti"},"schema":{"@context":"https:\/\/schema.org","@graph":[{"@type":"WebPage","@id":"https:\/\/staging.lucky-hunter.com\/it\/spedizioni-compensate-per-il-clima\/","url":"https:\/\/staging.lucky-hunter.com\/it\/spedizioni-compensate-per-il-clima\/","name":"Spedizioni-compensate-per-il-clima - Lucky-Hunter","isPartOf":{"@id":"https:\/\/staging.lucky-hunter.com\/#website"},"datePublished":"2023-11-08T11:22:20+00:00","dateModified":"2023-11-21T14:48:33+00:00","breadcrumb":{"@id":"https:\/\/staging.lucky-hunter.com\/it\/spedizioni-compensate-per-il-clima\/#breadcrumb"},"inLanguage":"it-IT","potentialAction":[{"@type":"ReadAction","target":["https:\/\/staging.lucky-hunter.com\/it\/spedizioni-compensate-per-il-clima\/"]}]},{"@type":"BreadcrumbList","@id":"https:\/\/staging.lucky-hunter.com\/it\/spedizioni-compensate-per-il-clima\/#breadcrumb","itemListElement":[{"@type":"ListItem","position":1,"name":"Home","item":"https:\/\/staging.lucky-hunter.com\/it\/"},{"@type":"ListItem","position":2,"name":"Spedizioni-compensate-per-il-clima"}]},{"@type":"WebSite","@id":"https:\/\/staging.lucky-hunter.com\/#website","url":"https:\/\/staging.lucky-hunter.com\/","name":"Lucky-Hunter","description":"Gear Up or Give Up","potentialAction":[{"@type":"SearchAction","target":{"@type":"EntryPoint","urlTemplate":"https:\/\/staging.lucky-hunter.com\/?s={search_term_string}"},"query-input":{"@type":"PropertyValueSpecification","valueRequired":true,"valueName":"search_term_string"}}],"inLanguage":"it-IT"}]}},"_links":{"self":[{"href":"https:\/\/staging.lucky-hunter.com\/it\/wp-json\/wp\/v2\/pages\/65055"}],"collection":[{"href":"https:\/\/staging.lucky-hunter.com\/it\/wp-json\/wp\/v2\/pages"}],"about":[{"href":"https:\/\/staging.lucky-hunter.com\/it\/wp-json\/wp\/v2\/types\/page"}],"author":[{"embeddable":true,"href":"https:\/\/staging.lucky-hunter.com\/it\/wp-json\/wp\/v2\/users\/17864"}],"replies":[{"embeddable":true,"href":"https:\/\/staging.lucky-hunter.com\/it\/wp-json\/wp\/v2\/comments?post=65055"}],"version-history":[{"count":1,"href":"https:\/\/staging.lucky-hunter.com\/it\/wp-json\/wp\/v2\/pages\/65055\/revisions"}],"predecessor-version":[{"id":65056,"href":"https:\/\/staging.lucky-hunter.com\/it\/wp-json\/wp\/v2\/pages\/65055\/revisions\/65056"}],"wp:attachment":[{"href":"https:\/\/staging.lucky-hunter.com\/it\/wp-json\/wp\/v2\/media?parent=65055"}],"curies":[{"name":"wp","href":"https:\/\/api.w.org\/{rel}","templated":true}]}}