{"id":907543,"date":"2025-06-03T12:11:53","date_gmt":"2025-06-03T10:11:53","guid":{"rendered":"https:\/\/staging.lucky-hunter.com\/?post_type=product&#038;p=907543"},"modified":"2025-10-02T01:29:14","modified_gmt":"2025-10-01T23:29:14","slug":"spypoint-flex-dark-inkl-32-gb-sd-card","status":"publish","type":"product","link":"https:\/\/staging.lucky-hunter.com\/hu\/product\/spypoint-flex-dark-inkl-32-gb-sd-card\/","title":{"rendered":"Spypoint FLEX-DARK inkl 32 GB SD-Card"},"content":{"rendered":"<p><iframe title=\"The SPYPOINT FLEX-DARK\" width=\"1020\" height=\"574\" src=\"https:\/\/www.youtube.com\/embed\/Otxy6U4mZd8?wmode=transparent&amp;rel=0&amp;feature=oembed&#038;enablejsapi=1&#038;origin=https:\/\/staging.lucky-hunter.com\" frameborder=\"0\" allow=\"accelerometer; autoplay; clipboard-write; encrypted-media; gyroscope; picture-in-picture; web-share\" referrerpolicy=\"strict-origin-when-cross-origin\" allowfullscreen><\/iframe><\/p>\n<h2><strong>SPYPOINT FLEX-DARK &#8211; your undercover eyes and ears in the field<\/strong><\/h2>\n<div>The new Spypoint FLEX-DARK is a further development of the FLEX series with a number of improvements, including antenna, recording speed, range, IR light, video resolution, etc.<\/div>\n<div><\/div>\n<div>It is possible to choose image recording with invisible black LEDs or get more range on the images with visible Low Glow LEDs &#8211; you can easily change the choice in the Spypoint App.<\/div>\n<div><\/div>\n<div>Images are recorded in 40 megapixel quality and have the latest wireless technology. Among other things, the camera automatically configures its settings to the exact conditions at the time the image is recorded, so that the very best quality is sent to you.<\/div>\n<div><\/div>\n<div>FLEX-DARK offers a new flexible antenna with non-slip brass fittings that cannot break or slip. The closure has been improved and reinforced, so that the FLEX-DARK transmission function always works even in harsh weather conditions.<\/div>\n<div><\/div>\n<div>The included SIM card must be activated and then you must choose the SIM card package that suits your needs: https:\/\/www.spypoint.com\/en\/spypoint-experience\/plans<\/div>\n<div><\/div>\n<div>Note \u2013 You cannot use SIM cards from other telecom providers in this camera, because Spypoint facilitates everything including your Spypoint account (webapp.spypoint.com), camera settings and photos via a FREE App.<\/div>\n<div><\/div>\n<div>In the App you can easily communicate with the camera and change settings, view photos, see if the camera has been moved, see temperature, etc.<\/div>\n<div><\/div>\n<div><strong>Specifications:<\/strong><\/div>\n<div><\/div>\n<div>40 megapixels<\/div>\n<div>2&#8243; screen<\/div>\n<div>Infrared boost technology that maximizes night lighting<\/div>\n<div>Color on day images and black\/white night images<\/div>\n<div>Date, time, moon phase and temperature on all images<\/div>\n<div>Time-Lapse (interval recording)<\/div>\n<div>Multi shot (up to 3 images per recording)<\/div>\n<div>Sensor range up to 30 meters<\/div>\n<div>Ultra-fast recording speed 0.3 seconds<\/div>\n<div>Video recording 1080p<\/div>\n<div>Audio on video recording<\/div>\n<div>Black-Flash LED (invisible) or Low-Glow LED (longer range) &#8211; easy to switch via app<\/div>\n<div>Fast LTE transmission of images<\/div>\n<div>Free App<\/div>\n<div>Images are available in the App for 30 days<\/div>\n<div>32 GB Micro SD card included in the package<\/div>\n<div>Powered by 8 AA batteries in a good quality<\/div>\n<div>Spypoint rechargeable lithium battery LIT-22 can be used (not included)<\/div>\n<div>Spypoint 12 volt solar panel can be used<\/div>\n<div>Sensor range up to 30 meters<\/div>\n<div>5 sensor zones<\/div>\n<div>Automatic IR light adjustment<\/div>\n<div>Compact size<\/div>\n<div><\/div>\n<div>You can register your SPYPOINT cameras either via the APP on your phone or on your computer under https:\/\/www.myspypoint.com\/<\/div>\n","protected":false},"excerpt":{"rendered":"<p>Spypoint FLEX-DARK is a further development of the FLEX series with a number of improvements, including antenna, recording speed, range, IR light etc.<\/p>\n","protected":false},"featured_media":907551,"template":"","meta":[],"product_brand":[9576],"product_cat":[8488],"product_tag":[],"yoast_head":"<!-- This site is optimized with the Yoast SEO plugin v24.3 - https:\/\/yoast.com\/wordpress\/plugins\/seo\/ -->\n<title>Spypoint FLEX-DARK inkl 32 GB SD-Card - Lucky-Hunter<\/title>\n<meta name=\"description\" content=\"Spypoint FLEX-DARK is a further development of the FLEX series with a number of improvements, including antenna, recording speed, range, IR light etc.\" \/>\n<meta name=\"robots\" content=\"noindex, follow, max-snippet:-1, max-image-preview:large, max-video-preview:-1\" \/>\n<meta property=\"og:locale\" content=\"hu_HU\" \/>\n<meta property=\"og:type\" content=\"article\" \/>\n<meta property=\"og:title\" content=\"Spypoint FLEX-DARK inkl 32 GB SD-Card - Lucky-Hunter\" \/>\n<meta property=\"og:description\" content=\"Spypoint FLEX-DARK is a further development of the FLEX series with a number of improvements, including antenna, recording speed, range, IR light etc.\" \/>\n<meta property=\"og:url\" content=\"https:\/\/staging.lucky-hunter.com\/product\/spypoint-flex-dark-inkl-32-gb-sd-card\/\" \/>\n<meta property=\"og:site_name\" content=\"Lucky-Hunter\" \/>\n<meta property=\"article:modified_time\" content=\"2025-10-01T23:29:14+00:00\" \/>\n<meta property=\"og:image\" content=\"https:\/\/staging.lucky-hunter.com\/wp-content\/uploads\/2025\/06\/680621-removebg.png\" \/>\n\t<meta property=\"og:image:width\" content=\"1200\" \/>\n\t<meta property=\"og:image:height\" content=\"1200\" \/>\n\t<meta property=\"og:image:type\" content=\"image\/png\" \/>\n<meta name=\"twitter:card\" content=\"summary_large_image\" \/>\n<meta name=\"twitter:label1\" content=\"Becs\u00fclt olvas\u00e1si id\u0151\" \/>\n\t<meta name=\"twitter:data1\" content=\"2 perc\" \/>\n<script type=\"application\/ld+json\" class=\"yoast-schema-graph\">{\"@context\":\"https:\/\/schema.org\",\"@graph\":[{\"@type\":\"WebPage\",\"@id\":\"https:\/\/staging.lucky-hunter.com\/product\/spypoint-flex-dark-inkl-32-gb-sd-card\/\",\"url\":\"https:\/\/staging.lucky-hunter.com\/product\/spypoint-flex-dark-inkl-32-gb-sd-card\/\",\"name\":\"Spypoint FLEX-DARK inkl 32 GB SD-Card - Lucky-Hunter\",\"isPartOf\":{\"@id\":\"https:\/\/staging.lucky-hunter.com\/#website\"},\"primaryImageOfPage\":{\"@id\":\"https:\/\/staging.lucky-hunter.com\/product\/spypoint-flex-dark-inkl-32-gb-sd-card\/#primaryimage\"},\"image\":{\"@id\":\"https:\/\/staging.lucky-hunter.com\/product\/spypoint-flex-dark-inkl-32-gb-sd-card\/#primaryimage\"},\"thumbnailUrl\":\"https:\/\/staging.lucky-hunter.com\/wp-content\/uploads\/2025\/06\/680621-removebg.png\",\"datePublished\":\"2025-06-03T10:11:53+00:00\",\"dateModified\":\"2025-10-01T23:29:14+00:00\",\"description\":\"Spypoint FLEX-DARK is a further development of the FLEX series with a number of improvements, including antenna, recording speed, range, IR light etc.\",\"breadcrumb\":{\"@id\":\"https:\/\/staging.lucky-hunter.com\/product\/spypoint-flex-dark-inkl-32-gb-sd-card\/#breadcrumb\"},\"inLanguage\":\"hu\",\"potentialAction\":[{\"@type\":\"ReadAction\",\"target\":[\"https:\/\/staging.lucky-hunter.com\/product\/spypoint-flex-dark-inkl-32-gb-sd-card\/\"]}]},{\"@type\":\"ImageObject\",\"inLanguage\":\"hu\",\"@id\":\"https:\/\/staging.lucky-hunter.com\/product\/spypoint-flex-dark-inkl-32-gb-sd-card\/#primaryimage\",\"url\":\"https:\/\/staging.lucky-hunter.com\/wp-content\/uploads\/2025\/06\/680621-removebg.png\",\"contentUrl\":\"https:\/\/staging.lucky-hunter.com\/wp-content\/uploads\/2025\/06\/680621-removebg.png\",\"width\":1200,\"height\":1200},{\"@type\":\"BreadcrumbList\",\"@id\":\"https:\/\/staging.lucky-hunter.com\/product\/spypoint-flex-dark-inkl-32-gb-sd-card\/#breadcrumb\",\"itemListElement\":[{\"@type\":\"ListItem\",\"position\":1,\"name\":\"Home\",\"item\":\"https:\/\/staging.lucky-hunter.com\/hu\/\"},{\"@type\":\"ListItem\",\"position\":2,\"name\":\"Shop\",\"item\":\"https:\/\/staging.lucky-hunter.com\/hu\/shop\/\"},{\"@type\":\"ListItem\",\"position\":3,\"name\":\"Spypoint FLEX-DARK inkl 32 GB SD-Card\"}]},{\"@type\":\"WebSite\",\"@id\":\"https:\/\/staging.lucky-hunter.com\/#website\",\"url\":\"https:\/\/staging.lucky-hunter.com\/\",\"name\":\"Lucky-Hunter\",\"description\":\"Gear Up or Give Up\",\"potentialAction\":[{\"@type\":\"SearchAction\",\"target\":{\"@type\":\"EntryPoint\",\"urlTemplate\":\"https:\/\/staging.lucky-hunter.com\/?s={search_term_string}\"},\"query-input\":{\"@type\":\"PropertyValueSpecification\",\"valueRequired\":true,\"valueName\":\"search_term_string\"}}],\"inLanguage\":\"hu\"}]}<\/script>\n<!-- \/ Yoast SEO plugin. -->","yoast_head_json":{"title":"Spypoint FLEX-DARK inkl 32 GB SD-Card - Lucky-Hunter","description":"Spypoint FLEX-DARK is a further development of the FLEX series with a number of improvements, including antenna, recording speed, range, IR light etc.","robots":{"index":"noindex","follow":"follow","max-snippet":"max-snippet:-1","max-image-preview":"max-image-preview:large","max-video-preview":"max-video-preview:-1"},"og_locale":"hu_HU","og_type":"article","og_title":"Spypoint FLEX-DARK inkl 32 GB SD-Card - Lucky-Hunter","og_description":"Spypoint FLEX-DARK is a further development of the FLEX series with a number of improvements, including antenna, recording speed, range, IR light etc.","og_url":"https:\/\/staging.lucky-hunter.com\/product\/spypoint-flex-dark-inkl-32-gb-sd-card\/","og_site_name":"Lucky-Hunter","article_modified_time":"2025-10-01T23:29:14+00:00","og_image":[{"width":1200,"height":1200,"url":"https:\/\/staging.lucky-hunter.com\/wp-content\/uploads\/2025\/06\/680621-removebg.png","type":"image\/png"}],"twitter_card":"summary_large_image","twitter_misc":{"Becs\u00fclt olvas\u00e1si id\u0151":"2 perc"},"schema":{"@context":"https:\/\/schema.org","@graph":[{"@type":"WebPage","@id":"https:\/\/staging.lucky-hunter.com\/product\/spypoint-flex-dark-inkl-32-gb-sd-card\/","url":"https:\/\/staging.lucky-hunter.com\/product\/spypoint-flex-dark-inkl-32-gb-sd-card\/","name":"Spypoint FLEX-DARK inkl 32 GB SD-Card - Lucky-Hunter","isPartOf":{"@id":"https:\/\/staging.lucky-hunter.com\/#website"},"primaryImageOfPage":{"@id":"https:\/\/staging.lucky-hunter.com\/product\/spypoint-flex-dark-inkl-32-gb-sd-card\/#primaryimage"},"image":{"@id":"https:\/\/staging.lucky-hunter.com\/product\/spypoint-flex-dark-inkl-32-gb-sd-card\/#primaryimage"},"thumbnailUrl":"https:\/\/staging.lucky-hunter.com\/wp-content\/uploads\/2025\/06\/680621-removebg.png","datePublished":"2025-06-03T10:11:53+00:00","dateModified":"2025-10-01T23:29:14+00:00","description":"Spypoint FLEX-DARK is a further development of the FLEX series with a number of improvements, including antenna, recording speed, range, IR light etc.","breadcrumb":{"@id":"https:\/\/staging.lucky-hunter.com\/product\/spypoint-flex-dark-inkl-32-gb-sd-card\/#breadcrumb"},"inLanguage":"hu","potentialAction":[{"@type":"ReadAction","target":["https:\/\/staging.lucky-hunter.com\/product\/spypoint-flex-dark-inkl-32-gb-sd-card\/"]}]},{"@type":"ImageObject","inLanguage":"hu","@id":"https:\/\/staging.lucky-hunter.com\/product\/spypoint-flex-dark-inkl-32-gb-sd-card\/#primaryimage","url":"https:\/\/staging.lucky-hunter.com\/wp-content\/uploads\/2025\/06\/680621-removebg.png","contentUrl":"https:\/\/staging.lucky-hunter.com\/wp-content\/uploads\/2025\/06\/680621-removebg.png","width":1200,"height":1200},{"@type":"BreadcrumbList","@id":"https:\/\/staging.lucky-hunter.com\/product\/spypoint-flex-dark-inkl-32-gb-sd-card\/#breadcrumb","itemListElement":[{"@type":"ListItem","position":1,"name":"Home","item":"https:\/\/staging.lucky-hunter.com\/hu\/"},{"@type":"ListItem","position":2,"name":"Shop","item":"https:\/\/staging.lucky-hunter.com\/hu\/shop\/"},{"@type":"ListItem","position":3,"name":"Spypoint FLEX-DARK inkl 32 GB SD-Card"}]},{"@type":"WebSite","@id":"https:\/\/staging.lucky-hunter.com\/#website","url":"https:\/\/staging.lucky-hunter.com\/","name":"Lucky-Hunter","description":"Gear Up or Give Up","potentialAction":[{"@type":"SearchAction","target":{"@type":"EntryPoint","urlTemplate":"https:\/\/staging.lucky-hunter.com\/?s={search_term_string}"},"query-input":{"@type":"PropertyValueSpecification","valueRequired":true,"valueName":"search_term_string"}}],"inLanguage":"hu"}]}},"_links":{"self":[{"href":"https:\/\/staging.lucky-hunter.com\/hu\/wp-json\/wp\/v2\/product\/907543"}],"collection":[{"href":"https:\/\/staging.lucky-hunter.com\/hu\/wp-json\/wp\/v2\/product"}],"about":[{"href":"https:\/\/staging.lucky-hunter.com\/hu\/wp-json\/wp\/v2\/types\/product"}],"wp:featuredmedia":[{"embeddable":true,"href":"https:\/\/staging.lucky-hunter.com\/hu\/wp-json\/wp\/v2\/media\/907551"}],"wp:attachment":[{"href":"https:\/\/staging.lucky-hunter.com\/hu\/wp-json\/wp\/v2\/media?parent=907543"}],"wp:term":[{"taxonomy":"product_brand","embeddable":true,"href":"https:\/\/staging.lucky-hunter.com\/hu\/wp-json\/wp\/v2\/product_brand?post=907543"},{"taxonomy":"product_cat","embeddable":true,"href":"https:\/\/staging.lucky-hunter.com\/hu\/wp-json\/wp\/v2\/product_cat?post=907543"},{"taxonomy":"product_tag","embeddable":true,"href":"https:\/\/staging.lucky-hunter.com\/hu\/wp-json\/wp\/v2\/product_tag?post=907543"}],"curies":[{"name":"wp","href":"https:\/\/api.w.org\/{rel}","templated":true}]}}