{"id":852854,"date":"2025-05-22T10:55:19","date_gmt":"2025-05-22T08:55:19","guid":{"rendered":"https:\/\/staging.lucky-hunter.com\/?post_type=product&#038;p=852854"},"modified":"2025-10-01T06:57:56","modified_gmt":"2025-10-01T04:57:56","slug":"insolated-waders-banded-phantom-x-max7","status":"publish","type":"product","link":"https:\/\/staging.lucky-hunter.com\/hu\/product\/insolated-waders-banded-phantom-x-max7\/","title":{"rendered":"Insolated waders &#8211; Banded Phantom X MAX7"},"content":{"rendered":"<p><iframe title=\"Banded PHANTOM X Series Waders\" width=\"1020\" height=\"574\" src=\"https:\/\/www.youtube.com\/embed\/yoGX-Pm9oSg?wmode=transparent&amp;rel=0&amp;feature=oembed&#038;enablejsapi=1&#038;origin=https:\/\/staging.lucky-hunter.com\" frameborder=\"0\" allow=\"accelerometer; autoplay; clipboard-write; encrypted-media; gyroscope; picture-in-picture; web-share\" referrerpolicy=\"strict-origin-when-cross-origin\" allowfullscreen><\/iframe><\/p>\n<p>&nbsp;<\/p>\n<h2><strong>Banded Insulated Waders &#8211; A New Era of Comfort and Mobility<\/strong><\/h2>\n<div>Banded is constantly striving for new perfection in developing products and apparel to meet the evolving needs of the dedicated hunter.<\/div>\n<div><\/div>\n<div>The Phantom X Series Waders are a groundbreaking breakthrough in wader design with the revolutionary FlexFit System, specifically designed for the hunter who moves purposefully through the water. With the Phantom X Waders, every step will feel significantly more fluid and effortless.<\/div>\n<div><\/div>\n<div>Available in sizes 43\/44 (US size 10)<\/div>\n<div><\/div>\n<div><strong>Specifications<\/strong><\/div>\n<ul>\n<li>PHANTOM FLEX-FIT construction for a smooth, fluid gait<\/li>\n<li>Seamless, arc-welded crotch seam for enhanced durability<\/li>\n<li>Reconfigured anatomical seam mapping mirrors body movement and dramatically reduces seam fatigue<\/li>\n<li>GO-FLATSEAM single-seam design provides an ultra-smooth, flat surface<\/li>\n<li>The RZ-TRACTION boot is anatomically shaped to match the movement of the foot with a unique, deep groove pattern that grips, flexes and responds for maximum traction and stability.<\/li>\n<li>GO-3LAYER fabric construction is lightweight and provides superior durability and performance.<\/li>\n<li>SHEDS\u2122 Waterproof, Breathable Technology.<\/li>\n<li>HARS\u2122 Insulation Technology<\/li>\n<li>1600 gram Thinsulate\u2122 Insulated Boot.<\/li>\n<li>Mobility-enhancing, articulated knee design.<\/li>\n<li>Fleece-lined chest pocket<\/li>\n<li>Comfort rating: -4\u00b0C to 10\u00b0C.<\/li>\n<\/ul>\n","protected":false},"excerpt":{"rendered":"<p>The Phantom X Series Waders are a groundbreaking breakthrough in wader design with the revolutionary FlexFit System, specifically designed for the hunter who moves purposefully through the water.<\/p>\n","protected":false},"featured_media":852892,"template":"","meta":[],"product_brand":[9077],"product_cat":[8651],"product_tag":[],"yoast_head":"<!-- This site is optimized with the Yoast SEO plugin v24.3 - https:\/\/yoast.com\/wordpress\/plugins\/seo\/ -->\n<title>Insolated waders - Banded Phantom X MAX7 - Lucky-Hunter<\/title>\n<meta name=\"description\" content=\"The Phantom X Series Waders are a groundbreaking breakthrough in wader design with the revolutionary FlexFit System.\" \/>\n<meta name=\"robots\" content=\"noindex, follow, max-snippet:-1, max-image-preview:large, max-video-preview:-1\" \/>\n<meta property=\"og:locale\" content=\"hu_HU\" \/>\n<meta property=\"og:type\" content=\"article\" \/>\n<meta property=\"og:title\" content=\"Insolated waders - Banded Phantom X MAX7 - Lucky-Hunter\" \/>\n<meta property=\"og:description\" content=\"The Phantom X Series Waders are a groundbreaking breakthrough in wader design with the revolutionary FlexFit System.\" \/>\n<meta property=\"og:url\" content=\"https:\/\/staging.lucky-hunter.com\/product\/insolated-waders-banded-phantom-x-max7\/\" \/>\n<meta property=\"og:site_name\" content=\"Lucky-Hunter\" \/>\n<meta property=\"article:modified_time\" content=\"2025-10-01T04:57:56+00:00\" \/>\n<meta property=\"og:image\" content=\"https:\/\/staging.lucky-hunter.com\/wp-content\/uploads\/2025\/05\/PU-691-removebg.png\" \/>\n\t<meta property=\"og:image:width\" content=\"750\" \/>\n\t<meta property=\"og:image:height\" content=\"938\" \/>\n\t<meta property=\"og:image:type\" content=\"image\/png\" \/>\n<meta name=\"twitter:card\" content=\"summary_large_image\" \/>\n<meta name=\"twitter:label1\" content=\"Becs\u00fclt olvas\u00e1si id\u0151\" \/>\n\t<meta name=\"twitter:data1\" content=\"1 perc\" \/>\n<script type=\"application\/ld+json\" class=\"yoast-schema-graph\">{\"@context\":\"https:\/\/schema.org\",\"@graph\":[{\"@type\":\"WebPage\",\"@id\":\"https:\/\/staging.lucky-hunter.com\/product\/insolated-waders-banded-phantom-x-max7\/\",\"url\":\"https:\/\/staging.lucky-hunter.com\/product\/insolated-waders-banded-phantom-x-max7\/\",\"name\":\"Insolated waders - Banded Phantom X MAX7 - Lucky-Hunter\",\"isPartOf\":{\"@id\":\"https:\/\/staging.lucky-hunter.com\/#website\"},\"primaryImageOfPage\":{\"@id\":\"https:\/\/staging.lucky-hunter.com\/product\/insolated-waders-banded-phantom-x-max7\/#primaryimage\"},\"image\":{\"@id\":\"https:\/\/staging.lucky-hunter.com\/product\/insolated-waders-banded-phantom-x-max7\/#primaryimage\"},\"thumbnailUrl\":\"https:\/\/staging.lucky-hunter.com\/wp-content\/uploads\/2025\/05\/PU-691-removebg.png\",\"datePublished\":\"2025-05-22T08:55:19+00:00\",\"dateModified\":\"2025-10-01T04:57:56+00:00\",\"description\":\"The Phantom X Series Waders are a groundbreaking breakthrough in wader design with the revolutionary FlexFit System.\",\"breadcrumb\":{\"@id\":\"https:\/\/staging.lucky-hunter.com\/product\/insolated-waders-banded-phantom-x-max7\/#breadcrumb\"},\"inLanguage\":\"hu\",\"potentialAction\":[{\"@type\":\"ReadAction\",\"target\":[\"https:\/\/staging.lucky-hunter.com\/product\/insolated-waders-banded-phantom-x-max7\/\"]}]},{\"@type\":\"ImageObject\",\"inLanguage\":\"hu\",\"@id\":\"https:\/\/staging.lucky-hunter.com\/product\/insolated-waders-banded-phantom-x-max7\/#primaryimage\",\"url\":\"https:\/\/staging.lucky-hunter.com\/wp-content\/uploads\/2025\/05\/PU-691-removebg.png\",\"contentUrl\":\"https:\/\/staging.lucky-hunter.com\/wp-content\/uploads\/2025\/05\/PU-691-removebg.png\",\"width\":750,\"height\":938},{\"@type\":\"BreadcrumbList\",\"@id\":\"https:\/\/staging.lucky-hunter.com\/product\/insolated-waders-banded-phantom-x-max7\/#breadcrumb\",\"itemListElement\":[{\"@type\":\"ListItem\",\"position\":1,\"name\":\"Home\",\"item\":\"https:\/\/staging.lucky-hunter.com\/hu\/\"},{\"@type\":\"ListItem\",\"position\":2,\"name\":\"Shop\",\"item\":\"https:\/\/staging.lucky-hunter.com\/hu\/shop\/\"},{\"@type\":\"ListItem\",\"position\":3,\"name\":\"Insolated waders &#8211; Banded Phantom X MAX7\"}]},{\"@type\":\"WebSite\",\"@id\":\"https:\/\/staging.lucky-hunter.com\/#website\",\"url\":\"https:\/\/staging.lucky-hunter.com\/\",\"name\":\"Lucky-Hunter\",\"description\":\"Gear Up or Give Up\",\"potentialAction\":[{\"@type\":\"SearchAction\",\"target\":{\"@type\":\"EntryPoint\",\"urlTemplate\":\"https:\/\/staging.lucky-hunter.com\/?s={search_term_string}\"},\"query-input\":{\"@type\":\"PropertyValueSpecification\",\"valueRequired\":true,\"valueName\":\"search_term_string\"}}],\"inLanguage\":\"hu\"}]}<\/script>\n<!-- \/ Yoast SEO plugin. -->","yoast_head_json":{"title":"Insolated waders - Banded Phantom X MAX7 - Lucky-Hunter","description":"The Phantom X Series Waders are a groundbreaking breakthrough in wader design with the revolutionary FlexFit System.","robots":{"index":"noindex","follow":"follow","max-snippet":"max-snippet:-1","max-image-preview":"max-image-preview:large","max-video-preview":"max-video-preview:-1"},"og_locale":"hu_HU","og_type":"article","og_title":"Insolated waders - Banded Phantom X MAX7 - Lucky-Hunter","og_description":"The Phantom X Series Waders are a groundbreaking breakthrough in wader design with the revolutionary FlexFit System.","og_url":"https:\/\/staging.lucky-hunter.com\/product\/insolated-waders-banded-phantom-x-max7\/","og_site_name":"Lucky-Hunter","article_modified_time":"2025-10-01T04:57:56+00:00","og_image":[{"width":750,"height":938,"url":"https:\/\/staging.lucky-hunter.com\/wp-content\/uploads\/2025\/05\/PU-691-removebg.png","type":"image\/png"}],"twitter_card":"summary_large_image","twitter_misc":{"Becs\u00fclt olvas\u00e1si id\u0151":"1 perc"},"schema":{"@context":"https:\/\/schema.org","@graph":[{"@type":"WebPage","@id":"https:\/\/staging.lucky-hunter.com\/product\/insolated-waders-banded-phantom-x-max7\/","url":"https:\/\/staging.lucky-hunter.com\/product\/insolated-waders-banded-phantom-x-max7\/","name":"Insolated waders - Banded Phantom X MAX7 - Lucky-Hunter","isPartOf":{"@id":"https:\/\/staging.lucky-hunter.com\/#website"},"primaryImageOfPage":{"@id":"https:\/\/staging.lucky-hunter.com\/product\/insolated-waders-banded-phantom-x-max7\/#primaryimage"},"image":{"@id":"https:\/\/staging.lucky-hunter.com\/product\/insolated-waders-banded-phantom-x-max7\/#primaryimage"},"thumbnailUrl":"https:\/\/staging.lucky-hunter.com\/wp-content\/uploads\/2025\/05\/PU-691-removebg.png","datePublished":"2025-05-22T08:55:19+00:00","dateModified":"2025-10-01T04:57:56+00:00","description":"The Phantom X Series Waders are a groundbreaking breakthrough in wader design with the revolutionary FlexFit System.","breadcrumb":{"@id":"https:\/\/staging.lucky-hunter.com\/product\/insolated-waders-banded-phantom-x-max7\/#breadcrumb"},"inLanguage":"hu","potentialAction":[{"@type":"ReadAction","target":["https:\/\/staging.lucky-hunter.com\/product\/insolated-waders-banded-phantom-x-max7\/"]}]},{"@type":"ImageObject","inLanguage":"hu","@id":"https:\/\/staging.lucky-hunter.com\/product\/insolated-waders-banded-phantom-x-max7\/#primaryimage","url":"https:\/\/staging.lucky-hunter.com\/wp-content\/uploads\/2025\/05\/PU-691-removebg.png","contentUrl":"https:\/\/staging.lucky-hunter.com\/wp-content\/uploads\/2025\/05\/PU-691-removebg.png","width":750,"height":938},{"@type":"BreadcrumbList","@id":"https:\/\/staging.lucky-hunter.com\/product\/insolated-waders-banded-phantom-x-max7\/#breadcrumb","itemListElement":[{"@type":"ListItem","position":1,"name":"Home","item":"https:\/\/staging.lucky-hunter.com\/hu\/"},{"@type":"ListItem","position":2,"name":"Shop","item":"https:\/\/staging.lucky-hunter.com\/hu\/shop\/"},{"@type":"ListItem","position":3,"name":"Insolated waders &#8211; Banded Phantom X MAX7"}]},{"@type":"WebSite","@id":"https:\/\/staging.lucky-hunter.com\/#website","url":"https:\/\/staging.lucky-hunter.com\/","name":"Lucky-Hunter","description":"Gear Up or Give Up","potentialAction":[{"@type":"SearchAction","target":{"@type":"EntryPoint","urlTemplate":"https:\/\/staging.lucky-hunter.com\/?s={search_term_string}"},"query-input":{"@type":"PropertyValueSpecification","valueRequired":true,"valueName":"search_term_string"}}],"inLanguage":"hu"}]}},"_links":{"self":[{"href":"https:\/\/staging.lucky-hunter.com\/hu\/wp-json\/wp\/v2\/product\/852854"}],"collection":[{"href":"https:\/\/staging.lucky-hunter.com\/hu\/wp-json\/wp\/v2\/product"}],"about":[{"href":"https:\/\/staging.lucky-hunter.com\/hu\/wp-json\/wp\/v2\/types\/product"}],"wp:featuredmedia":[{"embeddable":true,"href":"https:\/\/staging.lucky-hunter.com\/hu\/wp-json\/wp\/v2\/media\/852892"}],"wp:attachment":[{"href":"https:\/\/staging.lucky-hunter.com\/hu\/wp-json\/wp\/v2\/media?parent=852854"}],"wp:term":[{"taxonomy":"product_brand","embeddable":true,"href":"https:\/\/staging.lucky-hunter.com\/hu\/wp-json\/wp\/v2\/product_brand?post=852854"},{"taxonomy":"product_cat","embeddable":true,"href":"https:\/\/staging.lucky-hunter.com\/hu\/wp-json\/wp\/v2\/product_cat?post=852854"},{"taxonomy":"product_tag","embeddable":true,"href":"https:\/\/staging.lucky-hunter.com\/hu\/wp-json\/wp\/v2\/product_tag?post=852854"}],"curies":[{"name":"wp","href":"https:\/\/api.w.org\/{rel}","templated":true}]}}