{"id":818765,"date":"2025-05-15T11:21:25","date_gmt":"2025-05-15T09:21:25","guid":{"rendered":"https:\/\/staging.lucky-hunter.com\/?post_type=product&#038;p=818765"},"modified":"2025-10-02T01:11:44","modified_gmt":"2025-10-01T23:11:44","slug":"cormorant-standing-silhouette-decoy-4-pcs-big-als","status":"publish","type":"product","link":"https:\/\/staging.lucky-hunter.com\/hu\/product\/cormorant-standing-silhouette-decoy-4-pcs-big-als\/","title":{"rendered":"Cormorant standing silhouette decoy &#8211; 4 pcs Big Al&#8217;s"},"content":{"rendered":"<h2><strong>Highly Effective Silhouette decoy for Cormorant Hunting<\/strong><\/h2>\n<div>Here you buy a pack of 4 pcs standing cormorants produced by Big Al&#8217;s Decoys, the industry&#8217;s leading manufacturer of silhouette decoys.<\/div>\n<div><\/div>\n<div>Comes with 4 metal stakes.<\/div>\n<div><\/div>\n<div>Height 50 cm.<\/div>\n<div><\/div>\n<div>The silhouettes are made of a very hard plastic material that can withstand hunting in all kinds of weather, but we recommend that you store and transport them in a bag so that they do not get pinched between heavy objects and become bent.<\/div>\n<div><\/div>\n<div>\n<div><strong>About the manufacturer:<\/strong><\/div>\n<div><\/div>\n<div>Big Al grew up in Ohio in a family of dedicated waterfowlers. Since the early 1970s, he has hunted and studied beautiful game birds, and gradually the development of lifelike decoys became his great passion. Since then, with the company name Big Al&#8217;s Decoys, he has become a big name in decoys in the USA, where his silhouette decoys are known for their very high quality in materials, details, colors and prints.<\/div>\n<div><\/div>\n<div>Big Al is still the main figure in the design and printing process.<\/div>\n<\/div>\n","protected":false},"excerpt":{"rendered":"<div>Pack of 4 pcs standing cormorants produced by Big Al&#8217;s Decoys, the industry&#8217;s leading manufacturer of silhouette decoys.<\/div>\n<div><\/div>\n","protected":false},"featured_media":818581,"template":"","meta":[],"product_brand":[9641],"product_cat":[9724],"product_tag":[],"yoast_head":"<!-- This site is optimized with the Yoast SEO plugin v24.3 - https:\/\/yoast.com\/wordpress\/plugins\/seo\/ -->\n<title>Cormorant standing silhouette decoy - 4 pcs Big Al&#039;s - Lucky-Hunter<\/title>\n<meta name=\"description\" content=\"Here you buy a pack of 4 pcs standing cormorants produced by Big Al&#039;s Decoys, the industry&#039;s leading manufacturer of silhouette decoys.\" \/>\n<meta name=\"robots\" content=\"noindex, follow, max-snippet:-1, max-image-preview:large, max-video-preview:-1\" \/>\n<meta property=\"og:locale\" content=\"hu_HU\" \/>\n<meta property=\"og:type\" content=\"article\" \/>\n<meta property=\"og:title\" content=\"Cormorant standing silhouette decoy - 4 pcs Big Al&#039;s - Lucky-Hunter\" \/>\n<meta property=\"og:description\" content=\"Here you buy a pack of 4 pcs standing cormorants produced by Big Al&#039;s Decoys, the industry&#039;s leading manufacturer of silhouette decoys.\" \/>\n<meta property=\"og:url\" content=\"https:\/\/staging.lucky-hunter.com\/product\/cormorant-standing-silhouette-decoy-4-pcs-big-als\/\" \/>\n<meta property=\"og:site_name\" content=\"Lucky-Hunter\" \/>\n<meta property=\"article:modified_time\" content=\"2025-10-01T23:11:44+00:00\" \/>\n<meta property=\"og:image\" content=\"https:\/\/staging.lucky-hunter.com\/wp-content\/uploads\/2025\/05\/LF-642-removebg-e1747300830173.png\" \/>\n\t<meta property=\"og:image:width\" content=\"1000\" \/>\n\t<meta property=\"og:image:height\" content=\"1333\" \/>\n\t<meta property=\"og:image:type\" content=\"image\/png\" \/>\n<meta name=\"twitter:card\" content=\"summary_large_image\" \/>\n<meta name=\"twitter:label1\" content=\"Becs\u00fclt olvas\u00e1si id\u0151\" \/>\n\t<meta name=\"twitter:data1\" content=\"1 perc\" \/>\n<script type=\"application\/ld+json\" class=\"yoast-schema-graph\">{\"@context\":\"https:\/\/schema.org\",\"@graph\":[{\"@type\":\"WebPage\",\"@id\":\"https:\/\/staging.lucky-hunter.com\/product\/cormorant-standing-silhouette-decoy-4-pcs-big-als\/\",\"url\":\"https:\/\/staging.lucky-hunter.com\/product\/cormorant-standing-silhouette-decoy-4-pcs-big-als\/\",\"name\":\"Cormorant standing silhouette decoy - 4 pcs Big Al's - Lucky-Hunter\",\"isPartOf\":{\"@id\":\"https:\/\/staging.lucky-hunter.com\/#website\"},\"primaryImageOfPage\":{\"@id\":\"https:\/\/staging.lucky-hunter.com\/product\/cormorant-standing-silhouette-decoy-4-pcs-big-als\/#primaryimage\"},\"image\":{\"@id\":\"https:\/\/staging.lucky-hunter.com\/product\/cormorant-standing-silhouette-decoy-4-pcs-big-als\/#primaryimage\"},\"thumbnailUrl\":\"https:\/\/staging.lucky-hunter.com\/wp-content\/uploads\/2025\/05\/LF-642-removebg-e1747300830173.png\",\"datePublished\":\"2025-05-15T09:21:25+00:00\",\"dateModified\":\"2025-10-01T23:11:44+00:00\",\"description\":\"Here you buy a pack of 4 pcs standing cormorants produced by Big Al's Decoys, the industry's leading manufacturer of silhouette decoys.\",\"breadcrumb\":{\"@id\":\"https:\/\/staging.lucky-hunter.com\/product\/cormorant-standing-silhouette-decoy-4-pcs-big-als\/#breadcrumb\"},\"inLanguage\":\"hu\",\"potentialAction\":[{\"@type\":\"ReadAction\",\"target\":[\"https:\/\/staging.lucky-hunter.com\/product\/cormorant-standing-silhouette-decoy-4-pcs-big-als\/\"]}]},{\"@type\":\"ImageObject\",\"inLanguage\":\"hu\",\"@id\":\"https:\/\/staging.lucky-hunter.com\/product\/cormorant-standing-silhouette-decoy-4-pcs-big-als\/#primaryimage\",\"url\":\"https:\/\/staging.lucky-hunter.com\/wp-content\/uploads\/2025\/05\/LF-642-removebg-e1747300830173.png\",\"contentUrl\":\"https:\/\/staging.lucky-hunter.com\/wp-content\/uploads\/2025\/05\/LF-642-removebg-e1747300830173.png\",\"width\":1000,\"height\":1333},{\"@type\":\"BreadcrumbList\",\"@id\":\"https:\/\/staging.lucky-hunter.com\/product\/cormorant-standing-silhouette-decoy-4-pcs-big-als\/#breadcrumb\",\"itemListElement\":[{\"@type\":\"ListItem\",\"position\":1,\"name\":\"Home\",\"item\":\"https:\/\/staging.lucky-hunter.com\/hu\/\"},{\"@type\":\"ListItem\",\"position\":2,\"name\":\"Shop\",\"item\":\"https:\/\/staging.lucky-hunter.com\/hu\/shop\/\"},{\"@type\":\"ListItem\",\"position\":3,\"name\":\"Cormorant standing silhouette decoy &#8211; 4 pcs Big Al&#8217;s\"}]},{\"@type\":\"WebSite\",\"@id\":\"https:\/\/staging.lucky-hunter.com\/#website\",\"url\":\"https:\/\/staging.lucky-hunter.com\/\",\"name\":\"Lucky-Hunter\",\"description\":\"Gear Up or Give Up\",\"potentialAction\":[{\"@type\":\"SearchAction\",\"target\":{\"@type\":\"EntryPoint\",\"urlTemplate\":\"https:\/\/staging.lucky-hunter.com\/?s={search_term_string}\"},\"query-input\":{\"@type\":\"PropertyValueSpecification\",\"valueRequired\":true,\"valueName\":\"search_term_string\"}}],\"inLanguage\":\"hu\"}]}<\/script>\n<!-- \/ Yoast SEO plugin. -->","yoast_head_json":{"title":"Cormorant standing silhouette decoy - 4 pcs Big Al's - Lucky-Hunter","description":"Here you buy a pack of 4 pcs standing cormorants produced by Big Al's Decoys, the industry's leading manufacturer of silhouette decoys.","robots":{"index":"noindex","follow":"follow","max-snippet":"max-snippet:-1","max-image-preview":"max-image-preview:large","max-video-preview":"max-video-preview:-1"},"og_locale":"hu_HU","og_type":"article","og_title":"Cormorant standing silhouette decoy - 4 pcs Big Al's - Lucky-Hunter","og_description":"Here you buy a pack of 4 pcs standing cormorants produced by Big Al's Decoys, the industry's leading manufacturer of silhouette decoys.","og_url":"https:\/\/staging.lucky-hunter.com\/product\/cormorant-standing-silhouette-decoy-4-pcs-big-als\/","og_site_name":"Lucky-Hunter","article_modified_time":"2025-10-01T23:11:44+00:00","og_image":[{"url":"https:\/\/staging.lucky-hunter.com\/wp-content\/uploads\/2025\/05\/LF-642-removebg-e1747300830173.png","width":1000,"height":1333,"type":"image\/png"}],"twitter_card":"summary_large_image","twitter_misc":{"Becs\u00fclt olvas\u00e1si id\u0151":"1 perc"},"schema":{"@context":"https:\/\/schema.org","@graph":[{"@type":"WebPage","@id":"https:\/\/staging.lucky-hunter.com\/product\/cormorant-standing-silhouette-decoy-4-pcs-big-als\/","url":"https:\/\/staging.lucky-hunter.com\/product\/cormorant-standing-silhouette-decoy-4-pcs-big-als\/","name":"Cormorant standing silhouette decoy - 4 pcs Big Al's - Lucky-Hunter","isPartOf":{"@id":"https:\/\/staging.lucky-hunter.com\/#website"},"primaryImageOfPage":{"@id":"https:\/\/staging.lucky-hunter.com\/product\/cormorant-standing-silhouette-decoy-4-pcs-big-als\/#primaryimage"},"image":{"@id":"https:\/\/staging.lucky-hunter.com\/product\/cormorant-standing-silhouette-decoy-4-pcs-big-als\/#primaryimage"},"thumbnailUrl":"https:\/\/staging.lucky-hunter.com\/wp-content\/uploads\/2025\/05\/LF-642-removebg-e1747300830173.png","datePublished":"2025-05-15T09:21:25+00:00","dateModified":"2025-10-01T23:11:44+00:00","description":"Here you buy a pack of 4 pcs standing cormorants produced by Big Al's Decoys, the industry's leading manufacturer of silhouette decoys.","breadcrumb":{"@id":"https:\/\/staging.lucky-hunter.com\/product\/cormorant-standing-silhouette-decoy-4-pcs-big-als\/#breadcrumb"},"inLanguage":"hu","potentialAction":[{"@type":"ReadAction","target":["https:\/\/staging.lucky-hunter.com\/product\/cormorant-standing-silhouette-decoy-4-pcs-big-als\/"]}]},{"@type":"ImageObject","inLanguage":"hu","@id":"https:\/\/staging.lucky-hunter.com\/product\/cormorant-standing-silhouette-decoy-4-pcs-big-als\/#primaryimage","url":"https:\/\/staging.lucky-hunter.com\/wp-content\/uploads\/2025\/05\/LF-642-removebg-e1747300830173.png","contentUrl":"https:\/\/staging.lucky-hunter.com\/wp-content\/uploads\/2025\/05\/LF-642-removebg-e1747300830173.png","width":1000,"height":1333},{"@type":"BreadcrumbList","@id":"https:\/\/staging.lucky-hunter.com\/product\/cormorant-standing-silhouette-decoy-4-pcs-big-als\/#breadcrumb","itemListElement":[{"@type":"ListItem","position":1,"name":"Home","item":"https:\/\/staging.lucky-hunter.com\/hu\/"},{"@type":"ListItem","position":2,"name":"Shop","item":"https:\/\/staging.lucky-hunter.com\/hu\/shop\/"},{"@type":"ListItem","position":3,"name":"Cormorant standing silhouette decoy &#8211; 4 pcs Big Al&#8217;s"}]},{"@type":"WebSite","@id":"https:\/\/staging.lucky-hunter.com\/#website","url":"https:\/\/staging.lucky-hunter.com\/","name":"Lucky-Hunter","description":"Gear Up or Give Up","potentialAction":[{"@type":"SearchAction","target":{"@type":"EntryPoint","urlTemplate":"https:\/\/staging.lucky-hunter.com\/?s={search_term_string}"},"query-input":{"@type":"PropertyValueSpecification","valueRequired":true,"valueName":"search_term_string"}}],"inLanguage":"hu"}]}},"_links":{"self":[{"href":"https:\/\/staging.lucky-hunter.com\/hu\/wp-json\/wp\/v2\/product\/818765"}],"collection":[{"href":"https:\/\/staging.lucky-hunter.com\/hu\/wp-json\/wp\/v2\/product"}],"about":[{"href":"https:\/\/staging.lucky-hunter.com\/hu\/wp-json\/wp\/v2\/types\/product"}],"wp:featuredmedia":[{"embeddable":true,"href":"https:\/\/staging.lucky-hunter.com\/hu\/wp-json\/wp\/v2\/media\/818581"}],"wp:attachment":[{"href":"https:\/\/staging.lucky-hunter.com\/hu\/wp-json\/wp\/v2\/media?parent=818765"}],"wp:term":[{"taxonomy":"product_brand","embeddable":true,"href":"https:\/\/staging.lucky-hunter.com\/hu\/wp-json\/wp\/v2\/product_brand?post=818765"},{"taxonomy":"product_cat","embeddable":true,"href":"https:\/\/staging.lucky-hunter.com\/hu\/wp-json\/wp\/v2\/product_cat?post=818765"},{"taxonomy":"product_tag","embeddable":true,"href":"https:\/\/staging.lucky-hunter.com\/hu\/wp-json\/wp\/v2\/product_tag?post=818765"}],"curies":[{"name":"wp","href":"https:\/\/api.w.org\/{rel}","templated":true}]}}