{"id":72578,"date":"2024-02-01T14:24:23","date_gmt":"2024-02-01T13:24:23","guid":{"rendered":"https:\/\/staging.lucky-hunter.com\/?post_type=product&#038;p=72578"},"modified":"2025-10-02T06:09:35","modified_gmt":"2025-10-02T04:09:35","slug":"final-approach-layout-snow-goose-chair","status":"publish","type":"product","link":"https:\/\/staging.lucky-hunter.com\/hu\/product\/final-approach-layout-snow-goose-chair\/","title":{"rendered":"LAYOUT SNOW GOOSE CHAIR &#8211; Final Approach"},"content":{"rendered":"<h2><strong>Final Approach chair with 4, easy to adjust angles<\/strong><\/h2>\n<p><iframe title=\"Final Approach Snow Goose Chair\" width=\"1020\" height=\"574\" src=\"https:\/\/www.youtube.com\/embed\/LIrKR7afHko?wmode=transparent&amp;rel=0&amp;feature=oembed&#038;enablejsapi=1&#038;origin=https:\/\/staging.lucky-hunter.com\" frameborder=\"0\" allow=\"accelerometer; autoplay; clipboard-write; encrypted-media; gyroscope; picture-in-picture; web-share\" referrerpolicy=\"strict-origin-when-cross-origin\" allowfullscreen><\/iframe><\/p>\n<div>Placed white among swan decoys or under the Snow Socks is a great tactic to hunt Geese &#8211; The FA Layout Snow Goose Chair will make your hunting experience even better.<\/div>\n<div><\/div>\n<div>The 5 cm thick water resistant cushion will keep you comfortable all day long.<\/div>\n<div><\/div>\n<div>The back has 4, easy to adjust angles to give you the best hunting experience. To accommodate people of all sizes, the back is 59 cm wide and features an adjustable headrest.<\/div>\n<div><\/div>\n<div>When it is time to pack up, simply fold it in half and buckle it for storage.<\/div>\n<div><\/div>\n<div><strong>Features:<\/strong><\/div>\n<ul>\n<li>Water resistant bottom<\/li>\n<li>4 backrest positions<\/li>\n<li>Adjustable headrest<\/li>\n<li>Shoulder strap<\/li>\n<li>Seat dimensions: L 64 x W 59 x H 5 cm<\/li>\n<li>Total length: 122 cm<\/li>\n<li>Adjustable Height: 41 &#8211; 48 cm<\/li>\n<li>Folded Dimensions: L 104 x W 63 x H 18 cm.<\/li>\n<\/ul>\n","protected":false},"excerpt":{"rendered":"<p>Placed white among swan decoys or under the Snow Socks is a great tactic to hunt Geese. Make your hunting experience even better.<\/p>\n","protected":false},"featured_media":236325,"template":"","meta":[],"product_brand":[8136],"product_cat":[9382],"product_tag":[9523,9446],"yoast_head":"<!-- This site is optimized with the Yoast SEO plugin v24.3 - https:\/\/yoast.com\/wordpress\/plugins\/seo\/ -->\n<title>Final Approach LAYOUT SNOW GOOSE CHAIR | Lucky Hunter<\/title>\n<meta name=\"description\" content=\"Placed white among swan decoys or under the Snow Socks is a great tactic to hunt Geese. Make your hunting experience even better.\" \/>\n<meta name=\"robots\" content=\"noindex, follow, max-snippet:-1, max-image-preview:large, max-video-preview:-1\" \/>\n<meta property=\"og:locale\" content=\"hu_HU\" \/>\n<meta property=\"og:type\" content=\"article\" \/>\n<meta property=\"og:title\" content=\"Final Approach Hot Seat - Absolute Must-Have For Wildfowl Hunters | Lucky Hunter\" \/>\n<meta property=\"og:description\" content=\"Final Approach Hot Seat is a must-have for wildfowl hunters. Instead of hunting in a cold blind, use the hot seat for comfort &amp; warmth.\" \/>\n<meta property=\"og:url\" content=\"https:\/\/staging.lucky-hunter.com\/product\/final-approach-layout-snow-goose-chair\/\" \/>\n<meta property=\"og:site_name\" content=\"Lucky-Hunter\" \/>\n<meta property=\"article:modified_time\" content=\"2025-10-02T04:09:35+00:00\" \/>\n<meta property=\"og:image\" content=\"https:\/\/staging.lucky-hunter.com\/wp-content\/uploads\/2024\/02\/LF-422-removebg.png\" \/>\n\t<meta property=\"og:image:width\" content=\"1200\" \/>\n\t<meta property=\"og:image:height\" content=\"1200\" \/>\n\t<meta property=\"og:image:type\" content=\"image\/png\" \/>\n<meta name=\"twitter:card\" content=\"summary_large_image\" \/>\n<meta name=\"twitter:title\" content=\"Final Approach Hot Seat - Absolute Must-Have For Wildfowl Hunters | Lucky Hunter\" \/>\n<meta name=\"twitter:description\" content=\"Final Approach Hot Seat is a must-have for wildfowl hunters. Instead of hunting in a cold blind, use the hot seat for comfort &amp; warmth.\" \/>\n<meta name=\"twitter:label1\" content=\"Becs\u00fclt olvas\u00e1si id\u0151\" \/>\n\t<meta name=\"twitter:data1\" content=\"1 perc\" \/>\n<script type=\"application\/ld+json\" class=\"yoast-schema-graph\">{\"@context\":\"https:\/\/schema.org\",\"@graph\":[{\"@type\":\"WebPage\",\"@id\":\"https:\/\/staging.lucky-hunter.com\/product\/final-approach-layout-snow-goose-chair\/\",\"url\":\"https:\/\/staging.lucky-hunter.com\/product\/final-approach-layout-snow-goose-chair\/\",\"name\":\"Final Approach LAYOUT SNOW GOOSE CHAIR | Lucky Hunter\",\"isPartOf\":{\"@id\":\"https:\/\/staging.lucky-hunter.com\/#website\"},\"primaryImageOfPage\":{\"@id\":\"https:\/\/staging.lucky-hunter.com\/product\/final-approach-layout-snow-goose-chair\/#primaryimage\"},\"image\":{\"@id\":\"https:\/\/staging.lucky-hunter.com\/product\/final-approach-layout-snow-goose-chair\/#primaryimage\"},\"thumbnailUrl\":\"https:\/\/staging.lucky-hunter.com\/wp-content\/uploads\/2024\/02\/LF-422-removebg.png\",\"datePublished\":\"2024-02-01T13:24:23+00:00\",\"dateModified\":\"2025-10-02T04:09:35+00:00\",\"description\":\"Placed white among swan decoys or under the Snow Socks is a great tactic to hunt Geese. Make your hunting experience even better.\",\"breadcrumb\":{\"@id\":\"https:\/\/staging.lucky-hunter.com\/product\/final-approach-layout-snow-goose-chair\/#breadcrumb\"},\"inLanguage\":\"hu\",\"potentialAction\":[{\"@type\":\"ReadAction\",\"target\":[\"https:\/\/staging.lucky-hunter.com\/product\/final-approach-layout-snow-goose-chair\/\"]}]},{\"@type\":\"ImageObject\",\"inLanguage\":\"hu\",\"@id\":\"https:\/\/staging.lucky-hunter.com\/product\/final-approach-layout-snow-goose-chair\/#primaryimage\",\"url\":\"https:\/\/staging.lucky-hunter.com\/wp-content\/uploads\/2024\/02\/LF-422-removebg.png\",\"contentUrl\":\"https:\/\/staging.lucky-hunter.com\/wp-content\/uploads\/2024\/02\/LF-422-removebg.png\",\"width\":1200,\"height\":1200},{\"@type\":\"BreadcrumbList\",\"@id\":\"https:\/\/staging.lucky-hunter.com\/product\/final-approach-layout-snow-goose-chair\/#breadcrumb\",\"itemListElement\":[{\"@type\":\"ListItem\",\"position\":1,\"name\":\"Home\",\"item\":\"https:\/\/staging.lucky-hunter.com\/hu\/\"},{\"@type\":\"ListItem\",\"position\":2,\"name\":\"Shop\",\"item\":\"https:\/\/staging.lucky-hunter.com\/hu\/shop\/\"},{\"@type\":\"ListItem\",\"position\":3,\"name\":\"LAYOUT SNOW GOOSE CHAIR &#8211; Final Approach\"}]},{\"@type\":\"WebSite\",\"@id\":\"https:\/\/staging.lucky-hunter.com\/#website\",\"url\":\"https:\/\/staging.lucky-hunter.com\/\",\"name\":\"Lucky-Hunter\",\"description\":\"Gear Up or Give Up\",\"potentialAction\":[{\"@type\":\"SearchAction\",\"target\":{\"@type\":\"EntryPoint\",\"urlTemplate\":\"https:\/\/staging.lucky-hunter.com\/?s={search_term_string}\"},\"query-input\":{\"@type\":\"PropertyValueSpecification\",\"valueRequired\":true,\"valueName\":\"search_term_string\"}}],\"inLanguage\":\"hu\"}]}<\/script>\n<!-- \/ Yoast SEO plugin. -->","yoast_head_json":{"title":"Final Approach LAYOUT SNOW GOOSE CHAIR | Lucky Hunter","description":"Placed white among swan decoys or under the Snow Socks is a great tactic to hunt Geese. Make your hunting experience even better.","robots":{"index":"noindex","follow":"follow","max-snippet":"max-snippet:-1","max-image-preview":"max-image-preview:large","max-video-preview":"max-video-preview:-1"},"og_locale":"hu_HU","og_type":"article","og_title":"Final Approach Hot Seat - Absolute Must-Have For Wildfowl Hunters | Lucky Hunter","og_description":"Final Approach Hot Seat is a must-have for wildfowl hunters. Instead of hunting in a cold blind, use the hot seat for comfort & warmth.","og_url":"https:\/\/staging.lucky-hunter.com\/product\/final-approach-layout-snow-goose-chair\/","og_site_name":"Lucky-Hunter","article_modified_time":"2025-10-02T04:09:35+00:00","og_image":[{"width":1200,"height":1200,"url":"https:\/\/staging.lucky-hunter.com\/wp-content\/uploads\/2024\/02\/LF-422-removebg.png","type":"image\/png"}],"twitter_card":"summary_large_image","twitter_title":"Final Approach Hot Seat - Absolute Must-Have For Wildfowl Hunters | Lucky Hunter","twitter_description":"Final Approach Hot Seat is a must-have for wildfowl hunters. Instead of hunting in a cold blind, use the hot seat for comfort & warmth.","twitter_misc":{"Becs\u00fclt olvas\u00e1si id\u0151":"1 perc"},"schema":{"@context":"https:\/\/schema.org","@graph":[{"@type":"WebPage","@id":"https:\/\/staging.lucky-hunter.com\/product\/final-approach-layout-snow-goose-chair\/","url":"https:\/\/staging.lucky-hunter.com\/product\/final-approach-layout-snow-goose-chair\/","name":"Final Approach LAYOUT SNOW GOOSE CHAIR | Lucky Hunter","isPartOf":{"@id":"https:\/\/staging.lucky-hunter.com\/#website"},"primaryImageOfPage":{"@id":"https:\/\/staging.lucky-hunter.com\/product\/final-approach-layout-snow-goose-chair\/#primaryimage"},"image":{"@id":"https:\/\/staging.lucky-hunter.com\/product\/final-approach-layout-snow-goose-chair\/#primaryimage"},"thumbnailUrl":"https:\/\/staging.lucky-hunter.com\/wp-content\/uploads\/2024\/02\/LF-422-removebg.png","datePublished":"2024-02-01T13:24:23+00:00","dateModified":"2025-10-02T04:09:35+00:00","description":"Placed white among swan decoys or under the Snow Socks is a great tactic to hunt Geese. Make your hunting experience even better.","breadcrumb":{"@id":"https:\/\/staging.lucky-hunter.com\/product\/final-approach-layout-snow-goose-chair\/#breadcrumb"},"inLanguage":"hu","potentialAction":[{"@type":"ReadAction","target":["https:\/\/staging.lucky-hunter.com\/product\/final-approach-layout-snow-goose-chair\/"]}]},{"@type":"ImageObject","inLanguage":"hu","@id":"https:\/\/staging.lucky-hunter.com\/product\/final-approach-layout-snow-goose-chair\/#primaryimage","url":"https:\/\/staging.lucky-hunter.com\/wp-content\/uploads\/2024\/02\/LF-422-removebg.png","contentUrl":"https:\/\/staging.lucky-hunter.com\/wp-content\/uploads\/2024\/02\/LF-422-removebg.png","width":1200,"height":1200},{"@type":"BreadcrumbList","@id":"https:\/\/staging.lucky-hunter.com\/product\/final-approach-layout-snow-goose-chair\/#breadcrumb","itemListElement":[{"@type":"ListItem","position":1,"name":"Home","item":"https:\/\/staging.lucky-hunter.com\/hu\/"},{"@type":"ListItem","position":2,"name":"Shop","item":"https:\/\/staging.lucky-hunter.com\/hu\/shop\/"},{"@type":"ListItem","position":3,"name":"LAYOUT SNOW GOOSE CHAIR &#8211; Final Approach"}]},{"@type":"WebSite","@id":"https:\/\/staging.lucky-hunter.com\/#website","url":"https:\/\/staging.lucky-hunter.com\/","name":"Lucky-Hunter","description":"Gear Up or Give Up","potentialAction":[{"@type":"SearchAction","target":{"@type":"EntryPoint","urlTemplate":"https:\/\/staging.lucky-hunter.com\/?s={search_term_string}"},"query-input":{"@type":"PropertyValueSpecification","valueRequired":true,"valueName":"search_term_string"}}],"inLanguage":"hu"}]}},"_links":{"self":[{"href":"https:\/\/staging.lucky-hunter.com\/hu\/wp-json\/wp\/v2\/product\/72578"}],"collection":[{"href":"https:\/\/staging.lucky-hunter.com\/hu\/wp-json\/wp\/v2\/product"}],"about":[{"href":"https:\/\/staging.lucky-hunter.com\/hu\/wp-json\/wp\/v2\/types\/product"}],"wp:featuredmedia":[{"embeddable":true,"href":"https:\/\/staging.lucky-hunter.com\/hu\/wp-json\/wp\/v2\/media\/236325"}],"wp:attachment":[{"href":"https:\/\/staging.lucky-hunter.com\/hu\/wp-json\/wp\/v2\/media?parent=72578"}],"wp:term":[{"taxonomy":"product_brand","embeddable":true,"href":"https:\/\/staging.lucky-hunter.com\/hu\/wp-json\/wp\/v2\/product_brand?post=72578"},{"taxonomy":"product_cat","embeddable":true,"href":"https:\/\/staging.lucky-hunter.com\/hu\/wp-json\/wp\/v2\/product_cat?post=72578"},{"taxonomy":"product_tag","embeddable":true,"href":"https:\/\/staging.lucky-hunter.com\/hu\/wp-json\/wp\/v2\/product_tag?post=72578"}],"curies":[{"name":"wp","href":"https:\/\/api.w.org\/{rel}","templated":true}]}}