{"id":65826,"date":"2024-01-11T12:49:58","date_gmt":"2024-01-11T11:49:58","guid":{"rendered":"https:\/\/staging.lucky-hunter.com\/?post_type=product&#038;p=65826"},"modified":"2025-10-02T06:47:48","modified_gmt":"2025-10-02T04:47:48","slug":"fa-mesh-decoy-bag","status":"publish","type":"product","link":"https:\/\/staging.lucky-hunter.com\/hu\/product\/fa-mesh-decoy-bag\/","title":{"rendered":"FA Mesh Decoy Bag"},"content":{"rendered":"<h2><strong>Handy carrier net for decoys<\/strong><\/h2>\n<div>Final Approach Last Pass Mesh Decoy Bag is perfect for easy transport and storage of up to 36 standard sized decoys \/ pigeons \/ ducks or 18 over sized duck decoys.<\/div>\n<div><\/div>\n<div>The net is closed by a practical nylon cord and has comfortable shoulder straps.<\/div>\n<div><\/div>\n<div>Size approx. 54 x 92 x 41 cm.<\/div>\n<div><\/div>\n<div>Color: Brown<\/div>\n","protected":false},"excerpt":{"rendered":"<p>Final Approach Last Pass Mesh Decoy Bag is perfect for easy transport and storage of crow, pigeons or ducks decoys.<\/p>\n","protected":false},"featured_media":236353,"template":"","meta":[],"product_brand":[6365],"product_cat":[9109],"product_tag":[],"yoast_head":"<!-- This site is optimized with the Yoast SEO plugin v24.3 - https:\/\/yoast.com\/wordpress\/plugins\/seo\/ -->\n<title>FA Mesh Bag for decoys - Easy Storage and Transportation<\/title>\n<meta name=\"description\" content=\"GHG Pothole Mesh Bag is great for easy storage and transportation of your pigeon, crow and standard size duck decoys. Mould resistant material.\" \/>\n<meta name=\"robots\" content=\"noindex, follow, max-snippet:-1, max-image-preview:large, max-video-preview:-1\" \/>\n<meta property=\"og:locale\" content=\"hu_HU\" \/>\n<meta property=\"og:type\" content=\"article\" \/>\n<meta property=\"og:title\" content=\"GHG Pothole Mesh Bag - Easy Storage and Transportation | Lucky Hunter\" \/>\n<meta property=\"og:description\" content=\"GHG Pothole Mesh Bag is great for easy storage and transportation of your pigeon, crow and standard size duck decoys. Mould resistant material.\" \/>\n<meta property=\"og:url\" content=\"https:\/\/staging.lucky-hunter.com\/product\/fa-mesh-decoy-bag\/\" \/>\n<meta property=\"og:site_name\" content=\"Lucky-Hunter\" \/>\n<meta property=\"article:modified_time\" content=\"2025-10-02T04:47:48+00:00\" \/>\n<meta property=\"og:image\" content=\"https:\/\/staging.lucky-hunter.com\/wp-content\/uploads\/2024\/01\/PU-609-removebg.png\" \/>\n\t<meta property=\"og:image:width\" content=\"1200\" \/>\n\t<meta property=\"og:image:height\" content=\"1200\" \/>\n\t<meta property=\"og:image:type\" content=\"image\/png\" \/>\n<meta name=\"twitter:card\" content=\"summary_large_image\" \/>\n<meta name=\"twitter:title\" content=\"GHG Pothole Mesh Bag - Easy Storage and Transportation | Lucky Hunter\" \/>\n<meta name=\"twitter:description\" content=\"GHG Pothole Mesh Bag is great for easy storage and transportation of your pigeon, crow and standard size duck decoys. Mould resistant material.\" \/>\n<meta name=\"twitter:label1\" content=\"Becs\u00fclt olvas\u00e1si id\u0151\" \/>\n\t<meta name=\"twitter:data1\" content=\"1 perc\" \/>\n<script type=\"application\/ld+json\" class=\"yoast-schema-graph\">{\"@context\":\"https:\/\/schema.org\",\"@graph\":[{\"@type\":\"WebPage\",\"@id\":\"https:\/\/staging.lucky-hunter.com\/product\/fa-mesh-decoy-bag\/\",\"url\":\"https:\/\/staging.lucky-hunter.com\/product\/fa-mesh-decoy-bag\/\",\"name\":\"FA Mesh Bag for decoys - Easy Storage and Transportation\",\"isPartOf\":{\"@id\":\"https:\/\/staging.lucky-hunter.com\/#website\"},\"primaryImageOfPage\":{\"@id\":\"https:\/\/staging.lucky-hunter.com\/product\/fa-mesh-decoy-bag\/#primaryimage\"},\"image\":{\"@id\":\"https:\/\/staging.lucky-hunter.com\/product\/fa-mesh-decoy-bag\/#primaryimage\"},\"thumbnailUrl\":\"https:\/\/staging.lucky-hunter.com\/wp-content\/uploads\/2024\/01\/PU-609-removebg.png\",\"datePublished\":\"2024-01-11T11:49:58+00:00\",\"dateModified\":\"2025-10-02T04:47:48+00:00\",\"description\":\"GHG Pothole Mesh Bag is great for easy storage and transportation of your pigeon, crow and standard size duck decoys. Mould resistant material.\",\"breadcrumb\":{\"@id\":\"https:\/\/staging.lucky-hunter.com\/product\/fa-mesh-decoy-bag\/#breadcrumb\"},\"inLanguage\":\"hu\",\"potentialAction\":[{\"@type\":\"ReadAction\",\"target\":[\"https:\/\/staging.lucky-hunter.com\/product\/fa-mesh-decoy-bag\/\"]}]},{\"@type\":\"ImageObject\",\"inLanguage\":\"hu\",\"@id\":\"https:\/\/staging.lucky-hunter.com\/product\/fa-mesh-decoy-bag\/#primaryimage\",\"url\":\"https:\/\/staging.lucky-hunter.com\/wp-content\/uploads\/2024\/01\/PU-609-removebg.png\",\"contentUrl\":\"https:\/\/staging.lucky-hunter.com\/wp-content\/uploads\/2024\/01\/PU-609-removebg.png\",\"width\":1200,\"height\":1200},{\"@type\":\"BreadcrumbList\",\"@id\":\"https:\/\/staging.lucky-hunter.com\/product\/fa-mesh-decoy-bag\/#breadcrumb\",\"itemListElement\":[{\"@type\":\"ListItem\",\"position\":1,\"name\":\"Home\",\"item\":\"https:\/\/staging.lucky-hunter.com\/hu\/\"},{\"@type\":\"ListItem\",\"position\":2,\"name\":\"Shop\",\"item\":\"https:\/\/staging.lucky-hunter.com\/hu\/shop\/\"},{\"@type\":\"ListItem\",\"position\":3,\"name\":\"FA Mesh Decoy Bag\"}]},{\"@type\":\"WebSite\",\"@id\":\"https:\/\/staging.lucky-hunter.com\/#website\",\"url\":\"https:\/\/staging.lucky-hunter.com\/\",\"name\":\"Lucky-Hunter\",\"description\":\"Gear Up or Give Up\",\"potentialAction\":[{\"@type\":\"SearchAction\",\"target\":{\"@type\":\"EntryPoint\",\"urlTemplate\":\"https:\/\/staging.lucky-hunter.com\/?s={search_term_string}\"},\"query-input\":{\"@type\":\"PropertyValueSpecification\",\"valueRequired\":true,\"valueName\":\"search_term_string\"}}],\"inLanguage\":\"hu\"}]}<\/script>\n<!-- \/ Yoast SEO plugin. -->","yoast_head_json":{"title":"FA Mesh Bag for decoys - Easy Storage and Transportation","description":"GHG Pothole Mesh Bag is great for easy storage and transportation of your pigeon, crow and standard size duck decoys. Mould resistant material.","robots":{"index":"noindex","follow":"follow","max-snippet":"max-snippet:-1","max-image-preview":"max-image-preview:large","max-video-preview":"max-video-preview:-1"},"og_locale":"hu_HU","og_type":"article","og_title":"GHG Pothole Mesh Bag - Easy Storage and Transportation | Lucky Hunter","og_description":"GHG Pothole Mesh Bag is great for easy storage and transportation of your pigeon, crow and standard size duck decoys. Mould resistant material.","og_url":"https:\/\/staging.lucky-hunter.com\/product\/fa-mesh-decoy-bag\/","og_site_name":"Lucky-Hunter","article_modified_time":"2025-10-02T04:47:48+00:00","og_image":[{"width":1200,"height":1200,"url":"https:\/\/staging.lucky-hunter.com\/wp-content\/uploads\/2024\/01\/PU-609-removebg.png","type":"image\/png"}],"twitter_card":"summary_large_image","twitter_title":"GHG Pothole Mesh Bag - Easy Storage and Transportation | Lucky Hunter","twitter_description":"GHG Pothole Mesh Bag is great for easy storage and transportation of your pigeon, crow and standard size duck decoys. Mould resistant material.","twitter_misc":{"Becs\u00fclt olvas\u00e1si id\u0151":"1 perc"},"schema":{"@context":"https:\/\/schema.org","@graph":[{"@type":"WebPage","@id":"https:\/\/staging.lucky-hunter.com\/product\/fa-mesh-decoy-bag\/","url":"https:\/\/staging.lucky-hunter.com\/product\/fa-mesh-decoy-bag\/","name":"FA Mesh Bag for decoys - Easy Storage and Transportation","isPartOf":{"@id":"https:\/\/staging.lucky-hunter.com\/#website"},"primaryImageOfPage":{"@id":"https:\/\/staging.lucky-hunter.com\/product\/fa-mesh-decoy-bag\/#primaryimage"},"image":{"@id":"https:\/\/staging.lucky-hunter.com\/product\/fa-mesh-decoy-bag\/#primaryimage"},"thumbnailUrl":"https:\/\/staging.lucky-hunter.com\/wp-content\/uploads\/2024\/01\/PU-609-removebg.png","datePublished":"2024-01-11T11:49:58+00:00","dateModified":"2025-10-02T04:47:48+00:00","description":"GHG Pothole Mesh Bag is great for easy storage and transportation of your pigeon, crow and standard size duck decoys. Mould resistant material.","breadcrumb":{"@id":"https:\/\/staging.lucky-hunter.com\/product\/fa-mesh-decoy-bag\/#breadcrumb"},"inLanguage":"hu","potentialAction":[{"@type":"ReadAction","target":["https:\/\/staging.lucky-hunter.com\/product\/fa-mesh-decoy-bag\/"]}]},{"@type":"ImageObject","inLanguage":"hu","@id":"https:\/\/staging.lucky-hunter.com\/product\/fa-mesh-decoy-bag\/#primaryimage","url":"https:\/\/staging.lucky-hunter.com\/wp-content\/uploads\/2024\/01\/PU-609-removebg.png","contentUrl":"https:\/\/staging.lucky-hunter.com\/wp-content\/uploads\/2024\/01\/PU-609-removebg.png","width":1200,"height":1200},{"@type":"BreadcrumbList","@id":"https:\/\/staging.lucky-hunter.com\/product\/fa-mesh-decoy-bag\/#breadcrumb","itemListElement":[{"@type":"ListItem","position":1,"name":"Home","item":"https:\/\/staging.lucky-hunter.com\/hu\/"},{"@type":"ListItem","position":2,"name":"Shop","item":"https:\/\/staging.lucky-hunter.com\/hu\/shop\/"},{"@type":"ListItem","position":3,"name":"FA Mesh Decoy Bag"}]},{"@type":"WebSite","@id":"https:\/\/staging.lucky-hunter.com\/#website","url":"https:\/\/staging.lucky-hunter.com\/","name":"Lucky-Hunter","description":"Gear Up or Give Up","potentialAction":[{"@type":"SearchAction","target":{"@type":"EntryPoint","urlTemplate":"https:\/\/staging.lucky-hunter.com\/?s={search_term_string}"},"query-input":{"@type":"PropertyValueSpecification","valueRequired":true,"valueName":"search_term_string"}}],"inLanguage":"hu"}]}},"_links":{"self":[{"href":"https:\/\/staging.lucky-hunter.com\/hu\/wp-json\/wp\/v2\/product\/65826"}],"collection":[{"href":"https:\/\/staging.lucky-hunter.com\/hu\/wp-json\/wp\/v2\/product"}],"about":[{"href":"https:\/\/staging.lucky-hunter.com\/hu\/wp-json\/wp\/v2\/types\/product"}],"wp:featuredmedia":[{"embeddable":true,"href":"https:\/\/staging.lucky-hunter.com\/hu\/wp-json\/wp\/v2\/media\/236353"}],"wp:attachment":[{"href":"https:\/\/staging.lucky-hunter.com\/hu\/wp-json\/wp\/v2\/media?parent=65826"}],"wp:term":[{"taxonomy":"product_brand","embeddable":true,"href":"https:\/\/staging.lucky-hunter.com\/hu\/wp-json\/wp\/v2\/product_brand?post=65826"},{"taxonomy":"product_cat","embeddable":true,"href":"https:\/\/staging.lucky-hunter.com\/hu\/wp-json\/wp\/v2\/product_cat?post=65826"},{"taxonomy":"product_tag","embeddable":true,"href":"https:\/\/staging.lucky-hunter.com\/hu\/wp-json\/wp\/v2\/product_tag?post=65826"}],"curies":[{"name":"wp","href":"https:\/\/api.w.org\/{rel}","templated":true}]}}