{"id":62941,"date":"2023-08-15T14:07:34","date_gmt":"2023-08-15T12:07:34","guid":{"rendered":"https:\/\/staging.lucky-hunter.com\/?post_type=product&#038;p=62941"},"modified":"2025-10-02T06:42:20","modified_gmt":"2025-10-02T04:42:20","slug":"final-approach-mallard-butt-up-floaters-4-pcs","status":"publish","type":"product","link":"https:\/\/staging.lucky-hunter.com\/hu\/product\/final-approach-mallard-butt-up-floaters-4-pcs\/","title":{"rendered":"Final Approach Mallard Butt Up Floaters &#8211; 4 pcs"},"content":{"rendered":"<h2><strong>Super nice Butt Up Mallards at a budget-friendly price<\/strong><\/h2>\n<p><iframe title=\"HD Mallard Duck Butt Floaters\" width=\"1020\" height=\"574\" src=\"https:\/\/www.youtube.com\/embed\/jYhd9I0q24Y?start=64&#038;wmode=transparent&amp;rel=0&amp;feature=oembed&#038;enablejsapi=1&#038;origin=https:\/\/staging.lucky-hunter.com\" frameborder=\"0\" allow=\"accelerometer; autoplay; clipboard-write; encrypted-media; gyroscope; picture-in-picture; web-share\" referrerpolicy=\"strict-origin-when-cross-origin\" allowfullscreen><\/iframe><\/p>\n<p>&nbsp;<\/p>\n<div>Butt-up decoys are a great way to make your decoy setup look like a flock of happy ducks on the water.<\/div>\n<div><\/div>\n<div>When ducks eat, you see their rear end sticking straight up in the air, and that&#8217;s exactly what these decoys are mimicking. The lifelike size and the very nice details make them completely lifelike.<\/div>\n<div><\/div>\n<div>The special design of the keel ensures that the decoys do not topple over in wind or waves.<\/div>\n<div><\/div>\n<div>Supplied in a pack of 2 drakes and 2 hens.<\/div>\n<div><\/div>\n<div>Designed by 17 x world decoy carving champion Pat Godin.<\/div>\n","protected":false},"excerpt":{"rendered":"<p>Butt-up decoys are a great way to make your decoy setup look like a flock of happy ducks on the water.<\/p>\n","protected":false},"featured_media":63140,"template":"","meta":[],"product_brand":[9557],"product_cat":[8495],"product_tag":[9523],"yoast_head":"<!-- This site is optimized with the Yoast SEO plugin v24.3 - https:\/\/yoast.com\/wordpress\/plugins\/seo\/ -->\n<title>Final Approach Mallard Butt Up Floaters - 4 pcs - Lucky-Hunter<\/title>\n<meta name=\"description\" content=\"Super nice Butt Up Mallards at a budget-friendly price. Supplied in a pack of completely lifelike 2 drakes and 2 Hens.\" \/>\n<meta name=\"robots\" content=\"noindex, follow, max-snippet:-1, max-image-preview:large, max-video-preview:-1\" \/>\n<meta property=\"og:locale\" content=\"hu_HU\" \/>\n<meta property=\"og:type\" content=\"article\" \/>\n<meta property=\"og:title\" content=\"Final Approach Mallard Butt Up Floaters - 4 pcs - Lucky-Hunter\" \/>\n<meta property=\"og:description\" content=\"Super nice Butt Up Mallards at a budget-friendly price. Supplied in a pack of completely lifelike 2 drakes and 2 Hens.\" \/>\n<meta property=\"og:url\" content=\"https:\/\/staging.lucky-hunter.com\/product\/final-approach-mallard-butt-up-floaters-4-pcs\/\" \/>\n<meta property=\"og:site_name\" content=\"Lucky-Hunter\" \/>\n<meta property=\"article:modified_time\" content=\"2025-10-02T04:42:20+00:00\" \/>\n<meta property=\"og:image\" content=\"https:\/\/staging.lucky-hunter.com\/wp-content\/uploads\/2023\/08\/LF-416-1-1.png\" \/>\n\t<meta property=\"og:image:width\" content=\"1200\" \/>\n\t<meta property=\"og:image:height\" content=\"1200\" \/>\n\t<meta property=\"og:image:type\" content=\"image\/png\" \/>\n<meta name=\"twitter:card\" content=\"summary_large_image\" \/>\n<meta name=\"twitter:label1\" content=\"Becs\u00fclt olvas\u00e1si id\u0151\" \/>\n\t<meta name=\"twitter:data1\" content=\"1 perc\" \/>\n<script type=\"application\/ld+json\" class=\"yoast-schema-graph\">{\"@context\":\"https:\/\/schema.org\",\"@graph\":[{\"@type\":\"WebPage\",\"@id\":\"https:\/\/staging.lucky-hunter.com\/product\/final-approach-mallard-butt-up-floaters-4-pcs\/\",\"url\":\"https:\/\/staging.lucky-hunter.com\/product\/final-approach-mallard-butt-up-floaters-4-pcs\/\",\"name\":\"Final Approach Mallard Butt Up Floaters - 4 pcs - Lucky-Hunter\",\"isPartOf\":{\"@id\":\"https:\/\/staging.lucky-hunter.com\/#website\"},\"primaryImageOfPage\":{\"@id\":\"https:\/\/staging.lucky-hunter.com\/product\/final-approach-mallard-butt-up-floaters-4-pcs\/#primaryimage\"},\"image\":{\"@id\":\"https:\/\/staging.lucky-hunter.com\/product\/final-approach-mallard-butt-up-floaters-4-pcs\/#primaryimage\"},\"thumbnailUrl\":\"https:\/\/staging.lucky-hunter.com\/wp-content\/uploads\/2023\/08\/LF-416-1-1.png\",\"datePublished\":\"2023-08-15T12:07:34+00:00\",\"dateModified\":\"2025-10-02T04:42:20+00:00\",\"description\":\"Super nice Butt Up Mallards at a budget-friendly price. Supplied in a pack of completely lifelike 2 drakes and 2 Hens.\",\"breadcrumb\":{\"@id\":\"https:\/\/staging.lucky-hunter.com\/product\/final-approach-mallard-butt-up-floaters-4-pcs\/#breadcrumb\"},\"inLanguage\":\"hu\",\"potentialAction\":[{\"@type\":\"ReadAction\",\"target\":[\"https:\/\/staging.lucky-hunter.com\/product\/final-approach-mallard-butt-up-floaters-4-pcs\/\"]}]},{\"@type\":\"ImageObject\",\"inLanguage\":\"hu\",\"@id\":\"https:\/\/staging.lucky-hunter.com\/product\/final-approach-mallard-butt-up-floaters-4-pcs\/#primaryimage\",\"url\":\"https:\/\/staging.lucky-hunter.com\/wp-content\/uploads\/2023\/08\/LF-416-1-1.png\",\"contentUrl\":\"https:\/\/staging.lucky-hunter.com\/wp-content\/uploads\/2023\/08\/LF-416-1-1.png\",\"width\":1200,\"height\":1200},{\"@type\":\"BreadcrumbList\",\"@id\":\"https:\/\/staging.lucky-hunter.com\/product\/final-approach-mallard-butt-up-floaters-4-pcs\/#breadcrumb\",\"itemListElement\":[{\"@type\":\"ListItem\",\"position\":1,\"name\":\"Home\",\"item\":\"https:\/\/staging.lucky-hunter.com\/hu\/\"},{\"@type\":\"ListItem\",\"position\":2,\"name\":\"Shop\",\"item\":\"https:\/\/staging.lucky-hunter.com\/hu\/shop\/\"},{\"@type\":\"ListItem\",\"position\":3,\"name\":\"Final Approach Mallard Butt Up Floaters &#8211; 4 pcs\"}]},{\"@type\":\"WebSite\",\"@id\":\"https:\/\/staging.lucky-hunter.com\/#website\",\"url\":\"https:\/\/staging.lucky-hunter.com\/\",\"name\":\"Lucky-Hunter\",\"description\":\"Gear Up or Give Up\",\"potentialAction\":[{\"@type\":\"SearchAction\",\"target\":{\"@type\":\"EntryPoint\",\"urlTemplate\":\"https:\/\/staging.lucky-hunter.com\/?s={search_term_string}\"},\"query-input\":{\"@type\":\"PropertyValueSpecification\",\"valueRequired\":true,\"valueName\":\"search_term_string\"}}],\"inLanguage\":\"hu\"}]}<\/script>\n<!-- \/ Yoast SEO plugin. -->","yoast_head_json":{"title":"Final Approach Mallard Butt Up Floaters - 4 pcs - Lucky-Hunter","description":"Super nice Butt Up Mallards at a budget-friendly price. Supplied in a pack of completely lifelike 2 drakes and 2 Hens.","robots":{"index":"noindex","follow":"follow","max-snippet":"max-snippet:-1","max-image-preview":"max-image-preview:large","max-video-preview":"max-video-preview:-1"},"og_locale":"hu_HU","og_type":"article","og_title":"Final Approach Mallard Butt Up Floaters - 4 pcs - Lucky-Hunter","og_description":"Super nice Butt Up Mallards at a budget-friendly price. Supplied in a pack of completely lifelike 2 drakes and 2 Hens.","og_url":"https:\/\/staging.lucky-hunter.com\/product\/final-approach-mallard-butt-up-floaters-4-pcs\/","og_site_name":"Lucky-Hunter","article_modified_time":"2025-10-02T04:42:20+00:00","og_image":[{"width":1200,"height":1200,"url":"https:\/\/staging.lucky-hunter.com\/wp-content\/uploads\/2023\/08\/LF-416-1-1.png","type":"image\/png"}],"twitter_card":"summary_large_image","twitter_misc":{"Becs\u00fclt olvas\u00e1si id\u0151":"1 perc"},"schema":{"@context":"https:\/\/schema.org","@graph":[{"@type":"WebPage","@id":"https:\/\/staging.lucky-hunter.com\/product\/final-approach-mallard-butt-up-floaters-4-pcs\/","url":"https:\/\/staging.lucky-hunter.com\/product\/final-approach-mallard-butt-up-floaters-4-pcs\/","name":"Final Approach Mallard Butt Up Floaters - 4 pcs - Lucky-Hunter","isPartOf":{"@id":"https:\/\/staging.lucky-hunter.com\/#website"},"primaryImageOfPage":{"@id":"https:\/\/staging.lucky-hunter.com\/product\/final-approach-mallard-butt-up-floaters-4-pcs\/#primaryimage"},"image":{"@id":"https:\/\/staging.lucky-hunter.com\/product\/final-approach-mallard-butt-up-floaters-4-pcs\/#primaryimage"},"thumbnailUrl":"https:\/\/staging.lucky-hunter.com\/wp-content\/uploads\/2023\/08\/LF-416-1-1.png","datePublished":"2023-08-15T12:07:34+00:00","dateModified":"2025-10-02T04:42:20+00:00","description":"Super nice Butt Up Mallards at a budget-friendly price. Supplied in a pack of completely lifelike 2 drakes and 2 Hens.","breadcrumb":{"@id":"https:\/\/staging.lucky-hunter.com\/product\/final-approach-mallard-butt-up-floaters-4-pcs\/#breadcrumb"},"inLanguage":"hu","potentialAction":[{"@type":"ReadAction","target":["https:\/\/staging.lucky-hunter.com\/product\/final-approach-mallard-butt-up-floaters-4-pcs\/"]}]},{"@type":"ImageObject","inLanguage":"hu","@id":"https:\/\/staging.lucky-hunter.com\/product\/final-approach-mallard-butt-up-floaters-4-pcs\/#primaryimage","url":"https:\/\/staging.lucky-hunter.com\/wp-content\/uploads\/2023\/08\/LF-416-1-1.png","contentUrl":"https:\/\/staging.lucky-hunter.com\/wp-content\/uploads\/2023\/08\/LF-416-1-1.png","width":1200,"height":1200},{"@type":"BreadcrumbList","@id":"https:\/\/staging.lucky-hunter.com\/product\/final-approach-mallard-butt-up-floaters-4-pcs\/#breadcrumb","itemListElement":[{"@type":"ListItem","position":1,"name":"Home","item":"https:\/\/staging.lucky-hunter.com\/hu\/"},{"@type":"ListItem","position":2,"name":"Shop","item":"https:\/\/staging.lucky-hunter.com\/hu\/shop\/"},{"@type":"ListItem","position":3,"name":"Final Approach Mallard Butt Up Floaters &#8211; 4 pcs"}]},{"@type":"WebSite","@id":"https:\/\/staging.lucky-hunter.com\/#website","url":"https:\/\/staging.lucky-hunter.com\/","name":"Lucky-Hunter","description":"Gear Up or Give Up","potentialAction":[{"@type":"SearchAction","target":{"@type":"EntryPoint","urlTemplate":"https:\/\/staging.lucky-hunter.com\/?s={search_term_string}"},"query-input":{"@type":"PropertyValueSpecification","valueRequired":true,"valueName":"search_term_string"}}],"inLanguage":"hu"}]}},"_links":{"self":[{"href":"https:\/\/staging.lucky-hunter.com\/hu\/wp-json\/wp\/v2\/product\/62941"}],"collection":[{"href":"https:\/\/staging.lucky-hunter.com\/hu\/wp-json\/wp\/v2\/product"}],"about":[{"href":"https:\/\/staging.lucky-hunter.com\/hu\/wp-json\/wp\/v2\/types\/product"}],"wp:featuredmedia":[{"embeddable":true,"href":"https:\/\/staging.lucky-hunter.com\/hu\/wp-json\/wp\/v2\/media\/63140"}],"wp:attachment":[{"href":"https:\/\/staging.lucky-hunter.com\/hu\/wp-json\/wp\/v2\/media?parent=62941"}],"wp:term":[{"taxonomy":"product_brand","embeddable":true,"href":"https:\/\/staging.lucky-hunter.com\/hu\/wp-json\/wp\/v2\/product_brand?post=62941"},{"taxonomy":"product_cat","embeddable":true,"href":"https:\/\/staging.lucky-hunter.com\/hu\/wp-json\/wp\/v2\/product_cat?post=62941"},{"taxonomy":"product_tag","embeddable":true,"href":"https:\/\/staging.lucky-hunter.com\/hu\/wp-json\/wp\/v2\/product_tag?post=62941"}],"curies":[{"name":"wp","href":"https:\/\/api.w.org\/{rel}","templated":true}]}}