{"id":62070,"date":"2023-07-12T09:34:26","date_gmt":"2023-07-12T07:34:26","guid":{"rendered":"https:\/\/staging.lucky-hunter.com\/?post_type=product&#038;p=62070"},"modified":"2025-10-02T05:58:54","modified_gmt":"2025-10-02T03:58:54","slug":"deluxe-body-harness-hunters-specialities","status":"publish","type":"product","link":"https:\/\/staging.lucky-hunter.com\/hu\/product\/deluxe-body-harness-hunters-specialities\/","title":{"rendered":"Deluxe Body Harness &#8211; Hunters Specialities"},"content":{"rendered":"<p>This ultra-durable safety-orange body harness from Hunters Specialities frees up your arms and hands, making it easy to bring game out of the field.<\/p>\n<p>Featuring adjustable shoulder straps, sternum strap, and waist belt for proper fit, this hunting accessory enables maximum pulling power with minimal effort.<\/p>\n<p>A drag rope is included.<\/p>\n","protected":false},"excerpt":{"rendered":"<p>Ultra-durable safety-orange body harness frees up your arms and hands, making it easy to bring game out of the field.<\/p>\n","protected":false},"featured_media":62439,"template":"","meta":[],"product_brand":[82],"product_cat":[56],"product_tag":[],"yoast_head":"<!-- This site is optimized with the Yoast SEO plugin v24.3 - https:\/\/yoast.com\/wordpress\/plugins\/seo\/ -->\n<title>Deluxe Body Harness - Hunters Specialities<\/title>\n<meta name=\"description\" content=\"Ultra-durable safety-orange body harness from Hunters Specialities frees up your arms and hands, making it easy to bring game out of the field.\" \/>\n<meta name=\"robots\" content=\"noindex, follow, max-snippet:-1, max-image-preview:large, max-video-preview:-1\" \/>\n<meta property=\"og:locale\" content=\"hu_HU\" \/>\n<meta property=\"og:type\" content=\"article\" \/>\n<meta property=\"og:title\" content=\"Deluxe Body Harness - Hunters Specialities\" \/>\n<meta property=\"og:description\" content=\"Ultra-durable safety-orange body harness from Hunters Specialities frees up your arms and hands, making it easy to bring game out of the field.\" \/>\n<meta property=\"og:url\" content=\"https:\/\/staging.lucky-hunter.com\/product\/deluxe-body-harness-hunters-specialities\/\" \/>\n<meta property=\"og:site_name\" content=\"Lucky-Hunter\" \/>\n<meta property=\"article:modified_time\" content=\"2025-10-02T03:58:54+00:00\" \/>\n<meta property=\"og:image\" content=\"https:\/\/staging.lucky-hunter.com\/wp-content\/uploads\/2023\/07\/VH-65-1.png\" \/>\n\t<meta property=\"og:image:width\" content=\"1000\" \/>\n\t<meta property=\"og:image:height\" content=\"1000\" \/>\n\t<meta property=\"og:image:type\" content=\"image\/png\" \/>\n<meta name=\"twitter:card\" content=\"summary_large_image\" \/>\n<meta name=\"twitter:label1\" content=\"Becs\u00fclt olvas\u00e1si id\u0151\" \/>\n\t<meta name=\"twitter:data1\" content=\"1 perc\" \/>\n<script type=\"application\/ld+json\" class=\"yoast-schema-graph\">{\"@context\":\"https:\/\/schema.org\",\"@graph\":[{\"@type\":\"WebPage\",\"@id\":\"https:\/\/staging.lucky-hunter.com\/product\/deluxe-body-harness-hunters-specialities\/\",\"url\":\"https:\/\/staging.lucky-hunter.com\/product\/deluxe-body-harness-hunters-specialities\/\",\"name\":\"Deluxe Body Harness - Hunters Specialities\",\"isPartOf\":{\"@id\":\"https:\/\/staging.lucky-hunter.com\/#website\"},\"primaryImageOfPage\":{\"@id\":\"https:\/\/staging.lucky-hunter.com\/product\/deluxe-body-harness-hunters-specialities\/#primaryimage\"},\"image\":{\"@id\":\"https:\/\/staging.lucky-hunter.com\/product\/deluxe-body-harness-hunters-specialities\/#primaryimage\"},\"thumbnailUrl\":\"https:\/\/staging.lucky-hunter.com\/wp-content\/uploads\/2023\/07\/VH-65-1.png\",\"datePublished\":\"2023-07-12T07:34:26+00:00\",\"dateModified\":\"2025-10-02T03:58:54+00:00\",\"description\":\"Ultra-durable safety-orange body harness from Hunters Specialities frees up your arms and hands, making it easy to bring game out of the field.\",\"breadcrumb\":{\"@id\":\"https:\/\/staging.lucky-hunter.com\/product\/deluxe-body-harness-hunters-specialities\/#breadcrumb\"},\"inLanguage\":\"hu\",\"potentialAction\":[{\"@type\":\"ReadAction\",\"target\":[\"https:\/\/staging.lucky-hunter.com\/product\/deluxe-body-harness-hunters-specialities\/\"]}]},{\"@type\":\"ImageObject\",\"inLanguage\":\"hu\",\"@id\":\"https:\/\/staging.lucky-hunter.com\/product\/deluxe-body-harness-hunters-specialities\/#primaryimage\",\"url\":\"https:\/\/staging.lucky-hunter.com\/wp-content\/uploads\/2023\/07\/VH-65-1.png\",\"contentUrl\":\"https:\/\/staging.lucky-hunter.com\/wp-content\/uploads\/2023\/07\/VH-65-1.png\",\"width\":1000,\"height\":1000},{\"@type\":\"BreadcrumbList\",\"@id\":\"https:\/\/staging.lucky-hunter.com\/product\/deluxe-body-harness-hunters-specialities\/#breadcrumb\",\"itemListElement\":[{\"@type\":\"ListItem\",\"position\":1,\"name\":\"Home\",\"item\":\"https:\/\/staging.lucky-hunter.com\/hu\/\"},{\"@type\":\"ListItem\",\"position\":2,\"name\":\"Shop\",\"item\":\"https:\/\/staging.lucky-hunter.com\/hu\/shop\/\"},{\"@type\":\"ListItem\",\"position\":3,\"name\":\"Deluxe Body Harness &#8211; Hunters Specialities\"}]},{\"@type\":\"WebSite\",\"@id\":\"https:\/\/staging.lucky-hunter.com\/#website\",\"url\":\"https:\/\/staging.lucky-hunter.com\/\",\"name\":\"Lucky-Hunter\",\"description\":\"Gear Up or Give Up\",\"potentialAction\":[{\"@type\":\"SearchAction\",\"target\":{\"@type\":\"EntryPoint\",\"urlTemplate\":\"https:\/\/staging.lucky-hunter.com\/?s={search_term_string}\"},\"query-input\":{\"@type\":\"PropertyValueSpecification\",\"valueRequired\":true,\"valueName\":\"search_term_string\"}}],\"inLanguage\":\"hu\"}]}<\/script>\n<!-- \/ Yoast SEO plugin. -->","yoast_head_json":{"title":"Deluxe Body Harness - Hunters Specialities","description":"Ultra-durable safety-orange body harness from Hunters Specialities frees up your arms and hands, making it easy to bring game out of the field.","robots":{"index":"noindex","follow":"follow","max-snippet":"max-snippet:-1","max-image-preview":"max-image-preview:large","max-video-preview":"max-video-preview:-1"},"og_locale":"hu_HU","og_type":"article","og_title":"Deluxe Body Harness - Hunters Specialities","og_description":"Ultra-durable safety-orange body harness from Hunters Specialities frees up your arms and hands, making it easy to bring game out of the field.","og_url":"https:\/\/staging.lucky-hunter.com\/product\/deluxe-body-harness-hunters-specialities\/","og_site_name":"Lucky-Hunter","article_modified_time":"2025-10-02T03:58:54+00:00","og_image":[{"width":1000,"height":1000,"url":"https:\/\/staging.lucky-hunter.com\/wp-content\/uploads\/2023\/07\/VH-65-1.png","type":"image\/png"}],"twitter_card":"summary_large_image","twitter_misc":{"Becs\u00fclt olvas\u00e1si id\u0151":"1 perc"},"schema":{"@context":"https:\/\/schema.org","@graph":[{"@type":"WebPage","@id":"https:\/\/staging.lucky-hunter.com\/product\/deluxe-body-harness-hunters-specialities\/","url":"https:\/\/staging.lucky-hunter.com\/product\/deluxe-body-harness-hunters-specialities\/","name":"Deluxe Body Harness - Hunters Specialities","isPartOf":{"@id":"https:\/\/staging.lucky-hunter.com\/#website"},"primaryImageOfPage":{"@id":"https:\/\/staging.lucky-hunter.com\/product\/deluxe-body-harness-hunters-specialities\/#primaryimage"},"image":{"@id":"https:\/\/staging.lucky-hunter.com\/product\/deluxe-body-harness-hunters-specialities\/#primaryimage"},"thumbnailUrl":"https:\/\/staging.lucky-hunter.com\/wp-content\/uploads\/2023\/07\/VH-65-1.png","datePublished":"2023-07-12T07:34:26+00:00","dateModified":"2025-10-02T03:58:54+00:00","description":"Ultra-durable safety-orange body harness from Hunters Specialities frees up your arms and hands, making it easy to bring game out of the field.","breadcrumb":{"@id":"https:\/\/staging.lucky-hunter.com\/product\/deluxe-body-harness-hunters-specialities\/#breadcrumb"},"inLanguage":"hu","potentialAction":[{"@type":"ReadAction","target":["https:\/\/staging.lucky-hunter.com\/product\/deluxe-body-harness-hunters-specialities\/"]}]},{"@type":"ImageObject","inLanguage":"hu","@id":"https:\/\/staging.lucky-hunter.com\/product\/deluxe-body-harness-hunters-specialities\/#primaryimage","url":"https:\/\/staging.lucky-hunter.com\/wp-content\/uploads\/2023\/07\/VH-65-1.png","contentUrl":"https:\/\/staging.lucky-hunter.com\/wp-content\/uploads\/2023\/07\/VH-65-1.png","width":1000,"height":1000},{"@type":"BreadcrumbList","@id":"https:\/\/staging.lucky-hunter.com\/product\/deluxe-body-harness-hunters-specialities\/#breadcrumb","itemListElement":[{"@type":"ListItem","position":1,"name":"Home","item":"https:\/\/staging.lucky-hunter.com\/hu\/"},{"@type":"ListItem","position":2,"name":"Shop","item":"https:\/\/staging.lucky-hunter.com\/hu\/shop\/"},{"@type":"ListItem","position":3,"name":"Deluxe Body Harness &#8211; Hunters Specialities"}]},{"@type":"WebSite","@id":"https:\/\/staging.lucky-hunter.com\/#website","url":"https:\/\/staging.lucky-hunter.com\/","name":"Lucky-Hunter","description":"Gear Up or Give Up","potentialAction":[{"@type":"SearchAction","target":{"@type":"EntryPoint","urlTemplate":"https:\/\/staging.lucky-hunter.com\/?s={search_term_string}"},"query-input":{"@type":"PropertyValueSpecification","valueRequired":true,"valueName":"search_term_string"}}],"inLanguage":"hu"}]}},"_links":{"self":[{"href":"https:\/\/staging.lucky-hunter.com\/hu\/wp-json\/wp\/v2\/product\/62070"}],"collection":[{"href":"https:\/\/staging.lucky-hunter.com\/hu\/wp-json\/wp\/v2\/product"}],"about":[{"href":"https:\/\/staging.lucky-hunter.com\/hu\/wp-json\/wp\/v2\/types\/product"}],"wp:featuredmedia":[{"embeddable":true,"href":"https:\/\/staging.lucky-hunter.com\/hu\/wp-json\/wp\/v2\/media\/62439"}],"wp:attachment":[{"href":"https:\/\/staging.lucky-hunter.com\/hu\/wp-json\/wp\/v2\/media?parent=62070"}],"wp:term":[{"taxonomy":"product_brand","embeddable":true,"href":"https:\/\/staging.lucky-hunter.com\/hu\/wp-json\/wp\/v2\/product_brand?post=62070"},{"taxonomy":"product_cat","embeddable":true,"href":"https:\/\/staging.lucky-hunter.com\/hu\/wp-json\/wp\/v2\/product_cat?post=62070"},{"taxonomy":"product_tag","embeddable":true,"href":"https:\/\/staging.lucky-hunter.com\/hu\/wp-json\/wp\/v2\/product_tag?post=62070"}],"curies":[{"name":"wp","href":"https:\/\/api.w.org\/{rel}","templated":true}]}}