{"id":61915,"date":"2023-07-19T00:45:25","date_gmt":"2023-07-18T22:45:25","guid":{"rendered":"https:\/\/staging.lucky-hunter.com\/?post_type=product&#038;p=61915"},"modified":"2025-10-02T06:33:18","modified_gmt":"2025-10-02T04:33:18","slug":"game-cleaning-gloves-with-towelette","status":"publish","type":"product","link":"https:\/\/staging.lucky-hunter.com\/hu\/product\/game-cleaning-gloves-with-towelette\/","title":{"rendered":"Game Cleaning Gloves with Towelette"},"content":{"rendered":"<div>Practical long cleaning gloves from American HME (Hunting Made Easy), which ensure hygienic handling of the dead game.<\/div>\n<div><\/div>\n<div>The gloves have a good fit and are finished with an elastic band so that they sit tightly and securely around the upper arm.<\/div>\n<div><\/div>\n<div>Supplied with a pair of thin disposable gloves and a disinfecting wipe in a sealed bag.<\/div>\n","protected":false},"excerpt":{"rendered":"<p>Practical long cleaning gloves from American HME (Hunting Made Easy), which ensure hygienic handling of the dead game.<\/p>\n","protected":false},"featured_media":63889,"template":"","meta":[],"product_brand":[9516],"product_cat":[8755],"product_tag":[],"yoast_head":"<!-- This site is optimized with the Yoast SEO plugin v24.3 - https:\/\/yoast.com\/wordpress\/plugins\/seo\/ -->\n<title>Game Cleaning Gloves with Towelette<\/title>\n<meta name=\"description\" content=\"Practical long cleaning gloves from American HME (Hunting Made Easy), which ensure hygienic handling of the dead game.\" \/>\n<meta name=\"robots\" content=\"noindex, follow, max-snippet:-1, max-image-preview:large, max-video-preview:-1\" \/>\n<meta property=\"og:locale\" content=\"hu_HU\" \/>\n<meta property=\"og:type\" content=\"article\" \/>\n<meta property=\"og:title\" content=\"Game Cleaning Gloves with Towelette\" \/>\n<meta property=\"og:description\" content=\"Practical long cleaning gloves from American HME (Hunting Made Easy), which ensure hygienic handling of the dead game.\" \/>\n<meta property=\"og:url\" content=\"https:\/\/staging.lucky-hunter.com\/product\/game-cleaning-gloves-with-towelette\/\" \/>\n<meta property=\"og:site_name\" content=\"Lucky-Hunter\" \/>\n<meta property=\"article:modified_time\" content=\"2025-10-02T04:33:18+00:00\" \/>\n<meta property=\"og:image\" content=\"https:\/\/staging.lucky-hunter.com\/wp-content\/uploads\/2023\/07\/VH-71-1000.png\" \/>\n\t<meta property=\"og:image:width\" content=\"1000\" \/>\n\t<meta property=\"og:image:height\" content=\"1000\" \/>\n\t<meta property=\"og:image:type\" content=\"image\/png\" \/>\n<meta name=\"twitter:card\" content=\"summary_large_image\" \/>\n<meta name=\"twitter:label1\" content=\"Becs\u00fclt olvas\u00e1si id\u0151\" \/>\n\t<meta name=\"twitter:data1\" content=\"1 perc\" \/>\n<script type=\"application\/ld+json\" class=\"yoast-schema-graph\">{\"@context\":\"https:\/\/schema.org\",\"@graph\":[{\"@type\":\"WebPage\",\"@id\":\"https:\/\/staging.lucky-hunter.com\/product\/game-cleaning-gloves-with-towelette\/\",\"url\":\"https:\/\/staging.lucky-hunter.com\/product\/game-cleaning-gloves-with-towelette\/\",\"name\":\"Game Cleaning Gloves with Towelette\",\"isPartOf\":{\"@id\":\"https:\/\/staging.lucky-hunter.com\/#website\"},\"primaryImageOfPage\":{\"@id\":\"https:\/\/staging.lucky-hunter.com\/product\/game-cleaning-gloves-with-towelette\/#primaryimage\"},\"image\":{\"@id\":\"https:\/\/staging.lucky-hunter.com\/product\/game-cleaning-gloves-with-towelette\/#primaryimage\"},\"thumbnailUrl\":\"https:\/\/staging.lucky-hunter.com\/wp-content\/uploads\/2023\/07\/VH-71-1000.png\",\"datePublished\":\"2023-07-18T22:45:25+00:00\",\"dateModified\":\"2025-10-02T04:33:18+00:00\",\"description\":\"Practical long cleaning gloves from American HME (Hunting Made Easy), which ensure hygienic handling of the dead game.\",\"breadcrumb\":{\"@id\":\"https:\/\/staging.lucky-hunter.com\/product\/game-cleaning-gloves-with-towelette\/#breadcrumb\"},\"inLanguage\":\"hu\",\"potentialAction\":[{\"@type\":\"ReadAction\",\"target\":[\"https:\/\/staging.lucky-hunter.com\/product\/game-cleaning-gloves-with-towelette\/\"]}]},{\"@type\":\"ImageObject\",\"inLanguage\":\"hu\",\"@id\":\"https:\/\/staging.lucky-hunter.com\/product\/game-cleaning-gloves-with-towelette\/#primaryimage\",\"url\":\"https:\/\/staging.lucky-hunter.com\/wp-content\/uploads\/2023\/07\/VH-71-1000.png\",\"contentUrl\":\"https:\/\/staging.lucky-hunter.com\/wp-content\/uploads\/2023\/07\/VH-71-1000.png\",\"width\":1000,\"height\":1000},{\"@type\":\"BreadcrumbList\",\"@id\":\"https:\/\/staging.lucky-hunter.com\/product\/game-cleaning-gloves-with-towelette\/#breadcrumb\",\"itemListElement\":[{\"@type\":\"ListItem\",\"position\":1,\"name\":\"Home\",\"item\":\"https:\/\/staging.lucky-hunter.com\/hu\/\"},{\"@type\":\"ListItem\",\"position\":2,\"name\":\"Shop\",\"item\":\"https:\/\/staging.lucky-hunter.com\/hu\/shop\/\"},{\"@type\":\"ListItem\",\"position\":3,\"name\":\"Game Cleaning Gloves with Towelette\"}]},{\"@type\":\"WebSite\",\"@id\":\"https:\/\/staging.lucky-hunter.com\/#website\",\"url\":\"https:\/\/staging.lucky-hunter.com\/\",\"name\":\"Lucky-Hunter\",\"description\":\"Gear Up or Give Up\",\"potentialAction\":[{\"@type\":\"SearchAction\",\"target\":{\"@type\":\"EntryPoint\",\"urlTemplate\":\"https:\/\/staging.lucky-hunter.com\/?s={search_term_string}\"},\"query-input\":{\"@type\":\"PropertyValueSpecification\",\"valueRequired\":true,\"valueName\":\"search_term_string\"}}],\"inLanguage\":\"hu\"}]}<\/script>\n<!-- \/ Yoast SEO plugin. -->","yoast_head_json":{"title":"Game Cleaning Gloves with Towelette","description":"Practical long cleaning gloves from American HME (Hunting Made Easy), which ensure hygienic handling of the dead game.","robots":{"index":"noindex","follow":"follow","max-snippet":"max-snippet:-1","max-image-preview":"max-image-preview:large","max-video-preview":"max-video-preview:-1"},"og_locale":"hu_HU","og_type":"article","og_title":"Game Cleaning Gloves with Towelette","og_description":"Practical long cleaning gloves from American HME (Hunting Made Easy), which ensure hygienic handling of the dead game.","og_url":"https:\/\/staging.lucky-hunter.com\/product\/game-cleaning-gloves-with-towelette\/","og_site_name":"Lucky-Hunter","article_modified_time":"2025-10-02T04:33:18+00:00","og_image":[{"width":1000,"height":1000,"url":"https:\/\/staging.lucky-hunter.com\/wp-content\/uploads\/2023\/07\/VH-71-1000.png","type":"image\/png"}],"twitter_card":"summary_large_image","twitter_misc":{"Becs\u00fclt olvas\u00e1si id\u0151":"1 perc"},"schema":{"@context":"https:\/\/schema.org","@graph":[{"@type":"WebPage","@id":"https:\/\/staging.lucky-hunter.com\/product\/game-cleaning-gloves-with-towelette\/","url":"https:\/\/staging.lucky-hunter.com\/product\/game-cleaning-gloves-with-towelette\/","name":"Game Cleaning Gloves with Towelette","isPartOf":{"@id":"https:\/\/staging.lucky-hunter.com\/#website"},"primaryImageOfPage":{"@id":"https:\/\/staging.lucky-hunter.com\/product\/game-cleaning-gloves-with-towelette\/#primaryimage"},"image":{"@id":"https:\/\/staging.lucky-hunter.com\/product\/game-cleaning-gloves-with-towelette\/#primaryimage"},"thumbnailUrl":"https:\/\/staging.lucky-hunter.com\/wp-content\/uploads\/2023\/07\/VH-71-1000.png","datePublished":"2023-07-18T22:45:25+00:00","dateModified":"2025-10-02T04:33:18+00:00","description":"Practical long cleaning gloves from American HME (Hunting Made Easy), which ensure hygienic handling of the dead game.","breadcrumb":{"@id":"https:\/\/staging.lucky-hunter.com\/product\/game-cleaning-gloves-with-towelette\/#breadcrumb"},"inLanguage":"hu","potentialAction":[{"@type":"ReadAction","target":["https:\/\/staging.lucky-hunter.com\/product\/game-cleaning-gloves-with-towelette\/"]}]},{"@type":"ImageObject","inLanguage":"hu","@id":"https:\/\/staging.lucky-hunter.com\/product\/game-cleaning-gloves-with-towelette\/#primaryimage","url":"https:\/\/staging.lucky-hunter.com\/wp-content\/uploads\/2023\/07\/VH-71-1000.png","contentUrl":"https:\/\/staging.lucky-hunter.com\/wp-content\/uploads\/2023\/07\/VH-71-1000.png","width":1000,"height":1000},{"@type":"BreadcrumbList","@id":"https:\/\/staging.lucky-hunter.com\/product\/game-cleaning-gloves-with-towelette\/#breadcrumb","itemListElement":[{"@type":"ListItem","position":1,"name":"Home","item":"https:\/\/staging.lucky-hunter.com\/hu\/"},{"@type":"ListItem","position":2,"name":"Shop","item":"https:\/\/staging.lucky-hunter.com\/hu\/shop\/"},{"@type":"ListItem","position":3,"name":"Game Cleaning Gloves with Towelette"}]},{"@type":"WebSite","@id":"https:\/\/staging.lucky-hunter.com\/#website","url":"https:\/\/staging.lucky-hunter.com\/","name":"Lucky-Hunter","description":"Gear Up or Give Up","potentialAction":[{"@type":"SearchAction","target":{"@type":"EntryPoint","urlTemplate":"https:\/\/staging.lucky-hunter.com\/?s={search_term_string}"},"query-input":{"@type":"PropertyValueSpecification","valueRequired":true,"valueName":"search_term_string"}}],"inLanguage":"hu"}]}},"_links":{"self":[{"href":"https:\/\/staging.lucky-hunter.com\/hu\/wp-json\/wp\/v2\/product\/61915"}],"collection":[{"href":"https:\/\/staging.lucky-hunter.com\/hu\/wp-json\/wp\/v2\/product"}],"about":[{"href":"https:\/\/staging.lucky-hunter.com\/hu\/wp-json\/wp\/v2\/types\/product"}],"wp:featuredmedia":[{"embeddable":true,"href":"https:\/\/staging.lucky-hunter.com\/hu\/wp-json\/wp\/v2\/media\/63889"}],"wp:attachment":[{"href":"https:\/\/staging.lucky-hunter.com\/hu\/wp-json\/wp\/v2\/media?parent=61915"}],"wp:term":[{"taxonomy":"product_brand","embeddable":true,"href":"https:\/\/staging.lucky-hunter.com\/hu\/wp-json\/wp\/v2\/product_brand?post=61915"},{"taxonomy":"product_cat","embeddable":true,"href":"https:\/\/staging.lucky-hunter.com\/hu\/wp-json\/wp\/v2\/product_cat?post=61915"},{"taxonomy":"product_tag","embeddable":true,"href":"https:\/\/staging.lucky-hunter.com\/hu\/wp-json\/wp\/v2\/product_tag?post=61915"}],"curies":[{"name":"wp","href":"https:\/\/api.w.org\/{rel}","templated":true}]}}