{"id":61071,"date":"2023-06-01T13:52:09","date_gmt":"2023-06-01T11:52:09","guid":{"rendered":"https:\/\/staging.lucky-hunter.com\/?post_type=product&#038;p=61071"},"modified":"2025-10-02T06:12:08","modified_gmt":"2025-10-02T04:12:08","slug":"higdon-pintails-6pcs","status":"publish","type":"product","link":"https:\/\/staging.lucky-hunter.com\/hu\/product\/higdon-pintails-6pcs\/","title":{"rendered":"Higdon Pintails &#8211; 6 pcs"},"content":{"rendered":"<h1><strong>Very durable foam-filled decoys from Higdon<\/strong><\/h1>\n<p><strong>Higdon pintails features<\/strong><\/p>\n<p>\u2022 Foam-filled<br \/>\n\u2022 Weighted keel<br \/>\n\u2022 Multiple head postures<br \/>\n\u2022 Lightweight and packable<br \/>\n\u2022 Realistic details for finishing birds<br \/>\n\u2022 Short-stringing keel design<br \/>\n\u2022 Official Decoy of Ducks Unlimited<\/p>\n<p>Introducing the Higdon Pintails Decoys. Crafted with meticulous attention to detail, these decoys are designed to replicate the lifelike appearance and movements of real pintail ducks. Featuring a lifelike paint scheme and durable construction, they are built to withstand harsh outdoor conditions. The weighted keel allows you to create realistic movements on the water to attract nearby waterfowl. With their lightweight design, these decoys are easy to transport and set up in your desired hunting location.<\/p>\n<p>&nbsp;<\/p>\n","protected":false},"excerpt":{"rendered":"<p>These Higdon pintails decoys are designed to replicate the lifelike appearance and movements of real pintail ducks<\/p>\n","protected":false},"featured_media":61080,"template":"","meta":[],"product_brand":[9553],"product_cat":[8497],"product_tag":[],"yoast_head":"<!-- This site is optimized with the Yoast SEO plugin v24.3 - https:\/\/yoast.com\/wordpress\/plugins\/seo\/ -->\n<title>Higdon Pintails - 6 pcs - Lucky-Hunter<\/title>\n<meta name=\"description\" content=\"These Higdon pintails decoys are designed to replicate the lifelike appearance and movements of real pintail ducks - See them at Lucky-hunter.com\" \/>\n<meta name=\"robots\" content=\"noindex, follow, max-snippet:-1, max-image-preview:large, max-video-preview:-1\" \/>\n<meta property=\"og:locale\" content=\"hu_HU\" \/>\n<meta property=\"og:type\" content=\"article\" \/>\n<meta property=\"og:title\" content=\"Higdon Pintails - 6 pcs - Lucky-Hunter\" \/>\n<meta property=\"og:description\" content=\"These Higdon pintails decoys are designed to replicate the lifelike appearance and movements of real pintail ducks - See them at Lucky-hunter.com\" \/>\n<meta property=\"og:url\" content=\"https:\/\/staging.lucky-hunter.com\/product\/higdon-pintails-6pcs\/\" \/>\n<meta property=\"og:site_name\" content=\"Lucky-Hunter\" \/>\n<meta property=\"article:modified_time\" content=\"2025-10-02T04:12:08+00:00\" \/>\n<meta property=\"og:image\" content=\"https:\/\/staging.lucky-hunter.com\/wp-content\/uploads\/2023\/06\/LF-800.png\" \/>\n\t<meta property=\"og:image:width\" content=\"1000\" \/>\n\t<meta property=\"og:image:height\" content=\"1000\" \/>\n\t<meta property=\"og:image:type\" content=\"image\/png\" \/>\n<meta name=\"twitter:card\" content=\"summary_large_image\" \/>\n<meta name=\"twitter:label1\" content=\"Becs\u00fclt olvas\u00e1si id\u0151\" \/>\n\t<meta name=\"twitter:data1\" content=\"1 perc\" \/>\n<script type=\"application\/ld+json\" class=\"yoast-schema-graph\">{\"@context\":\"https:\/\/schema.org\",\"@graph\":[{\"@type\":\"WebPage\",\"@id\":\"https:\/\/staging.lucky-hunter.com\/product\/higdon-pintails-6pcs\/\",\"url\":\"https:\/\/staging.lucky-hunter.com\/product\/higdon-pintails-6pcs\/\",\"name\":\"Higdon Pintails - 6 pcs - Lucky-Hunter\",\"isPartOf\":{\"@id\":\"https:\/\/staging.lucky-hunter.com\/#website\"},\"primaryImageOfPage\":{\"@id\":\"https:\/\/staging.lucky-hunter.com\/product\/higdon-pintails-6pcs\/#primaryimage\"},\"image\":{\"@id\":\"https:\/\/staging.lucky-hunter.com\/product\/higdon-pintails-6pcs\/#primaryimage\"},\"thumbnailUrl\":\"https:\/\/staging.lucky-hunter.com\/wp-content\/uploads\/2023\/06\/LF-800.png\",\"datePublished\":\"2023-06-01T11:52:09+00:00\",\"dateModified\":\"2025-10-02T04:12:08+00:00\",\"description\":\"These Higdon pintails decoys are designed to replicate the lifelike appearance and movements of real pintail ducks - See them at Lucky-hunter.com\",\"breadcrumb\":{\"@id\":\"https:\/\/staging.lucky-hunter.com\/product\/higdon-pintails-6pcs\/#breadcrumb\"},\"inLanguage\":\"hu\",\"potentialAction\":[{\"@type\":\"ReadAction\",\"target\":[\"https:\/\/staging.lucky-hunter.com\/product\/higdon-pintails-6pcs\/\"]}]},{\"@type\":\"ImageObject\",\"inLanguage\":\"hu\",\"@id\":\"https:\/\/staging.lucky-hunter.com\/product\/higdon-pintails-6pcs\/#primaryimage\",\"url\":\"https:\/\/staging.lucky-hunter.com\/wp-content\/uploads\/2023\/06\/LF-800.png\",\"contentUrl\":\"https:\/\/staging.lucky-hunter.com\/wp-content\/uploads\/2023\/06\/LF-800.png\",\"width\":1000,\"height\":1000,\"caption\":\"Higdon Pintails\"},{\"@type\":\"BreadcrumbList\",\"@id\":\"https:\/\/staging.lucky-hunter.com\/product\/higdon-pintails-6pcs\/#breadcrumb\",\"itemListElement\":[{\"@type\":\"ListItem\",\"position\":1,\"name\":\"Home\",\"item\":\"https:\/\/staging.lucky-hunter.com\/hu\/\"},{\"@type\":\"ListItem\",\"position\":2,\"name\":\"Shop\",\"item\":\"https:\/\/staging.lucky-hunter.com\/hu\/shop\/\"},{\"@type\":\"ListItem\",\"position\":3,\"name\":\"Higdon Pintails &#8211; 6 pcs\"}]},{\"@type\":\"WebSite\",\"@id\":\"https:\/\/staging.lucky-hunter.com\/#website\",\"url\":\"https:\/\/staging.lucky-hunter.com\/\",\"name\":\"Lucky-Hunter\",\"description\":\"Gear Up or Give Up\",\"potentialAction\":[{\"@type\":\"SearchAction\",\"target\":{\"@type\":\"EntryPoint\",\"urlTemplate\":\"https:\/\/staging.lucky-hunter.com\/?s={search_term_string}\"},\"query-input\":{\"@type\":\"PropertyValueSpecification\",\"valueRequired\":true,\"valueName\":\"search_term_string\"}}],\"inLanguage\":\"hu\"}]}<\/script>\n<!-- \/ Yoast SEO plugin. -->","yoast_head_json":{"title":"Higdon Pintails - 6 pcs - Lucky-Hunter","description":"These Higdon pintails decoys are designed to replicate the lifelike appearance and movements of real pintail ducks - See them at Lucky-hunter.com","robots":{"index":"noindex","follow":"follow","max-snippet":"max-snippet:-1","max-image-preview":"max-image-preview:large","max-video-preview":"max-video-preview:-1"},"og_locale":"hu_HU","og_type":"article","og_title":"Higdon Pintails - 6 pcs - Lucky-Hunter","og_description":"These Higdon pintails decoys are designed to replicate the lifelike appearance and movements of real pintail ducks - See them at Lucky-hunter.com","og_url":"https:\/\/staging.lucky-hunter.com\/product\/higdon-pintails-6pcs\/","og_site_name":"Lucky-Hunter","article_modified_time":"2025-10-02T04:12:08+00:00","og_image":[{"width":1000,"height":1000,"url":"https:\/\/staging.lucky-hunter.com\/wp-content\/uploads\/2023\/06\/LF-800.png","type":"image\/png"}],"twitter_card":"summary_large_image","twitter_misc":{"Becs\u00fclt olvas\u00e1si id\u0151":"1 perc"},"schema":{"@context":"https:\/\/schema.org","@graph":[{"@type":"WebPage","@id":"https:\/\/staging.lucky-hunter.com\/product\/higdon-pintails-6pcs\/","url":"https:\/\/staging.lucky-hunter.com\/product\/higdon-pintails-6pcs\/","name":"Higdon Pintails - 6 pcs - Lucky-Hunter","isPartOf":{"@id":"https:\/\/staging.lucky-hunter.com\/#website"},"primaryImageOfPage":{"@id":"https:\/\/staging.lucky-hunter.com\/product\/higdon-pintails-6pcs\/#primaryimage"},"image":{"@id":"https:\/\/staging.lucky-hunter.com\/product\/higdon-pintails-6pcs\/#primaryimage"},"thumbnailUrl":"https:\/\/staging.lucky-hunter.com\/wp-content\/uploads\/2023\/06\/LF-800.png","datePublished":"2023-06-01T11:52:09+00:00","dateModified":"2025-10-02T04:12:08+00:00","description":"These Higdon pintails decoys are designed to replicate the lifelike appearance and movements of real pintail ducks - See them at Lucky-hunter.com","breadcrumb":{"@id":"https:\/\/staging.lucky-hunter.com\/product\/higdon-pintails-6pcs\/#breadcrumb"},"inLanguage":"hu","potentialAction":[{"@type":"ReadAction","target":["https:\/\/staging.lucky-hunter.com\/product\/higdon-pintails-6pcs\/"]}]},{"@type":"ImageObject","inLanguage":"hu","@id":"https:\/\/staging.lucky-hunter.com\/product\/higdon-pintails-6pcs\/#primaryimage","url":"https:\/\/staging.lucky-hunter.com\/wp-content\/uploads\/2023\/06\/LF-800.png","contentUrl":"https:\/\/staging.lucky-hunter.com\/wp-content\/uploads\/2023\/06\/LF-800.png","width":1000,"height":1000,"caption":"Higdon Pintails"},{"@type":"BreadcrumbList","@id":"https:\/\/staging.lucky-hunter.com\/product\/higdon-pintails-6pcs\/#breadcrumb","itemListElement":[{"@type":"ListItem","position":1,"name":"Home","item":"https:\/\/staging.lucky-hunter.com\/hu\/"},{"@type":"ListItem","position":2,"name":"Shop","item":"https:\/\/staging.lucky-hunter.com\/hu\/shop\/"},{"@type":"ListItem","position":3,"name":"Higdon Pintails &#8211; 6 pcs"}]},{"@type":"WebSite","@id":"https:\/\/staging.lucky-hunter.com\/#website","url":"https:\/\/staging.lucky-hunter.com\/","name":"Lucky-Hunter","description":"Gear Up or Give Up","potentialAction":[{"@type":"SearchAction","target":{"@type":"EntryPoint","urlTemplate":"https:\/\/staging.lucky-hunter.com\/?s={search_term_string}"},"query-input":{"@type":"PropertyValueSpecification","valueRequired":true,"valueName":"search_term_string"}}],"inLanguage":"hu"}]}},"_links":{"self":[{"href":"https:\/\/staging.lucky-hunter.com\/hu\/wp-json\/wp\/v2\/product\/61071"}],"collection":[{"href":"https:\/\/staging.lucky-hunter.com\/hu\/wp-json\/wp\/v2\/product"}],"about":[{"href":"https:\/\/staging.lucky-hunter.com\/hu\/wp-json\/wp\/v2\/types\/product"}],"wp:featuredmedia":[{"embeddable":true,"href":"https:\/\/staging.lucky-hunter.com\/hu\/wp-json\/wp\/v2\/media\/61080"}],"wp:attachment":[{"href":"https:\/\/staging.lucky-hunter.com\/hu\/wp-json\/wp\/v2\/media?parent=61071"}],"wp:term":[{"taxonomy":"product_brand","embeddable":true,"href":"https:\/\/staging.lucky-hunter.com\/hu\/wp-json\/wp\/v2\/product_brand?post=61071"},{"taxonomy":"product_cat","embeddable":true,"href":"https:\/\/staging.lucky-hunter.com\/hu\/wp-json\/wp\/v2\/product_cat?post=61071"},{"taxonomy":"product_tag","embeddable":true,"href":"https:\/\/staging.lucky-hunter.com\/hu\/wp-json\/wp\/v2\/product_tag?post=61071"}],"curies":[{"name":"wp","href":"https:\/\/api.w.org\/{rel}","templated":true}]}}