{"id":61012,"date":"2023-06-01T08:51:15","date_gmt":"2023-06-01T06:51:15","guid":{"rendered":"https:\/\/staging.lucky-hunter.com\/?post_type=product&#038;p=61012"},"modified":"2025-10-02T05:56:47","modified_gmt":"2025-10-02T03:56:47","slug":"big-als-crane-silhouettes-x12","status":"publish","type":"product","link":"https:\/\/staging.lucky-hunter.com\/hu\/product\/big-als-crane-silhouettes-x12\/","title":{"rendered":"Crane Silhouettes 12 pcs &#8211; Big Al&#8217;s"},"content":{"rendered":"<h1>Wildly effective decoys for crane hunting<\/h1>\n<ul>\n<li>12 Decoys Per Pack<\/li>\n<li>(2) Alerts<\/li>\n<li>(6) Feeders<\/li>\n<li>(4) Searchers<br \/>\n(12) 86cm Long Heavy 8 Gauge Spring Steel Thru body stakes powder coated black paint<\/li>\n<\/ul>\n<p>Introducing the &#8220;Big Al&#8217;s Sandhill Crane Silhouettes,&#8221; a must-have for any crane hunter. This pack includes 12 meticulously designed decoys that perfectly mimic the appearance of Sandhill Cranes, providing you with a realistic and effective hunting experience.<\/p>\n<p>Each pack features a well-balanced combination of (2) alert decoys, (6) feeder decoys, and (4) searcher decoys, ensuring a diverse spread that attracts the attention of Cranes in various situations. The decoys measure a generous 86cm in length, providing an impressive silhouette in the field.<\/p>\n<p>Crafted from heavy 8-gauge spring steel, the through-body stakes are powder coated with black paint, ensuring durability and stability even in harsh weather conditions. The decoys feature two-sided printing on extra thick 5mm fluted waterproof plastic, which is designed to withstand outdoor elements. The use of outdoor-grade inks and an ultra-matte overprint guarantees years of usage without fading or deterioration.<\/p>\n<p>For a lifelike and reliable hunting experience, trust &#8220;Big Al&#8217;s Sandhill Crane Silhouettes&#8221; to help you attract and bag your next big game.<\/p>\n","protected":false},"excerpt":{"rendered":"<p>If you are looking for the perfect decoy for hunting cranes or for use in goose hunting, Big Al&#8217;s Crane decoys is what you are looking for<\/p>\n","protected":false},"featured_media":61013,"template":"","meta":[],"product_brand":[6363],"product_cat":[65],"product_tag":[],"yoast_head":"<!-- This site is optimized with the Yoast SEO plugin v24.3 - https:\/\/yoast.com\/wordpress\/plugins\/seo\/ -->\n<title>Crane Silhouettes 12 pcs - Big Al&#039;s | Lucky-hunter.com<\/title>\n<meta name=\"description\" content=\"If you are looking for the perfect decoy for hunting cranes or for use in goose hunting, Big Al&#039;s Crane decoys is what you are looking for\" \/>\n<meta name=\"robots\" content=\"noindex, follow, max-snippet:-1, max-image-preview:large, max-video-preview:-1\" \/>\n<meta property=\"og:locale\" content=\"hu_HU\" \/>\n<meta property=\"og:type\" content=\"article\" \/>\n<meta property=\"og:title\" content=\"Crane Silhouettes 12 pcs - Big Al&#039;s | Lucky-hunter.com\" \/>\n<meta property=\"og:description\" content=\"If you are looking for the perfect decoy for hunting cranes or for use in goose hunting, Big Al&#039;s Crane decoys is what you are looking for\" \/>\n<meta property=\"og:url\" content=\"https:\/\/staging.lucky-hunter.com\/product\/big-als-crane-silhouettes-x12\/\" \/>\n<meta property=\"og:site_name\" content=\"Lucky-Hunter\" \/>\n<meta property=\"article:modified_time\" content=\"2025-10-02T03:56:47+00:00\" \/>\n<meta property=\"og:image\" content=\"https:\/\/staging.lucky-hunter.com\/wp-content\/uploads\/2023\/06\/LF-626.png\" \/>\n\t<meta property=\"og:image:width\" content=\"1000\" \/>\n\t<meta property=\"og:image:height\" content=\"1000\" \/>\n\t<meta property=\"og:image:type\" content=\"image\/png\" \/>\n<meta name=\"twitter:card\" content=\"summary_large_image\" \/>\n<meta name=\"twitter:label1\" content=\"Becs\u00fclt olvas\u00e1si id\u0151\" \/>\n\t<meta name=\"twitter:data1\" content=\"1 perc\" \/>\n<script type=\"application\/ld+json\" class=\"yoast-schema-graph\">{\"@context\":\"https:\/\/schema.org\",\"@graph\":[{\"@type\":\"WebPage\",\"@id\":\"https:\/\/staging.lucky-hunter.com\/product\/big-als-crane-silhouettes-x12\/\",\"url\":\"https:\/\/staging.lucky-hunter.com\/product\/big-als-crane-silhouettes-x12\/\",\"name\":\"Crane Silhouettes 12 pcs - Big Al's | Lucky-hunter.com\",\"isPartOf\":{\"@id\":\"https:\/\/staging.lucky-hunter.com\/#website\"},\"primaryImageOfPage\":{\"@id\":\"https:\/\/staging.lucky-hunter.com\/product\/big-als-crane-silhouettes-x12\/#primaryimage\"},\"image\":{\"@id\":\"https:\/\/staging.lucky-hunter.com\/product\/big-als-crane-silhouettes-x12\/#primaryimage\"},\"thumbnailUrl\":\"https:\/\/staging.lucky-hunter.com\/wp-content\/uploads\/2023\/06\/LF-626.png\",\"datePublished\":\"2023-06-01T06:51:15+00:00\",\"dateModified\":\"2025-10-02T03:56:47+00:00\",\"description\":\"If you are looking for the perfect decoy for hunting cranes or for use in goose hunting, Big Al's Crane decoys is what you are looking for\",\"breadcrumb\":{\"@id\":\"https:\/\/staging.lucky-hunter.com\/product\/big-als-crane-silhouettes-x12\/#breadcrumb\"},\"inLanguage\":\"hu\",\"potentialAction\":[{\"@type\":\"ReadAction\",\"target\":[\"https:\/\/staging.lucky-hunter.com\/product\/big-als-crane-silhouettes-x12\/\"]}]},{\"@type\":\"ImageObject\",\"inLanguage\":\"hu\",\"@id\":\"https:\/\/staging.lucky-hunter.com\/product\/big-als-crane-silhouettes-x12\/#primaryimage\",\"url\":\"https:\/\/staging.lucky-hunter.com\/wp-content\/uploads\/2023\/06\/LF-626.png\",\"contentUrl\":\"https:\/\/staging.lucky-hunter.com\/wp-content\/uploads\/2023\/06\/LF-626.png\",\"width\":1000,\"height\":1000,\"caption\":\"Big Al's Crane\"},{\"@type\":\"BreadcrumbList\",\"@id\":\"https:\/\/staging.lucky-hunter.com\/product\/big-als-crane-silhouettes-x12\/#breadcrumb\",\"itemListElement\":[{\"@type\":\"ListItem\",\"position\":1,\"name\":\"Home\",\"item\":\"https:\/\/staging.lucky-hunter.com\/hu\/\"},{\"@type\":\"ListItem\",\"position\":2,\"name\":\"Shop\",\"item\":\"https:\/\/staging.lucky-hunter.com\/hu\/shop\/\"},{\"@type\":\"ListItem\",\"position\":3,\"name\":\"Crane Silhouettes 12 pcs &#8211; Big Al&#8217;s\"}]},{\"@type\":\"WebSite\",\"@id\":\"https:\/\/staging.lucky-hunter.com\/#website\",\"url\":\"https:\/\/staging.lucky-hunter.com\/\",\"name\":\"Lucky-Hunter\",\"description\":\"Gear Up or Give Up\",\"potentialAction\":[{\"@type\":\"SearchAction\",\"target\":{\"@type\":\"EntryPoint\",\"urlTemplate\":\"https:\/\/staging.lucky-hunter.com\/?s={search_term_string}\"},\"query-input\":{\"@type\":\"PropertyValueSpecification\",\"valueRequired\":true,\"valueName\":\"search_term_string\"}}],\"inLanguage\":\"hu\"}]}<\/script>\n<!-- \/ Yoast SEO plugin. -->","yoast_head_json":{"title":"Crane Silhouettes 12 pcs - Big Al's | Lucky-hunter.com","description":"If you are looking for the perfect decoy for hunting cranes or for use in goose hunting, Big Al's Crane decoys is what you are looking for","robots":{"index":"noindex","follow":"follow","max-snippet":"max-snippet:-1","max-image-preview":"max-image-preview:large","max-video-preview":"max-video-preview:-1"},"og_locale":"hu_HU","og_type":"article","og_title":"Crane Silhouettes 12 pcs - Big Al's | Lucky-hunter.com","og_description":"If you are looking for the perfect decoy for hunting cranes or for use in goose hunting, Big Al's Crane decoys is what you are looking for","og_url":"https:\/\/staging.lucky-hunter.com\/product\/big-als-crane-silhouettes-x12\/","og_site_name":"Lucky-Hunter","article_modified_time":"2025-10-02T03:56:47+00:00","og_image":[{"width":1000,"height":1000,"url":"https:\/\/staging.lucky-hunter.com\/wp-content\/uploads\/2023\/06\/LF-626.png","type":"image\/png"}],"twitter_card":"summary_large_image","twitter_misc":{"Becs\u00fclt olvas\u00e1si id\u0151":"1 perc"},"schema":{"@context":"https:\/\/schema.org","@graph":[{"@type":"WebPage","@id":"https:\/\/staging.lucky-hunter.com\/product\/big-als-crane-silhouettes-x12\/","url":"https:\/\/staging.lucky-hunter.com\/product\/big-als-crane-silhouettes-x12\/","name":"Crane Silhouettes 12 pcs - Big Al's | Lucky-hunter.com","isPartOf":{"@id":"https:\/\/staging.lucky-hunter.com\/#website"},"primaryImageOfPage":{"@id":"https:\/\/staging.lucky-hunter.com\/product\/big-als-crane-silhouettes-x12\/#primaryimage"},"image":{"@id":"https:\/\/staging.lucky-hunter.com\/product\/big-als-crane-silhouettes-x12\/#primaryimage"},"thumbnailUrl":"https:\/\/staging.lucky-hunter.com\/wp-content\/uploads\/2023\/06\/LF-626.png","datePublished":"2023-06-01T06:51:15+00:00","dateModified":"2025-10-02T03:56:47+00:00","description":"If you are looking for the perfect decoy for hunting cranes or for use in goose hunting, Big Al's Crane decoys is what you are looking for","breadcrumb":{"@id":"https:\/\/staging.lucky-hunter.com\/product\/big-als-crane-silhouettes-x12\/#breadcrumb"},"inLanguage":"hu","potentialAction":[{"@type":"ReadAction","target":["https:\/\/staging.lucky-hunter.com\/product\/big-als-crane-silhouettes-x12\/"]}]},{"@type":"ImageObject","inLanguage":"hu","@id":"https:\/\/staging.lucky-hunter.com\/product\/big-als-crane-silhouettes-x12\/#primaryimage","url":"https:\/\/staging.lucky-hunter.com\/wp-content\/uploads\/2023\/06\/LF-626.png","contentUrl":"https:\/\/staging.lucky-hunter.com\/wp-content\/uploads\/2023\/06\/LF-626.png","width":1000,"height":1000,"caption":"Big Al's Crane"},{"@type":"BreadcrumbList","@id":"https:\/\/staging.lucky-hunter.com\/product\/big-als-crane-silhouettes-x12\/#breadcrumb","itemListElement":[{"@type":"ListItem","position":1,"name":"Home","item":"https:\/\/staging.lucky-hunter.com\/hu\/"},{"@type":"ListItem","position":2,"name":"Shop","item":"https:\/\/staging.lucky-hunter.com\/hu\/shop\/"},{"@type":"ListItem","position":3,"name":"Crane Silhouettes 12 pcs &#8211; Big Al&#8217;s"}]},{"@type":"WebSite","@id":"https:\/\/staging.lucky-hunter.com\/#website","url":"https:\/\/staging.lucky-hunter.com\/","name":"Lucky-Hunter","description":"Gear Up or Give Up","potentialAction":[{"@type":"SearchAction","target":{"@type":"EntryPoint","urlTemplate":"https:\/\/staging.lucky-hunter.com\/?s={search_term_string}"},"query-input":{"@type":"PropertyValueSpecification","valueRequired":true,"valueName":"search_term_string"}}],"inLanguage":"hu"}]}},"_links":{"self":[{"href":"https:\/\/staging.lucky-hunter.com\/hu\/wp-json\/wp\/v2\/product\/61012"}],"collection":[{"href":"https:\/\/staging.lucky-hunter.com\/hu\/wp-json\/wp\/v2\/product"}],"about":[{"href":"https:\/\/staging.lucky-hunter.com\/hu\/wp-json\/wp\/v2\/types\/product"}],"wp:featuredmedia":[{"embeddable":true,"href":"https:\/\/staging.lucky-hunter.com\/hu\/wp-json\/wp\/v2\/media\/61013"}],"wp:attachment":[{"href":"https:\/\/staging.lucky-hunter.com\/hu\/wp-json\/wp\/v2\/media?parent=61012"}],"wp:term":[{"taxonomy":"product_brand","embeddable":true,"href":"https:\/\/staging.lucky-hunter.com\/hu\/wp-json\/wp\/v2\/product_brand?post=61012"},{"taxonomy":"product_cat","embeddable":true,"href":"https:\/\/staging.lucky-hunter.com\/hu\/wp-json\/wp\/v2\/product_cat?post=61012"},{"taxonomy":"product_tag","embeddable":true,"href":"https:\/\/staging.lucky-hunter.com\/hu\/wp-json\/wp\/v2\/product_tag?post=61012"}],"curies":[{"name":"wp","href":"https:\/\/api.w.org\/{rel}","templated":true}]}}