{"id":60654,"date":"2023-05-15T12:18:53","date_gmt":"2023-05-15T10:18:53","guid":{"rendered":"https:\/\/staging.lucky-hunter.com\/?post_type=product&#038;p=60654"},"modified":"2025-10-02T06:31:47","modified_gmt":"2025-10-02T04:31:47","slug":"spypoint-solar-panel-10w","status":"publish","type":"product","link":"https:\/\/staging.lucky-hunter.com\/hu\/product\/spypoint-solar-panel-10w\/","title":{"rendered":"Spypoint Solar Panel (10W)"},"content":{"rendered":"<h1>Solar Panel for game cameras<\/h1>\n<p>The lithium battery solar panel available from SPYPOINT is a perfect solution for those out-of-the-way spots you can\u2019t, or don\u2019t want to visit until the timing is perfect. The solar panel constantly charges the integrated 15,000mAh battery so your camera can run for months, without you needing to visit to service the batteries.<br \/>\nThere are four output power cord choices supplied, making it easy to match your camera to the SPLB-22, regardless of camera manufacturer. You\u2019ll also receive a mounting bracket and strap to make sure you can position and install the lithium battery solar panel in the perfect location.<\/p>\n<p>\u2022 10 Watts<br \/>\n\u2022 15,000mAh<br \/>\n\u2022 4 LED charge indicator lights<br \/>\n\u2022 10.7 x 10.2 x 2 (inches)<\/p>\n<p>The Spypoint solar panel can be fully charged by the sun in about 24 hours. It also includes a DC power adapter to charge by plugging it in, this process will take 5 hours. Like any solar panel, it will perform best in areas where full sun is available for as much of the day as possible, and the angle of the panel is adjustable to help with this. Additionally, keeping the panels clean from dirt, debris, and pollen can keep performance as high as possible.<\/p>\n","protected":false},"excerpt":{"rendered":"<p>The lithium battery solar panel available from SPYPOINT is a perfect solution for those spots you don\u2019t want to disturb until the timing is perfect.<\/p>\n","protected":false},"featured_media":60655,"template":"","meta":[],"product_brand":[9613],"product_cat":[8555],"product_tag":[],"yoast_head":"<!-- This site is optimized with the Yoast SEO plugin v24.3 - https:\/\/yoast.com\/wordpress\/plugins\/seo\/ -->\n<title>Spypoint Solar Panel (10W) | Get it at Lucky-hunter.com<\/title>\n<meta name=\"description\" content=\"The lithium battery solar panel available from SPYPOINT is a perfect solution for those spots you don\u2019t want to disturb until the timing is perfect.\" \/>\n<meta name=\"robots\" content=\"noindex, follow, max-snippet:-1, max-image-preview:large, max-video-preview:-1\" \/>\n<meta property=\"og:locale\" content=\"hu_HU\" \/>\n<meta property=\"og:type\" content=\"article\" \/>\n<meta property=\"og:title\" content=\"Spypoint Solar Panel (10W) | Get it at Lucky-hunter.com\" \/>\n<meta property=\"og:description\" content=\"The lithium battery solar panel available from SPYPOINT is a perfect solution for those spots you don\u2019t want to disturb until the timing is perfect.\" \/>\n<meta property=\"og:url\" content=\"https:\/\/staging.lucky-hunter.com\/product\/spypoint-solar-panel-10w\/\" \/>\n<meta property=\"og:site_name\" content=\"Lucky-Hunter\" \/>\n<meta property=\"article:modified_time\" content=\"2025-10-02T04:31:47+00:00\" \/>\n<meta property=\"og:image\" content=\"https:\/\/staging.lucky-hunter.com\/wp-content\/uploads\/2023\/05\/large_639786c9202e8.png\" \/>\n\t<meta property=\"og:image:width\" content=\"1000\" \/>\n\t<meta property=\"og:image:height\" content=\"619\" \/>\n\t<meta property=\"og:image:type\" content=\"image\/png\" \/>\n<meta name=\"twitter:card\" content=\"summary_large_image\" \/>\n<meta name=\"twitter:label1\" content=\"Becs\u00fclt olvas\u00e1si id\u0151\" \/>\n\t<meta name=\"twitter:data1\" content=\"1 perc\" \/>\n<script type=\"application\/ld+json\" class=\"yoast-schema-graph\">{\"@context\":\"https:\/\/schema.org\",\"@graph\":[{\"@type\":\"WebPage\",\"@id\":\"https:\/\/staging.lucky-hunter.com\/product\/spypoint-solar-panel-10w\/\",\"url\":\"https:\/\/staging.lucky-hunter.com\/product\/spypoint-solar-panel-10w\/\",\"name\":\"Spypoint Solar Panel (10W) | Get it at Lucky-hunter.com\",\"isPartOf\":{\"@id\":\"https:\/\/staging.lucky-hunter.com\/#website\"},\"primaryImageOfPage\":{\"@id\":\"https:\/\/staging.lucky-hunter.com\/product\/spypoint-solar-panel-10w\/#primaryimage\"},\"image\":{\"@id\":\"https:\/\/staging.lucky-hunter.com\/product\/spypoint-solar-panel-10w\/#primaryimage\"},\"thumbnailUrl\":\"https:\/\/staging.lucky-hunter.com\/wp-content\/uploads\/2023\/05\/large_639786c9202e8.png\",\"datePublished\":\"2023-05-15T10:18:53+00:00\",\"dateModified\":\"2025-10-02T04:31:47+00:00\",\"description\":\"The lithium battery solar panel available from SPYPOINT is a perfect solution for those spots you don\u2019t want to disturb until the timing is perfect.\",\"breadcrumb\":{\"@id\":\"https:\/\/staging.lucky-hunter.com\/product\/spypoint-solar-panel-10w\/#breadcrumb\"},\"inLanguage\":\"hu\",\"potentialAction\":[{\"@type\":\"ReadAction\",\"target\":[\"https:\/\/staging.lucky-hunter.com\/product\/spypoint-solar-panel-10w\/\"]}]},{\"@type\":\"ImageObject\",\"inLanguage\":\"hu\",\"@id\":\"https:\/\/staging.lucky-hunter.com\/product\/spypoint-solar-panel-10w\/#primaryimage\",\"url\":\"https:\/\/staging.lucky-hunter.com\/wp-content\/uploads\/2023\/05\/large_639786c9202e8.png\",\"contentUrl\":\"https:\/\/staging.lucky-hunter.com\/wp-content\/uploads\/2023\/05\/large_639786c9202e8.png\",\"width\":1000,\"height\":619,\"caption\":\"Spypoint Solar panel\"},{\"@type\":\"BreadcrumbList\",\"@id\":\"https:\/\/staging.lucky-hunter.com\/product\/spypoint-solar-panel-10w\/#breadcrumb\",\"itemListElement\":[{\"@type\":\"ListItem\",\"position\":1,\"name\":\"Home\",\"item\":\"https:\/\/staging.lucky-hunter.com\/hu\/\"},{\"@type\":\"ListItem\",\"position\":2,\"name\":\"Shop\",\"item\":\"https:\/\/staging.lucky-hunter.com\/hu\/shop\/\"},{\"@type\":\"ListItem\",\"position\":3,\"name\":\"Spypoint Solar Panel (10W)\"}]},{\"@type\":\"WebSite\",\"@id\":\"https:\/\/staging.lucky-hunter.com\/#website\",\"url\":\"https:\/\/staging.lucky-hunter.com\/\",\"name\":\"Lucky-Hunter\",\"description\":\"Gear Up or Give Up\",\"potentialAction\":[{\"@type\":\"SearchAction\",\"target\":{\"@type\":\"EntryPoint\",\"urlTemplate\":\"https:\/\/staging.lucky-hunter.com\/?s={search_term_string}\"},\"query-input\":{\"@type\":\"PropertyValueSpecification\",\"valueRequired\":true,\"valueName\":\"search_term_string\"}}],\"inLanguage\":\"hu\"}]}<\/script>\n<!-- \/ Yoast SEO plugin. -->","yoast_head_json":{"title":"Spypoint Solar Panel (10W) | Get it at Lucky-hunter.com","description":"The lithium battery solar panel available from SPYPOINT is a perfect solution for those spots you don\u2019t want to disturb until the timing is perfect.","robots":{"index":"noindex","follow":"follow","max-snippet":"max-snippet:-1","max-image-preview":"max-image-preview:large","max-video-preview":"max-video-preview:-1"},"og_locale":"hu_HU","og_type":"article","og_title":"Spypoint Solar Panel (10W) | Get it at Lucky-hunter.com","og_description":"The lithium battery solar panel available from SPYPOINT is a perfect solution for those spots you don\u2019t want to disturb until the timing is perfect.","og_url":"https:\/\/staging.lucky-hunter.com\/product\/spypoint-solar-panel-10w\/","og_site_name":"Lucky-Hunter","article_modified_time":"2025-10-02T04:31:47+00:00","og_image":[{"width":1000,"height":619,"url":"https:\/\/staging.lucky-hunter.com\/wp-content\/uploads\/2023\/05\/large_639786c9202e8.png","type":"image\/png"}],"twitter_card":"summary_large_image","twitter_misc":{"Becs\u00fclt olvas\u00e1si id\u0151":"1 perc"},"schema":{"@context":"https:\/\/schema.org","@graph":[{"@type":"WebPage","@id":"https:\/\/staging.lucky-hunter.com\/product\/spypoint-solar-panel-10w\/","url":"https:\/\/staging.lucky-hunter.com\/product\/spypoint-solar-panel-10w\/","name":"Spypoint Solar Panel (10W) | Get it at Lucky-hunter.com","isPartOf":{"@id":"https:\/\/staging.lucky-hunter.com\/#website"},"primaryImageOfPage":{"@id":"https:\/\/staging.lucky-hunter.com\/product\/spypoint-solar-panel-10w\/#primaryimage"},"image":{"@id":"https:\/\/staging.lucky-hunter.com\/product\/spypoint-solar-panel-10w\/#primaryimage"},"thumbnailUrl":"https:\/\/staging.lucky-hunter.com\/wp-content\/uploads\/2023\/05\/large_639786c9202e8.png","datePublished":"2023-05-15T10:18:53+00:00","dateModified":"2025-10-02T04:31:47+00:00","description":"The lithium battery solar panel available from SPYPOINT is a perfect solution for those spots you don\u2019t want to disturb until the timing is perfect.","breadcrumb":{"@id":"https:\/\/staging.lucky-hunter.com\/product\/spypoint-solar-panel-10w\/#breadcrumb"},"inLanguage":"hu","potentialAction":[{"@type":"ReadAction","target":["https:\/\/staging.lucky-hunter.com\/product\/spypoint-solar-panel-10w\/"]}]},{"@type":"ImageObject","inLanguage":"hu","@id":"https:\/\/staging.lucky-hunter.com\/product\/spypoint-solar-panel-10w\/#primaryimage","url":"https:\/\/staging.lucky-hunter.com\/wp-content\/uploads\/2023\/05\/large_639786c9202e8.png","contentUrl":"https:\/\/staging.lucky-hunter.com\/wp-content\/uploads\/2023\/05\/large_639786c9202e8.png","width":1000,"height":619,"caption":"Spypoint Solar panel"},{"@type":"BreadcrumbList","@id":"https:\/\/staging.lucky-hunter.com\/product\/spypoint-solar-panel-10w\/#breadcrumb","itemListElement":[{"@type":"ListItem","position":1,"name":"Home","item":"https:\/\/staging.lucky-hunter.com\/hu\/"},{"@type":"ListItem","position":2,"name":"Shop","item":"https:\/\/staging.lucky-hunter.com\/hu\/shop\/"},{"@type":"ListItem","position":3,"name":"Spypoint Solar Panel (10W)"}]},{"@type":"WebSite","@id":"https:\/\/staging.lucky-hunter.com\/#website","url":"https:\/\/staging.lucky-hunter.com\/","name":"Lucky-Hunter","description":"Gear Up or Give Up","potentialAction":[{"@type":"SearchAction","target":{"@type":"EntryPoint","urlTemplate":"https:\/\/staging.lucky-hunter.com\/?s={search_term_string}"},"query-input":{"@type":"PropertyValueSpecification","valueRequired":true,"valueName":"search_term_string"}}],"inLanguage":"hu"}]}},"_links":{"self":[{"href":"https:\/\/staging.lucky-hunter.com\/hu\/wp-json\/wp\/v2\/product\/60654"}],"collection":[{"href":"https:\/\/staging.lucky-hunter.com\/hu\/wp-json\/wp\/v2\/product"}],"about":[{"href":"https:\/\/staging.lucky-hunter.com\/hu\/wp-json\/wp\/v2\/types\/product"}],"wp:featuredmedia":[{"embeddable":true,"href":"https:\/\/staging.lucky-hunter.com\/hu\/wp-json\/wp\/v2\/media\/60655"}],"wp:attachment":[{"href":"https:\/\/staging.lucky-hunter.com\/hu\/wp-json\/wp\/v2\/media?parent=60654"}],"wp:term":[{"taxonomy":"product_brand","embeddable":true,"href":"https:\/\/staging.lucky-hunter.com\/hu\/wp-json\/wp\/v2\/product_brand?post=60654"},{"taxonomy":"product_cat","embeddable":true,"href":"https:\/\/staging.lucky-hunter.com\/hu\/wp-json\/wp\/v2\/product_cat?post=60654"},{"taxonomy":"product_tag","embeddable":true,"href":"https:\/\/staging.lucky-hunter.com\/hu\/wp-json\/wp\/v2\/product_tag?post=60654"}],"curies":[{"name":"wp","href":"https:\/\/api.w.org\/{rel}","templated":true}]}}