{"id":60181,"date":"2023-04-05T09:00:36","date_gmt":"2023-04-05T07:00:36","guid":{"rendered":"https:\/\/staging.lucky-hunter.com\/product\/placeholder\/"},"modified":"2024-06-03T11:06:47","modified_gmt":"2024-06-03T09:06:47","slug":"placeholder","status":"publish","type":"product","link":"https:\/\/staging.lucky-hunter.com\/hu\/product\/placeholder\/","title":{"rendered":""},"content":{"rendered":"<p>This is not a product<\/p>\n","protected":false},"excerpt":{"rendered":"<p>This is not a product<\/p>\n","protected":false},"featured_media":60175,"template":"","meta":[],"product_brand":[],"product_cat":[8712,8713,8718,8724,8720,8722,8716,8715,8717,8721,8714,8723,8719,8725,8728,8727,8729,8726,8730,9329,8744,8742,8743,9323,8741,9685,8731,8734,8737,8736,8733,8735,8739,8738,8732,9343,8747,8752,8751,8749,8748,8767,8768,8771,9238,8773,8772,9252,9217,9223,9259,9245,9230,8770,8778,9287,9315,8779,9301,9273,9266,9308,9294,9280,8769,8775,9182,9210,8776,9196,9168,9161,9205,9191,9177,8702,8791,9352,9357,9380,9395,9366,8755,9385,8707,8711,8709,8708,8710,9338,8793,8753,8745,8746,8781,8782,8783,8784,8703,8704,8706,8785,9427,8788,8896,8787,9436],"product_tag":[],"yoast_head":"<!-- This site is optimized with the Yoast SEO plugin v24.3 - https:\/\/yoast.com\/wordpress\/plugins\/seo\/ -->\n<title>- Lucky-Hunter<\/title>\n<meta name=\"robots\" content=\"noindex, follow, max-snippet:-1, max-image-preview:large, max-video-preview:-1\" \/>\n<meta property=\"og:locale\" content=\"hu_HU\" \/>\n<meta property=\"og:type\" content=\"article\" \/>\n<meta property=\"og:title\" content=\"- Lucky-Hunter\" \/>\n<meta property=\"og:description\" content=\"This is not a product\" \/>\n<meta property=\"og:url\" content=\"https:\/\/staging.lucky-hunter.com\/hu\/product\/placeholder\/\" \/>\n<meta property=\"og:site_name\" content=\"Lucky-Hunter\" \/>\n<meta property=\"article:modified_time\" content=\"2024-06-03T09:06:47+00:00\" \/>\n<meta property=\"og:image\" content=\"https:\/\/staging.lucky-hunter.com\/wp-content\/uploads\/2023\/04\/clear.png\" \/>\n\t<meta property=\"og:image:width\" content=\"100\" \/>\n\t<meta property=\"og:image:height\" content=\"100\" \/>\n\t<meta property=\"og:image:type\" content=\"image\/png\" \/>\n<meta name=\"twitter:card\" content=\"summary_large_image\" \/>\n<meta name=\"twitter:label1\" content=\"Becs\u00fclt olvas\u00e1si id\u0151\" \/>\n\t<meta name=\"twitter:data1\" content=\"1 perc\" \/>\n<script type=\"application\/ld+json\" class=\"yoast-schema-graph\">{\"@context\":\"https:\/\/schema.org\",\"@graph\":[{\"@type\":\"WebPage\",\"@id\":\"https:\/\/staging.lucky-hunter.com\/hu\/product\/placeholder\/\",\"url\":\"https:\/\/staging.lucky-hunter.com\/hu\/product\/placeholder\/\",\"name\":\"- Lucky-Hunter\",\"isPartOf\":{\"@id\":\"https:\/\/staging.lucky-hunter.com\/#website\"},\"primaryImageOfPage\":{\"@id\":\"https:\/\/staging.lucky-hunter.com\/hu\/product\/placeholder\/#primaryimage\"},\"image\":{\"@id\":\"https:\/\/staging.lucky-hunter.com\/hu\/product\/placeholder\/#primaryimage\"},\"thumbnailUrl\":\"https:\/\/staging.lucky-hunter.com\/wp-content\/uploads\/2023\/04\/clear.png\",\"datePublished\":\"2023-04-05T07:00:36+00:00\",\"dateModified\":\"2024-06-03T09:06:47+00:00\",\"breadcrumb\":{\"@id\":\"https:\/\/staging.lucky-hunter.com\/hu\/product\/placeholder\/#breadcrumb\"},\"inLanguage\":\"hu\",\"potentialAction\":[{\"@type\":\"ReadAction\",\"target\":[\"https:\/\/staging.lucky-hunter.com\/hu\/product\/placeholder\/\"]}]},{\"@type\":\"ImageObject\",\"inLanguage\":\"hu\",\"@id\":\"https:\/\/staging.lucky-hunter.com\/hu\/product\/placeholder\/#primaryimage\",\"url\":\"https:\/\/staging.lucky-hunter.com\/wp-content\/uploads\/2023\/04\/clear.png\",\"contentUrl\":\"https:\/\/staging.lucky-hunter.com\/wp-content\/uploads\/2023\/04\/clear.png\",\"width\":100,\"height\":100},{\"@type\":\"BreadcrumbList\",\"@id\":\"https:\/\/staging.lucky-hunter.com\/hu\/product\/placeholder\/#breadcrumb\",\"itemListElement\":[{\"@type\":\"ListItem\",\"position\":1,\"name\":\"Home\",\"item\":\"https:\/\/staging.lucky-hunter.com\/hu\/\"},{\"@type\":\"ListItem\",\"position\":2,\"name\":\"Shop\",\"item\":\"https:\/\/staging.lucky-hunter.com\/hu\/shop\/\"}]},{\"@type\":\"WebSite\",\"@id\":\"https:\/\/staging.lucky-hunter.com\/#website\",\"url\":\"https:\/\/staging.lucky-hunter.com\/\",\"name\":\"Lucky-Hunter\",\"description\":\"Gear Up or Give Up\",\"potentialAction\":[{\"@type\":\"SearchAction\",\"target\":{\"@type\":\"EntryPoint\",\"urlTemplate\":\"https:\/\/staging.lucky-hunter.com\/?s={search_term_string}\"},\"query-input\":{\"@type\":\"PropertyValueSpecification\",\"valueRequired\":true,\"valueName\":\"search_term_string\"}}],\"inLanguage\":\"hu\"}]}<\/script>\n<!-- \/ Yoast SEO plugin. -->","yoast_head_json":{"title":"- Lucky-Hunter","robots":{"index":"noindex","follow":"follow","max-snippet":"max-snippet:-1","max-image-preview":"max-image-preview:large","max-video-preview":"max-video-preview:-1"},"og_locale":"hu_HU","og_type":"article","og_title":"- Lucky-Hunter","og_description":"This is not a product","og_url":"https:\/\/staging.lucky-hunter.com\/hu\/product\/placeholder\/","og_site_name":"Lucky-Hunter","article_modified_time":"2024-06-03T09:06:47+00:00","og_image":[{"width":100,"height":100,"url":"https:\/\/staging.lucky-hunter.com\/wp-content\/uploads\/2023\/04\/clear.png","type":"image\/png"}],"twitter_card":"summary_large_image","twitter_misc":{"Becs\u00fclt olvas\u00e1si id\u0151":"1 perc"},"schema":{"@context":"https:\/\/schema.org","@graph":[{"@type":"WebPage","@id":"https:\/\/staging.lucky-hunter.com\/hu\/product\/placeholder\/","url":"https:\/\/staging.lucky-hunter.com\/hu\/product\/placeholder\/","name":"- Lucky-Hunter","isPartOf":{"@id":"https:\/\/staging.lucky-hunter.com\/#website"},"primaryImageOfPage":{"@id":"https:\/\/staging.lucky-hunter.com\/hu\/product\/placeholder\/#primaryimage"},"image":{"@id":"https:\/\/staging.lucky-hunter.com\/hu\/product\/placeholder\/#primaryimage"},"thumbnailUrl":"https:\/\/staging.lucky-hunter.com\/wp-content\/uploads\/2023\/04\/clear.png","datePublished":"2023-04-05T07:00:36+00:00","dateModified":"2024-06-03T09:06:47+00:00","breadcrumb":{"@id":"https:\/\/staging.lucky-hunter.com\/hu\/product\/placeholder\/#breadcrumb"},"inLanguage":"hu","potentialAction":[{"@type":"ReadAction","target":["https:\/\/staging.lucky-hunter.com\/hu\/product\/placeholder\/"]}]},{"@type":"ImageObject","inLanguage":"hu","@id":"https:\/\/staging.lucky-hunter.com\/hu\/product\/placeholder\/#primaryimage","url":"https:\/\/staging.lucky-hunter.com\/wp-content\/uploads\/2023\/04\/clear.png","contentUrl":"https:\/\/staging.lucky-hunter.com\/wp-content\/uploads\/2023\/04\/clear.png","width":100,"height":100},{"@type":"BreadcrumbList","@id":"https:\/\/staging.lucky-hunter.com\/hu\/product\/placeholder\/#breadcrumb","itemListElement":[{"@type":"ListItem","position":1,"name":"Home","item":"https:\/\/staging.lucky-hunter.com\/hu\/"},{"@type":"ListItem","position":2,"name":"Shop","item":"https:\/\/staging.lucky-hunter.com\/hu\/shop\/"}]},{"@type":"WebSite","@id":"https:\/\/staging.lucky-hunter.com\/#website","url":"https:\/\/staging.lucky-hunter.com\/","name":"Lucky-Hunter","description":"Gear Up or Give Up","potentialAction":[{"@type":"SearchAction","target":{"@type":"EntryPoint","urlTemplate":"https:\/\/staging.lucky-hunter.com\/?s={search_term_string}"},"query-input":{"@type":"PropertyValueSpecification","valueRequired":true,"valueName":"search_term_string"}}],"inLanguage":"hu"}]}},"_links":{"self":[{"href":"https:\/\/staging.lucky-hunter.com\/hu\/wp-json\/wp\/v2\/product\/60181"}],"collection":[{"href":"https:\/\/staging.lucky-hunter.com\/hu\/wp-json\/wp\/v2\/product"}],"about":[{"href":"https:\/\/staging.lucky-hunter.com\/hu\/wp-json\/wp\/v2\/types\/product"}],"wp:featuredmedia":[{"embeddable":true,"href":"https:\/\/staging.lucky-hunter.com\/hu\/wp-json\/wp\/v2\/media\/60175"}],"wp:attachment":[{"href":"https:\/\/staging.lucky-hunter.com\/hu\/wp-json\/wp\/v2\/media?parent=60181"}],"wp:term":[{"taxonomy":"product_brand","embeddable":true,"href":"https:\/\/staging.lucky-hunter.com\/hu\/wp-json\/wp\/v2\/product_brand?post=60181"},{"taxonomy":"product_cat","embeddable":true,"href":"https:\/\/staging.lucky-hunter.com\/hu\/wp-json\/wp\/v2\/product_cat?post=60181"},{"taxonomy":"product_tag","embeddable":true,"href":"https:\/\/staging.lucky-hunter.com\/hu\/wp-json\/wp\/v2\/product_tag?post=60181"}],"curies":[{"name":"wp","href":"https:\/\/api.w.org\/{rel}","templated":true}]}}