{"id":59737,"date":"2023-03-31T15:12:17","date_gmt":"2023-03-31T13:12:17","guid":{"rendered":"https:\/\/staging.lucky-hunter.com\/?post_type=product&#038;p=59737"},"modified":"2025-10-02T06:05:43","modified_gmt":"2025-10-02T04:05:43","slug":"acme-combination-dog-whistle-trialler-641","status":"publish","type":"product","link":"https:\/\/staging.lucky-hunter.com\/hu\/product\/acme-combination-dog-whistle-trialler-641\/","title":{"rendered":"Acme Combination Dog Whistle &#8211; Trialler 641"},"content":{"rendered":"<h2><strong>High Quality Dog whistle from ACME<\/strong><\/h2>\n<p>ACME quality dog whistle developed with World Champion trainers.<\/p>\n<p>This uniquely designed dog whistle features a combination of the famous Acme Trialler sound and a high-pitched single note Airfast whistle. With a length of 60mm, it&#8217;s ideal for training various dog breeds.<\/p>\n<ul>\n<li>Uniquely designed whistle with combined sound<\/li>\n<li>Famous Acme Triller sound and high-pitched single note<\/li>\n<li>Airfast whistle<\/li>\n<li>60mm long<\/li>\n<li>Ideal for training various dog breeds<\/li>\n<\/ul>\n<p>&nbsp;<\/p>\n","protected":false},"excerpt":{"rendered":"<p>This uniquely designed dog whistle features a combination of the famous Acme Triller sound and a high-pitched single note Airfast whistle.<\/p>\n","protected":false},"featured_media":61183,"template":"","meta":[],"product_brand":[],"product_cat":[8082],"product_tag":[],"yoast_head":"<!-- This site is optimized with the Yoast SEO plugin v24.3 - https:\/\/yoast.com\/wordpress\/plugins\/seo\/ -->\n<title>Acme Combination Dog Whistle - Trialler 641 - Lucky-Hunter<\/title>\n<meta name=\"description\" content=\"This uniquely designed dog whistle features a combination of the famous Acme Trialler sound and a high-pitched single note Airfast whistle.\" \/>\n<meta name=\"robots\" content=\"noindex, follow, max-snippet:-1, max-image-preview:large, max-video-preview:-1\" \/>\n<meta property=\"og:locale\" content=\"hu_HU\" \/>\n<meta property=\"og:type\" content=\"article\" \/>\n<meta property=\"og:title\" content=\"Acme Combination Dog Whistle - Trialler 641 - Lucky-Hunter\" \/>\n<meta property=\"og:description\" content=\"This uniquely designed dog whistle features a combination of the famous Acme Trialler sound and a high-pitched single note Airfast whistle.\" \/>\n<meta property=\"og:url\" content=\"https:\/\/staging.lucky-hunter.com\/product\/acme-combination-dog-whistle-trialler-641\/\" \/>\n<meta property=\"og:site_name\" content=\"Lucky-Hunter\" \/>\n<meta property=\"article:modified_time\" content=\"2025-10-02T04:05:43+00:00\" \/>\n<meta property=\"og:image\" content=\"https:\/\/staging.lucky-hunter.com\/wp-content\/uploads\/2023\/03\/0641_dg_orange_front_1_.png\" \/>\n\t<meta property=\"og:image:width\" content=\"1000\" \/>\n\t<meta property=\"og:image:height\" content=\"1000\" \/>\n\t<meta property=\"og:image:type\" content=\"image\/png\" \/>\n<meta name=\"twitter:card\" content=\"summary_large_image\" \/>\n<meta name=\"twitter:label1\" content=\"Becs\u00fclt olvas\u00e1si id\u0151\" \/>\n\t<meta name=\"twitter:data1\" content=\"1 perc\" \/>\n<script type=\"application\/ld+json\" class=\"yoast-schema-graph\">{\"@context\":\"https:\/\/schema.org\",\"@graph\":[{\"@type\":\"WebPage\",\"@id\":\"https:\/\/staging.lucky-hunter.com\/product\/acme-combination-dog-whistle-trialler-641\/\",\"url\":\"https:\/\/staging.lucky-hunter.com\/product\/acme-combination-dog-whistle-trialler-641\/\",\"name\":\"Acme Combination Dog Whistle - Trialler 641 - Lucky-Hunter\",\"isPartOf\":{\"@id\":\"https:\/\/staging.lucky-hunter.com\/#website\"},\"primaryImageOfPage\":{\"@id\":\"https:\/\/staging.lucky-hunter.com\/product\/acme-combination-dog-whistle-trialler-641\/#primaryimage\"},\"image\":{\"@id\":\"https:\/\/staging.lucky-hunter.com\/product\/acme-combination-dog-whistle-trialler-641\/#primaryimage\"},\"thumbnailUrl\":\"https:\/\/staging.lucky-hunter.com\/wp-content\/uploads\/2023\/03\/0641_dg_orange_front_1_.png\",\"datePublished\":\"2023-03-31T13:12:17+00:00\",\"dateModified\":\"2025-10-02T04:05:43+00:00\",\"description\":\"This uniquely designed dog whistle features a combination of the famous Acme Trialler sound and a high-pitched single note Airfast whistle.\",\"breadcrumb\":{\"@id\":\"https:\/\/staging.lucky-hunter.com\/product\/acme-combination-dog-whistle-trialler-641\/#breadcrumb\"},\"inLanguage\":\"hu\",\"potentialAction\":[{\"@type\":\"ReadAction\",\"target\":[\"https:\/\/staging.lucky-hunter.com\/product\/acme-combination-dog-whistle-trialler-641\/\"]}]},{\"@type\":\"ImageObject\",\"inLanguage\":\"hu\",\"@id\":\"https:\/\/staging.lucky-hunter.com\/product\/acme-combination-dog-whistle-trialler-641\/#primaryimage\",\"url\":\"https:\/\/staging.lucky-hunter.com\/wp-content\/uploads\/2023\/03\/0641_dg_orange_front_1_.png\",\"contentUrl\":\"https:\/\/staging.lucky-hunter.com\/wp-content\/uploads\/2023\/03\/0641_dg_orange_front_1_.png\",\"width\":1000,\"height\":1000},{\"@type\":\"BreadcrumbList\",\"@id\":\"https:\/\/staging.lucky-hunter.com\/product\/acme-combination-dog-whistle-trialler-641\/#breadcrumb\",\"itemListElement\":[{\"@type\":\"ListItem\",\"position\":1,\"name\":\"Home\",\"item\":\"https:\/\/staging.lucky-hunter.com\/hu\/\"},{\"@type\":\"ListItem\",\"position\":2,\"name\":\"Shop\",\"item\":\"https:\/\/staging.lucky-hunter.com\/hu\/shop\/\"},{\"@type\":\"ListItem\",\"position\":3,\"name\":\"Acme Combination Dog Whistle &#8211; Trialler 641\"}]},{\"@type\":\"WebSite\",\"@id\":\"https:\/\/staging.lucky-hunter.com\/#website\",\"url\":\"https:\/\/staging.lucky-hunter.com\/\",\"name\":\"Lucky-Hunter\",\"description\":\"Gear Up or Give Up\",\"potentialAction\":[{\"@type\":\"SearchAction\",\"target\":{\"@type\":\"EntryPoint\",\"urlTemplate\":\"https:\/\/staging.lucky-hunter.com\/?s={search_term_string}\"},\"query-input\":{\"@type\":\"PropertyValueSpecification\",\"valueRequired\":true,\"valueName\":\"search_term_string\"}}],\"inLanguage\":\"hu\"}]}<\/script>\n<!-- \/ Yoast SEO plugin. -->","yoast_head_json":{"title":"Acme Combination Dog Whistle - Trialler 641 - Lucky-Hunter","description":"This uniquely designed dog whistle features a combination of the famous Acme Trialler sound and a high-pitched single note Airfast whistle.","robots":{"index":"noindex","follow":"follow","max-snippet":"max-snippet:-1","max-image-preview":"max-image-preview:large","max-video-preview":"max-video-preview:-1"},"og_locale":"hu_HU","og_type":"article","og_title":"Acme Combination Dog Whistle - Trialler 641 - Lucky-Hunter","og_description":"This uniquely designed dog whistle features a combination of the famous Acme Trialler sound and a high-pitched single note Airfast whistle.","og_url":"https:\/\/staging.lucky-hunter.com\/product\/acme-combination-dog-whistle-trialler-641\/","og_site_name":"Lucky-Hunter","article_modified_time":"2025-10-02T04:05:43+00:00","og_image":[{"width":1000,"height":1000,"url":"https:\/\/staging.lucky-hunter.com\/wp-content\/uploads\/2023\/03\/0641_dg_orange_front_1_.png","type":"image\/png"}],"twitter_card":"summary_large_image","twitter_misc":{"Becs\u00fclt olvas\u00e1si id\u0151":"1 perc"},"schema":{"@context":"https:\/\/schema.org","@graph":[{"@type":"WebPage","@id":"https:\/\/staging.lucky-hunter.com\/product\/acme-combination-dog-whistle-trialler-641\/","url":"https:\/\/staging.lucky-hunter.com\/product\/acme-combination-dog-whistle-trialler-641\/","name":"Acme Combination Dog Whistle - Trialler 641 - Lucky-Hunter","isPartOf":{"@id":"https:\/\/staging.lucky-hunter.com\/#website"},"primaryImageOfPage":{"@id":"https:\/\/staging.lucky-hunter.com\/product\/acme-combination-dog-whistle-trialler-641\/#primaryimage"},"image":{"@id":"https:\/\/staging.lucky-hunter.com\/product\/acme-combination-dog-whistle-trialler-641\/#primaryimage"},"thumbnailUrl":"https:\/\/staging.lucky-hunter.com\/wp-content\/uploads\/2023\/03\/0641_dg_orange_front_1_.png","datePublished":"2023-03-31T13:12:17+00:00","dateModified":"2025-10-02T04:05:43+00:00","description":"This uniquely designed dog whistle features a combination of the famous Acme Trialler sound and a high-pitched single note Airfast whistle.","breadcrumb":{"@id":"https:\/\/staging.lucky-hunter.com\/product\/acme-combination-dog-whistle-trialler-641\/#breadcrumb"},"inLanguage":"hu","potentialAction":[{"@type":"ReadAction","target":["https:\/\/staging.lucky-hunter.com\/product\/acme-combination-dog-whistle-trialler-641\/"]}]},{"@type":"ImageObject","inLanguage":"hu","@id":"https:\/\/staging.lucky-hunter.com\/product\/acme-combination-dog-whistle-trialler-641\/#primaryimage","url":"https:\/\/staging.lucky-hunter.com\/wp-content\/uploads\/2023\/03\/0641_dg_orange_front_1_.png","contentUrl":"https:\/\/staging.lucky-hunter.com\/wp-content\/uploads\/2023\/03\/0641_dg_orange_front_1_.png","width":1000,"height":1000},{"@type":"BreadcrumbList","@id":"https:\/\/staging.lucky-hunter.com\/product\/acme-combination-dog-whistle-trialler-641\/#breadcrumb","itemListElement":[{"@type":"ListItem","position":1,"name":"Home","item":"https:\/\/staging.lucky-hunter.com\/hu\/"},{"@type":"ListItem","position":2,"name":"Shop","item":"https:\/\/staging.lucky-hunter.com\/hu\/shop\/"},{"@type":"ListItem","position":3,"name":"Acme Combination Dog Whistle &#8211; Trialler 641"}]},{"@type":"WebSite","@id":"https:\/\/staging.lucky-hunter.com\/#website","url":"https:\/\/staging.lucky-hunter.com\/","name":"Lucky-Hunter","description":"Gear Up or Give Up","potentialAction":[{"@type":"SearchAction","target":{"@type":"EntryPoint","urlTemplate":"https:\/\/staging.lucky-hunter.com\/?s={search_term_string}"},"query-input":{"@type":"PropertyValueSpecification","valueRequired":true,"valueName":"search_term_string"}}],"inLanguage":"hu"}]}},"_links":{"self":[{"href":"https:\/\/staging.lucky-hunter.com\/hu\/wp-json\/wp\/v2\/product\/59737"}],"collection":[{"href":"https:\/\/staging.lucky-hunter.com\/hu\/wp-json\/wp\/v2\/product"}],"about":[{"href":"https:\/\/staging.lucky-hunter.com\/hu\/wp-json\/wp\/v2\/types\/product"}],"wp:featuredmedia":[{"embeddable":true,"href":"https:\/\/staging.lucky-hunter.com\/hu\/wp-json\/wp\/v2\/media\/61183"}],"wp:attachment":[{"href":"https:\/\/staging.lucky-hunter.com\/hu\/wp-json\/wp\/v2\/media?parent=59737"}],"wp:term":[{"taxonomy":"product_brand","embeddable":true,"href":"https:\/\/staging.lucky-hunter.com\/hu\/wp-json\/wp\/v2\/product_brand?post=59737"},{"taxonomy":"product_cat","embeddable":true,"href":"https:\/\/staging.lucky-hunter.com\/hu\/wp-json\/wp\/v2\/product_cat?post=59737"},{"taxonomy":"product_tag","embeddable":true,"href":"https:\/\/staging.lucky-hunter.com\/hu\/wp-json\/wp\/v2\/product_tag?post=59737"}],"curies":[{"name":"wp","href":"https:\/\/api.w.org\/{rel}","templated":true}]}}