{"id":59689,"date":"2023-03-31T14:50:31","date_gmt":"2023-03-31T12:50:31","guid":{"rendered":"https:\/\/staging.lucky-hunter.com\/?post_type=product&#038;p=59689"},"modified":"2025-10-02T06:05:13","modified_gmt":"2025-10-02T04:05:13","slug":"acme-dog-whistle-210%c2%bd-alpha","status":"publish","type":"product","link":"https:\/\/staging.lucky-hunter.com\/hu\/product\/acme-dog-whistle-210%c2%bd-alpha\/","title":{"rendered":"ACME Dog whistle &#8211; ALPHA 210\u00bd"},"content":{"rendered":"<h2><strong>High Quality Dog whistle from ACME<\/strong><\/h2>\n<p>ACME quality dog whistle developed with World Champion trainers.<\/p>\n<p>Featuring patented sound chamber for a brighter sound, an effortless design for flexibility, and an all-over comfort grip for perfect handling in any location.<\/p>\n<ul>\n<li>Developed in collaboration with World Champion trainers<\/li>\n<li>Patented sound chambers for efficient use of air and brighter sound<\/li>\n<li>Effortless to blow, allowing flexibility in breath and commands<\/li>\n<li>All-over comfort grip for softness in the mouth and perfect handling<\/li>\n<li>Ideal for use in various locations, from fields to parks and homes<\/li>\n<\/ul>\n","protected":false},"excerpt":{"rendered":"<p>ACME Dog Whistle with a patented sound chamber for a brighter sound, an effortless design for flexibility and an all-over comfort grip.<\/p>\n","protected":false},"featured_media":60624,"template":"","meta":[],"product_brand":[],"product_cat":[8082],"product_tag":[],"yoast_head":"<!-- This site is optimized with the Yoast SEO plugin v24.3 - https:\/\/yoast.com\/wordpress\/plugins\/seo\/ -->\n<title>ACME Dog whistle - ALPHA 210\u00bd - Lucky-Hunter<\/title>\n<meta name=\"description\" content=\"ACME Dog Whistle with a patented sound chamber for a brighter sound, an effortless design for flexibility and an all-over comfort grip.\" \/>\n<meta name=\"robots\" content=\"noindex, follow, max-snippet:-1, max-image-preview:large, max-video-preview:-1\" \/>\n<meta property=\"og:locale\" content=\"hu_HU\" \/>\n<meta property=\"og:type\" content=\"article\" \/>\n<meta property=\"og:title\" content=\"ACME Dog whistle - ALPHA 210\u00bd - Lucky-Hunter\" \/>\n<meta property=\"og:description\" content=\"ACME Dog Whistle with a patented sound chamber for a brighter sound, an effortless design for flexibility and an all-over comfort grip.\" \/>\n<meta property=\"og:url\" content=\"https:\/\/staging.lucky-hunter.com\/product\/acme-dog-whistle-210\u00bd-alpha\/\" \/>\n<meta property=\"og:site_name\" content=\"Lucky-Hunter\" \/>\n<meta property=\"article:modified_time\" content=\"2025-10-02T04:05:13+00:00\" \/>\n<meta property=\"og:image\" content=\"https:\/\/staging.lucky-hunter.com\/wp-content\/uploads\/2023\/03\/alpha_210.5_black_1_.png\" \/>\n\t<meta property=\"og:image:width\" content=\"1799\" \/>\n\t<meta property=\"og:image:height\" content=\"1200\" \/>\n\t<meta property=\"og:image:type\" content=\"image\/png\" \/>\n<meta name=\"twitter:card\" content=\"summary_large_image\" \/>\n<meta name=\"twitter:label1\" content=\"Becs\u00fclt olvas\u00e1si id\u0151\" \/>\n\t<meta name=\"twitter:data1\" content=\"1 perc\" \/>\n<script type=\"application\/ld+json\" class=\"yoast-schema-graph\">{\"@context\":\"https:\/\/schema.org\",\"@graph\":[{\"@type\":\"WebPage\",\"@id\":\"https:\/\/staging.lucky-hunter.com\/product\/acme-dog-whistle-210%c2%bd-alpha\/\",\"url\":\"https:\/\/staging.lucky-hunter.com\/product\/acme-dog-whistle-210%c2%bd-alpha\/\",\"name\":\"ACME Dog whistle - ALPHA 210\u00bd - Lucky-Hunter\",\"isPartOf\":{\"@id\":\"https:\/\/staging.lucky-hunter.com\/#website\"},\"primaryImageOfPage\":{\"@id\":\"https:\/\/staging.lucky-hunter.com\/product\/acme-dog-whistle-210%c2%bd-alpha\/#primaryimage\"},\"image\":{\"@id\":\"https:\/\/staging.lucky-hunter.com\/product\/acme-dog-whistle-210%c2%bd-alpha\/#primaryimage\"},\"thumbnailUrl\":\"https:\/\/staging.lucky-hunter.com\/wp-content\/uploads\/2023\/03\/alpha_210.5_black_1_.png\",\"datePublished\":\"2023-03-31T12:50:31+00:00\",\"dateModified\":\"2025-10-02T04:05:13+00:00\",\"description\":\"ACME Dog Whistle with a patented sound chamber for a brighter sound, an effortless design for flexibility and an all-over comfort grip.\",\"breadcrumb\":{\"@id\":\"https:\/\/staging.lucky-hunter.com\/product\/acme-dog-whistle-210%c2%bd-alpha\/#breadcrumb\"},\"inLanguage\":\"hu\",\"potentialAction\":[{\"@type\":\"ReadAction\",\"target\":[\"https:\/\/staging.lucky-hunter.com\/product\/acme-dog-whistle-210%c2%bd-alpha\/\"]}]},{\"@type\":\"ImageObject\",\"inLanguage\":\"hu\",\"@id\":\"https:\/\/staging.lucky-hunter.com\/product\/acme-dog-whistle-210%c2%bd-alpha\/#primaryimage\",\"url\":\"https:\/\/staging.lucky-hunter.com\/wp-content\/uploads\/2023\/03\/alpha_210.5_black_1_.png\",\"contentUrl\":\"https:\/\/staging.lucky-hunter.com\/wp-content\/uploads\/2023\/03\/alpha_210.5_black_1_.png\",\"width\":1799,\"height\":1200},{\"@type\":\"BreadcrumbList\",\"@id\":\"https:\/\/staging.lucky-hunter.com\/product\/acme-dog-whistle-210%c2%bd-alpha\/#breadcrumb\",\"itemListElement\":[{\"@type\":\"ListItem\",\"position\":1,\"name\":\"Home\",\"item\":\"https:\/\/staging.lucky-hunter.com\/hu\/\"},{\"@type\":\"ListItem\",\"position\":2,\"name\":\"Shop\",\"item\":\"https:\/\/staging.lucky-hunter.com\/hu\/shop\/\"},{\"@type\":\"ListItem\",\"position\":3,\"name\":\"ACME Dog whistle &#8211; ALPHA 210\u00bd\"}]},{\"@type\":\"WebSite\",\"@id\":\"https:\/\/staging.lucky-hunter.com\/#website\",\"url\":\"https:\/\/staging.lucky-hunter.com\/\",\"name\":\"Lucky-Hunter\",\"description\":\"Gear Up or Give Up\",\"potentialAction\":[{\"@type\":\"SearchAction\",\"target\":{\"@type\":\"EntryPoint\",\"urlTemplate\":\"https:\/\/staging.lucky-hunter.com\/?s={search_term_string}\"},\"query-input\":{\"@type\":\"PropertyValueSpecification\",\"valueRequired\":true,\"valueName\":\"search_term_string\"}}],\"inLanguage\":\"hu\"}]}<\/script>\n<!-- \/ Yoast SEO plugin. -->","yoast_head_json":{"title":"ACME Dog whistle - ALPHA 210\u00bd - Lucky-Hunter","description":"ACME Dog Whistle with a patented sound chamber for a brighter sound, an effortless design for flexibility and an all-over comfort grip.","robots":{"index":"noindex","follow":"follow","max-snippet":"max-snippet:-1","max-image-preview":"max-image-preview:large","max-video-preview":"max-video-preview:-1"},"og_locale":"hu_HU","og_type":"article","og_title":"ACME Dog whistle - ALPHA 210\u00bd - Lucky-Hunter","og_description":"ACME Dog Whistle with a patented sound chamber for a brighter sound, an effortless design for flexibility and an all-over comfort grip.","og_url":"https:\/\/staging.lucky-hunter.com\/product\/acme-dog-whistle-210\u00bd-alpha\/","og_site_name":"Lucky-Hunter","article_modified_time":"2025-10-02T04:05:13+00:00","og_image":[{"width":1799,"height":1200,"url":"https:\/\/staging.lucky-hunter.com\/wp-content\/uploads\/2023\/03\/alpha_210.5_black_1_.png","type":"image\/png"}],"twitter_card":"summary_large_image","twitter_misc":{"Becs\u00fclt olvas\u00e1si id\u0151":"1 perc"},"schema":{"@context":"https:\/\/schema.org","@graph":[{"@type":"WebPage","@id":"https:\/\/staging.lucky-hunter.com\/product\/acme-dog-whistle-210%c2%bd-alpha\/","url":"https:\/\/staging.lucky-hunter.com\/product\/acme-dog-whistle-210%c2%bd-alpha\/","name":"ACME Dog whistle - ALPHA 210\u00bd - Lucky-Hunter","isPartOf":{"@id":"https:\/\/staging.lucky-hunter.com\/#website"},"primaryImageOfPage":{"@id":"https:\/\/staging.lucky-hunter.com\/product\/acme-dog-whistle-210%c2%bd-alpha\/#primaryimage"},"image":{"@id":"https:\/\/staging.lucky-hunter.com\/product\/acme-dog-whistle-210%c2%bd-alpha\/#primaryimage"},"thumbnailUrl":"https:\/\/staging.lucky-hunter.com\/wp-content\/uploads\/2023\/03\/alpha_210.5_black_1_.png","datePublished":"2023-03-31T12:50:31+00:00","dateModified":"2025-10-02T04:05:13+00:00","description":"ACME Dog Whistle with a patented sound chamber for a brighter sound, an effortless design for flexibility and an all-over comfort grip.","breadcrumb":{"@id":"https:\/\/staging.lucky-hunter.com\/product\/acme-dog-whistle-210%c2%bd-alpha\/#breadcrumb"},"inLanguage":"hu","potentialAction":[{"@type":"ReadAction","target":["https:\/\/staging.lucky-hunter.com\/product\/acme-dog-whistle-210%c2%bd-alpha\/"]}]},{"@type":"ImageObject","inLanguage":"hu","@id":"https:\/\/staging.lucky-hunter.com\/product\/acme-dog-whistle-210%c2%bd-alpha\/#primaryimage","url":"https:\/\/staging.lucky-hunter.com\/wp-content\/uploads\/2023\/03\/alpha_210.5_black_1_.png","contentUrl":"https:\/\/staging.lucky-hunter.com\/wp-content\/uploads\/2023\/03\/alpha_210.5_black_1_.png","width":1799,"height":1200},{"@type":"BreadcrumbList","@id":"https:\/\/staging.lucky-hunter.com\/product\/acme-dog-whistle-210%c2%bd-alpha\/#breadcrumb","itemListElement":[{"@type":"ListItem","position":1,"name":"Home","item":"https:\/\/staging.lucky-hunter.com\/hu\/"},{"@type":"ListItem","position":2,"name":"Shop","item":"https:\/\/staging.lucky-hunter.com\/hu\/shop\/"},{"@type":"ListItem","position":3,"name":"ACME Dog whistle &#8211; ALPHA 210\u00bd"}]},{"@type":"WebSite","@id":"https:\/\/staging.lucky-hunter.com\/#website","url":"https:\/\/staging.lucky-hunter.com\/","name":"Lucky-Hunter","description":"Gear Up or Give Up","potentialAction":[{"@type":"SearchAction","target":{"@type":"EntryPoint","urlTemplate":"https:\/\/staging.lucky-hunter.com\/?s={search_term_string}"},"query-input":{"@type":"PropertyValueSpecification","valueRequired":true,"valueName":"search_term_string"}}],"inLanguage":"hu"}]}},"_links":{"self":[{"href":"https:\/\/staging.lucky-hunter.com\/hu\/wp-json\/wp\/v2\/product\/59689"}],"collection":[{"href":"https:\/\/staging.lucky-hunter.com\/hu\/wp-json\/wp\/v2\/product"}],"about":[{"href":"https:\/\/staging.lucky-hunter.com\/hu\/wp-json\/wp\/v2\/types\/product"}],"wp:featuredmedia":[{"embeddable":true,"href":"https:\/\/staging.lucky-hunter.com\/hu\/wp-json\/wp\/v2\/media\/60624"}],"wp:attachment":[{"href":"https:\/\/staging.lucky-hunter.com\/hu\/wp-json\/wp\/v2\/media?parent=59689"}],"wp:term":[{"taxonomy":"product_brand","embeddable":true,"href":"https:\/\/staging.lucky-hunter.com\/hu\/wp-json\/wp\/v2\/product_brand?post=59689"},{"taxonomy":"product_cat","embeddable":true,"href":"https:\/\/staging.lucky-hunter.com\/hu\/wp-json\/wp\/v2\/product_cat?post=59689"},{"taxonomy":"product_tag","embeddable":true,"href":"https:\/\/staging.lucky-hunter.com\/hu\/wp-json\/wp\/v2\/product_tag?post=59689"}],"curies":[{"name":"wp","href":"https:\/\/api.w.org\/{rel}","templated":true}]}}