{"id":57805,"date":"2023-02-16T11:53:43","date_gmt":"2023-02-16T10:53:43","guid":{"rendered":"https:\/\/staging.lucky-hunter.com\/?post_type=product&#038;p=57805"},"modified":"2025-10-02T02:03:14","modified_gmt":"2025-10-02T00:03:14","slug":"tickless-mini-dog-rechargeable","status":"publish","type":"product","link":"https:\/\/staging.lucky-hunter.com\/hu\/product\/tickless-mini-dog-rechargeable\/","title":{"rendered":"Tickless Mini Dog &#8211; Rechargeable"},"content":{"rendered":"<div class=\"video video-fit mb\" style=\"padding-top:56.25%;\"><p><iframe title=\"Tickless Sortiment\" width=\"1020\" height=\"574\" src=\"https:\/\/www.youtube.com\/embed\/FDWlW9kYPsg?wmode=transparent&amp;rel=0&amp;feature=oembed\" frameborder=\"0\" allow=\"accelerometer; autoplay; clipboard-write; encrypted-media; gyroscope; picture-in-picture; web-share\" referrerpolicy=\"strict-origin-when-cross-origin\" allowfullscreen><\/iframe><\/p>\n<\/div>\n<h2><strong>TICKLESS Mini Dog \u2013 The new generation of chemical-free ultrasonic tick and flea repellent<\/strong><\/h2>\n<p>Due to the latest field study, we can conclude that the Tickless Mini Dog device is 94% efficient against ticks without using any dangerous chemicals! If you want to achieve the most effective protection in areas which are heavily infected with ticks, then use TICKLESS along with your usual tick repellent product.<\/p>\n<p>TICKLESS\u00ae technology underwent rigorous testing and was proven effective by a clinical study at the School of Veterinary Medical Microbiology and Infectious Diseases Laboratory at the University of Camerino, Italy.<\/p>\n<ul>\n<li>94% efficiency against ticks without using any chemicals<\/li>\n<li>Rechargeable<\/li>\n<li>Chemical free<\/li>\n<li>Especially designed for small-sized pets<\/li>\n<li>2,5 m range<\/li>\n<li>Nightlight function for visible comfort at night<\/li>\n<li>Safe to use even for young, elderly, ill- or pregnant pets<\/li>\n<li>Scientifically proven<\/li>\n<li>Preventive solution<\/li>\n<\/ul>\n<p>How to use: To start using TICKLESS MINI bathe your pet with a non-chemical tick &amp; flea shampoo and remove any remaining parasites. Charge the device for at least 3 hours before first use. Pick a silicone band from the box and insert it into the side tab of device. Put the band and the device on the collar and pull the band under the collar. Insert silicone into the other side tab. When fixed well TICKLESS\u00ae stays securely on. To ensure its effectiveness, the device should remain affixed to the animal at all times. If you remove the animal\u2019s collar at home, we recommend using our TICKLESS Home device.<\/p>\n<p>Effectiveness depends on the condition of the animal\u2019s coat, as well as the number of parasites present in the area. In areas heavily populated by ticks, 100% protection is not guaranteed. Not suitable for removing ticks or fleas from pets that have already been infected. Do not obstruct the emitted ultrasonic waves!<\/p>\n<p>In case of a technical malfunction, we offer 12 months warranty for the unit.<\/p>\n","protected":false},"excerpt":{"rendered":"<p>TICKLESS Mini Dog \u2013 The new generation of chemical-free ultrasonic tick and flea repellent Due to the latest field study, we can conclude that the Tickless Mini Dog device is 94% efficient against ticks without using any dangerous chemicals! If you want to achieve the most effective protection in areas which are heavily infected with [&#8230;]\n","protected":false},"featured_media":57807,"template":"","meta":[],"product_brand":[9511],"product_cat":[9340],"product_tag":[],"yoast_head":"<!-- This site is optimized with the Yoast SEO plugin v24.3 - https:\/\/yoast.com\/wordpress\/plugins\/seo\/ -->\n<title>Tickless Mini Dog - Rechargeable | Take care of your best friend<\/title>\n<meta name=\"description\" content=\"Tickless Mini DOg effectively protects your pet without chemicals. Cutting edge design, with all-inclusive protection for even the smallest dogs.\" \/>\n<meta name=\"robots\" content=\"noindex, follow, max-snippet:-1, max-image-preview:large, max-video-preview:-1\" \/>\n<meta property=\"og:locale\" content=\"hu_HU\" \/>\n<meta property=\"og:type\" content=\"article\" \/>\n<meta property=\"og:title\" content=\"Tickless Mini Dog - Rechargeable | Take care of your best friend\" \/>\n<meta property=\"og:description\" content=\"Tickless Mini DOg effectively protects your pet without chemicals. Cutting edge design, with all-inclusive protection for even the smallest dogs.\" \/>\n<meta property=\"og:url\" content=\"https:\/\/staging.lucky-hunter.com\/product\/tickless-mini-dog-rechargeable\/\" \/>\n<meta property=\"og:site_name\" content=\"Lucky-Hunter\" \/>\n<meta property=\"article:modified_time\" content=\"2025-10-02T00:03:14+00:00\" \/>\n<meta property=\"og:image\" content=\"https:\/\/staging.lucky-hunter.com\/wp-content\/uploads\/2023\/02\/570260_3_1920x1920.png\" \/>\n\t<meta property=\"og:image:width\" content=\"1046\" \/>\n\t<meta property=\"og:image:height\" content=\"1166\" \/>\n\t<meta property=\"og:image:type\" content=\"image\/png\" \/>\n<meta name=\"twitter:card\" content=\"summary_large_image\" \/>\n<meta name=\"twitter:label1\" content=\"Becs\u00fclt olvas\u00e1si id\u0151\" \/>\n\t<meta name=\"twitter:data1\" content=\"2 perc\" \/>\n<script type=\"application\/ld+json\" class=\"yoast-schema-graph\">{\"@context\":\"https:\/\/schema.org\",\"@graph\":[{\"@type\":\"WebPage\",\"@id\":\"https:\/\/staging.lucky-hunter.com\/product\/tickless-mini-dog-rechargeable\/\",\"url\":\"https:\/\/staging.lucky-hunter.com\/product\/tickless-mini-dog-rechargeable\/\",\"name\":\"Tickless Mini Dog - Rechargeable | Take care of your best friend\",\"isPartOf\":{\"@id\":\"https:\/\/staging.lucky-hunter.com\/#website\"},\"primaryImageOfPage\":{\"@id\":\"https:\/\/staging.lucky-hunter.com\/product\/tickless-mini-dog-rechargeable\/#primaryimage\"},\"image\":{\"@id\":\"https:\/\/staging.lucky-hunter.com\/product\/tickless-mini-dog-rechargeable\/#primaryimage\"},\"thumbnailUrl\":\"https:\/\/staging.lucky-hunter.com\/wp-content\/uploads\/2023\/02\/570260_3_1920x1920.png\",\"datePublished\":\"2023-02-16T10:53:43+00:00\",\"dateModified\":\"2025-10-02T00:03:14+00:00\",\"description\":\"Tickless Mini DOg effectively protects your pet without chemicals. Cutting edge design, with all-inclusive protection for even the smallest dogs.\",\"breadcrumb\":{\"@id\":\"https:\/\/staging.lucky-hunter.com\/product\/tickless-mini-dog-rechargeable\/#breadcrumb\"},\"inLanguage\":\"hu\",\"potentialAction\":[{\"@type\":\"ReadAction\",\"target\":[\"https:\/\/staging.lucky-hunter.com\/product\/tickless-mini-dog-rechargeable\/\"]}]},{\"@type\":\"ImageObject\",\"inLanguage\":\"hu\",\"@id\":\"https:\/\/staging.lucky-hunter.com\/product\/tickless-mini-dog-rechargeable\/#primaryimage\",\"url\":\"https:\/\/staging.lucky-hunter.com\/wp-content\/uploads\/2023\/02\/570260_3_1920x1920.png\",\"contentUrl\":\"https:\/\/staging.lucky-hunter.com\/wp-content\/uploads\/2023\/02\/570260_3_1920x1920.png\",\"width\":1046,\"height\":1166,\"caption\":\"Tickless Mini Dog\"},{\"@type\":\"BreadcrumbList\",\"@id\":\"https:\/\/staging.lucky-hunter.com\/product\/tickless-mini-dog-rechargeable\/#breadcrumb\",\"itemListElement\":[{\"@type\":\"ListItem\",\"position\":1,\"name\":\"Home\",\"item\":\"https:\/\/staging.lucky-hunter.com\/hu\/\"},{\"@type\":\"ListItem\",\"position\":2,\"name\":\"Shop\",\"item\":\"https:\/\/staging.lucky-hunter.com\/hu\/shop\/\"},{\"@type\":\"ListItem\",\"position\":3,\"name\":\"Tickless Mini Dog &#8211; Rechargeable\"}]},{\"@type\":\"WebSite\",\"@id\":\"https:\/\/staging.lucky-hunter.com\/#website\",\"url\":\"https:\/\/staging.lucky-hunter.com\/\",\"name\":\"Lucky-Hunter\",\"description\":\"Gear Up or Give Up\",\"potentialAction\":[{\"@type\":\"SearchAction\",\"target\":{\"@type\":\"EntryPoint\",\"urlTemplate\":\"https:\/\/staging.lucky-hunter.com\/?s={search_term_string}\"},\"query-input\":{\"@type\":\"PropertyValueSpecification\",\"valueRequired\":true,\"valueName\":\"search_term_string\"}}],\"inLanguage\":\"hu\"}]}<\/script>\n<!-- \/ Yoast SEO plugin. -->","yoast_head_json":{"title":"Tickless Mini Dog - Rechargeable | Take care of your best friend","description":"Tickless Mini DOg effectively protects your pet without chemicals. Cutting edge design, with all-inclusive protection for even the smallest dogs.","robots":{"index":"noindex","follow":"follow","max-snippet":"max-snippet:-1","max-image-preview":"max-image-preview:large","max-video-preview":"max-video-preview:-1"},"og_locale":"hu_HU","og_type":"article","og_title":"Tickless Mini Dog - Rechargeable | Take care of your best friend","og_description":"Tickless Mini DOg effectively protects your pet without chemicals. Cutting edge design, with all-inclusive protection for even the smallest dogs.","og_url":"https:\/\/staging.lucky-hunter.com\/product\/tickless-mini-dog-rechargeable\/","og_site_name":"Lucky-Hunter","article_modified_time":"2025-10-02T00:03:14+00:00","og_image":[{"width":1046,"height":1166,"url":"https:\/\/staging.lucky-hunter.com\/wp-content\/uploads\/2023\/02\/570260_3_1920x1920.png","type":"image\/png"}],"twitter_card":"summary_large_image","twitter_misc":{"Becs\u00fclt olvas\u00e1si id\u0151":"2 perc"},"schema":{"@context":"https:\/\/schema.org","@graph":[{"@type":"WebPage","@id":"https:\/\/staging.lucky-hunter.com\/product\/tickless-mini-dog-rechargeable\/","url":"https:\/\/staging.lucky-hunter.com\/product\/tickless-mini-dog-rechargeable\/","name":"Tickless Mini Dog - Rechargeable | Take care of your best friend","isPartOf":{"@id":"https:\/\/staging.lucky-hunter.com\/#website"},"primaryImageOfPage":{"@id":"https:\/\/staging.lucky-hunter.com\/product\/tickless-mini-dog-rechargeable\/#primaryimage"},"image":{"@id":"https:\/\/staging.lucky-hunter.com\/product\/tickless-mini-dog-rechargeable\/#primaryimage"},"thumbnailUrl":"https:\/\/staging.lucky-hunter.com\/wp-content\/uploads\/2023\/02\/570260_3_1920x1920.png","datePublished":"2023-02-16T10:53:43+00:00","dateModified":"2025-10-02T00:03:14+00:00","description":"Tickless Mini DOg effectively protects your pet without chemicals. Cutting edge design, with all-inclusive protection for even the smallest dogs.","breadcrumb":{"@id":"https:\/\/staging.lucky-hunter.com\/product\/tickless-mini-dog-rechargeable\/#breadcrumb"},"inLanguage":"hu","potentialAction":[{"@type":"ReadAction","target":["https:\/\/staging.lucky-hunter.com\/product\/tickless-mini-dog-rechargeable\/"]}]},{"@type":"ImageObject","inLanguage":"hu","@id":"https:\/\/staging.lucky-hunter.com\/product\/tickless-mini-dog-rechargeable\/#primaryimage","url":"https:\/\/staging.lucky-hunter.com\/wp-content\/uploads\/2023\/02\/570260_3_1920x1920.png","contentUrl":"https:\/\/staging.lucky-hunter.com\/wp-content\/uploads\/2023\/02\/570260_3_1920x1920.png","width":1046,"height":1166,"caption":"Tickless Mini Dog"},{"@type":"BreadcrumbList","@id":"https:\/\/staging.lucky-hunter.com\/product\/tickless-mini-dog-rechargeable\/#breadcrumb","itemListElement":[{"@type":"ListItem","position":1,"name":"Home","item":"https:\/\/staging.lucky-hunter.com\/hu\/"},{"@type":"ListItem","position":2,"name":"Shop","item":"https:\/\/staging.lucky-hunter.com\/hu\/shop\/"},{"@type":"ListItem","position":3,"name":"Tickless Mini Dog &#8211; Rechargeable"}]},{"@type":"WebSite","@id":"https:\/\/staging.lucky-hunter.com\/#website","url":"https:\/\/staging.lucky-hunter.com\/","name":"Lucky-Hunter","description":"Gear Up or Give Up","potentialAction":[{"@type":"SearchAction","target":{"@type":"EntryPoint","urlTemplate":"https:\/\/staging.lucky-hunter.com\/?s={search_term_string}"},"query-input":{"@type":"PropertyValueSpecification","valueRequired":true,"valueName":"search_term_string"}}],"inLanguage":"hu"}]}},"_links":{"self":[{"href":"https:\/\/staging.lucky-hunter.com\/hu\/wp-json\/wp\/v2\/product\/57805"}],"collection":[{"href":"https:\/\/staging.lucky-hunter.com\/hu\/wp-json\/wp\/v2\/product"}],"about":[{"href":"https:\/\/staging.lucky-hunter.com\/hu\/wp-json\/wp\/v2\/types\/product"}],"wp:featuredmedia":[{"embeddable":true,"href":"https:\/\/staging.lucky-hunter.com\/hu\/wp-json\/wp\/v2\/media\/57807"}],"wp:attachment":[{"href":"https:\/\/staging.lucky-hunter.com\/hu\/wp-json\/wp\/v2\/media?parent=57805"}],"wp:term":[{"taxonomy":"product_brand","embeddable":true,"href":"https:\/\/staging.lucky-hunter.com\/hu\/wp-json\/wp\/v2\/product_brand?post=57805"},{"taxonomy":"product_cat","embeddable":true,"href":"https:\/\/staging.lucky-hunter.com\/hu\/wp-json\/wp\/v2\/product_cat?post=57805"},{"taxonomy":"product_tag","embeddable":true,"href":"https:\/\/staging.lucky-hunter.com\/hu\/wp-json\/wp\/v2\/product_tag?post=57805"}],"curies":[{"name":"wp","href":"https:\/\/api.w.org\/{rel}","templated":true}]}}