{"id":57619,"date":"2023-03-17T15:13:24","date_gmt":"2023-03-17T14:13:24","guid":{"rendered":"https:\/\/staging.lucky-hunter.com\/?post_type=product&#038;p=57619"},"modified":"2025-10-02T01:20:11","modified_gmt":"2025-10-01T23:20:11","slug":"tree-spinner-single-22","status":"publish","type":"product","link":"https:\/\/staging.lucky-hunter.com\/hu\/product\/tree-spinner-single-22\/","title":{"rendered":"DO ALL Tree Spinner Single .22"},"content":{"rendered":"<p><strong><span style=\"color: #ed1c24;\">There may be a 2-3 week delivery time for this item. Contact us if necessary for stock status.<\/span><\/strong><\/p>\n<ul>\n<li>Easy setup with in most woods for shooting practice.<\/li>\n<li>Audible confirmation of hitting the spinning target.<\/li>\n<li>Designed for .22 caliber firearms.<\/li>\n<li>Features a 2.5 inch individual spinning paddle.<\/li>\n<li>Ideal for target practice and improving accuracy.<\/li>\n<\/ul>\n<p>The target is specifically designed to offer an incredible shooting experience. It can be easily threaded into most wooden frames, giving users the ability to set it up quickly and start practicing.<\/p>\n<p>Once the target is in place, shooters can quickly see the outcome of their shots. Audible &#8220;plinking&#8221; feedback sounds confirm that the target has been hit, making it an excellent learning tool for beginners.<\/p>\n<p>The target is ideal for .22 caliber rifles and pistols, and its 2.5 inch individual spinning paddle makes it a fun and challenging way to improve accuracy.<\/p>\n<p>Overall, this target is perfect for anyone who wants to sharpen their shooting skills through repeated and enjoyable practice.<\/p>\n","protected":false},"excerpt":{"rendered":"<p>.22 spinning target for single paddle style. Thread into wood for plinking fun.<\/p>\n","protected":false},"featured_media":58760,"template":"","meta":[],"product_brand":[9608],"product_cat":[8551],"product_tag":[],"yoast_head":"<!-- This site is optimized with the Yoast SEO plugin v24.3 - https:\/\/yoast.com\/wordpress\/plugins\/seo\/ -->\n<title>DO ALL Tree Spinner Single .22 | Lucky-hunter.com<\/title>\n<meta name=\"description\" content=\"The target is specifically designed to offer an incredible shooting experience. It can be easily threaded into most wooden frames\" \/>\n<meta name=\"robots\" content=\"noindex, follow, max-snippet:-1, max-image-preview:large, max-video-preview:-1\" \/>\n<meta property=\"og:locale\" content=\"hu_HU\" \/>\n<meta property=\"og:type\" content=\"article\" \/>\n<meta property=\"og:title\" content=\"DO ALL Tree Spinner Single .22 | Lucky-hunter.com\" \/>\n<meta property=\"og:description\" content=\"The target is specifically designed to offer an incredible shooting experience. It can be easily threaded into most wooden frames\" \/>\n<meta property=\"og:url\" content=\"https:\/\/staging.lucky-hunter.com\/product\/tree-spinner-single-22\/\" \/>\n<meta property=\"og:site_name\" content=\"Lucky-Hunter\" \/>\n<meta property=\"article:modified_time\" content=\"2025-10-01T23:20:11+00:00\" \/>\n<meta property=\"og:image\" content=\"https:\/\/staging.lucky-hunter.com\/wp-content\/uploads\/2023\/03\/ST-245.png\" \/>\n\t<meta property=\"og:image:width\" content=\"1000\" \/>\n\t<meta property=\"og:image:height\" content=\"1000\" \/>\n\t<meta property=\"og:image:type\" content=\"image\/png\" \/>\n<meta name=\"twitter:card\" content=\"summary_large_image\" \/>\n<meta name=\"twitter:label1\" content=\"Becs\u00fclt olvas\u00e1si id\u0151\" \/>\n\t<meta name=\"twitter:data1\" content=\"1 perc\" \/>\n<script type=\"application\/ld+json\" class=\"yoast-schema-graph\">{\"@context\":\"https:\/\/schema.org\",\"@graph\":[{\"@type\":\"WebPage\",\"@id\":\"https:\/\/staging.lucky-hunter.com\/product\/tree-spinner-single-22\/\",\"url\":\"https:\/\/staging.lucky-hunter.com\/product\/tree-spinner-single-22\/\",\"name\":\"DO ALL Tree Spinner Single .22 | Lucky-hunter.com\",\"isPartOf\":{\"@id\":\"https:\/\/staging.lucky-hunter.com\/#website\"},\"primaryImageOfPage\":{\"@id\":\"https:\/\/staging.lucky-hunter.com\/product\/tree-spinner-single-22\/#primaryimage\"},\"image\":{\"@id\":\"https:\/\/staging.lucky-hunter.com\/product\/tree-spinner-single-22\/#primaryimage\"},\"thumbnailUrl\":\"https:\/\/staging.lucky-hunter.com\/wp-content\/uploads\/2023\/03\/ST-245.png\",\"datePublished\":\"2023-03-17T14:13:24+00:00\",\"dateModified\":\"2025-10-01T23:20:11+00:00\",\"description\":\"The target is specifically designed to offer an incredible shooting experience. It can be easily threaded into most wooden frames\",\"breadcrumb\":{\"@id\":\"https:\/\/staging.lucky-hunter.com\/product\/tree-spinner-single-22\/#breadcrumb\"},\"inLanguage\":\"hu\",\"potentialAction\":[{\"@type\":\"ReadAction\",\"target\":[\"https:\/\/staging.lucky-hunter.com\/product\/tree-spinner-single-22\/\"]}]},{\"@type\":\"ImageObject\",\"inLanguage\":\"hu\",\"@id\":\"https:\/\/staging.lucky-hunter.com\/product\/tree-spinner-single-22\/#primaryimage\",\"url\":\"https:\/\/staging.lucky-hunter.com\/wp-content\/uploads\/2023\/03\/ST-245.png\",\"contentUrl\":\"https:\/\/staging.lucky-hunter.com\/wp-content\/uploads\/2023\/03\/ST-245.png\",\"width\":1000,\"height\":1000,\"caption\":\"Do all spinner\"},{\"@type\":\"BreadcrumbList\",\"@id\":\"https:\/\/staging.lucky-hunter.com\/product\/tree-spinner-single-22\/#breadcrumb\",\"itemListElement\":[{\"@type\":\"ListItem\",\"position\":1,\"name\":\"Home\",\"item\":\"https:\/\/staging.lucky-hunter.com\/hu\/\"},{\"@type\":\"ListItem\",\"position\":2,\"name\":\"Shop\",\"item\":\"https:\/\/staging.lucky-hunter.com\/hu\/shop\/\"},{\"@type\":\"ListItem\",\"position\":3,\"name\":\"DO ALL Tree Spinner Single .22\"}]},{\"@type\":\"WebSite\",\"@id\":\"https:\/\/staging.lucky-hunter.com\/#website\",\"url\":\"https:\/\/staging.lucky-hunter.com\/\",\"name\":\"Lucky-Hunter\",\"description\":\"Gear Up or Give Up\",\"potentialAction\":[{\"@type\":\"SearchAction\",\"target\":{\"@type\":\"EntryPoint\",\"urlTemplate\":\"https:\/\/staging.lucky-hunter.com\/?s={search_term_string}\"},\"query-input\":{\"@type\":\"PropertyValueSpecification\",\"valueRequired\":true,\"valueName\":\"search_term_string\"}}],\"inLanguage\":\"hu\"}]}<\/script>\n<!-- \/ Yoast SEO plugin. -->","yoast_head_json":{"title":"DO ALL Tree Spinner Single .22 | Lucky-hunter.com","description":"The target is specifically designed to offer an incredible shooting experience. It can be easily threaded into most wooden frames","robots":{"index":"noindex","follow":"follow","max-snippet":"max-snippet:-1","max-image-preview":"max-image-preview:large","max-video-preview":"max-video-preview:-1"},"og_locale":"hu_HU","og_type":"article","og_title":"DO ALL Tree Spinner Single .22 | Lucky-hunter.com","og_description":"The target is specifically designed to offer an incredible shooting experience. It can be easily threaded into most wooden frames","og_url":"https:\/\/staging.lucky-hunter.com\/product\/tree-spinner-single-22\/","og_site_name":"Lucky-Hunter","article_modified_time":"2025-10-01T23:20:11+00:00","og_image":[{"width":1000,"height":1000,"url":"https:\/\/staging.lucky-hunter.com\/wp-content\/uploads\/2023\/03\/ST-245.png","type":"image\/png"}],"twitter_card":"summary_large_image","twitter_misc":{"Becs\u00fclt olvas\u00e1si id\u0151":"1 perc"},"schema":{"@context":"https:\/\/schema.org","@graph":[{"@type":"WebPage","@id":"https:\/\/staging.lucky-hunter.com\/product\/tree-spinner-single-22\/","url":"https:\/\/staging.lucky-hunter.com\/product\/tree-spinner-single-22\/","name":"DO ALL Tree Spinner Single .22 | Lucky-hunter.com","isPartOf":{"@id":"https:\/\/staging.lucky-hunter.com\/#website"},"primaryImageOfPage":{"@id":"https:\/\/staging.lucky-hunter.com\/product\/tree-spinner-single-22\/#primaryimage"},"image":{"@id":"https:\/\/staging.lucky-hunter.com\/product\/tree-spinner-single-22\/#primaryimage"},"thumbnailUrl":"https:\/\/staging.lucky-hunter.com\/wp-content\/uploads\/2023\/03\/ST-245.png","datePublished":"2023-03-17T14:13:24+00:00","dateModified":"2025-10-01T23:20:11+00:00","description":"The target is specifically designed to offer an incredible shooting experience. It can be easily threaded into most wooden frames","breadcrumb":{"@id":"https:\/\/staging.lucky-hunter.com\/product\/tree-spinner-single-22\/#breadcrumb"},"inLanguage":"hu","potentialAction":[{"@type":"ReadAction","target":["https:\/\/staging.lucky-hunter.com\/product\/tree-spinner-single-22\/"]}]},{"@type":"ImageObject","inLanguage":"hu","@id":"https:\/\/staging.lucky-hunter.com\/product\/tree-spinner-single-22\/#primaryimage","url":"https:\/\/staging.lucky-hunter.com\/wp-content\/uploads\/2023\/03\/ST-245.png","contentUrl":"https:\/\/staging.lucky-hunter.com\/wp-content\/uploads\/2023\/03\/ST-245.png","width":1000,"height":1000,"caption":"Do all spinner"},{"@type":"BreadcrumbList","@id":"https:\/\/staging.lucky-hunter.com\/product\/tree-spinner-single-22\/#breadcrumb","itemListElement":[{"@type":"ListItem","position":1,"name":"Home","item":"https:\/\/staging.lucky-hunter.com\/hu\/"},{"@type":"ListItem","position":2,"name":"Shop","item":"https:\/\/staging.lucky-hunter.com\/hu\/shop\/"},{"@type":"ListItem","position":3,"name":"DO ALL Tree Spinner Single .22"}]},{"@type":"WebSite","@id":"https:\/\/staging.lucky-hunter.com\/#website","url":"https:\/\/staging.lucky-hunter.com\/","name":"Lucky-Hunter","description":"Gear Up or Give Up","potentialAction":[{"@type":"SearchAction","target":{"@type":"EntryPoint","urlTemplate":"https:\/\/staging.lucky-hunter.com\/?s={search_term_string}"},"query-input":{"@type":"PropertyValueSpecification","valueRequired":true,"valueName":"search_term_string"}}],"inLanguage":"hu"}]}},"_links":{"self":[{"href":"https:\/\/staging.lucky-hunter.com\/hu\/wp-json\/wp\/v2\/product\/57619"}],"collection":[{"href":"https:\/\/staging.lucky-hunter.com\/hu\/wp-json\/wp\/v2\/product"}],"about":[{"href":"https:\/\/staging.lucky-hunter.com\/hu\/wp-json\/wp\/v2\/types\/product"}],"wp:featuredmedia":[{"embeddable":true,"href":"https:\/\/staging.lucky-hunter.com\/hu\/wp-json\/wp\/v2\/media\/58760"}],"wp:attachment":[{"href":"https:\/\/staging.lucky-hunter.com\/hu\/wp-json\/wp\/v2\/media?parent=57619"}],"wp:term":[{"taxonomy":"product_brand","embeddable":true,"href":"https:\/\/staging.lucky-hunter.com\/hu\/wp-json\/wp\/v2\/product_brand?post=57619"},{"taxonomy":"product_cat","embeddable":true,"href":"https:\/\/staging.lucky-hunter.com\/hu\/wp-json\/wp\/v2\/product_cat?post=57619"},{"taxonomy":"product_tag","embeddable":true,"href":"https:\/\/staging.lucky-hunter.com\/hu\/wp-json\/wp\/v2\/product_tag?post=57619"}],"curies":[{"name":"wp","href":"https:\/\/api.w.org\/{rel}","templated":true}]}}