{"id":57606,"date":"2023-03-17T14:28:18","date_gmt":"2023-03-17T13:28:18","guid":{"rendered":"https:\/\/staging.lucky-hunter.com\/?post_type=product&#038;p=57606"},"modified":"2025-10-02T01:18:58","modified_gmt":"2025-10-01T23:18:58","slug":"hot-box-ground-bouncer","status":"publish","type":"product","link":"https:\/\/staging.lucky-hunter.com\/hu\/product\/hot-box-ground-bouncer\/","title":{"rendered":"DO ALL Hot Box Ground Bouncer"},"content":{"rendered":"<p><span style=\"color: #ed1c24;\"><strong>There may be a 2-3 week delivery time for this item. Contact us if necessary for the stock status<\/strong><\/span><\/p>\n<ul>\n<li>Target withstands 1,000 rounds and repairs itself upon impact.<\/li>\n<li>Each shot is unique as the target bounces, rolls, and moves.<\/li>\n<li>Rated for different calibers including .22 \u2013 .50 cal rifles, pistols, and shotguns.<\/li>\n<li>Ideal for shooting enthusiasts who value durability and variety.<\/li>\n<li>Whether practicing, competing, or simply enjoying a hobby, this target guarantees an exciting experience.<\/li>\n<\/ul>\n<p>For firearm enthusiasts, finding a durable and reliable target can be of utmost importance. A good target should not only withstand a significant amount of rounds, but also offer a diverse range of experiences with each and every shot. Luckily, the Target model offers both. With a capacity of up to 1,000 rounds, you can rest assured that this target will last through multiple practice sessions. Moreover, each shot on this target does something different \u2013 bouncing, rolling, and running away \u2013 ensuring that no two shots are the same. Ideal for all calibers from .22 to .50 caliber rifles, pistols, and shotguns, the Target is a full-proof choice that will be an exciting addition to any shooting venture.<\/p>\n","protected":false},"excerpt":{"rendered":"<p>Top self-healing targets for fun shooting: Impact Seal Ground Bouncing Reactive Targets from Do All Outdoors.<\/p>\n","protected":false},"featured_media":58649,"template":"","meta":[],"product_brand":[9645],"product_cat":[8643],"product_tag":[],"yoast_head":"<!-- This site is optimized with the Yoast SEO plugin v24.3 - https:\/\/yoast.com\/wordpress\/plugins\/seo\/ -->\n<title>DO ALL Hot Box Ground Bouncer | Lucky-hunter.com<\/title>\n<meta name=\"description\" content=\"With a capacity of up to 1,000 rounds, you can rest assured that this DO All target will last through multiple practice sessions.\" \/>\n<meta name=\"robots\" content=\"noindex, follow, max-snippet:-1, max-image-preview:large, max-video-preview:-1\" \/>\n<meta property=\"og:locale\" content=\"hu_HU\" \/>\n<meta property=\"og:type\" content=\"article\" \/>\n<meta property=\"og:title\" content=\"DO ALL Hot Box Ground Bouncer | Lucky-hunter.com\" \/>\n<meta property=\"og:description\" content=\"With a capacity of up to 1,000 rounds, you can rest assured that this DO All target will last through multiple practice sessions.\" \/>\n<meta property=\"og:url\" content=\"https:\/\/staging.lucky-hunter.com\/product\/hot-box-ground-bouncer\/\" \/>\n<meta property=\"og:site_name\" content=\"Lucky-Hunter\" \/>\n<meta property=\"article:modified_time\" content=\"2025-10-01T23:18:58+00:00\" \/>\n<meta property=\"og:image\" content=\"https:\/\/staging.lucky-hunter.com\/wp-content\/uploads\/2023\/03\/ST-180.png\" \/>\n\t<meta property=\"og:image:width\" content=\"1000\" \/>\n\t<meta property=\"og:image:height\" content=\"1000\" \/>\n\t<meta property=\"og:image:type\" content=\"image\/png\" \/>\n<meta name=\"twitter:card\" content=\"summary_large_image\" \/>\n<meta name=\"twitter:label1\" content=\"Becs\u00fclt olvas\u00e1si id\u0151\" \/>\n\t<meta name=\"twitter:data1\" content=\"2 perc\" \/>\n<script type=\"application\/ld+json\" class=\"yoast-schema-graph\">{\"@context\":\"https:\/\/schema.org\",\"@graph\":[{\"@type\":\"WebPage\",\"@id\":\"https:\/\/staging.lucky-hunter.com\/product\/hot-box-ground-bouncer\/\",\"url\":\"https:\/\/staging.lucky-hunter.com\/product\/hot-box-ground-bouncer\/\",\"name\":\"DO ALL Hot Box Ground Bouncer | Lucky-hunter.com\",\"isPartOf\":{\"@id\":\"https:\/\/staging.lucky-hunter.com\/#website\"},\"primaryImageOfPage\":{\"@id\":\"https:\/\/staging.lucky-hunter.com\/product\/hot-box-ground-bouncer\/#primaryimage\"},\"image\":{\"@id\":\"https:\/\/staging.lucky-hunter.com\/product\/hot-box-ground-bouncer\/#primaryimage\"},\"thumbnailUrl\":\"https:\/\/staging.lucky-hunter.com\/wp-content\/uploads\/2023\/03\/ST-180.png\",\"datePublished\":\"2023-03-17T13:28:18+00:00\",\"dateModified\":\"2025-10-01T23:18:58+00:00\",\"description\":\"With a capacity of up to 1,000 rounds, you can rest assured that this DO All target will last through multiple practice sessions.\",\"breadcrumb\":{\"@id\":\"https:\/\/staging.lucky-hunter.com\/product\/hot-box-ground-bouncer\/#breadcrumb\"},\"inLanguage\":\"hu\",\"potentialAction\":[{\"@type\":\"ReadAction\",\"target\":[\"https:\/\/staging.lucky-hunter.com\/product\/hot-box-ground-bouncer\/\"]}]},{\"@type\":\"ImageObject\",\"inLanguage\":\"hu\",\"@id\":\"https:\/\/staging.lucky-hunter.com\/product\/hot-box-ground-bouncer\/#primaryimage\",\"url\":\"https:\/\/staging.lucky-hunter.com\/wp-content\/uploads\/2023\/03\/ST-180.png\",\"contentUrl\":\"https:\/\/staging.lucky-hunter.com\/wp-content\/uploads\/2023\/03\/ST-180.png\",\"width\":1000,\"height\":1000,\"caption\":\"Do All target\"},{\"@type\":\"BreadcrumbList\",\"@id\":\"https:\/\/staging.lucky-hunter.com\/product\/hot-box-ground-bouncer\/#breadcrumb\",\"itemListElement\":[{\"@type\":\"ListItem\",\"position\":1,\"name\":\"Home\",\"item\":\"https:\/\/staging.lucky-hunter.com\/hu\/\"},{\"@type\":\"ListItem\",\"position\":2,\"name\":\"Shop\",\"item\":\"https:\/\/staging.lucky-hunter.com\/hu\/shop\/\"},{\"@type\":\"ListItem\",\"position\":3,\"name\":\"DO ALL Hot Box Ground Bouncer\"}]},{\"@type\":\"WebSite\",\"@id\":\"https:\/\/staging.lucky-hunter.com\/#website\",\"url\":\"https:\/\/staging.lucky-hunter.com\/\",\"name\":\"Lucky-Hunter\",\"description\":\"Gear Up or Give Up\",\"potentialAction\":[{\"@type\":\"SearchAction\",\"target\":{\"@type\":\"EntryPoint\",\"urlTemplate\":\"https:\/\/staging.lucky-hunter.com\/?s={search_term_string}\"},\"query-input\":{\"@type\":\"PropertyValueSpecification\",\"valueRequired\":true,\"valueName\":\"search_term_string\"}}],\"inLanguage\":\"hu\"}]}<\/script>\n<!-- \/ Yoast SEO plugin. -->","yoast_head_json":{"title":"DO ALL Hot Box Ground Bouncer | Lucky-hunter.com","description":"With a capacity of up to 1,000 rounds, you can rest assured that this DO All target will last through multiple practice sessions.","robots":{"index":"noindex","follow":"follow","max-snippet":"max-snippet:-1","max-image-preview":"max-image-preview:large","max-video-preview":"max-video-preview:-1"},"og_locale":"hu_HU","og_type":"article","og_title":"DO ALL Hot Box Ground Bouncer | Lucky-hunter.com","og_description":"With a capacity of up to 1,000 rounds, you can rest assured that this DO All target will last through multiple practice sessions.","og_url":"https:\/\/staging.lucky-hunter.com\/product\/hot-box-ground-bouncer\/","og_site_name":"Lucky-Hunter","article_modified_time":"2025-10-01T23:18:58+00:00","og_image":[{"width":1000,"height":1000,"url":"https:\/\/staging.lucky-hunter.com\/wp-content\/uploads\/2023\/03\/ST-180.png","type":"image\/png"}],"twitter_card":"summary_large_image","twitter_misc":{"Becs\u00fclt olvas\u00e1si id\u0151":"2 perc"},"schema":{"@context":"https:\/\/schema.org","@graph":[{"@type":"WebPage","@id":"https:\/\/staging.lucky-hunter.com\/product\/hot-box-ground-bouncer\/","url":"https:\/\/staging.lucky-hunter.com\/product\/hot-box-ground-bouncer\/","name":"DO ALL Hot Box Ground Bouncer | Lucky-hunter.com","isPartOf":{"@id":"https:\/\/staging.lucky-hunter.com\/#website"},"primaryImageOfPage":{"@id":"https:\/\/staging.lucky-hunter.com\/product\/hot-box-ground-bouncer\/#primaryimage"},"image":{"@id":"https:\/\/staging.lucky-hunter.com\/product\/hot-box-ground-bouncer\/#primaryimage"},"thumbnailUrl":"https:\/\/staging.lucky-hunter.com\/wp-content\/uploads\/2023\/03\/ST-180.png","datePublished":"2023-03-17T13:28:18+00:00","dateModified":"2025-10-01T23:18:58+00:00","description":"With a capacity of up to 1,000 rounds, you can rest assured that this DO All target will last through multiple practice sessions.","breadcrumb":{"@id":"https:\/\/staging.lucky-hunter.com\/product\/hot-box-ground-bouncer\/#breadcrumb"},"inLanguage":"hu","potentialAction":[{"@type":"ReadAction","target":["https:\/\/staging.lucky-hunter.com\/product\/hot-box-ground-bouncer\/"]}]},{"@type":"ImageObject","inLanguage":"hu","@id":"https:\/\/staging.lucky-hunter.com\/product\/hot-box-ground-bouncer\/#primaryimage","url":"https:\/\/staging.lucky-hunter.com\/wp-content\/uploads\/2023\/03\/ST-180.png","contentUrl":"https:\/\/staging.lucky-hunter.com\/wp-content\/uploads\/2023\/03\/ST-180.png","width":1000,"height":1000,"caption":"Do All target"},{"@type":"BreadcrumbList","@id":"https:\/\/staging.lucky-hunter.com\/product\/hot-box-ground-bouncer\/#breadcrumb","itemListElement":[{"@type":"ListItem","position":1,"name":"Home","item":"https:\/\/staging.lucky-hunter.com\/hu\/"},{"@type":"ListItem","position":2,"name":"Shop","item":"https:\/\/staging.lucky-hunter.com\/hu\/shop\/"},{"@type":"ListItem","position":3,"name":"DO ALL Hot Box Ground Bouncer"}]},{"@type":"WebSite","@id":"https:\/\/staging.lucky-hunter.com\/#website","url":"https:\/\/staging.lucky-hunter.com\/","name":"Lucky-Hunter","description":"Gear Up or Give Up","potentialAction":[{"@type":"SearchAction","target":{"@type":"EntryPoint","urlTemplate":"https:\/\/staging.lucky-hunter.com\/?s={search_term_string}"},"query-input":{"@type":"PropertyValueSpecification","valueRequired":true,"valueName":"search_term_string"}}],"inLanguage":"hu"}]}},"_links":{"self":[{"href":"https:\/\/staging.lucky-hunter.com\/hu\/wp-json\/wp\/v2\/product\/57606"}],"collection":[{"href":"https:\/\/staging.lucky-hunter.com\/hu\/wp-json\/wp\/v2\/product"}],"about":[{"href":"https:\/\/staging.lucky-hunter.com\/hu\/wp-json\/wp\/v2\/types\/product"}],"wp:featuredmedia":[{"embeddable":true,"href":"https:\/\/staging.lucky-hunter.com\/hu\/wp-json\/wp\/v2\/media\/58649"}],"wp:attachment":[{"href":"https:\/\/staging.lucky-hunter.com\/hu\/wp-json\/wp\/v2\/media?parent=57606"}],"wp:term":[{"taxonomy":"product_brand","embeddable":true,"href":"https:\/\/staging.lucky-hunter.com\/hu\/wp-json\/wp\/v2\/product_brand?post=57606"},{"taxonomy":"product_cat","embeddable":true,"href":"https:\/\/staging.lucky-hunter.com\/hu\/wp-json\/wp\/v2\/product_cat?post=57606"},{"taxonomy":"product_tag","embeddable":true,"href":"https:\/\/staging.lucky-hunter.com\/hu\/wp-json\/wp\/v2\/product_tag?post=57606"}],"curies":[{"name":"wp","href":"https:\/\/api.w.org\/{rel}","templated":true}]}}