{"id":57604,"date":"2023-03-17T14:38:26","date_gmt":"2023-03-17T13:38:26","guid":{"rendered":"https:\/\/staging.lucky-hunter.com\/?post_type=product&#038;p=57604"},"modified":"2025-10-02T01:18:46","modified_gmt":"2025-10-01T23:18:46","slug":"chicken-egg","status":"publish","type":"product","link":"https:\/\/staging.lucky-hunter.com\/hu\/product\/chicken-egg\/","title":{"rendered":"DO ALL Chicken &#038; Egg"},"content":{"rendered":"<p><span style=\"color: #ed1c24;\"><strong>There may be a 2-3 week delivery time for this item. Contact us if necessary for the stock status<\/strong><\/span><\/p>\n<ul>\n<li>Durable and high-performing shooting target<\/li>\n<li>Can withstand numerous rounds of shooting<\/li>\n<li>Designed to automatically reseal itself after the bullet passes through<\/li>\n<li>Spin feature repositions the target with every impact, eliminating the need for resetting<\/li>\n<li>Ideal for various calibers of rifles and pistols<\/li>\n<\/ul>\n<p>For those who enjoy shooting for sport, finding the right target to improve your skills can be a challenge. Luckily, the latest offering from our company provides a solution that handles thousands of rounds for long-term use. Made from a light-weight yet durable material, the target is also designed to reseal itself after every shot, ensuring optimal performance and longevity. What&#8217;s more, the bullet impact triggers a spin mechanism that eliminates the need for manual target resetting. This innovative target can be rated for all rifle and pistol calibers, from .22 to .50. With longer life technology and engineered for both accuracy and durability, this shooting target is the ideal investment for anyone seeking to improve their shooting skills.<\/p>\n","protected":false},"excerpt":{"rendered":"<p>Hit bullseye every time with Chicken &amp; Egg Target.<\/p>\n","protected":false},"featured_media":58666,"template":"","meta":[],"product_brand":[9645],"product_cat":[8643],"product_tag":[],"yoast_head":"<!-- This site is optimized with the Yoast SEO plugin v24.3 - https:\/\/yoast.com\/wordpress\/plugins\/seo\/ -->\n<title>DO ALL Chicken &amp; Egg | Lucky-hunter.com<\/title>\n<meta name=\"description\" content=\"For those who enjoy shooting, finding the right target to improve your skills can be a challenge. Luckily, the &quot;Chicken &amp; Egg&quot; offers what you need\" \/>\n<meta name=\"robots\" content=\"noindex, follow, max-snippet:-1, max-image-preview:large, max-video-preview:-1\" \/>\n<meta property=\"og:locale\" content=\"hu_HU\" \/>\n<meta property=\"og:type\" content=\"article\" \/>\n<meta property=\"og:title\" content=\"DO ALL Chicken &amp; Egg | Lucky-hunter.com\" \/>\n<meta property=\"og:description\" content=\"For those who enjoy shooting, finding the right target to improve your skills can be a challenge. Luckily, the &quot;Chicken &amp; Egg&quot; offers what you need\" \/>\n<meta property=\"og:url\" content=\"https:\/\/staging.lucky-hunter.com\/product\/chicken-egg\/\" \/>\n<meta property=\"og:site_name\" content=\"Lucky-Hunter\" \/>\n<meta property=\"article:modified_time\" content=\"2025-10-01T23:18:46+00:00\" \/>\n<meta property=\"og:image\" content=\"https:\/\/staging.lucky-hunter.com\/wp-content\/uploads\/2023\/03\/ST-170.png\" \/>\n\t<meta property=\"og:image:width\" content=\"1000\" \/>\n\t<meta property=\"og:image:height\" content=\"1000\" \/>\n\t<meta property=\"og:image:type\" content=\"image\/png\" \/>\n<meta name=\"twitter:card\" content=\"summary_large_image\" \/>\n<meta name=\"twitter:label1\" content=\"Becs\u00fclt olvas\u00e1si id\u0151\" \/>\n\t<meta name=\"twitter:data1\" content=\"1 perc\" \/>\n<script type=\"application\/ld+json\" class=\"yoast-schema-graph\">{\"@context\":\"https:\/\/schema.org\",\"@graph\":[{\"@type\":\"WebPage\",\"@id\":\"https:\/\/staging.lucky-hunter.com\/product\/chicken-egg\/\",\"url\":\"https:\/\/staging.lucky-hunter.com\/product\/chicken-egg\/\",\"name\":\"DO ALL Chicken & Egg | Lucky-hunter.com\",\"isPartOf\":{\"@id\":\"https:\/\/staging.lucky-hunter.com\/#website\"},\"primaryImageOfPage\":{\"@id\":\"https:\/\/staging.lucky-hunter.com\/product\/chicken-egg\/#primaryimage\"},\"image\":{\"@id\":\"https:\/\/staging.lucky-hunter.com\/product\/chicken-egg\/#primaryimage\"},\"thumbnailUrl\":\"https:\/\/staging.lucky-hunter.com\/wp-content\/uploads\/2023\/03\/ST-170.png\",\"datePublished\":\"2023-03-17T13:38:26+00:00\",\"dateModified\":\"2025-10-01T23:18:46+00:00\",\"description\":\"For those who enjoy shooting, finding the right target to improve your skills can be a challenge. Luckily, the \\\"Chicken & Egg\\\" offers what you need\",\"breadcrumb\":{\"@id\":\"https:\/\/staging.lucky-hunter.com\/product\/chicken-egg\/#breadcrumb\"},\"inLanguage\":\"hu\",\"potentialAction\":[{\"@type\":\"ReadAction\",\"target\":[\"https:\/\/staging.lucky-hunter.com\/product\/chicken-egg\/\"]}]},{\"@type\":\"ImageObject\",\"inLanguage\":\"hu\",\"@id\":\"https:\/\/staging.lucky-hunter.com\/product\/chicken-egg\/#primaryimage\",\"url\":\"https:\/\/staging.lucky-hunter.com\/wp-content\/uploads\/2023\/03\/ST-170.png\",\"contentUrl\":\"https:\/\/staging.lucky-hunter.com\/wp-content\/uploads\/2023\/03\/ST-170.png\",\"width\":1000,\"height\":1000,\"caption\":\"Do All Chicken & Egg\"},{\"@type\":\"BreadcrumbList\",\"@id\":\"https:\/\/staging.lucky-hunter.com\/product\/chicken-egg\/#breadcrumb\",\"itemListElement\":[{\"@type\":\"ListItem\",\"position\":1,\"name\":\"Home\",\"item\":\"https:\/\/staging.lucky-hunter.com\/hu\/\"},{\"@type\":\"ListItem\",\"position\":2,\"name\":\"Shop\",\"item\":\"https:\/\/staging.lucky-hunter.com\/hu\/shop\/\"},{\"@type\":\"ListItem\",\"position\":3,\"name\":\"DO ALL Chicken &#038; Egg\"}]},{\"@type\":\"WebSite\",\"@id\":\"https:\/\/staging.lucky-hunter.com\/#website\",\"url\":\"https:\/\/staging.lucky-hunter.com\/\",\"name\":\"Lucky-Hunter\",\"description\":\"Gear Up or Give Up\",\"potentialAction\":[{\"@type\":\"SearchAction\",\"target\":{\"@type\":\"EntryPoint\",\"urlTemplate\":\"https:\/\/staging.lucky-hunter.com\/?s={search_term_string}\"},\"query-input\":{\"@type\":\"PropertyValueSpecification\",\"valueRequired\":true,\"valueName\":\"search_term_string\"}}],\"inLanguage\":\"hu\"}]}<\/script>\n<!-- \/ Yoast SEO plugin. -->","yoast_head_json":{"title":"DO ALL Chicken & Egg | Lucky-hunter.com","description":"For those who enjoy shooting, finding the right target to improve your skills can be a challenge. Luckily, the \"Chicken & Egg\" offers what you need","robots":{"index":"noindex","follow":"follow","max-snippet":"max-snippet:-1","max-image-preview":"max-image-preview:large","max-video-preview":"max-video-preview:-1"},"og_locale":"hu_HU","og_type":"article","og_title":"DO ALL Chicken & Egg | Lucky-hunter.com","og_description":"For those who enjoy shooting, finding the right target to improve your skills can be a challenge. Luckily, the \"Chicken & Egg\" offers what you need","og_url":"https:\/\/staging.lucky-hunter.com\/product\/chicken-egg\/","og_site_name":"Lucky-Hunter","article_modified_time":"2025-10-01T23:18:46+00:00","og_image":[{"width":1000,"height":1000,"url":"https:\/\/staging.lucky-hunter.com\/wp-content\/uploads\/2023\/03\/ST-170.png","type":"image\/png"}],"twitter_card":"summary_large_image","twitter_misc":{"Becs\u00fclt olvas\u00e1si id\u0151":"1 perc"},"schema":{"@context":"https:\/\/schema.org","@graph":[{"@type":"WebPage","@id":"https:\/\/staging.lucky-hunter.com\/product\/chicken-egg\/","url":"https:\/\/staging.lucky-hunter.com\/product\/chicken-egg\/","name":"DO ALL Chicken & Egg | Lucky-hunter.com","isPartOf":{"@id":"https:\/\/staging.lucky-hunter.com\/#website"},"primaryImageOfPage":{"@id":"https:\/\/staging.lucky-hunter.com\/product\/chicken-egg\/#primaryimage"},"image":{"@id":"https:\/\/staging.lucky-hunter.com\/product\/chicken-egg\/#primaryimage"},"thumbnailUrl":"https:\/\/staging.lucky-hunter.com\/wp-content\/uploads\/2023\/03\/ST-170.png","datePublished":"2023-03-17T13:38:26+00:00","dateModified":"2025-10-01T23:18:46+00:00","description":"For those who enjoy shooting, finding the right target to improve your skills can be a challenge. Luckily, the \"Chicken & Egg\" offers what you need","breadcrumb":{"@id":"https:\/\/staging.lucky-hunter.com\/product\/chicken-egg\/#breadcrumb"},"inLanguage":"hu","potentialAction":[{"@type":"ReadAction","target":["https:\/\/staging.lucky-hunter.com\/product\/chicken-egg\/"]}]},{"@type":"ImageObject","inLanguage":"hu","@id":"https:\/\/staging.lucky-hunter.com\/product\/chicken-egg\/#primaryimage","url":"https:\/\/staging.lucky-hunter.com\/wp-content\/uploads\/2023\/03\/ST-170.png","contentUrl":"https:\/\/staging.lucky-hunter.com\/wp-content\/uploads\/2023\/03\/ST-170.png","width":1000,"height":1000,"caption":"Do All Chicken & Egg"},{"@type":"BreadcrumbList","@id":"https:\/\/staging.lucky-hunter.com\/product\/chicken-egg\/#breadcrumb","itemListElement":[{"@type":"ListItem","position":1,"name":"Home","item":"https:\/\/staging.lucky-hunter.com\/hu\/"},{"@type":"ListItem","position":2,"name":"Shop","item":"https:\/\/staging.lucky-hunter.com\/hu\/shop\/"},{"@type":"ListItem","position":3,"name":"DO ALL Chicken &#038; Egg"}]},{"@type":"WebSite","@id":"https:\/\/staging.lucky-hunter.com\/#website","url":"https:\/\/staging.lucky-hunter.com\/","name":"Lucky-Hunter","description":"Gear Up or Give Up","potentialAction":[{"@type":"SearchAction","target":{"@type":"EntryPoint","urlTemplate":"https:\/\/staging.lucky-hunter.com\/?s={search_term_string}"},"query-input":{"@type":"PropertyValueSpecification","valueRequired":true,"valueName":"search_term_string"}}],"inLanguage":"hu"}]}},"_links":{"self":[{"href":"https:\/\/staging.lucky-hunter.com\/hu\/wp-json\/wp\/v2\/product\/57604"}],"collection":[{"href":"https:\/\/staging.lucky-hunter.com\/hu\/wp-json\/wp\/v2\/product"}],"about":[{"href":"https:\/\/staging.lucky-hunter.com\/hu\/wp-json\/wp\/v2\/types\/product"}],"wp:featuredmedia":[{"embeddable":true,"href":"https:\/\/staging.lucky-hunter.com\/hu\/wp-json\/wp\/v2\/media\/58666"}],"wp:attachment":[{"href":"https:\/\/staging.lucky-hunter.com\/hu\/wp-json\/wp\/v2\/media?parent=57604"}],"wp:term":[{"taxonomy":"product_brand","embeddable":true,"href":"https:\/\/staging.lucky-hunter.com\/hu\/wp-json\/wp\/v2\/product_brand?post=57604"},{"taxonomy":"product_cat","embeddable":true,"href":"https:\/\/staging.lucky-hunter.com\/hu\/wp-json\/wp\/v2\/product_cat?post=57604"},{"taxonomy":"product_tag","embeddable":true,"href":"https:\/\/staging.lucky-hunter.com\/hu\/wp-json\/wp\/v2\/product_tag?post=57604"}],"curies":[{"name":"wp","href":"https:\/\/api.w.org\/{rel}","templated":true}]}}