{"id":56795,"date":"2016-11-07T16:10:00","date_gmt":"2016-11-07T15:10:00","guid":{"rendered":"https:\/\/staging.lucky-hunter.com\/product\/beech-tar-spray\/"},"modified":"2016-11-07T16:10:00","modified_gmt":"2016-11-07T15:10:00","slug":"beech-tar-spray","status":"publish","type":"product","link":"https:\/\/staging.lucky-hunter.com\/hu\/product\/beech-tar-spray\/","title":{"rendered":"B\u00fckkk\u00e1tr\u00e1ny spray 500 ml"},"content":{"rendered":"<h2><strong>B\u00fckkk\u00e1tr\u00e1ny Spray Can \u2013 fokozza a b\u00fckkk\u00e1tr\u00e1ny illat\u00e1t, hogy vonzza a vaddiszn\u00f3kat \u00e9s a szarvast\u00a0<\/strong><\/h2>\n<p>Ez a kiv\u00e1l\u00f3 min\u0151s\u00e9g\u0171 b\u00fckkk\u00e1tr\u00e1ny b\u00fckkf\u00e1kb\u00f3l sz\u00e1rmazik. Ez a barbecue sz\u00e9n el\u0151\u00e1ll\u00edt\u00e1s\u00e1nak eredm\u00e9nyek\u00e9nt j\u00f6n l\u00e9tre.<\/p>\n<p>A k\u00e1tr\u00e1nyspray-t akkor haszn\u00e1lj\u00e1k, amikor \u00d6n a vad\u00e1szter\u00fcletre \u00e9rkezik, hogy fokozza \u00e9s felfriss\u00edtse a k\u00e1tr\u00e1nyp\u00e1ly\u00e1k illat\u00e1t.<\/p>\n<p>A tapasztalat azt mutatja, hogy a b\u00fckkf\u00e1b\u00f3l k\u00e9sz\u00fclt k\u00e1tr\u00e1ny vonzza a legjobban a vaddiszn\u00f3t. M\u00e1s k\u00e1tr\u00e1nyterm\u00e9kek is haszn\u00e1lhat\u00f3k \u2013 de nem ugyanaz a cs\u00e1b\u00edt\u00f3 hat\u00e1s.<\/p>\n<p>Praktikus 500 ml-es kiszerel\u00e9sben. A spray k\u00f6nnyen bevihet\u0151 a zseb\u00e9be vagy a h\u00e1tizs\u00e1kj\u00e1ba.<\/p>\n","protected":false},"excerpt":{"rendered":"<p>Ez a kiv\u00e1l\u00f3 min\u0151s\u00e9g\u0171 b\u00fckkk\u00e1tr\u00e1ny b\u00fckkf\u00e1kb\u00f3l sz\u00e1rmazik, a grillsz\u00e9n el\u0151\u00e1ll\u00edt\u00e1s\u00e1val \u00f6sszef\u00fcgg\u00e9sben. A k\u00e1tr\u00e1nyspray-t akkor haszn\u00e1lj\u00e1k, amikor \u00d6n a vad\u00e1szter\u00fcletre \u00e9rkezik, hogy fokozza \u00e9s felfriss\u00edtse a k\u00e1tr\u00e1nyp\u00e1ly\u00e1k illat\u00e1t.<\/p>\n","protected":false},"featured_media":45063,"template":"","meta":[],"product_brand":[],"product_cat":[8787],"product_tag":[9464],"yoast_head":"<!-- This site is optimized with the Yoast SEO plugin v24.3 - https:\/\/yoast.com\/wordpress\/plugins\/seo\/ -->\n<title>B\u00fckkk\u00e1tr\u00e1ny permetez\u0151doboz - Kiv\u00e1l\u00f3 min\u0151s\u00e9g\u0171 k\u00e1tr\u00e1ny | Lucky Hunter<\/title>\n<meta name=\"description\" content=\"B\u00fckkk\u00e1tr\u00e1ny spray doboz t\u00f6k\u00e9letes arra, hogy illattal friss\u00edtse fel vad\u00e1szter\u00fcleteit. K\u00f6nnyen mag\u00e1val viheti, mivel t\u00f6k\u00e9letes zsebben vagy h\u00e1tizs\u00e1kban t\u00e1rolhat\u00f3.\" \/>\n<meta name=\"robots\" content=\"noindex, follow, max-snippet:-1, max-image-preview:large, max-video-preview:-1\" \/>\n<meta property=\"og:locale\" content=\"hu_HU\" \/>\n<meta property=\"og:type\" content=\"article\" \/>\n<meta property=\"og:title\" content=\"B\u00fckkk\u00e1tr\u00e1ny permetez\u0151doboz - Kiv\u00e1l\u00f3 min\u0151s\u00e9g\u0171 k\u00e1tr\u00e1ny | Lucky Hunter\" \/>\n<meta property=\"og:description\" content=\"B\u00fckkk\u00e1tr\u00e1ny spray doboz t\u00f6k\u00e9letes arra, hogy illattal friss\u00edtse fel vad\u00e1szter\u00fcleteit. K\u00f6nnyen mag\u00e1val viheti, mivel t\u00f6k\u00e9letes zsebben vagy h\u00e1tizs\u00e1kban t\u00e1rolhat\u00f3.\" \/>\n<meta property=\"og:url\" content=\"https:\/\/staging.lucky-hunter.com\/product\/beech-tar-spray\/\" \/>\n<meta property=\"og:site_name\" content=\"Lucky-Hunter\" \/>\n<meta property=\"og:image\" content=\"https:\/\/staging.lucky-hunter.com\/wp-content\/uploads\/2017\/06\/590257.png\" \/>\n\t<meta property=\"og:image:width\" content=\"1000\" \/>\n\t<meta property=\"og:image:height\" content=\"1000\" \/>\n\t<meta property=\"og:image:type\" content=\"image\/png\" \/>\n<meta name=\"twitter:card\" content=\"summary_large_image\" \/>\n<meta name=\"twitter:title\" content=\"B\u00fckkk\u00e1tr\u00e1ny permetez\u0151doboz - Kiv\u00e1l\u00f3 min\u0151s\u00e9g\u0171 k\u00e1tr\u00e1ny | Lucky Hunter\" \/>\n<meta name=\"twitter:description\" content=\"B\u00fckkk\u00e1tr\u00e1ny spray doboz t\u00f6k\u00e9letes arra, hogy illattal friss\u00edtse fel vad\u00e1szter\u00fcleteit. K\u00f6nnyen mag\u00e1val viheti, mivel t\u00f6k\u00e9letes zsebben vagy h\u00e1tizs\u00e1kban t\u00e1rolhat\u00f3.\" \/>\n<meta name=\"twitter:label1\" content=\"Becs\u00fclt olvas\u00e1si id\u0151\" \/>\n\t<meta name=\"twitter:data1\" content=\"1 perc\" \/>\n<script type=\"application\/ld+json\" class=\"yoast-schema-graph\">{\"@context\":\"https:\/\/schema.org\",\"@graph\":[{\"@type\":\"WebPage\",\"@id\":\"https:\/\/staging.lucky-hunter.com\/product\/beech-tar-spray\/\",\"url\":\"https:\/\/staging.lucky-hunter.com\/product\/beech-tar-spray\/\",\"name\":\"B\u00fckkk\u00e1tr\u00e1ny permetez\u0151doboz - Kiv\u00e1l\u00f3 min\u0151s\u00e9g\u0171 k\u00e1tr\u00e1ny | Lucky Hunter\",\"isPartOf\":{\"@id\":\"https:\/\/staging.lucky-hunter.com\/#website\"},\"primaryImageOfPage\":{\"@id\":\"https:\/\/staging.lucky-hunter.com\/product\/beech-tar-spray\/#primaryimage\"},\"image\":{\"@id\":\"https:\/\/staging.lucky-hunter.com\/product\/beech-tar-spray\/#primaryimage\"},\"thumbnailUrl\":\"https:\/\/staging.lucky-hunter.com\/wp-content\/uploads\/2017\/06\/590257.png\",\"datePublished\":\"2016-11-07T15:10:00+00:00\",\"dateModified\":\"2016-11-07T15:10:00+00:00\",\"description\":\"B\u00fckkk\u00e1tr\u00e1ny spray doboz t\u00f6k\u00e9letes arra, hogy illattal friss\u00edtse fel vad\u00e1szter\u00fcleteit. K\u00f6nnyen mag\u00e1val viheti, mivel t\u00f6k\u00e9letes zsebben vagy h\u00e1tizs\u00e1kban t\u00e1rolhat\u00f3.\",\"breadcrumb\":{\"@id\":\"https:\/\/staging.lucky-hunter.com\/product\/beech-tar-spray\/#breadcrumb\"},\"inLanguage\":\"hu\",\"potentialAction\":[{\"@type\":\"ReadAction\",\"target\":[\"https:\/\/staging.lucky-hunter.com\/product\/beech-tar-spray\/\"]}]},{\"@type\":\"ImageObject\",\"inLanguage\":\"hu\",\"@id\":\"https:\/\/staging.lucky-hunter.com\/product\/beech-tar-spray\/#primaryimage\",\"url\":\"https:\/\/staging.lucky-hunter.com\/wp-content\/uploads\/2017\/06\/590257.png\",\"contentUrl\":\"https:\/\/staging.lucky-hunter.com\/wp-content\/uploads\/2017\/06\/590257.png\",\"width\":1000,\"height\":1000},{\"@type\":\"BreadcrumbList\",\"@id\":\"https:\/\/staging.lucky-hunter.com\/product\/beech-tar-spray\/#breadcrumb\",\"itemListElement\":[{\"@type\":\"ListItem\",\"position\":1,\"name\":\"Home\",\"item\":\"https:\/\/staging.lucky-hunter.com\/hu\/\"},{\"@type\":\"ListItem\",\"position\":2,\"name\":\"Shop\",\"item\":\"https:\/\/staging.lucky-hunter.com\/hu\/shop\/\"},{\"@type\":\"ListItem\",\"position\":3,\"name\":\"B\u00fckkk\u00e1tr\u00e1ny spray 500 ml\"}]},{\"@type\":\"WebSite\",\"@id\":\"https:\/\/staging.lucky-hunter.com\/#website\",\"url\":\"https:\/\/staging.lucky-hunter.com\/\",\"name\":\"Lucky-Hunter\",\"description\":\"Gear Up or Give Up\",\"potentialAction\":[{\"@type\":\"SearchAction\",\"target\":{\"@type\":\"EntryPoint\",\"urlTemplate\":\"https:\/\/staging.lucky-hunter.com\/?s={search_term_string}\"},\"query-input\":{\"@type\":\"PropertyValueSpecification\",\"valueRequired\":true,\"valueName\":\"search_term_string\"}}],\"inLanguage\":\"hu\"}]}<\/script>\n<!-- \/ Yoast SEO plugin. -->","yoast_head_json":{"title":"B\u00fckkk\u00e1tr\u00e1ny permetez\u0151doboz - Kiv\u00e1l\u00f3 min\u0151s\u00e9g\u0171 k\u00e1tr\u00e1ny | Lucky Hunter","description":"B\u00fckkk\u00e1tr\u00e1ny spray doboz t\u00f6k\u00e9letes arra, hogy illattal friss\u00edtse fel vad\u00e1szter\u00fcleteit. K\u00f6nnyen mag\u00e1val viheti, mivel t\u00f6k\u00e9letes zsebben vagy h\u00e1tizs\u00e1kban t\u00e1rolhat\u00f3.","robots":{"index":"noindex","follow":"follow","max-snippet":"max-snippet:-1","max-image-preview":"max-image-preview:large","max-video-preview":"max-video-preview:-1"},"og_locale":"hu_HU","og_type":"article","og_title":"B\u00fckkk\u00e1tr\u00e1ny permetez\u0151doboz - Kiv\u00e1l\u00f3 min\u0151s\u00e9g\u0171 k\u00e1tr\u00e1ny | Lucky Hunter","og_description":"B\u00fckkk\u00e1tr\u00e1ny spray doboz t\u00f6k\u00e9letes arra, hogy illattal friss\u00edtse fel vad\u00e1szter\u00fcleteit. K\u00f6nnyen mag\u00e1val viheti, mivel t\u00f6k\u00e9letes zsebben vagy h\u00e1tizs\u00e1kban t\u00e1rolhat\u00f3.","og_url":"https:\/\/staging.lucky-hunter.com\/product\/beech-tar-spray\/","og_site_name":"Lucky-Hunter","og_image":[{"width":1000,"height":1000,"url":"https:\/\/staging.lucky-hunter.com\/wp-content\/uploads\/2017\/06\/590257.png","type":"image\/png"}],"twitter_card":"summary_large_image","twitter_title":"B\u00fckkk\u00e1tr\u00e1ny permetez\u0151doboz - Kiv\u00e1l\u00f3 min\u0151s\u00e9g\u0171 k\u00e1tr\u00e1ny | Lucky Hunter","twitter_description":"B\u00fckkk\u00e1tr\u00e1ny spray doboz t\u00f6k\u00e9letes arra, hogy illattal friss\u00edtse fel vad\u00e1szter\u00fcleteit. K\u00f6nnyen mag\u00e1val viheti, mivel t\u00f6k\u00e9letes zsebben vagy h\u00e1tizs\u00e1kban t\u00e1rolhat\u00f3.","twitter_misc":{"Becs\u00fclt olvas\u00e1si id\u0151":"1 perc"},"schema":{"@context":"https:\/\/schema.org","@graph":[{"@type":"WebPage","@id":"https:\/\/staging.lucky-hunter.com\/product\/beech-tar-spray\/","url":"https:\/\/staging.lucky-hunter.com\/product\/beech-tar-spray\/","name":"B\u00fckkk\u00e1tr\u00e1ny permetez\u0151doboz - Kiv\u00e1l\u00f3 min\u0151s\u00e9g\u0171 k\u00e1tr\u00e1ny | Lucky Hunter","isPartOf":{"@id":"https:\/\/staging.lucky-hunter.com\/#website"},"primaryImageOfPage":{"@id":"https:\/\/staging.lucky-hunter.com\/product\/beech-tar-spray\/#primaryimage"},"image":{"@id":"https:\/\/staging.lucky-hunter.com\/product\/beech-tar-spray\/#primaryimage"},"thumbnailUrl":"https:\/\/staging.lucky-hunter.com\/wp-content\/uploads\/2017\/06\/590257.png","datePublished":"2016-11-07T15:10:00+00:00","dateModified":"2016-11-07T15:10:00+00:00","description":"B\u00fckkk\u00e1tr\u00e1ny spray doboz t\u00f6k\u00e9letes arra, hogy illattal friss\u00edtse fel vad\u00e1szter\u00fcleteit. K\u00f6nnyen mag\u00e1val viheti, mivel t\u00f6k\u00e9letes zsebben vagy h\u00e1tizs\u00e1kban t\u00e1rolhat\u00f3.","breadcrumb":{"@id":"https:\/\/staging.lucky-hunter.com\/product\/beech-tar-spray\/#breadcrumb"},"inLanguage":"hu","potentialAction":[{"@type":"ReadAction","target":["https:\/\/staging.lucky-hunter.com\/product\/beech-tar-spray\/"]}]},{"@type":"ImageObject","inLanguage":"hu","@id":"https:\/\/staging.lucky-hunter.com\/product\/beech-tar-spray\/#primaryimage","url":"https:\/\/staging.lucky-hunter.com\/wp-content\/uploads\/2017\/06\/590257.png","contentUrl":"https:\/\/staging.lucky-hunter.com\/wp-content\/uploads\/2017\/06\/590257.png","width":1000,"height":1000},{"@type":"BreadcrumbList","@id":"https:\/\/staging.lucky-hunter.com\/product\/beech-tar-spray\/#breadcrumb","itemListElement":[{"@type":"ListItem","position":1,"name":"Home","item":"https:\/\/staging.lucky-hunter.com\/hu\/"},{"@type":"ListItem","position":2,"name":"Shop","item":"https:\/\/staging.lucky-hunter.com\/hu\/shop\/"},{"@type":"ListItem","position":3,"name":"B\u00fckkk\u00e1tr\u00e1ny spray 500 ml"}]},{"@type":"WebSite","@id":"https:\/\/staging.lucky-hunter.com\/#website","url":"https:\/\/staging.lucky-hunter.com\/","name":"Lucky-Hunter","description":"Gear Up or Give Up","potentialAction":[{"@type":"SearchAction","target":{"@type":"EntryPoint","urlTemplate":"https:\/\/staging.lucky-hunter.com\/?s={search_term_string}"},"query-input":{"@type":"PropertyValueSpecification","valueRequired":true,"valueName":"search_term_string"}}],"inLanguage":"hu"}]}},"_links":{"self":[{"href":"https:\/\/staging.lucky-hunter.com\/hu\/wp-json\/wp\/v2\/product\/56795"}],"collection":[{"href":"https:\/\/staging.lucky-hunter.com\/hu\/wp-json\/wp\/v2\/product"}],"about":[{"href":"https:\/\/staging.lucky-hunter.com\/hu\/wp-json\/wp\/v2\/types\/product"}],"wp:featuredmedia":[{"embeddable":true,"href":"https:\/\/staging.lucky-hunter.com\/hu\/wp-json\/wp\/v2\/media\/45063"}],"wp:attachment":[{"href":"https:\/\/staging.lucky-hunter.com\/hu\/wp-json\/wp\/v2\/media?parent=56795"}],"wp:term":[{"taxonomy":"product_brand","embeddable":true,"href":"https:\/\/staging.lucky-hunter.com\/hu\/wp-json\/wp\/v2\/product_brand?post=56795"},{"taxonomy":"product_cat","embeddable":true,"href":"https:\/\/staging.lucky-hunter.com\/hu\/wp-json\/wp\/v2\/product_cat?post=56795"},{"taxonomy":"product_tag","embeddable":true,"href":"https:\/\/staging.lucky-hunter.com\/hu\/wp-json\/wp\/v2\/product_tag?post=56795"}],"curies":[{"name":"wp","href":"https:\/\/api.w.org\/{rel}","templated":true}]}}