{"id":560934,"date":"2025-03-24T11:02:25","date_gmt":"2025-03-24T10:02:25","guid":{"rendered":"https:\/\/staging.lucky-hunter.com\/?post_type=product&#038;p=560934"},"modified":"2025-10-02T06:43:00","modified_gmt":"2025-10-02T04:43:00","slug":"eurohunt-trophy-cleaner-150-ml","status":"publish","type":"product","link":"https:\/\/staging.lucky-hunter.com\/hu\/product\/eurohunt-trophy-cleaner-150-ml\/","title":{"rendered":"Eurohunt Trophy Cleaner &#8211; 1000 g"},"content":{"rendered":"<div>EUROHUNT Trophy Cleaner is an effective remedy for those who boil their own trophies.<\/div>\n<div><\/div>\n<div>The ingredients break down and separate the tissue from the bone, remove fat, bleach the bone and can shorten the cooking time.<\/div>\n<div><\/div>\n<div>Contents 1000 g.<\/div>\n<div><\/div>\n<div><strong>Instructions for use:<\/strong><\/div>\n<div><\/div>\n<div>The trophy must be skinned, larger tissue masses must be removed, the brain must be removed and the brain cavity must be cleaned.<\/div>\n<div><\/div>\n<div>Place the skull in cold salt water and let it soak for 24 hours. Make sure that antlers or horns are not immersed in the liquid; it is best to remove the horns before soaking.<\/div>\n<div><\/div>\n<div>Prepare an appropriate amount by mixing 10-35 g per liter of water. Use the measuring cup provided (10 ml \u2248 10 g). The dosage depends on the age and species of the animal. Use 10-20 g\/l for younger animals, especially deer, and 20-35 g\/l for older animals.<\/div>\n<div><\/div>\n<div>Heat the solution and stir until the cleaner is completely dissolved. Then place the skull in the solution and continue heating to approx. 80\u00b0C. It is recommended to avoid boiling to avoid damaging the skull.<\/div>\n<div><\/div>\n<div>Constantly check the skull to prevent it from boiling over. When the tissue starts to detach from the skull, remove it and clean it with dissection tools and brushes. If it is difficult to remove all the tissue, place the skull back in the solution and continue boiling. Check it frequently and clean the remaining tissue.<\/div>\n<div><\/div>\n<div>Rinse the skull thoroughly and let it dry.<\/div>\n<div><\/div>\n<div>Bleach the skull with Trof\u00e6 bleach if necessary.<\/div>\n<div><\/div>\n<div>After drying, treat the skull with Trof\u00e6 wax. The solution can be poured into the sewer.<\/div>\n<div><\/div>\n<div><strong>Wear personal protective equipment! (safety glasses and gloves).<\/strong><\/div>\n","protected":false},"excerpt":{"rendered":"<div>EUROHUNT Trophy Cleaner is an effective remedy for those who boil their own trophies.<\/div>\n<div><\/div>\n","protected":false},"featured_media":560992,"template":"","meta":[],"product_brand":[50],"product_cat":[9392],"product_tag":[],"yoast_head":"<!-- This site is optimized with the Yoast SEO plugin v24.3 - https:\/\/yoast.com\/wordpress\/plugins\/seo\/ -->\n<title>Eurohunt Trophy Cleaner - 1000 g - Lucky-Hunter<\/title>\n<meta name=\"description\" content=\"EUROHUNT Trophy Cleaner is an effective remedy for those who boil their own trophies.\u00a0\" \/>\n<meta name=\"robots\" content=\"noindex, follow, max-snippet:-1, max-image-preview:large, max-video-preview:-1\" \/>\n<meta property=\"og:locale\" content=\"hu_HU\" \/>\n<meta property=\"og:type\" content=\"article\" \/>\n<meta property=\"og:title\" content=\"Eurohunt Trophy Cleaner - 1000 g - Lucky-Hunter\" \/>\n<meta property=\"og:description\" content=\"EUROHUNT Trophy Cleaner is an effective remedy for those who boil their own trophies.\u00a0\" \/>\n<meta property=\"og:url\" content=\"https:\/\/staging.lucky-hunter.com\/product\/eurohunt-trophy-cleaner-150-ml\/\" \/>\n<meta property=\"og:site_name\" content=\"Lucky-Hunter\" \/>\n<meta property=\"article:modified_time\" content=\"2025-10-02T04:43:00+00:00\" \/>\n<meta property=\"og:image\" content=\"https:\/\/staging.lucky-hunter.com\/wp-content\/uploads\/2025\/03\/560796-removebg-2.png\" \/>\n\t<meta property=\"og:image:width\" content=\"470\" \/>\n\t<meta property=\"og:image:height\" content=\"557\" \/>\n\t<meta property=\"og:image:type\" content=\"image\/png\" \/>\n<meta name=\"twitter:card\" content=\"summary_large_image\" \/>\n<meta name=\"twitter:label1\" content=\"Becs\u00fclt olvas\u00e1si id\u0151\" \/>\n\t<meta name=\"twitter:data1\" content=\"2 perc\" \/>\n<script type=\"application\/ld+json\" class=\"yoast-schema-graph\">{\"@context\":\"https:\/\/schema.org\",\"@graph\":[{\"@type\":\"WebPage\",\"@id\":\"https:\/\/staging.lucky-hunter.com\/product\/eurohunt-trophy-cleaner-150-ml\/\",\"url\":\"https:\/\/staging.lucky-hunter.com\/product\/eurohunt-trophy-cleaner-150-ml\/\",\"name\":\"Eurohunt Trophy Cleaner - 1000 g - Lucky-Hunter\",\"isPartOf\":{\"@id\":\"https:\/\/staging.lucky-hunter.com\/#website\"},\"primaryImageOfPage\":{\"@id\":\"https:\/\/staging.lucky-hunter.com\/product\/eurohunt-trophy-cleaner-150-ml\/#primaryimage\"},\"image\":{\"@id\":\"https:\/\/staging.lucky-hunter.com\/product\/eurohunt-trophy-cleaner-150-ml\/#primaryimage\"},\"thumbnailUrl\":\"https:\/\/staging.lucky-hunter.com\/wp-content\/uploads\/2025\/03\/560796-removebg-2.png\",\"datePublished\":\"2025-03-24T10:02:25+00:00\",\"dateModified\":\"2025-10-02T04:43:00+00:00\",\"description\":\"EUROHUNT Trophy Cleaner is an effective remedy for those who boil their own trophies.\u00a0\",\"breadcrumb\":{\"@id\":\"https:\/\/staging.lucky-hunter.com\/product\/eurohunt-trophy-cleaner-150-ml\/#breadcrumb\"},\"inLanguage\":\"hu\",\"potentialAction\":[{\"@type\":\"ReadAction\",\"target\":[\"https:\/\/staging.lucky-hunter.com\/product\/eurohunt-trophy-cleaner-150-ml\/\"]}]},{\"@type\":\"ImageObject\",\"inLanguage\":\"hu\",\"@id\":\"https:\/\/staging.lucky-hunter.com\/product\/eurohunt-trophy-cleaner-150-ml\/#primaryimage\",\"url\":\"https:\/\/staging.lucky-hunter.com\/wp-content\/uploads\/2025\/03\/560796-removebg-2.png\",\"contentUrl\":\"https:\/\/staging.lucky-hunter.com\/wp-content\/uploads\/2025\/03\/560796-removebg-2.png\",\"width\":470,\"height\":557},{\"@type\":\"BreadcrumbList\",\"@id\":\"https:\/\/staging.lucky-hunter.com\/product\/eurohunt-trophy-cleaner-150-ml\/#breadcrumb\",\"itemListElement\":[{\"@type\":\"ListItem\",\"position\":1,\"name\":\"Home\",\"item\":\"https:\/\/staging.lucky-hunter.com\/hu\/\"},{\"@type\":\"ListItem\",\"position\":2,\"name\":\"Shop\",\"item\":\"https:\/\/staging.lucky-hunter.com\/hu\/shop\/\"},{\"@type\":\"ListItem\",\"position\":3,\"name\":\"Eurohunt Trophy Cleaner &#8211; 1000 g\"}]},{\"@type\":\"WebSite\",\"@id\":\"https:\/\/staging.lucky-hunter.com\/#website\",\"url\":\"https:\/\/staging.lucky-hunter.com\/\",\"name\":\"Lucky-Hunter\",\"description\":\"Gear Up or Give Up\",\"potentialAction\":[{\"@type\":\"SearchAction\",\"target\":{\"@type\":\"EntryPoint\",\"urlTemplate\":\"https:\/\/staging.lucky-hunter.com\/?s={search_term_string}\"},\"query-input\":{\"@type\":\"PropertyValueSpecification\",\"valueRequired\":true,\"valueName\":\"search_term_string\"}}],\"inLanguage\":\"hu\"}]}<\/script>\n<!-- \/ Yoast SEO plugin. -->","yoast_head_json":{"title":"Eurohunt Trophy Cleaner - 1000 g - Lucky-Hunter","description":"EUROHUNT Trophy Cleaner is an effective remedy for those who boil their own trophies.\u00a0","robots":{"index":"noindex","follow":"follow","max-snippet":"max-snippet:-1","max-image-preview":"max-image-preview:large","max-video-preview":"max-video-preview:-1"},"og_locale":"hu_HU","og_type":"article","og_title":"Eurohunt Trophy Cleaner - 1000 g - Lucky-Hunter","og_description":"EUROHUNT Trophy Cleaner is an effective remedy for those who boil their own trophies.\u00a0","og_url":"https:\/\/staging.lucky-hunter.com\/product\/eurohunt-trophy-cleaner-150-ml\/","og_site_name":"Lucky-Hunter","article_modified_time":"2025-10-02T04:43:00+00:00","og_image":[{"width":470,"height":557,"url":"https:\/\/staging.lucky-hunter.com\/wp-content\/uploads\/2025\/03\/560796-removebg-2.png","type":"image\/png"}],"twitter_card":"summary_large_image","twitter_misc":{"Becs\u00fclt olvas\u00e1si id\u0151":"2 perc"},"schema":{"@context":"https:\/\/schema.org","@graph":[{"@type":"WebPage","@id":"https:\/\/staging.lucky-hunter.com\/product\/eurohunt-trophy-cleaner-150-ml\/","url":"https:\/\/staging.lucky-hunter.com\/product\/eurohunt-trophy-cleaner-150-ml\/","name":"Eurohunt Trophy Cleaner - 1000 g - Lucky-Hunter","isPartOf":{"@id":"https:\/\/staging.lucky-hunter.com\/#website"},"primaryImageOfPage":{"@id":"https:\/\/staging.lucky-hunter.com\/product\/eurohunt-trophy-cleaner-150-ml\/#primaryimage"},"image":{"@id":"https:\/\/staging.lucky-hunter.com\/product\/eurohunt-trophy-cleaner-150-ml\/#primaryimage"},"thumbnailUrl":"https:\/\/staging.lucky-hunter.com\/wp-content\/uploads\/2025\/03\/560796-removebg-2.png","datePublished":"2025-03-24T10:02:25+00:00","dateModified":"2025-10-02T04:43:00+00:00","description":"EUROHUNT Trophy Cleaner is an effective remedy for those who boil their own trophies.\u00a0","breadcrumb":{"@id":"https:\/\/staging.lucky-hunter.com\/product\/eurohunt-trophy-cleaner-150-ml\/#breadcrumb"},"inLanguage":"hu","potentialAction":[{"@type":"ReadAction","target":["https:\/\/staging.lucky-hunter.com\/product\/eurohunt-trophy-cleaner-150-ml\/"]}]},{"@type":"ImageObject","inLanguage":"hu","@id":"https:\/\/staging.lucky-hunter.com\/product\/eurohunt-trophy-cleaner-150-ml\/#primaryimage","url":"https:\/\/staging.lucky-hunter.com\/wp-content\/uploads\/2025\/03\/560796-removebg-2.png","contentUrl":"https:\/\/staging.lucky-hunter.com\/wp-content\/uploads\/2025\/03\/560796-removebg-2.png","width":470,"height":557},{"@type":"BreadcrumbList","@id":"https:\/\/staging.lucky-hunter.com\/product\/eurohunt-trophy-cleaner-150-ml\/#breadcrumb","itemListElement":[{"@type":"ListItem","position":1,"name":"Home","item":"https:\/\/staging.lucky-hunter.com\/hu\/"},{"@type":"ListItem","position":2,"name":"Shop","item":"https:\/\/staging.lucky-hunter.com\/hu\/shop\/"},{"@type":"ListItem","position":3,"name":"Eurohunt Trophy Cleaner &#8211; 1000 g"}]},{"@type":"WebSite","@id":"https:\/\/staging.lucky-hunter.com\/#website","url":"https:\/\/staging.lucky-hunter.com\/","name":"Lucky-Hunter","description":"Gear Up or Give Up","potentialAction":[{"@type":"SearchAction","target":{"@type":"EntryPoint","urlTemplate":"https:\/\/staging.lucky-hunter.com\/?s={search_term_string}"},"query-input":{"@type":"PropertyValueSpecification","valueRequired":true,"valueName":"search_term_string"}}],"inLanguage":"hu"}]}},"_links":{"self":[{"href":"https:\/\/staging.lucky-hunter.com\/hu\/wp-json\/wp\/v2\/product\/560934"}],"collection":[{"href":"https:\/\/staging.lucky-hunter.com\/hu\/wp-json\/wp\/v2\/product"}],"about":[{"href":"https:\/\/staging.lucky-hunter.com\/hu\/wp-json\/wp\/v2\/types\/product"}],"wp:featuredmedia":[{"embeddable":true,"href":"https:\/\/staging.lucky-hunter.com\/hu\/wp-json\/wp\/v2\/media\/560992"}],"wp:attachment":[{"href":"https:\/\/staging.lucky-hunter.com\/hu\/wp-json\/wp\/v2\/media?parent=560934"}],"wp:term":[{"taxonomy":"product_brand","embeddable":true,"href":"https:\/\/staging.lucky-hunter.com\/hu\/wp-json\/wp\/v2\/product_brand?post=560934"},{"taxonomy":"product_cat","embeddable":true,"href":"https:\/\/staging.lucky-hunter.com\/hu\/wp-json\/wp\/v2\/product_cat?post=560934"},{"taxonomy":"product_tag","embeddable":true,"href":"https:\/\/staging.lucky-hunter.com\/hu\/wp-json\/wp\/v2\/product_tag?post=560934"}],"curies":[{"name":"wp","href":"https:\/\/api.w.org\/{rel}","templated":true}]}}