{"id":55527,"date":"2023-01-10T13:18:46","date_gmt":"2023-01-10T12:18:46","guid":{"rendered":"https:\/\/staging.lucky-hunter.com\/?post_type=product&#038;p=55527"},"modified":"2025-10-02T06:28:23","modified_gmt":"2025-10-02T04:28:23","slug":"icotec-electronic-game-call-rascal","status":"publish","type":"product","link":"https:\/\/staging.lucky-hunter.com\/hu\/product\/icotec-electronic-game-call-rascal\/","title":{"rendered":"ICOtec Rascal Electronic game call"},"content":{"rendered":"<h2><strong>Call in all kinds of animals with this electronic game call<\/strong><\/h2>\n<p><span style=\"color: #ed1c24;\"><strong>There may be a 2-3 week delivery time for this item &#8211; please contact us for stock status<\/strong><\/span><\/p>\n<p class=\"\" data-start=\"0\" data-end=\"100\">Introducing the <strong data-start=\"16\" data-end=\"50\">Rascal Bluetooth Predator Call<\/strong> from ICOtec \u2013 a game-changer in electronic calls!<\/p>\n<p class=\"\" data-start=\"102\" data-end=\"457\">With advanced <strong data-start=\"116\" data-end=\"162\">sound enhancement crystal audio technology<\/strong>, the Rascal delivers incredibly lifelike animal sounds, providing a level of realism you\u2019ve never experienced before. The volume has been <strong data-start=\"301\" data-end=\"312\">boosted<\/strong> to deliver sound that travels farther than typical callers of this size and price range, ensuring you attract predators from a greater distance.<\/p>\n<p class=\"\" data-start=\"459\" data-end=\"604\">Get ready for unmatched sound quality and performance with the <strong data-start=\"522\" data-end=\"556\">Rascal Bluetooth Predator Call<\/strong> \u2013 your new must-have tool for predator hunting!<\/p>\n<p class=\"\" data-start=\"0\" data-end=\"44\"><strong data-start=\"0\" data-end=\"44\">Rascal Bluetooth Predator Call Features:<\/strong><\/p>\n<ul data-start=\"46\" data-end=\"532\">\n<li class=\"\" data-start=\"46\" data-end=\"115\">\n<p class=\"\" data-start=\"48\" data-end=\"115\"><strong data-start=\"48\" data-end=\"77\">100 yards Bluetooth range<\/strong> for flexible control from a distance.<\/p>\n<\/li>\n<li class=\"\" data-start=\"116\" data-end=\"193\">\n<p class=\"\" data-start=\"118\" data-end=\"193\"><strong data-start=\"118\" data-end=\"137\">Incredibly LOUD<\/strong> to ensure your calls reach predators from far and wide.<\/p>\n<\/li>\n<li class=\"\" data-start=\"194\" data-end=\"271\">\n<p class=\"\" data-start=\"196\" data-end=\"271\"><strong data-start=\"196\" data-end=\"227\">Crystal clear sound quality<\/strong> with lifelike animal sounds that captivate.<\/p>\n<\/li>\n<li class=\"\" data-start=\"272\" data-end=\"359\">\n<p class=\"\" data-start=\"274\" data-end=\"359\"><strong data-start=\"274\" data-end=\"298\">Amazing battery life<\/strong> \u2013 powered by 4 AA batteries (not included) for extended use.<\/p>\n<\/li>\n<li class=\"\" data-start=\"360\" data-end=\"416\">\n<p class=\"\" data-start=\"362\" data-end=\"416\"><strong data-start=\"362\" data-end=\"381\">2-year warranty<\/strong> for peace of mind and reliability.<\/p>\n<\/li>\n<li class=\"\" data-start=\"417\" data-end=\"473\">\n<p class=\"\" data-start=\"419\" data-end=\"473\"><strong data-start=\"419\" data-end=\"444\">External speaker port<\/strong> for enhanced sound coverage.<\/p>\n<\/li>\n<li class=\"\" data-start=\"474\" data-end=\"532\">\n<p class=\"\" data-start=\"476\" data-end=\"532\"><strong data-start=\"476\" data-end=\"490\">Decoy port<\/strong> to easily connect and enhance your setup.<\/p>\n<\/li>\n<\/ul>\n<p class=\"\" data-start=\"0\" data-end=\"104\">The <strong data-start=\"4\" data-end=\"24\">Animal Audio App<\/strong> offers a host of powerful features to enhance your predator hunting experience:<\/p>\n<ul data-start=\"106\" data-end=\"543\">\n<li class=\"\" data-start=\"106\" data-end=\"213\">\n<p class=\"\" data-start=\"108\" data-end=\"213\"><strong data-start=\"108\" data-end=\"137\">Create and save playlists<\/strong> for easy access to your favorite sounds, perfect for future use or editing.<\/p>\n<\/li>\n<li class=\"\" data-start=\"214\" data-end=\"340\">\n<p class=\"\" data-start=\"216\" data-end=\"340\"><strong data-start=\"216\" data-end=\"242\">Delay sound activation<\/strong>, loop sounds as many times as you need, and adjust volume levels for each sound in your playlist.<\/p>\n<\/li>\n<li class=\"\" data-start=\"341\" data-end=\"437\">\n<p class=\"\" data-start=\"343\" data-end=\"437\"><strong data-start=\"343\" data-end=\"363\">One-button press<\/strong> to start the entire playlist, making it easy to control during your hunt.<\/p>\n<\/li>\n<li class=\"\" data-start=\"438\" data-end=\"543\">\n<p class=\"\" data-start=\"440\" data-end=\"543\"><strong data-start=\"440\" data-end=\"467\">Decoy activation button<\/strong> allows you to start and stop the action at your convenience during a stand.<\/p>\n<\/li>\n<\/ul>\n","protected":false},"excerpt":{"rendered":"<p>This electronic game call plays the sounds from your phone and you can therefore use it for exactly the animals you want to hunt or photograph<\/p>\n","protected":false},"featured_media":55528,"template":"","meta":[],"product_brand":[9078],"product_cat":[85],"product_tag":[9149],"yoast_head":"<!-- This site is optimized with the Yoast SEO plugin v24.3 - https:\/\/yoast.com\/wordpress\/plugins\/seo\/ -->\n<title>ICOtec Rascal Electronic game call - Lucky-Hunter<\/title>\n<meta name=\"description\" content=\"This electronic game call plays the sounds from your phone and you can therefore use it for exactly the animals you want to hunt or photograph\" \/>\n<meta name=\"robots\" content=\"noindex, follow, max-snippet:-1, max-image-preview:large, max-video-preview:-1\" \/>\n<meta property=\"og:locale\" content=\"hu_HU\" \/>\n<meta property=\"og:type\" content=\"article\" \/>\n<meta property=\"og:title\" content=\"ICOtec Rascal Electronic game call - Lucky-Hunter\" \/>\n<meta property=\"og:description\" content=\"This electronic game call plays the sounds from your phone and you can therefore use it for exactly the animals you want to hunt or photograph\" \/>\n<meta property=\"og:url\" content=\"https:\/\/staging.lucky-hunter.com\/es\/product\/icotec-electronic-game-call-rascal\/\" \/>\n<meta property=\"og:site_name\" content=\"Lucky-Hunter\" \/>\n<meta property=\"article:modified_time\" content=\"2025-10-02T04:28:23+00:00\" \/>\n<meta property=\"og:image\" content=\"https:\/\/staging.lucky-hunter.com\/wp-content\/uploads\/2023\/01\/LK-715.png\" \/>\n\t<meta property=\"og:image:width\" content=\"1000\" \/>\n\t<meta property=\"og:image:height\" content=\"1000\" \/>\n\t<meta property=\"og:image:type\" content=\"image\/png\" \/>\n<meta name=\"twitter:card\" content=\"summary_large_image\" \/>\n<meta name=\"twitter:label1\" content=\"Becs\u00fclt olvas\u00e1si id\u0151\" \/>\n\t<meta name=\"twitter:data1\" content=\"2 perc\" \/>\n<script type=\"application\/ld+json\" class=\"yoast-schema-graph\">{\"@context\":\"https:\/\/schema.org\",\"@graph\":[{\"@type\":\"WebPage\",\"@id\":\"https:\/\/staging.lucky-hunter.com\/es\/product\/icotec-electronic-game-call-rascal\/\",\"url\":\"https:\/\/staging.lucky-hunter.com\/es\/product\/icotec-electronic-game-call-rascal\/\",\"name\":\"ICOtec Rascal Electronic game call - Lucky-Hunter\",\"isPartOf\":{\"@id\":\"https:\/\/staging.lucky-hunter.com\/#website\"},\"primaryImageOfPage\":{\"@id\":\"https:\/\/staging.lucky-hunter.com\/es\/product\/icotec-electronic-game-call-rascal\/#primaryimage\"},\"image\":{\"@id\":\"https:\/\/staging.lucky-hunter.com\/es\/product\/icotec-electronic-game-call-rascal\/#primaryimage\"},\"thumbnailUrl\":\"https:\/\/staging.lucky-hunter.com\/wp-content\/uploads\/2023\/01\/LK-715.png\",\"datePublished\":\"2023-01-10T12:18:46+00:00\",\"dateModified\":\"2025-10-02T04:28:23+00:00\",\"description\":\"This electronic game call plays the sounds from your phone and you can therefore use it for exactly the animals you want to hunt or photograph\",\"breadcrumb\":{\"@id\":\"https:\/\/staging.lucky-hunter.com\/es\/product\/icotec-electronic-game-call-rascal\/#breadcrumb\"},\"inLanguage\":\"hu\",\"potentialAction\":[{\"@type\":\"ReadAction\",\"target\":[\"https:\/\/staging.lucky-hunter.com\/es\/product\/icotec-electronic-game-call-rascal\/\"]}]},{\"@type\":\"ImageObject\",\"inLanguage\":\"hu\",\"@id\":\"https:\/\/staging.lucky-hunter.com\/es\/product\/icotec-electronic-game-call-rascal\/#primaryimage\",\"url\":\"https:\/\/staging.lucky-hunter.com\/wp-content\/uploads\/2023\/01\/LK-715.png\",\"contentUrl\":\"https:\/\/staging.lucky-hunter.com\/wp-content\/uploads\/2023\/01\/LK-715.png\",\"width\":1000,\"height\":1000,\"caption\":\"Rascal game call\"},{\"@type\":\"BreadcrumbList\",\"@id\":\"https:\/\/staging.lucky-hunter.com\/es\/product\/icotec-electronic-game-call-rascal\/#breadcrumb\",\"itemListElement\":[{\"@type\":\"ListItem\",\"position\":1,\"name\":\"Home\",\"item\":\"https:\/\/staging.lucky-hunter.com\/hu\/\"},{\"@type\":\"ListItem\",\"position\":2,\"name\":\"Shop\",\"item\":\"https:\/\/staging.lucky-hunter.com\/hu\/shop\/\"},{\"@type\":\"ListItem\",\"position\":3,\"name\":\"ICOtec Rascal Electronic game call\"}]},{\"@type\":\"WebSite\",\"@id\":\"https:\/\/staging.lucky-hunter.com\/#website\",\"url\":\"https:\/\/staging.lucky-hunter.com\/\",\"name\":\"Lucky-Hunter\",\"description\":\"Gear Up or Give Up\",\"potentialAction\":[{\"@type\":\"SearchAction\",\"target\":{\"@type\":\"EntryPoint\",\"urlTemplate\":\"https:\/\/staging.lucky-hunter.com\/?s={search_term_string}\"},\"query-input\":{\"@type\":\"PropertyValueSpecification\",\"valueRequired\":true,\"valueName\":\"search_term_string\"}}],\"inLanguage\":\"hu\"}]}<\/script>\n<!-- \/ Yoast SEO plugin. -->","yoast_head_json":{"title":"ICOtec Rascal Electronic game call - Lucky-Hunter","description":"This electronic game call plays the sounds from your phone and you can therefore use it for exactly the animals you want to hunt or photograph","robots":{"index":"noindex","follow":"follow","max-snippet":"max-snippet:-1","max-image-preview":"max-image-preview:large","max-video-preview":"max-video-preview:-1"},"og_locale":"hu_HU","og_type":"article","og_title":"ICOtec Rascal Electronic game call - Lucky-Hunter","og_description":"This electronic game call plays the sounds from your phone and you can therefore use it for exactly the animals you want to hunt or photograph","og_url":"https:\/\/staging.lucky-hunter.com\/es\/product\/icotec-electronic-game-call-rascal\/","og_site_name":"Lucky-Hunter","article_modified_time":"2025-10-02T04:28:23+00:00","og_image":[{"width":1000,"height":1000,"url":"https:\/\/staging.lucky-hunter.com\/wp-content\/uploads\/2023\/01\/LK-715.png","type":"image\/png"}],"twitter_card":"summary_large_image","twitter_misc":{"Becs\u00fclt olvas\u00e1si id\u0151":"2 perc"},"schema":{"@context":"https:\/\/schema.org","@graph":[{"@type":"WebPage","@id":"https:\/\/staging.lucky-hunter.com\/es\/product\/icotec-electronic-game-call-rascal\/","url":"https:\/\/staging.lucky-hunter.com\/es\/product\/icotec-electronic-game-call-rascal\/","name":"ICOtec Rascal Electronic game call - Lucky-Hunter","isPartOf":{"@id":"https:\/\/staging.lucky-hunter.com\/#website"},"primaryImageOfPage":{"@id":"https:\/\/staging.lucky-hunter.com\/es\/product\/icotec-electronic-game-call-rascal\/#primaryimage"},"image":{"@id":"https:\/\/staging.lucky-hunter.com\/es\/product\/icotec-electronic-game-call-rascal\/#primaryimage"},"thumbnailUrl":"https:\/\/staging.lucky-hunter.com\/wp-content\/uploads\/2023\/01\/LK-715.png","datePublished":"2023-01-10T12:18:46+00:00","dateModified":"2025-10-02T04:28:23+00:00","description":"This electronic game call plays the sounds from your phone and you can therefore use it for exactly the animals you want to hunt or photograph","breadcrumb":{"@id":"https:\/\/staging.lucky-hunter.com\/es\/product\/icotec-electronic-game-call-rascal\/#breadcrumb"},"inLanguage":"hu","potentialAction":[{"@type":"ReadAction","target":["https:\/\/staging.lucky-hunter.com\/es\/product\/icotec-electronic-game-call-rascal\/"]}]},{"@type":"ImageObject","inLanguage":"hu","@id":"https:\/\/staging.lucky-hunter.com\/es\/product\/icotec-electronic-game-call-rascal\/#primaryimage","url":"https:\/\/staging.lucky-hunter.com\/wp-content\/uploads\/2023\/01\/LK-715.png","contentUrl":"https:\/\/staging.lucky-hunter.com\/wp-content\/uploads\/2023\/01\/LK-715.png","width":1000,"height":1000,"caption":"Rascal game call"},{"@type":"BreadcrumbList","@id":"https:\/\/staging.lucky-hunter.com\/es\/product\/icotec-electronic-game-call-rascal\/#breadcrumb","itemListElement":[{"@type":"ListItem","position":1,"name":"Home","item":"https:\/\/staging.lucky-hunter.com\/hu\/"},{"@type":"ListItem","position":2,"name":"Shop","item":"https:\/\/staging.lucky-hunter.com\/hu\/shop\/"},{"@type":"ListItem","position":3,"name":"ICOtec Rascal Electronic game call"}]},{"@type":"WebSite","@id":"https:\/\/staging.lucky-hunter.com\/#website","url":"https:\/\/staging.lucky-hunter.com\/","name":"Lucky-Hunter","description":"Gear Up or Give Up","potentialAction":[{"@type":"SearchAction","target":{"@type":"EntryPoint","urlTemplate":"https:\/\/staging.lucky-hunter.com\/?s={search_term_string}"},"query-input":{"@type":"PropertyValueSpecification","valueRequired":true,"valueName":"search_term_string"}}],"inLanguage":"hu"}]}},"_links":{"self":[{"href":"https:\/\/staging.lucky-hunter.com\/hu\/wp-json\/wp\/v2\/product\/55527"}],"collection":[{"href":"https:\/\/staging.lucky-hunter.com\/hu\/wp-json\/wp\/v2\/product"}],"about":[{"href":"https:\/\/staging.lucky-hunter.com\/hu\/wp-json\/wp\/v2\/types\/product"}],"wp:featuredmedia":[{"embeddable":true,"href":"https:\/\/staging.lucky-hunter.com\/hu\/wp-json\/wp\/v2\/media\/55528"}],"wp:attachment":[{"href":"https:\/\/staging.lucky-hunter.com\/hu\/wp-json\/wp\/v2\/media?parent=55527"}],"wp:term":[{"taxonomy":"product_brand","embeddable":true,"href":"https:\/\/staging.lucky-hunter.com\/hu\/wp-json\/wp\/v2\/product_brand?post=55527"},{"taxonomy":"product_cat","embeddable":true,"href":"https:\/\/staging.lucky-hunter.com\/hu\/wp-json\/wp\/v2\/product_cat?post=55527"},{"taxonomy":"product_tag","embeddable":true,"href":"https:\/\/staging.lucky-hunter.com\/hu\/wp-json\/wp\/v2\/product_tag?post=55527"}],"curies":[{"name":"wp","href":"https:\/\/api.w.org\/{rel}","templated":true}]}}