{"id":55469,"date":"2023-01-10T13:19:46","date_gmt":"2023-01-10T12:19:46","guid":{"rendered":"https:\/\/staging.lucky-hunter.com\/?post_type=product&#038;p=55469"},"modified":"2025-10-02T06:28:11","modified_gmt":"2025-10-02T04:28:11","slug":"electronic-call-decoy-combo-icotec","status":"publish","type":"product","link":"https:\/\/staging.lucky-hunter.com\/hu\/product\/electronic-call-decoy-combo-icotec\/","title":{"rendered":"ICOtec 320+ Electronic Call\/Decoy Combo"},"content":{"rendered":"<h2><strong>320+ Predator Call\/Decoy Combo with Bluetooth<\/strong><\/h2>\n<p><span style=\"color: #ed1c24;\"><strong>There may be a 2-3 week delivery time for this item &#8211; please contact us for stock status<\/strong><\/span><\/p>\n<p>The NEW and highly improved 320+ Electronic Predator Call\/Decoy Combo offers exceptional value in terms of quality, performance, and ease of use. ICOtec has enhanced one of the best-selling models in the electronic game calling industry. With practical features designed for better results, all at a price that&#8217;s affordable for nearly everyone.<\/p>\n<p>The 320+ caller comes with two different decoy tops, so you get both a hare\/rabbit decoy and a bird decoy. This gives you the possibility of greater versatility in which animals you want to hunt and what time of year you hunt them<\/p>\n<p>This is the perfect product if you hunt predators, be it foxes, jackals, crows or something completely different.<\/p>\n<p><strong>320+ Caller Features:<\/strong><\/p>\n<ul>\n<li class=\"\" data-start=\"0\" data-end=\"25\">\n<p class=\"\" data-start=\"2\" data-end=\"25\">300-yard remote range<\/p>\n<\/li>\n<li class=\"\" data-start=\"26\" data-end=\"61\">\n<p class=\"\" data-start=\"28\" data-end=\"61\">Bluetooth range up to 100 yards<\/p>\n<\/li>\n<li class=\"\" data-start=\"62\" data-end=\"96\">\n<p class=\"\" data-start=\"64\" data-end=\"96\">Play two sounds simultaneously<\/p>\n<\/li>\n<li class=\"\" data-start=\"97\" data-end=\"124\">\n<p class=\"\" data-start=\"99\" data-end=\"124\">New remote power switch<\/p>\n<\/li>\n<li class=\"\" data-start=\"125\" data-end=\"166\">\n<p class=\"\" data-start=\"127\" data-end=\"166\">New crystal-clear audio sound quality<\/p>\n<\/li>\n<li class=\"\" data-start=\"167\" data-end=\"200\">\n<p class=\"\" data-start=\"169\" data-end=\"200\">Pause button for easy control<\/p>\n<\/li>\n<li class=\"\" data-start=\"201\" data-end=\"232\">\n<p class=\"\" data-start=\"203\" data-end=\"232\">30 professional audio calls<\/p>\n<\/li>\n<li class=\"\" data-start=\"233\" data-end=\"270\">\n<p class=\"\" data-start=\"235\" data-end=\"270\">Backlit buttons for night hunting<\/p>\n<\/li>\n<li class=\"\" data-start=\"271\" data-end=\"300\">\n<p class=\"\" data-start=\"273\" data-end=\"300\">Designed for tripod mount<\/p>\n<\/li>\n<li class=\"\" data-start=\"301\" data-end=\"326\">\n<p class=\"\" data-start=\"303\" data-end=\"326\">External speaker port<\/p>\n<\/li>\n<li class=\"\" data-start=\"327\" data-end=\"377\">\n<p class=\"\" data-start=\"329\" data-end=\"377\">Includes AD400 adjustable speed predator decoy<\/p>\n<\/li>\n<li class=\"\" data-start=\"378\" data-end=\"411\">\n<p class=\"\" data-start=\"380\" data-end=\"411\">Includes 2 prey decoy toppers<\/p>\n<\/li>\n<li class=\"\" data-start=\"412\" data-end=\"462\">\n<p class=\"\" data-start=\"414\" data-end=\"462\">Decoy activation\/deactivation button on remote<\/p>\n<\/li>\n<li class=\"\" data-start=\"463\" data-end=\"492\">\n<p class=\"\" data-start=\"465\" data-end=\"492\">Long-lasting battery life<\/p>\n<\/li>\n<li class=\"\" data-start=\"493\" data-end=\"583\">\n<p class=\"\" data-start=\"495\" data-end=\"583\">Battery requirements: Unit \u2013 4 AA, Decoy \u2013 4 AA, Remote \u2013 1 A23 (batteries not included)<\/p>\n<\/li>\n<\/ul>\n<p><strong>Sounds already on the caller:<\/strong><\/p>\n<ol>\n<li>Coyote Female Invite<\/li>\n<li>Coyote Female Howl<\/li>\n<li>Coyote Male Invite<\/li>\n<li>Coyote Male Howl<\/li>\n<li>Coyote Pup Howl<\/li>\n<li>Coyote Duet<\/li>\n<li>Coyote Group Howl<\/li>\n<li>Coyote Pup Frenzy<\/li>\n<li>Coyote Whines<\/li>\n<li>Coyote Distress<\/li>\n<li>Coyote Fight 1<\/li>\n<li>Coyote Fight 2<\/li>\n<li>Coyote Pup Fight<\/li>\n<li>Coyote Pup Distress 1<\/li>\n<li>Coyote Pup Distress 2<\/li>\n<li>Cottontail Distress 1<\/li>\n<li>Cottontail Distress 2<\/li>\n<li>Baby Cottontail Distress<\/li>\n<li>Jack Rabbit Distress<\/li>\n<li>Hare Distress<\/li>\n<li>Woodpecker Distress<\/li>\n<li>Flicker Distress<\/li>\n<li>Baby Squirrel Distress<\/li>\n<li>Fawn Distress 1<\/li>\n<li>Fawn Distress 2<\/li>\n<li>Red Fox Distress<\/li>\n<li>Groundhog Distress<\/li>\n<li>Mouse Distress<\/li>\n<li>Raccoon Distress<\/li>\n<li>Raccoon Fight<\/li>\n<\/ol>\n","protected":false},"excerpt":{"rendered":"<p>The NEW and highly improved 320+ Electronic Predator Call\/Decoy Combo offers exceptional value in terms of quality, performance, and ease of use.<\/p>\n","protected":false},"featured_media":55470,"template":"","meta":[],"product_brand":[9078],"product_cat":[85],"product_tag":[9149],"yoast_head":"<!-- This site is optimized with the Yoast SEO plugin v24.3 - https:\/\/yoast.com\/wordpress\/plugins\/seo\/ -->\n<title>Electronic Call\/Decoy Combo from ICOtech | Perfect for predators<\/title>\n<meta name=\"description\" content=\"This electronic call comes with 30 professional calls and two decoy tops. It allows you to hunt all kinds of predators in different times of the year\" \/>\n<meta name=\"robots\" content=\"noindex, follow, max-snippet:-1, max-image-preview:large, max-video-preview:-1\" \/>\n<meta property=\"og:locale\" content=\"hu_HU\" \/>\n<meta property=\"og:type\" content=\"article\" \/>\n<meta property=\"og:title\" content=\"Electronic Call\/Decoy Combo from ICOtech | Perfect for predators\" \/>\n<meta property=\"og:description\" content=\"This electronic call comes with 30 professional calls and two decoy tops. It allows you to hunt all kinds of predators in different times of the year\" \/>\n<meta property=\"og:url\" content=\"https:\/\/staging.lucky-hunter.com\/product\/electronic-call-decoy-combo-icotec\/\" \/>\n<meta property=\"og:site_name\" content=\"Lucky-Hunter\" \/>\n<meta property=\"article:modified_time\" content=\"2025-10-02T04:28:11+00:00\" \/>\n<meta property=\"og:image\" content=\"https:\/\/staging.lucky-hunter.com\/wp-content\/uploads\/2023\/01\/GC320_GEN2_Hero-600x667-1.png\" \/>\n\t<meta property=\"og:image:width\" content=\"600\" \/>\n\t<meta property=\"og:image:height\" content=\"667\" \/>\n\t<meta property=\"og:image:type\" content=\"image\/png\" \/>\n<meta name=\"twitter:card\" content=\"summary_large_image\" \/>\n<meta name=\"twitter:label1\" content=\"Becs\u00fclt olvas\u00e1si id\u0151\" \/>\n\t<meta name=\"twitter:data1\" content=\"2 perc\" \/>\n<script type=\"application\/ld+json\" class=\"yoast-schema-graph\">{\"@context\":\"https:\/\/schema.org\",\"@graph\":[{\"@type\":\"WebPage\",\"@id\":\"https:\/\/staging.lucky-hunter.com\/product\/electronic-call-decoy-combo-icotec\/\",\"url\":\"https:\/\/staging.lucky-hunter.com\/product\/electronic-call-decoy-combo-icotec\/\",\"name\":\"Electronic Call\/Decoy Combo from ICOtech | Perfect for predators\",\"isPartOf\":{\"@id\":\"https:\/\/staging.lucky-hunter.com\/#website\"},\"primaryImageOfPage\":{\"@id\":\"https:\/\/staging.lucky-hunter.com\/product\/electronic-call-decoy-combo-icotec\/#primaryimage\"},\"image\":{\"@id\":\"https:\/\/staging.lucky-hunter.com\/product\/electronic-call-decoy-combo-icotec\/#primaryimage\"},\"thumbnailUrl\":\"https:\/\/staging.lucky-hunter.com\/wp-content\/uploads\/2023\/01\/GC320_GEN2_Hero-600x667-1.png\",\"datePublished\":\"2023-01-10T12:19:46+00:00\",\"dateModified\":\"2025-10-02T04:28:11+00:00\",\"description\":\"This electronic call comes with 30 professional calls and two decoy tops. It allows you to hunt all kinds of predators in different times of the year\",\"breadcrumb\":{\"@id\":\"https:\/\/staging.lucky-hunter.com\/product\/electronic-call-decoy-combo-icotec\/#breadcrumb\"},\"inLanguage\":\"hu\",\"potentialAction\":[{\"@type\":\"ReadAction\",\"target\":[\"https:\/\/staging.lucky-hunter.com\/product\/electronic-call-decoy-combo-icotec\/\"]}]},{\"@type\":\"ImageObject\",\"inLanguage\":\"hu\",\"@id\":\"https:\/\/staging.lucky-hunter.com\/product\/electronic-call-decoy-combo-icotec\/#primaryimage\",\"url\":\"https:\/\/staging.lucky-hunter.com\/wp-content\/uploads\/2023\/01\/GC320_GEN2_Hero-600x667-1.png\",\"contentUrl\":\"https:\/\/staging.lucky-hunter.com\/wp-content\/uploads\/2023\/01\/GC320_GEN2_Hero-600x667-1.png\",\"width\":600,\"height\":667},{\"@type\":\"BreadcrumbList\",\"@id\":\"https:\/\/staging.lucky-hunter.com\/product\/electronic-call-decoy-combo-icotec\/#breadcrumb\",\"itemListElement\":[{\"@type\":\"ListItem\",\"position\":1,\"name\":\"Home\",\"item\":\"https:\/\/staging.lucky-hunter.com\/hu\/\"},{\"@type\":\"ListItem\",\"position\":2,\"name\":\"Shop\",\"item\":\"https:\/\/staging.lucky-hunter.com\/hu\/shop\/\"},{\"@type\":\"ListItem\",\"position\":3,\"name\":\"ICOtec 320+ Electronic Call\/Decoy Combo\"}]},{\"@type\":\"WebSite\",\"@id\":\"https:\/\/staging.lucky-hunter.com\/#website\",\"url\":\"https:\/\/staging.lucky-hunter.com\/\",\"name\":\"Lucky-Hunter\",\"description\":\"Gear Up or Give Up\",\"potentialAction\":[{\"@type\":\"SearchAction\",\"target\":{\"@type\":\"EntryPoint\",\"urlTemplate\":\"https:\/\/staging.lucky-hunter.com\/?s={search_term_string}\"},\"query-input\":{\"@type\":\"PropertyValueSpecification\",\"valueRequired\":true,\"valueName\":\"search_term_string\"}}],\"inLanguage\":\"hu\"}]}<\/script>\n<!-- \/ Yoast SEO plugin. -->","yoast_head_json":{"title":"Electronic Call\/Decoy Combo from ICOtech | Perfect for predators","description":"This electronic call comes with 30 professional calls and two decoy tops. It allows you to hunt all kinds of predators in different times of the year","robots":{"index":"noindex","follow":"follow","max-snippet":"max-snippet:-1","max-image-preview":"max-image-preview:large","max-video-preview":"max-video-preview:-1"},"og_locale":"hu_HU","og_type":"article","og_title":"Electronic Call\/Decoy Combo from ICOtech | Perfect for predators","og_description":"This electronic call comes with 30 professional calls and two decoy tops. It allows you to hunt all kinds of predators in different times of the year","og_url":"https:\/\/staging.lucky-hunter.com\/product\/electronic-call-decoy-combo-icotec\/","og_site_name":"Lucky-Hunter","article_modified_time":"2025-10-02T04:28:11+00:00","og_image":[{"width":600,"height":667,"url":"https:\/\/staging.lucky-hunter.com\/wp-content\/uploads\/2023\/01\/GC320_GEN2_Hero-600x667-1.png","type":"image\/png"}],"twitter_card":"summary_large_image","twitter_misc":{"Becs\u00fclt olvas\u00e1si id\u0151":"2 perc"},"schema":{"@context":"https:\/\/schema.org","@graph":[{"@type":"WebPage","@id":"https:\/\/staging.lucky-hunter.com\/product\/electronic-call-decoy-combo-icotec\/","url":"https:\/\/staging.lucky-hunter.com\/product\/electronic-call-decoy-combo-icotec\/","name":"Electronic Call\/Decoy Combo from ICOtech | Perfect for predators","isPartOf":{"@id":"https:\/\/staging.lucky-hunter.com\/#website"},"primaryImageOfPage":{"@id":"https:\/\/staging.lucky-hunter.com\/product\/electronic-call-decoy-combo-icotec\/#primaryimage"},"image":{"@id":"https:\/\/staging.lucky-hunter.com\/product\/electronic-call-decoy-combo-icotec\/#primaryimage"},"thumbnailUrl":"https:\/\/staging.lucky-hunter.com\/wp-content\/uploads\/2023\/01\/GC320_GEN2_Hero-600x667-1.png","datePublished":"2023-01-10T12:19:46+00:00","dateModified":"2025-10-02T04:28:11+00:00","description":"This electronic call comes with 30 professional calls and two decoy tops. It allows you to hunt all kinds of predators in different times of the year","breadcrumb":{"@id":"https:\/\/staging.lucky-hunter.com\/product\/electronic-call-decoy-combo-icotec\/#breadcrumb"},"inLanguage":"hu","potentialAction":[{"@type":"ReadAction","target":["https:\/\/staging.lucky-hunter.com\/product\/electronic-call-decoy-combo-icotec\/"]}]},{"@type":"ImageObject","inLanguage":"hu","@id":"https:\/\/staging.lucky-hunter.com\/product\/electronic-call-decoy-combo-icotec\/#primaryimage","url":"https:\/\/staging.lucky-hunter.com\/wp-content\/uploads\/2023\/01\/GC320_GEN2_Hero-600x667-1.png","contentUrl":"https:\/\/staging.lucky-hunter.com\/wp-content\/uploads\/2023\/01\/GC320_GEN2_Hero-600x667-1.png","width":600,"height":667},{"@type":"BreadcrumbList","@id":"https:\/\/staging.lucky-hunter.com\/product\/electronic-call-decoy-combo-icotec\/#breadcrumb","itemListElement":[{"@type":"ListItem","position":1,"name":"Home","item":"https:\/\/staging.lucky-hunter.com\/hu\/"},{"@type":"ListItem","position":2,"name":"Shop","item":"https:\/\/staging.lucky-hunter.com\/hu\/shop\/"},{"@type":"ListItem","position":3,"name":"ICOtec 320+ Electronic Call\/Decoy Combo"}]},{"@type":"WebSite","@id":"https:\/\/staging.lucky-hunter.com\/#website","url":"https:\/\/staging.lucky-hunter.com\/","name":"Lucky-Hunter","description":"Gear Up or Give Up","potentialAction":[{"@type":"SearchAction","target":{"@type":"EntryPoint","urlTemplate":"https:\/\/staging.lucky-hunter.com\/?s={search_term_string}"},"query-input":{"@type":"PropertyValueSpecification","valueRequired":true,"valueName":"search_term_string"}}],"inLanguage":"hu"}]}},"_links":{"self":[{"href":"https:\/\/staging.lucky-hunter.com\/hu\/wp-json\/wp\/v2\/product\/55469"}],"collection":[{"href":"https:\/\/staging.lucky-hunter.com\/hu\/wp-json\/wp\/v2\/product"}],"about":[{"href":"https:\/\/staging.lucky-hunter.com\/hu\/wp-json\/wp\/v2\/types\/product"}],"wp:featuredmedia":[{"embeddable":true,"href":"https:\/\/staging.lucky-hunter.com\/hu\/wp-json\/wp\/v2\/media\/55470"}],"wp:attachment":[{"href":"https:\/\/staging.lucky-hunter.com\/hu\/wp-json\/wp\/v2\/media?parent=55469"}],"wp:term":[{"taxonomy":"product_brand","embeddable":true,"href":"https:\/\/staging.lucky-hunter.com\/hu\/wp-json\/wp\/v2\/product_brand?post=55469"},{"taxonomy":"product_cat","embeddable":true,"href":"https:\/\/staging.lucky-hunter.com\/hu\/wp-json\/wp\/v2\/product_cat?post=55469"},{"taxonomy":"product_tag","embeddable":true,"href":"https:\/\/staging.lucky-hunter.com\/hu\/wp-json\/wp\/v2\/product_tag?post=55469"}],"curies":[{"name":"wp","href":"https:\/\/api.w.org\/{rel}","templated":true}]}}