{"id":55204,"date":"2022-12-22T12:44:34","date_gmt":"2022-12-22T11:44:34","guid":{"rendered":"https:\/\/staging.lucky-hunter.com\/?post_type=product&#038;p=55204"},"modified":"2025-10-02T01:03:00","modified_gmt":"2025-10-01T23:03:00","slug":"banded-face-mask-bottomland","status":"publish","type":"product","link":"https:\/\/staging.lucky-hunter.com\/hu\/product\/banded-face-mask-bottomland\/","title":{"rendered":"Banded face mask &#8211; Bottomland"},"content":{"rendered":"<h2><strong>Banded face mask in Bottomland camouflage<\/strong><\/h2>\n<p><span style=\"color: #ed1c24;\"><strong>There may be a 2-3 week delivery time for this item. Contact us if necessary for the stock status.<\/strong><\/span><\/p>\n<p>Banded&#8217;s full face hunting mask is made from vented lycra fabric to be light weight with plenty of stretch that covers your face without discomfort. Bug tight mesh eye and mouth areas keep out pesky insects. Integrated elastic form fit keeps the mask in place.<\/p>\n<p><strong>Turkey Face Mask Features:<\/strong><\/p>\n<ul>\n<li>Vented Lycra body fabric<\/li>\n<li>Bug tight mesh<\/li>\n<li>Integrated elastic<\/li>\n<\/ul>\n","protected":false},"excerpt":{"rendered":"<p>A good face mask that keeps you camouflaged when you are hunting, but ensures that you have a good view and movement so that you can see what is happening.<\/p>\n","protected":false},"featured_media":55205,"template":"","meta":[],"product_brand":[9074],"product_cat":[9224],"product_tag":[],"yoast_head":"<!-- This site is optimized with the Yoast SEO plugin v24.3 - https:\/\/yoast.com\/wordpress\/plugins\/seo\/ -->\n<title>Banded face mask - Bottomland - Lucky-Hunter<\/title>\n<meta name=\"description\" content=\"A good face mask that keeps you camouflaged when you are hunting, but ensures that you have a good view and movement so that you can see what is happening.\" \/>\n<meta name=\"robots\" content=\"noindex, follow, max-snippet:-1, max-image-preview:large, max-video-preview:-1\" \/>\n<meta property=\"og:locale\" content=\"hu_HU\" \/>\n<meta property=\"og:type\" content=\"article\" \/>\n<meta property=\"og:title\" content=\"Banded face mask - Bottomland - Lucky-Hunter\" \/>\n<meta property=\"og:description\" content=\"A good face mask that keeps you camouflaged when you are hunting, but ensures that you have a good view and movement so that you can see what is happening.\" \/>\n<meta property=\"og:url\" content=\"https:\/\/staging.lucky-hunter.com\/product\/banded-face-mask-bottomland\/\" \/>\n<meta property=\"og:site_name\" content=\"Lucky-Hunter\" \/>\n<meta property=\"article:modified_time\" content=\"2025-10-01T23:03:00+00:00\" \/>\n<meta property=\"og:image\" content=\"https:\/\/staging.lucky-hunter.com\/wp-content\/uploads\/2022\/12\/PU-625.png\" \/>\n\t<meta property=\"og:image:width\" content=\"1000\" \/>\n\t<meta property=\"og:image:height\" content=\"1000\" \/>\n\t<meta property=\"og:image:type\" content=\"image\/png\" \/>\n<meta name=\"twitter:card\" content=\"summary_large_image\" \/>\n<meta name=\"twitter:label1\" content=\"Becs\u00fclt olvas\u00e1si id\u0151\" \/>\n\t<meta name=\"twitter:data1\" content=\"1 perc\" \/>\n<script type=\"application\/ld+json\" class=\"yoast-schema-graph\">{\"@context\":\"https:\/\/schema.org\",\"@graph\":[{\"@type\":\"WebPage\",\"@id\":\"https:\/\/staging.lucky-hunter.com\/product\/banded-face-mask-bottomland\/\",\"url\":\"https:\/\/staging.lucky-hunter.com\/product\/banded-face-mask-bottomland\/\",\"name\":\"Banded face mask - Bottomland - Lucky-Hunter\",\"isPartOf\":{\"@id\":\"https:\/\/staging.lucky-hunter.com\/#website\"},\"primaryImageOfPage\":{\"@id\":\"https:\/\/staging.lucky-hunter.com\/product\/banded-face-mask-bottomland\/#primaryimage\"},\"image\":{\"@id\":\"https:\/\/staging.lucky-hunter.com\/product\/banded-face-mask-bottomland\/#primaryimage\"},\"thumbnailUrl\":\"https:\/\/staging.lucky-hunter.com\/wp-content\/uploads\/2022\/12\/PU-625.png\",\"datePublished\":\"2022-12-22T11:44:34+00:00\",\"dateModified\":\"2025-10-01T23:03:00+00:00\",\"description\":\"A good face mask that keeps you camouflaged when you are hunting, but ensures that you have a good view and movement so that you can see what is happening.\",\"breadcrumb\":{\"@id\":\"https:\/\/staging.lucky-hunter.com\/product\/banded-face-mask-bottomland\/#breadcrumb\"},\"inLanguage\":\"hu\",\"potentialAction\":[{\"@type\":\"ReadAction\",\"target\":[\"https:\/\/staging.lucky-hunter.com\/product\/banded-face-mask-bottomland\/\"]}]},{\"@type\":\"ImageObject\",\"inLanguage\":\"hu\",\"@id\":\"https:\/\/staging.lucky-hunter.com\/product\/banded-face-mask-bottomland\/#primaryimage\",\"url\":\"https:\/\/staging.lucky-hunter.com\/wp-content\/uploads\/2022\/12\/PU-625.png\",\"contentUrl\":\"https:\/\/staging.lucky-hunter.com\/wp-content\/uploads\/2022\/12\/PU-625.png\",\"width\":1000,\"height\":1000,\"caption\":\"Face mask\"},{\"@type\":\"BreadcrumbList\",\"@id\":\"https:\/\/staging.lucky-hunter.com\/product\/banded-face-mask-bottomland\/#breadcrumb\",\"itemListElement\":[{\"@type\":\"ListItem\",\"position\":1,\"name\":\"Home\",\"item\":\"https:\/\/staging.lucky-hunter.com\/hu\/\"},{\"@type\":\"ListItem\",\"position\":2,\"name\":\"Shop\",\"item\":\"https:\/\/staging.lucky-hunter.com\/hu\/shop\/\"},{\"@type\":\"ListItem\",\"position\":3,\"name\":\"Banded face mask &#8211; Bottomland\"}]},{\"@type\":\"WebSite\",\"@id\":\"https:\/\/staging.lucky-hunter.com\/#website\",\"url\":\"https:\/\/staging.lucky-hunter.com\/\",\"name\":\"Lucky-Hunter\",\"description\":\"Gear Up or Give Up\",\"potentialAction\":[{\"@type\":\"SearchAction\",\"target\":{\"@type\":\"EntryPoint\",\"urlTemplate\":\"https:\/\/staging.lucky-hunter.com\/?s={search_term_string}\"},\"query-input\":{\"@type\":\"PropertyValueSpecification\",\"valueRequired\":true,\"valueName\":\"search_term_string\"}}],\"inLanguage\":\"hu\"}]}<\/script>\n<!-- \/ Yoast SEO plugin. -->","yoast_head_json":{"title":"Banded face mask - Bottomland - Lucky-Hunter","description":"A good face mask that keeps you camouflaged when you are hunting, but ensures that you have a good view and movement so that you can see what is happening.","robots":{"index":"noindex","follow":"follow","max-snippet":"max-snippet:-1","max-image-preview":"max-image-preview:large","max-video-preview":"max-video-preview:-1"},"og_locale":"hu_HU","og_type":"article","og_title":"Banded face mask - Bottomland - Lucky-Hunter","og_description":"A good face mask that keeps you camouflaged when you are hunting, but ensures that you have a good view and movement so that you can see what is happening.","og_url":"https:\/\/staging.lucky-hunter.com\/product\/banded-face-mask-bottomland\/","og_site_name":"Lucky-Hunter","article_modified_time":"2025-10-01T23:03:00+00:00","og_image":[{"width":1000,"height":1000,"url":"https:\/\/staging.lucky-hunter.com\/wp-content\/uploads\/2022\/12\/PU-625.png","type":"image\/png"}],"twitter_card":"summary_large_image","twitter_misc":{"Becs\u00fclt olvas\u00e1si id\u0151":"1 perc"},"schema":{"@context":"https:\/\/schema.org","@graph":[{"@type":"WebPage","@id":"https:\/\/staging.lucky-hunter.com\/product\/banded-face-mask-bottomland\/","url":"https:\/\/staging.lucky-hunter.com\/product\/banded-face-mask-bottomland\/","name":"Banded face mask - Bottomland - Lucky-Hunter","isPartOf":{"@id":"https:\/\/staging.lucky-hunter.com\/#website"},"primaryImageOfPage":{"@id":"https:\/\/staging.lucky-hunter.com\/product\/banded-face-mask-bottomland\/#primaryimage"},"image":{"@id":"https:\/\/staging.lucky-hunter.com\/product\/banded-face-mask-bottomland\/#primaryimage"},"thumbnailUrl":"https:\/\/staging.lucky-hunter.com\/wp-content\/uploads\/2022\/12\/PU-625.png","datePublished":"2022-12-22T11:44:34+00:00","dateModified":"2025-10-01T23:03:00+00:00","description":"A good face mask that keeps you camouflaged when you are hunting, but ensures that you have a good view and movement so that you can see what is happening.","breadcrumb":{"@id":"https:\/\/staging.lucky-hunter.com\/product\/banded-face-mask-bottomland\/#breadcrumb"},"inLanguage":"hu","potentialAction":[{"@type":"ReadAction","target":["https:\/\/staging.lucky-hunter.com\/product\/banded-face-mask-bottomland\/"]}]},{"@type":"ImageObject","inLanguage":"hu","@id":"https:\/\/staging.lucky-hunter.com\/product\/banded-face-mask-bottomland\/#primaryimage","url":"https:\/\/staging.lucky-hunter.com\/wp-content\/uploads\/2022\/12\/PU-625.png","contentUrl":"https:\/\/staging.lucky-hunter.com\/wp-content\/uploads\/2022\/12\/PU-625.png","width":1000,"height":1000,"caption":"Face mask"},{"@type":"BreadcrumbList","@id":"https:\/\/staging.lucky-hunter.com\/product\/banded-face-mask-bottomland\/#breadcrumb","itemListElement":[{"@type":"ListItem","position":1,"name":"Home","item":"https:\/\/staging.lucky-hunter.com\/hu\/"},{"@type":"ListItem","position":2,"name":"Shop","item":"https:\/\/staging.lucky-hunter.com\/hu\/shop\/"},{"@type":"ListItem","position":3,"name":"Banded face mask &#8211; Bottomland"}]},{"@type":"WebSite","@id":"https:\/\/staging.lucky-hunter.com\/#website","url":"https:\/\/staging.lucky-hunter.com\/","name":"Lucky-Hunter","description":"Gear Up or Give Up","potentialAction":[{"@type":"SearchAction","target":{"@type":"EntryPoint","urlTemplate":"https:\/\/staging.lucky-hunter.com\/?s={search_term_string}"},"query-input":{"@type":"PropertyValueSpecification","valueRequired":true,"valueName":"search_term_string"}}],"inLanguage":"hu"}]}},"_links":{"self":[{"href":"https:\/\/staging.lucky-hunter.com\/hu\/wp-json\/wp\/v2\/product\/55204"}],"collection":[{"href":"https:\/\/staging.lucky-hunter.com\/hu\/wp-json\/wp\/v2\/product"}],"about":[{"href":"https:\/\/staging.lucky-hunter.com\/hu\/wp-json\/wp\/v2\/types\/product"}],"wp:featuredmedia":[{"embeddable":true,"href":"https:\/\/staging.lucky-hunter.com\/hu\/wp-json\/wp\/v2\/media\/55205"}],"wp:attachment":[{"href":"https:\/\/staging.lucky-hunter.com\/hu\/wp-json\/wp\/v2\/media?parent=55204"}],"wp:term":[{"taxonomy":"product_brand","embeddable":true,"href":"https:\/\/staging.lucky-hunter.com\/hu\/wp-json\/wp\/v2\/product_brand?post=55204"},{"taxonomy":"product_cat","embeddable":true,"href":"https:\/\/staging.lucky-hunter.com\/hu\/wp-json\/wp\/v2\/product_cat?post=55204"},{"taxonomy":"product_tag","embeddable":true,"href":"https:\/\/staging.lucky-hunter.com\/hu\/wp-json\/wp\/v2\/product_tag?post=55204"}],"curies":[{"name":"wp","href":"https:\/\/api.w.org\/{rel}","templated":true}]}}