{"id":54576,"date":"2022-12-08T13:40:31","date_gmt":"2022-12-08T12:40:31","guid":{"rendered":"https:\/\/staging.lucky-hunter.com\/?post_type=product&#038;p=54576"},"modified":"2025-10-02T05:25:08","modified_gmt":"2025-10-02T03:25:08","slug":"avery-floating-game-strap","status":"publish","type":"product","link":"https:\/\/staging.lucky-hunter.com\/hu\/product\/avery-floating-game-strap\/","title":{"rendered":"Avery Floating game strap"},"content":{"rendered":"<h1>Avery Floating game strap<\/h1>\n<p style=\"font-weight: 300 !important;\">Closed cell foam allows this strap to float and a swivel snap hook makes it convenient to hang from your vest or waders. All in all, this is a really nice accessory for the duck and goose hunter<\/p>\n<ul style=\"font-weight: 400;\">\n<li style=\"font-weight: 300 !important;\">Foam interior<\/li>\n<li style=\"font-weight: 300 !important;\">DuraMax face<\/li>\n<li style=\"font-weight: 300 !important;\">Stainless steel loops<\/li>\n<li style=\"font-weight: 300 !important;\">Rubberized backing<\/li>\n<li style=\"font-weight: 300 !important;\">Loop Lockers secure heads<\/li>\n<\/ul>\n","protected":false},"excerpt":{"rendered":"<p>This game strap is floating and convenient to hang from your vest or waders. All in all, this is a really nice accessory for the duck and goose hunter<\/p>\n","protected":false},"featured_media":54577,"template":"","meta":[],"product_brand":[73],"product_cat":[9104],"product_tag":[9147,9146],"yoast_head":"<!-- This site is optimized with the Yoast SEO plugin v24.3 - https:\/\/yoast.com\/wordpress\/plugins\/seo\/ -->\n<title>Avery Floating game strap | Hunting Gear at Lucky-Hunter.com<\/title>\n<meta name=\"description\" content=\"This game strap is floating and convenient to hang from your vest or waders. All in all, this is a really nice accessory for the duck and goose hunter\" \/>\n<meta name=\"robots\" content=\"noindex, follow, max-snippet:-1, max-image-preview:large, max-video-preview:-1\" \/>\n<meta property=\"og:locale\" content=\"hu_HU\" \/>\n<meta property=\"og:type\" content=\"article\" \/>\n<meta property=\"og:title\" content=\"Avery Floating game strap | Hunting Gear at Lucky-Hunter.com\" \/>\n<meta property=\"og:description\" content=\"This game strap is floating and convenient to hang from your vest or waders. All in all, this is a really nice accessory for the duck and goose hunter\" \/>\n<meta property=\"og:url\" content=\"https:\/\/staging.lucky-hunter.com\/hu\/product\/avery-floating-game-strap\/\" \/>\n<meta property=\"og:site_name\" content=\"Lucky-Hunter\" \/>\n<meta property=\"article:modified_time\" content=\"2025-10-02T03:25:08+00:00\" \/>\n<meta property=\"og:image\" content=\"https:\/\/staging.lucky-hunter.com\/wp-content\/uploads\/2022\/12\/PU-74.png\" \/>\n\t<meta property=\"og:image:width\" content=\"1000\" \/>\n\t<meta property=\"og:image:height\" content=\"1000\" \/>\n\t<meta property=\"og:image:type\" content=\"image\/png\" \/>\n<meta name=\"twitter:card\" content=\"summary_large_image\" \/>\n<meta name=\"twitter:label1\" content=\"Becs\u00fclt olvas\u00e1si id\u0151\" \/>\n\t<meta name=\"twitter:data1\" content=\"1 perc\" \/>\n<script type=\"application\/ld+json\" class=\"yoast-schema-graph\">{\"@context\":\"https:\/\/schema.org\",\"@graph\":[{\"@type\":\"WebPage\",\"@id\":\"https:\/\/staging.lucky-hunter.com\/hu\/product\/avery-floating-game-strap\/\",\"url\":\"https:\/\/staging.lucky-hunter.com\/hu\/product\/avery-floating-game-strap\/\",\"name\":\"Avery Floating game strap | Hunting Gear at Lucky-Hunter.com\",\"isPartOf\":{\"@id\":\"https:\/\/staging.lucky-hunter.com\/#website\"},\"primaryImageOfPage\":{\"@id\":\"https:\/\/staging.lucky-hunter.com\/hu\/product\/avery-floating-game-strap\/#primaryimage\"},\"image\":{\"@id\":\"https:\/\/staging.lucky-hunter.com\/hu\/product\/avery-floating-game-strap\/#primaryimage\"},\"thumbnailUrl\":\"https:\/\/staging.lucky-hunter.com\/wp-content\/uploads\/2022\/12\/PU-74.png\",\"datePublished\":\"2022-12-08T12:40:31+00:00\",\"dateModified\":\"2025-10-02T03:25:08+00:00\",\"description\":\"This game strap is floating and convenient to hang from your vest or waders. All in all, this is a really nice accessory for the duck and goose hunter\",\"breadcrumb\":{\"@id\":\"https:\/\/staging.lucky-hunter.com\/hu\/product\/avery-floating-game-strap\/#breadcrumb\"},\"inLanguage\":\"hu\",\"potentialAction\":[{\"@type\":\"ReadAction\",\"target\":[\"https:\/\/staging.lucky-hunter.com\/hu\/product\/avery-floating-game-strap\/\"]}]},{\"@type\":\"ImageObject\",\"inLanguage\":\"hu\",\"@id\":\"https:\/\/staging.lucky-hunter.com\/hu\/product\/avery-floating-game-strap\/#primaryimage\",\"url\":\"https:\/\/staging.lucky-hunter.com\/wp-content\/uploads\/2022\/12\/PU-74.png\",\"contentUrl\":\"https:\/\/staging.lucky-hunter.com\/wp-content\/uploads\/2022\/12\/PU-74.png\",\"width\":1000,\"height\":1000},{\"@type\":\"BreadcrumbList\",\"@id\":\"https:\/\/staging.lucky-hunter.com\/hu\/product\/avery-floating-game-strap\/#breadcrumb\",\"itemListElement\":[{\"@type\":\"ListItem\",\"position\":1,\"name\":\"Home\",\"item\":\"https:\/\/staging.lucky-hunter.com\/hu\/\"},{\"@type\":\"ListItem\",\"position\":2,\"name\":\"Shop\",\"item\":\"https:\/\/staging.lucky-hunter.com\/hu\/shop\/\"},{\"@type\":\"ListItem\",\"position\":3,\"name\":\"Avery Floating game strap\"}]},{\"@type\":\"WebSite\",\"@id\":\"https:\/\/staging.lucky-hunter.com\/#website\",\"url\":\"https:\/\/staging.lucky-hunter.com\/\",\"name\":\"Lucky-Hunter\",\"description\":\"Gear Up or Give Up\",\"potentialAction\":[{\"@type\":\"SearchAction\",\"target\":{\"@type\":\"EntryPoint\",\"urlTemplate\":\"https:\/\/staging.lucky-hunter.com\/?s={search_term_string}\"},\"query-input\":{\"@type\":\"PropertyValueSpecification\",\"valueRequired\":true,\"valueName\":\"search_term_string\"}}],\"inLanguage\":\"hu\"}]}<\/script>\n<!-- \/ Yoast SEO plugin. -->","yoast_head_json":{"title":"Avery Floating game strap | Hunting Gear at Lucky-Hunter.com","description":"This game strap is floating and convenient to hang from your vest or waders. All in all, this is a really nice accessory for the duck and goose hunter","robots":{"index":"noindex","follow":"follow","max-snippet":"max-snippet:-1","max-image-preview":"max-image-preview:large","max-video-preview":"max-video-preview:-1"},"og_locale":"hu_HU","og_type":"article","og_title":"Avery Floating game strap | Hunting Gear at Lucky-Hunter.com","og_description":"This game strap is floating and convenient to hang from your vest or waders. All in all, this is a really nice accessory for the duck and goose hunter","og_url":"https:\/\/staging.lucky-hunter.com\/hu\/product\/avery-floating-game-strap\/","og_site_name":"Lucky-Hunter","article_modified_time":"2025-10-02T03:25:08+00:00","og_image":[{"width":1000,"height":1000,"url":"https:\/\/staging.lucky-hunter.com\/wp-content\/uploads\/2022\/12\/PU-74.png","type":"image\/png"}],"twitter_card":"summary_large_image","twitter_misc":{"Becs\u00fclt olvas\u00e1si id\u0151":"1 perc"},"schema":{"@context":"https:\/\/schema.org","@graph":[{"@type":"WebPage","@id":"https:\/\/staging.lucky-hunter.com\/hu\/product\/avery-floating-game-strap\/","url":"https:\/\/staging.lucky-hunter.com\/hu\/product\/avery-floating-game-strap\/","name":"Avery Floating game strap | Hunting Gear at Lucky-Hunter.com","isPartOf":{"@id":"https:\/\/staging.lucky-hunter.com\/#website"},"primaryImageOfPage":{"@id":"https:\/\/staging.lucky-hunter.com\/hu\/product\/avery-floating-game-strap\/#primaryimage"},"image":{"@id":"https:\/\/staging.lucky-hunter.com\/hu\/product\/avery-floating-game-strap\/#primaryimage"},"thumbnailUrl":"https:\/\/staging.lucky-hunter.com\/wp-content\/uploads\/2022\/12\/PU-74.png","datePublished":"2022-12-08T12:40:31+00:00","dateModified":"2025-10-02T03:25:08+00:00","description":"This game strap is floating and convenient to hang from your vest or waders. All in all, this is a really nice accessory for the duck and goose hunter","breadcrumb":{"@id":"https:\/\/staging.lucky-hunter.com\/hu\/product\/avery-floating-game-strap\/#breadcrumb"},"inLanguage":"hu","potentialAction":[{"@type":"ReadAction","target":["https:\/\/staging.lucky-hunter.com\/hu\/product\/avery-floating-game-strap\/"]}]},{"@type":"ImageObject","inLanguage":"hu","@id":"https:\/\/staging.lucky-hunter.com\/hu\/product\/avery-floating-game-strap\/#primaryimage","url":"https:\/\/staging.lucky-hunter.com\/wp-content\/uploads\/2022\/12\/PU-74.png","contentUrl":"https:\/\/staging.lucky-hunter.com\/wp-content\/uploads\/2022\/12\/PU-74.png","width":1000,"height":1000},{"@type":"BreadcrumbList","@id":"https:\/\/staging.lucky-hunter.com\/hu\/product\/avery-floating-game-strap\/#breadcrumb","itemListElement":[{"@type":"ListItem","position":1,"name":"Home","item":"https:\/\/staging.lucky-hunter.com\/hu\/"},{"@type":"ListItem","position":2,"name":"Shop","item":"https:\/\/staging.lucky-hunter.com\/hu\/shop\/"},{"@type":"ListItem","position":3,"name":"Avery Floating game strap"}]},{"@type":"WebSite","@id":"https:\/\/staging.lucky-hunter.com\/#website","url":"https:\/\/staging.lucky-hunter.com\/","name":"Lucky-Hunter","description":"Gear Up or Give Up","potentialAction":[{"@type":"SearchAction","target":{"@type":"EntryPoint","urlTemplate":"https:\/\/staging.lucky-hunter.com\/?s={search_term_string}"},"query-input":{"@type":"PropertyValueSpecification","valueRequired":true,"valueName":"search_term_string"}}],"inLanguage":"hu"}]}},"_links":{"self":[{"href":"https:\/\/staging.lucky-hunter.com\/hu\/wp-json\/wp\/v2\/product\/54576"}],"collection":[{"href":"https:\/\/staging.lucky-hunter.com\/hu\/wp-json\/wp\/v2\/product"}],"about":[{"href":"https:\/\/staging.lucky-hunter.com\/hu\/wp-json\/wp\/v2\/types\/product"}],"wp:featuredmedia":[{"embeddable":true,"href":"https:\/\/staging.lucky-hunter.com\/hu\/wp-json\/wp\/v2\/media\/54577"}],"wp:attachment":[{"href":"https:\/\/staging.lucky-hunter.com\/hu\/wp-json\/wp\/v2\/media?parent=54576"}],"wp:term":[{"taxonomy":"product_brand","embeddable":true,"href":"https:\/\/staging.lucky-hunter.com\/hu\/wp-json\/wp\/v2\/product_brand?post=54576"},{"taxonomy":"product_cat","embeddable":true,"href":"https:\/\/staging.lucky-hunter.com\/hu\/wp-json\/wp\/v2\/product_cat?post=54576"},{"taxonomy":"product_tag","embeddable":true,"href":"https:\/\/staging.lucky-hunter.com\/hu\/wp-json\/wp\/v2\/product_tag?post=54576"}],"curies":[{"name":"wp","href":"https:\/\/api.w.org\/{rel}","templated":true}]}}