{"id":53396,"date":"2022-11-23T16:35:57","date_gmt":"2022-11-23T15:35:57","guid":{"rendered":"https:\/\/staging.lucky-hunter.com\/?post_type=product&#038;p=53396"},"modified":"2025-10-02T02:00:06","modified_gmt":"2025-10-02T00:00:06","slug":"banded-breathable-waders-black-label-elite","status":"publish","type":"product","link":"https:\/\/staging.lucky-hunter.com\/hu\/product\/banded-breathable-waders-black-label-elite\/","title":{"rendered":"Banded Breathable Waders &#8211; Black Label Elite"},"content":{"rendered":"<h1>These are absolutely the best waders we have seen for hunting<\/h1>\n<p>We have now got our hands on the cool &#8220;Black Label Elite&#8221; Waders from Banded. These Waders are an upgrade of the fantastic &#8220;RedZone 2.0&#8221; waders, which we ourselves have sworn by for many years &#8211; So here you can expect something else!<\/p>\n<p>Black Label Elite waders are breathable and insulated and ensures you optimal performance and comfort on the hunt, not least in the cold months.<br \/>\nSome of the obvious improvements made to this series of waders are: Stronger protective pants, Chest pockets with strong and waterproof zipper, Built-in hand warmer on the inside, LED light at the chest pocket<\/p>\n<p>In addition, these waders have many of the popular features from the &#8220;RedZone 2.0&#8221; series &#8211; For example: Waterproof mobile phone pocket, cartridge pockets, large chest pocket, and much, much more.<\/p>\n<p>If you are looking for the perfect waders for hunting, you have just found them!<\/p>\n<p><b>Features:<\/b><\/p>\n<ul>\n<li>Removable protective pants with a user-friendly built-in belt<\/li>\n<li>Plastic inner pocket with zip for mobile phone, hunting license, money etc.<\/li>\n<li>The mobile phone can be operated from the outside of the plastic pocket<\/li>\n<li>Small pockets for 6 pcs. cartridges<\/li>\n<li>Fleece lined hand warmer in a continuous chest pocket<\/li>\n<li>Zippers on both sides to expand the chest width<\/li>\n<li>Adjustable and wide shoulder straps for maximum comfort<\/li>\n<li>Bird rings at both shoulder straps<\/li>\n<li>Overtrousers from the waist down that protect the waterproof membrane (can be removed and washed)<\/li>\n<li>Adjustable stomach belt so they sit close to the body<\/li>\n<li>Holes in the fabric at the edge of the boot for drainage of water<\/li>\n<li>SHEDS\u2122 Waterproof breathable technology<\/li>\n<li>2000 gram Thinsulate\u2122 insulated boot<\/li>\n<li>Integrated LED light system in the chest pocket always provides clear illumination in the dark<\/li>\n<li>Comfort temperature from -23 to +15 degrees<\/li>\n<li>MAX 7 Camouflage<\/li>\n<li>2 years gurantee<\/li>\n<\/ul>\n<p>&nbsp;<\/p>\n<p>&nbsp;<\/p>\n","protected":false},"excerpt":{"rendered":"<p>American Banded has developed this perfect pair of waders for the passionate bird hunter. Black Label Elite waders are both breathable and insulated<\/p>\n","protected":false},"featured_media":54007,"template":"","meta":[],"product_brand":[8137],"product_cat":[8266],"product_tag":[9235],"yoast_head":"<!-- This site is optimized with the Yoast SEO plugin v24.3 - https:\/\/yoast.com\/wordpress\/plugins\/seo\/ -->\n<title>Banded Breathable Waders - Black Label Elite | Best of the Best<\/title>\n<meta name=\"description\" content=\"Black Label Elite waders are breathable and insulated and ensure you optimal performance and comfort on the hunt - This is our take on the perfect waders!\" \/>\n<meta name=\"robots\" content=\"noindex, follow, max-snippet:-1, max-image-preview:large, max-video-preview:-1\" \/>\n<meta property=\"og:locale\" content=\"hu_HU\" \/>\n<meta property=\"og:type\" content=\"article\" \/>\n<meta property=\"og:title\" content=\"Banded Breathable Waders - Black Label Elite | Best of the Best\" \/>\n<meta property=\"og:description\" content=\"Black Label Elite waders are breathable and insulated and ensure you optimal performance and comfort on the hunt - This is our take on the perfect waders!\" \/>\n<meta property=\"og:url\" content=\"https:\/\/staging.lucky-hunter.com\/product\/banded-breathable-waders-black-label-elite\/\" \/>\n<meta property=\"og:site_name\" content=\"Lucky-Hunter\" \/>\n<meta property=\"article:modified_time\" content=\"2025-10-02T00:00:06+00:00\" \/>\n<meta property=\"og:image\" content=\"https:\/\/staging.lucky-hunter.com\/wp-content\/uploads\/2022\/11\/PU-480-1.png\" \/>\n\t<meta property=\"og:image:width\" content=\"1000\" \/>\n\t<meta property=\"og:image:height\" content=\"1000\" \/>\n\t<meta property=\"og:image:type\" content=\"image\/png\" \/>\n<meta name=\"twitter:card\" content=\"summary_large_image\" \/>\n<meta name=\"twitter:label1\" content=\"Becs\u00fclt olvas\u00e1si id\u0151\" \/>\n\t<meta name=\"twitter:data1\" content=\"2 perc\" \/>\n<script type=\"application\/ld+json\" class=\"yoast-schema-graph\">{\"@context\":\"https:\/\/schema.org\",\"@graph\":[{\"@type\":\"WebPage\",\"@id\":\"https:\/\/staging.lucky-hunter.com\/product\/banded-breathable-waders-black-label-elite\/\",\"url\":\"https:\/\/staging.lucky-hunter.com\/product\/banded-breathable-waders-black-label-elite\/\",\"name\":\"Banded Breathable Waders - Black Label Elite | Best of the Best\",\"isPartOf\":{\"@id\":\"https:\/\/staging.lucky-hunter.com\/#website\"},\"primaryImageOfPage\":{\"@id\":\"https:\/\/staging.lucky-hunter.com\/product\/banded-breathable-waders-black-label-elite\/#primaryimage\"},\"image\":{\"@id\":\"https:\/\/staging.lucky-hunter.com\/product\/banded-breathable-waders-black-label-elite\/#primaryimage\"},\"thumbnailUrl\":\"https:\/\/staging.lucky-hunter.com\/wp-content\/uploads\/2022\/11\/PU-480-1.png\",\"datePublished\":\"2022-11-23T15:35:57+00:00\",\"dateModified\":\"2025-10-02T00:00:06+00:00\",\"description\":\"Black Label Elite waders are breathable and insulated and ensure you optimal performance and comfort on the hunt - This is our take on the perfect waders!\",\"breadcrumb\":{\"@id\":\"https:\/\/staging.lucky-hunter.com\/product\/banded-breathable-waders-black-label-elite\/#breadcrumb\"},\"inLanguage\":\"hu\",\"potentialAction\":[{\"@type\":\"ReadAction\",\"target\":[\"https:\/\/staging.lucky-hunter.com\/product\/banded-breathable-waders-black-label-elite\/\"]}]},{\"@type\":\"ImageObject\",\"inLanguage\":\"hu\",\"@id\":\"https:\/\/staging.lucky-hunter.com\/product\/banded-breathable-waders-black-label-elite\/#primaryimage\",\"url\":\"https:\/\/staging.lucky-hunter.com\/wp-content\/uploads\/2022\/11\/PU-480-1.png\",\"contentUrl\":\"https:\/\/staging.lucky-hunter.com\/wp-content\/uploads\/2022\/11\/PU-480-1.png\",\"width\":1000,\"height\":1000},{\"@type\":\"BreadcrumbList\",\"@id\":\"https:\/\/staging.lucky-hunter.com\/product\/banded-breathable-waders-black-label-elite\/#breadcrumb\",\"itemListElement\":[{\"@type\":\"ListItem\",\"position\":1,\"name\":\"Home\",\"item\":\"https:\/\/staging.lucky-hunter.com\/hu\/\"},{\"@type\":\"ListItem\",\"position\":2,\"name\":\"Shop\",\"item\":\"https:\/\/staging.lucky-hunter.com\/hu\/shop\/\"},{\"@type\":\"ListItem\",\"position\":3,\"name\":\"Banded Breathable Waders &#8211; Black Label Elite\"}]},{\"@type\":\"WebSite\",\"@id\":\"https:\/\/staging.lucky-hunter.com\/#website\",\"url\":\"https:\/\/staging.lucky-hunter.com\/\",\"name\":\"Lucky-Hunter\",\"description\":\"Gear Up or Give Up\",\"potentialAction\":[{\"@type\":\"SearchAction\",\"target\":{\"@type\":\"EntryPoint\",\"urlTemplate\":\"https:\/\/staging.lucky-hunter.com\/?s={search_term_string}\"},\"query-input\":{\"@type\":\"PropertyValueSpecification\",\"valueRequired\":true,\"valueName\":\"search_term_string\"}}],\"inLanguage\":\"hu\"}]}<\/script>\n<!-- \/ Yoast SEO plugin. -->","yoast_head_json":{"title":"Banded Breathable Waders - Black Label Elite | Best of the Best","description":"Black Label Elite waders are breathable and insulated and ensure you optimal performance and comfort on the hunt - This is our take on the perfect waders!","robots":{"index":"noindex","follow":"follow","max-snippet":"max-snippet:-1","max-image-preview":"max-image-preview:large","max-video-preview":"max-video-preview:-1"},"og_locale":"hu_HU","og_type":"article","og_title":"Banded Breathable Waders - Black Label Elite | Best of the Best","og_description":"Black Label Elite waders are breathable and insulated and ensure you optimal performance and comfort on the hunt - This is our take on the perfect waders!","og_url":"https:\/\/staging.lucky-hunter.com\/product\/banded-breathable-waders-black-label-elite\/","og_site_name":"Lucky-Hunter","article_modified_time":"2025-10-02T00:00:06+00:00","og_image":[{"width":1000,"height":1000,"url":"https:\/\/staging.lucky-hunter.com\/wp-content\/uploads\/2022\/11\/PU-480-1.png","type":"image\/png"}],"twitter_card":"summary_large_image","twitter_misc":{"Becs\u00fclt olvas\u00e1si id\u0151":"2 perc"},"schema":{"@context":"https:\/\/schema.org","@graph":[{"@type":"WebPage","@id":"https:\/\/staging.lucky-hunter.com\/product\/banded-breathable-waders-black-label-elite\/","url":"https:\/\/staging.lucky-hunter.com\/product\/banded-breathable-waders-black-label-elite\/","name":"Banded Breathable Waders - Black Label Elite | Best of the Best","isPartOf":{"@id":"https:\/\/staging.lucky-hunter.com\/#website"},"primaryImageOfPage":{"@id":"https:\/\/staging.lucky-hunter.com\/product\/banded-breathable-waders-black-label-elite\/#primaryimage"},"image":{"@id":"https:\/\/staging.lucky-hunter.com\/product\/banded-breathable-waders-black-label-elite\/#primaryimage"},"thumbnailUrl":"https:\/\/staging.lucky-hunter.com\/wp-content\/uploads\/2022\/11\/PU-480-1.png","datePublished":"2022-11-23T15:35:57+00:00","dateModified":"2025-10-02T00:00:06+00:00","description":"Black Label Elite waders are breathable and insulated and ensure you optimal performance and comfort on the hunt - This is our take on the perfect waders!","breadcrumb":{"@id":"https:\/\/staging.lucky-hunter.com\/product\/banded-breathable-waders-black-label-elite\/#breadcrumb"},"inLanguage":"hu","potentialAction":[{"@type":"ReadAction","target":["https:\/\/staging.lucky-hunter.com\/product\/banded-breathable-waders-black-label-elite\/"]}]},{"@type":"ImageObject","inLanguage":"hu","@id":"https:\/\/staging.lucky-hunter.com\/product\/banded-breathable-waders-black-label-elite\/#primaryimage","url":"https:\/\/staging.lucky-hunter.com\/wp-content\/uploads\/2022\/11\/PU-480-1.png","contentUrl":"https:\/\/staging.lucky-hunter.com\/wp-content\/uploads\/2022\/11\/PU-480-1.png","width":1000,"height":1000},{"@type":"BreadcrumbList","@id":"https:\/\/staging.lucky-hunter.com\/product\/banded-breathable-waders-black-label-elite\/#breadcrumb","itemListElement":[{"@type":"ListItem","position":1,"name":"Home","item":"https:\/\/staging.lucky-hunter.com\/hu\/"},{"@type":"ListItem","position":2,"name":"Shop","item":"https:\/\/staging.lucky-hunter.com\/hu\/shop\/"},{"@type":"ListItem","position":3,"name":"Banded Breathable Waders &#8211; Black Label Elite"}]},{"@type":"WebSite","@id":"https:\/\/staging.lucky-hunter.com\/#website","url":"https:\/\/staging.lucky-hunter.com\/","name":"Lucky-Hunter","description":"Gear Up or Give Up","potentialAction":[{"@type":"SearchAction","target":{"@type":"EntryPoint","urlTemplate":"https:\/\/staging.lucky-hunter.com\/?s={search_term_string}"},"query-input":{"@type":"PropertyValueSpecification","valueRequired":true,"valueName":"search_term_string"}}],"inLanguage":"hu"}]}},"_links":{"self":[{"href":"https:\/\/staging.lucky-hunter.com\/hu\/wp-json\/wp\/v2\/product\/53396"}],"collection":[{"href":"https:\/\/staging.lucky-hunter.com\/hu\/wp-json\/wp\/v2\/product"}],"about":[{"href":"https:\/\/staging.lucky-hunter.com\/hu\/wp-json\/wp\/v2\/types\/product"}],"wp:featuredmedia":[{"embeddable":true,"href":"https:\/\/staging.lucky-hunter.com\/hu\/wp-json\/wp\/v2\/media\/54007"}],"wp:attachment":[{"href":"https:\/\/staging.lucky-hunter.com\/hu\/wp-json\/wp\/v2\/media?parent=53396"}],"wp:term":[{"taxonomy":"product_brand","embeddable":true,"href":"https:\/\/staging.lucky-hunter.com\/hu\/wp-json\/wp\/v2\/product_brand?post=53396"},{"taxonomy":"product_cat","embeddable":true,"href":"https:\/\/staging.lucky-hunter.com\/hu\/wp-json\/wp\/v2\/product_cat?post=53396"},{"taxonomy":"product_tag","embeddable":true,"href":"https:\/\/staging.lucky-hunter.com\/hu\/wp-json\/wp\/v2\/product_tag?post=53396"}],"curies":[{"name":"wp","href":"https:\/\/api.w.org\/{rel}","templated":true}]}}