{"id":52067,"date":"2022-10-25T13:41:00","date_gmt":"2022-10-25T11:41:00","guid":{"rendered":"https:\/\/staging.lucky-hunter.com\/?post_type=product&#038;p=52067"},"modified":"2025-10-02T01:26:36","modified_gmt":"2025-10-01T23:26:36","slug":"bloodline-elite-dog-vest-mossy-oak-habitat","status":"publish","type":"product","link":"https:\/\/staging.lucky-hunter.com\/hu\/product\/bloodline-elite-dog-vest-mossy-oak-habitat\/","title":{"rendered":"Bloodline Elite Dog Vest &#8211; Mossy Oak Habitat"},"content":{"rendered":"<h2><strong>Hands down Rig\u00b4Em Right has the best dog vest on the market<\/strong><\/h2>\n<p><span style=\"color: #ed1c24;\"><strong>There may be a 2-3 week delivery time for this item. Contact us if necessary for the stock status of the desired size.<\/strong><\/span><\/p>\n<p>The Bloodline Elite Dog Vest from Rig&#8217;Em Right\u00ae Waterfowl offers the utmost protection for your most reliable hunting partner.<\/p>\n<p>This deluxe dog vest vest has a more athletic cut around the neck and between the front legs to provide better mobility without rubbing and bunching.<\/p>\n<p>The unique 3-layer construction of the upper material consists of 3 mm neoprene gives a next to &#8220;skin&#8221; for warmth and comfort.<\/p>\n<p>A thin layer of foam for added flotation, and an outer layer of heavy-duty canvas for protection from brush and briers.<\/p>\n<p>Also features 5 mm neoprene throughout the chest for flexibility and warmth and a sturdy braided handle to help you buddy back in the blind.<\/p>\n<p>Available the Mossy Oak Habitat<\/p>\n<p><strong>Size Chart:<\/strong><\/p>\n<p>Small : Chest 60 cm *<\/p>\n<p>Medium : Chest 66 cm * &#8211; Neck 56 cm<\/p>\n<p>Large :\u00a0 Chest 71 cm * &#8211; Neck 62 cm<\/p>\n<p>X-Large : Chest 76 cm * &#8211; Neck 63.5 cm<\/p>\n<p>XX-Large : Chest 84 cm* &#8211; Neck 71 cm<\/p>\n<p><em>* Measurement should be taken just behind the front legs, measuring the total distance around your dog&#8217;s chest at the widest part.<\/em><\/p>\n","protected":false},"excerpt":{"rendered":"<p>The Bloodline Elite Dog Vest from Rig&#8217;Em Right\u00ae Waterfowl offers the utmost protection for your most reliable hunting partner.<\/p>\n","protected":false},"featured_media":53950,"template":"","meta":[],"product_brand":[9607],"product_cat":[8875],"product_tag":[9488,9487],"yoast_head":"<!-- This site is optimized with the Yoast SEO plugin v24.3 - https:\/\/yoast.com\/wordpress\/plugins\/seo\/ -->\n<title>Rig\u00b4Em Right Bloodline Elite Dog Vest | Mossy Oak Habitat<\/title>\n<meta name=\"description\" content=\"Hands down Rig\u00b4Em Right has the best dog vest on the market ! Offers the utmost protection for your most reliable hunting partner.\" \/>\n<meta name=\"robots\" content=\"noindex, follow, max-snippet:-1, max-image-preview:large, max-video-preview:-1\" \/>\n<meta property=\"og:locale\" content=\"hu_HU\" \/>\n<meta property=\"og:type\" content=\"article\" \/>\n<meta property=\"og:title\" content=\"Rig\u00b4Em Right Bloodline Elite Dog Vest | Mossy Oak Habitat\" \/>\n<meta property=\"og:description\" content=\"Hands down Rig\u00b4Em Right has the best dog vest on the market ! Offers the utmost protection for your most reliable hunting partner.\" \/>\n<meta property=\"og:url\" content=\"https:\/\/staging.lucky-hunter.com\/product\/bloodline-elite-dog-vest-mossy-oak-habitat\/\" \/>\n<meta property=\"og:site_name\" content=\"Lucky-Hunter\" \/>\n<meta property=\"article:modified_time\" content=\"2025-10-01T23:26:36+00:00\" \/>\n<meta property=\"og:image\" content=\"https:\/\/staging.lucky-hunter.com\/wp-content\/uploads\/2022\/10\/JH-244.png\" \/>\n\t<meta property=\"og:image:width\" content=\"1000\" \/>\n\t<meta property=\"og:image:height\" content=\"1000\" \/>\n\t<meta property=\"og:image:type\" content=\"image\/png\" \/>\n<meta name=\"twitter:card\" content=\"summary_large_image\" \/>\n<meta name=\"twitter:label1\" content=\"Becs\u00fclt olvas\u00e1si id\u0151\" \/>\n\t<meta name=\"twitter:data1\" content=\"2 perc\" \/>\n<script type=\"application\/ld+json\" class=\"yoast-schema-graph\">{\"@context\":\"https:\/\/schema.org\",\"@graph\":[{\"@type\":\"WebPage\",\"@id\":\"https:\/\/staging.lucky-hunter.com\/product\/bloodline-elite-dog-vest-mossy-oak-habitat\/\",\"url\":\"https:\/\/staging.lucky-hunter.com\/product\/bloodline-elite-dog-vest-mossy-oak-habitat\/\",\"name\":\"Rig\u00b4Em Right Bloodline Elite Dog Vest | Mossy Oak Habitat\",\"isPartOf\":{\"@id\":\"https:\/\/staging.lucky-hunter.com\/#website\"},\"primaryImageOfPage\":{\"@id\":\"https:\/\/staging.lucky-hunter.com\/product\/bloodline-elite-dog-vest-mossy-oak-habitat\/#primaryimage\"},\"image\":{\"@id\":\"https:\/\/staging.lucky-hunter.com\/product\/bloodline-elite-dog-vest-mossy-oak-habitat\/#primaryimage\"},\"thumbnailUrl\":\"https:\/\/staging.lucky-hunter.com\/wp-content\/uploads\/2022\/10\/JH-244.png\",\"datePublished\":\"2022-10-25T11:41:00+00:00\",\"dateModified\":\"2025-10-01T23:26:36+00:00\",\"description\":\"Hands down Rig\u00b4Em Right has the best dog vest on the market ! Offers the utmost protection for your most reliable hunting partner.\",\"breadcrumb\":{\"@id\":\"https:\/\/staging.lucky-hunter.com\/product\/bloodline-elite-dog-vest-mossy-oak-habitat\/#breadcrumb\"},\"inLanguage\":\"hu\",\"potentialAction\":[{\"@type\":\"ReadAction\",\"target\":[\"https:\/\/staging.lucky-hunter.com\/product\/bloodline-elite-dog-vest-mossy-oak-habitat\/\"]}]},{\"@type\":\"ImageObject\",\"inLanguage\":\"hu\",\"@id\":\"https:\/\/staging.lucky-hunter.com\/product\/bloodline-elite-dog-vest-mossy-oak-habitat\/#primaryimage\",\"url\":\"https:\/\/staging.lucky-hunter.com\/wp-content\/uploads\/2022\/10\/JH-244.png\",\"contentUrl\":\"https:\/\/staging.lucky-hunter.com\/wp-content\/uploads\/2022\/10\/JH-244.png\",\"width\":1000,\"height\":1000},{\"@type\":\"BreadcrumbList\",\"@id\":\"https:\/\/staging.lucky-hunter.com\/product\/bloodline-elite-dog-vest-mossy-oak-habitat\/#breadcrumb\",\"itemListElement\":[{\"@type\":\"ListItem\",\"position\":1,\"name\":\"Home\",\"item\":\"https:\/\/staging.lucky-hunter.com\/hu\/\"},{\"@type\":\"ListItem\",\"position\":2,\"name\":\"Shop\",\"item\":\"https:\/\/staging.lucky-hunter.com\/hu\/shop\/\"},{\"@type\":\"ListItem\",\"position\":3,\"name\":\"Bloodline Elite Dog Vest &#8211; Mossy Oak Habitat\"}]},{\"@type\":\"WebSite\",\"@id\":\"https:\/\/staging.lucky-hunter.com\/#website\",\"url\":\"https:\/\/staging.lucky-hunter.com\/\",\"name\":\"Lucky-Hunter\",\"description\":\"Gear Up or Give Up\",\"potentialAction\":[{\"@type\":\"SearchAction\",\"target\":{\"@type\":\"EntryPoint\",\"urlTemplate\":\"https:\/\/staging.lucky-hunter.com\/?s={search_term_string}\"},\"query-input\":{\"@type\":\"PropertyValueSpecification\",\"valueRequired\":true,\"valueName\":\"search_term_string\"}}],\"inLanguage\":\"hu\"}]}<\/script>\n<!-- \/ Yoast SEO plugin. -->","yoast_head_json":{"title":"Rig\u00b4Em Right Bloodline Elite Dog Vest | Mossy Oak Habitat","description":"Hands down Rig\u00b4Em Right has the best dog vest on the market ! Offers the utmost protection for your most reliable hunting partner.","robots":{"index":"noindex","follow":"follow","max-snippet":"max-snippet:-1","max-image-preview":"max-image-preview:large","max-video-preview":"max-video-preview:-1"},"og_locale":"hu_HU","og_type":"article","og_title":"Rig\u00b4Em Right Bloodline Elite Dog Vest | Mossy Oak Habitat","og_description":"Hands down Rig\u00b4Em Right has the best dog vest on the market ! Offers the utmost protection for your most reliable hunting partner.","og_url":"https:\/\/staging.lucky-hunter.com\/product\/bloodline-elite-dog-vest-mossy-oak-habitat\/","og_site_name":"Lucky-Hunter","article_modified_time":"2025-10-01T23:26:36+00:00","og_image":[{"width":1000,"height":1000,"url":"https:\/\/staging.lucky-hunter.com\/wp-content\/uploads\/2022\/10\/JH-244.png","type":"image\/png"}],"twitter_card":"summary_large_image","twitter_misc":{"Becs\u00fclt olvas\u00e1si id\u0151":"2 perc"},"schema":{"@context":"https:\/\/schema.org","@graph":[{"@type":"WebPage","@id":"https:\/\/staging.lucky-hunter.com\/product\/bloodline-elite-dog-vest-mossy-oak-habitat\/","url":"https:\/\/staging.lucky-hunter.com\/product\/bloodline-elite-dog-vest-mossy-oak-habitat\/","name":"Rig\u00b4Em Right Bloodline Elite Dog Vest | Mossy Oak Habitat","isPartOf":{"@id":"https:\/\/staging.lucky-hunter.com\/#website"},"primaryImageOfPage":{"@id":"https:\/\/staging.lucky-hunter.com\/product\/bloodline-elite-dog-vest-mossy-oak-habitat\/#primaryimage"},"image":{"@id":"https:\/\/staging.lucky-hunter.com\/product\/bloodline-elite-dog-vest-mossy-oak-habitat\/#primaryimage"},"thumbnailUrl":"https:\/\/staging.lucky-hunter.com\/wp-content\/uploads\/2022\/10\/JH-244.png","datePublished":"2022-10-25T11:41:00+00:00","dateModified":"2025-10-01T23:26:36+00:00","description":"Hands down Rig\u00b4Em Right has the best dog vest on the market ! Offers the utmost protection for your most reliable hunting partner.","breadcrumb":{"@id":"https:\/\/staging.lucky-hunter.com\/product\/bloodline-elite-dog-vest-mossy-oak-habitat\/#breadcrumb"},"inLanguage":"hu","potentialAction":[{"@type":"ReadAction","target":["https:\/\/staging.lucky-hunter.com\/product\/bloodline-elite-dog-vest-mossy-oak-habitat\/"]}]},{"@type":"ImageObject","inLanguage":"hu","@id":"https:\/\/staging.lucky-hunter.com\/product\/bloodline-elite-dog-vest-mossy-oak-habitat\/#primaryimage","url":"https:\/\/staging.lucky-hunter.com\/wp-content\/uploads\/2022\/10\/JH-244.png","contentUrl":"https:\/\/staging.lucky-hunter.com\/wp-content\/uploads\/2022\/10\/JH-244.png","width":1000,"height":1000},{"@type":"BreadcrumbList","@id":"https:\/\/staging.lucky-hunter.com\/product\/bloodline-elite-dog-vest-mossy-oak-habitat\/#breadcrumb","itemListElement":[{"@type":"ListItem","position":1,"name":"Home","item":"https:\/\/staging.lucky-hunter.com\/hu\/"},{"@type":"ListItem","position":2,"name":"Shop","item":"https:\/\/staging.lucky-hunter.com\/hu\/shop\/"},{"@type":"ListItem","position":3,"name":"Bloodline Elite Dog Vest &#8211; Mossy Oak Habitat"}]},{"@type":"WebSite","@id":"https:\/\/staging.lucky-hunter.com\/#website","url":"https:\/\/staging.lucky-hunter.com\/","name":"Lucky-Hunter","description":"Gear Up or Give Up","potentialAction":[{"@type":"SearchAction","target":{"@type":"EntryPoint","urlTemplate":"https:\/\/staging.lucky-hunter.com\/?s={search_term_string}"},"query-input":{"@type":"PropertyValueSpecification","valueRequired":true,"valueName":"search_term_string"}}],"inLanguage":"hu"}]}},"_links":{"self":[{"href":"https:\/\/staging.lucky-hunter.com\/hu\/wp-json\/wp\/v2\/product\/52067"}],"collection":[{"href":"https:\/\/staging.lucky-hunter.com\/hu\/wp-json\/wp\/v2\/product"}],"about":[{"href":"https:\/\/staging.lucky-hunter.com\/hu\/wp-json\/wp\/v2\/types\/product"}],"wp:featuredmedia":[{"embeddable":true,"href":"https:\/\/staging.lucky-hunter.com\/hu\/wp-json\/wp\/v2\/media\/53950"}],"wp:attachment":[{"href":"https:\/\/staging.lucky-hunter.com\/hu\/wp-json\/wp\/v2\/media?parent=52067"}],"wp:term":[{"taxonomy":"product_brand","embeddable":true,"href":"https:\/\/staging.lucky-hunter.com\/hu\/wp-json\/wp\/v2\/product_brand?post=52067"},{"taxonomy":"product_cat","embeddable":true,"href":"https:\/\/staging.lucky-hunter.com\/hu\/wp-json\/wp\/v2\/product_cat?post=52067"},{"taxonomy":"product_tag","embeddable":true,"href":"https:\/\/staging.lucky-hunter.com\/hu\/wp-json\/wp\/v2\/product_tag?post=52067"}],"curies":[{"name":"wp","href":"https:\/\/api.w.org\/{rel}","templated":true}]}}