{"id":51142,"date":"2022-10-04T13:24:42","date_gmt":"2022-10-04T11:24:42","guid":{"rendered":"https:\/\/staging.lucky-hunter.com\/?post_type=product&#038;p=51142"},"modified":"2025-10-02T01:44:33","modified_gmt":"2025-10-01T23:44:33","slug":"banded-hunting-logo-cap","status":"publish","type":"product","link":"https:\/\/staging.lucky-hunter.com\/hu\/product\/banded-hunting-logo-cap\/","title":{"rendered":"Banded Logo Hunting Cap"},"content":{"rendered":"<h2><strong>A really cool cap for the passionate hunter<\/strong><\/h2>\n<div><span style=\"color: #ed1c24;\"><strong>There may be a 2-3 week delivery time for this item. Contact us if necessary for the stock status.<\/strong><\/span><\/div>\n<div><\/div>\n<div>Complete your outfit with a smart and practical Hunting Cap from American Banded.<\/div>\n<div><\/div>\n<div><strong>Specifications:<\/strong><\/div>\n<ul>\n<li>Cotton<\/li>\n<li>Adjustable<\/li>\n<li>Choose from different camouflage designs<\/li>\n<li>Banded logo on the front<\/li>\n<li>One size.<\/li>\n<\/ul>\n","protected":false},"excerpt":{"rendered":"<p>Complete your outfit with a smart and practical Hunting Cap from American Banded. Choose from different camouflage designs.<\/p>\n","protected":false},"featured_media":54977,"template":"","meta":[],"product_brand":[6608],"product_cat":[9123],"product_tag":[],"yoast_head":"<!-- This site is optimized with the Yoast SEO plugin v24.3 - https:\/\/yoast.com\/wordpress\/plugins\/seo\/ -->\n<title>Banded Hunting Logo Cap for the passionate hunter<\/title>\n<meta name=\"description\" content=\"Complete your outfit with a smart and practical Hunting Cap from American Banded. Choose from different camouflage designs.\" \/>\n<meta name=\"robots\" content=\"noindex, follow, max-snippet:-1, max-image-preview:large, max-video-preview:-1\" \/>\n<meta property=\"og:locale\" content=\"hu_HU\" \/>\n<meta property=\"og:type\" content=\"article\" \/>\n<meta property=\"og:title\" content=\"Banded Hunting Logo Cap for the passionate hunter\" \/>\n<meta property=\"og:description\" content=\"Complete your outfit with a smart and practical Hunting Cap from American Banded. Choose from different camouflage designs.\" \/>\n<meta property=\"og:url\" content=\"https:\/\/staging.lucky-hunter.com\/product\/banded-hunting-logo-cap\/\" \/>\n<meta property=\"og:site_name\" content=\"Lucky-Hunter\" \/>\n<meta property=\"article:modified_time\" content=\"2025-10-01T23:44:33+00:00\" \/>\n<meta property=\"og:image\" content=\"https:\/\/staging.lucky-hunter.com\/wp-content\/uploads\/2022\/10\/JB-0322.png\" \/>\n\t<meta property=\"og:image:width\" content=\"1000\" \/>\n\t<meta property=\"og:image:height\" content=\"1000\" \/>\n\t<meta property=\"og:image:type\" content=\"image\/png\" \/>\n<meta name=\"twitter:card\" content=\"summary_large_image\" \/>\n<meta name=\"twitter:label1\" content=\"Becs\u00fclt olvas\u00e1si id\u0151\" \/>\n\t<meta name=\"twitter:data1\" content=\"1 perc\" \/>\n<script type=\"application\/ld+json\" class=\"yoast-schema-graph\">{\"@context\":\"https:\/\/schema.org\",\"@graph\":[{\"@type\":\"WebPage\",\"@id\":\"https:\/\/staging.lucky-hunter.com\/product\/banded-hunting-logo-cap\/\",\"url\":\"https:\/\/staging.lucky-hunter.com\/product\/banded-hunting-logo-cap\/\",\"name\":\"Banded Hunting Logo Cap for the passionate hunter\",\"isPartOf\":{\"@id\":\"https:\/\/staging.lucky-hunter.com\/#website\"},\"primaryImageOfPage\":{\"@id\":\"https:\/\/staging.lucky-hunter.com\/product\/banded-hunting-logo-cap\/#primaryimage\"},\"image\":{\"@id\":\"https:\/\/staging.lucky-hunter.com\/product\/banded-hunting-logo-cap\/#primaryimage\"},\"thumbnailUrl\":\"https:\/\/staging.lucky-hunter.com\/wp-content\/uploads\/2022\/10\/JB-0322.png\",\"datePublished\":\"2022-10-04T11:24:42+00:00\",\"dateModified\":\"2025-10-01T23:44:33+00:00\",\"description\":\"Complete your outfit with a smart and practical Hunting Cap from American Banded. Choose from different camouflage designs.\",\"breadcrumb\":{\"@id\":\"https:\/\/staging.lucky-hunter.com\/product\/banded-hunting-logo-cap\/#breadcrumb\"},\"inLanguage\":\"hu\",\"potentialAction\":[{\"@type\":\"ReadAction\",\"target\":[\"https:\/\/staging.lucky-hunter.com\/product\/banded-hunting-logo-cap\/\"]}]},{\"@type\":\"ImageObject\",\"inLanguage\":\"hu\",\"@id\":\"https:\/\/staging.lucky-hunter.com\/product\/banded-hunting-logo-cap\/#primaryimage\",\"url\":\"https:\/\/staging.lucky-hunter.com\/wp-content\/uploads\/2022\/10\/JB-0322.png\",\"contentUrl\":\"https:\/\/staging.lucky-hunter.com\/wp-content\/uploads\/2022\/10\/JB-0322.png\",\"width\":1000,\"height\":1000},{\"@type\":\"BreadcrumbList\",\"@id\":\"https:\/\/staging.lucky-hunter.com\/product\/banded-hunting-logo-cap\/#breadcrumb\",\"itemListElement\":[{\"@type\":\"ListItem\",\"position\":1,\"name\":\"Home\",\"item\":\"https:\/\/staging.lucky-hunter.com\/hu\/\"},{\"@type\":\"ListItem\",\"position\":2,\"name\":\"Shop\",\"item\":\"https:\/\/staging.lucky-hunter.com\/hu\/shop\/\"},{\"@type\":\"ListItem\",\"position\":3,\"name\":\"Banded Logo Hunting Cap\"}]},{\"@type\":\"WebSite\",\"@id\":\"https:\/\/staging.lucky-hunter.com\/#website\",\"url\":\"https:\/\/staging.lucky-hunter.com\/\",\"name\":\"Lucky-Hunter\",\"description\":\"Gear Up or Give Up\",\"potentialAction\":[{\"@type\":\"SearchAction\",\"target\":{\"@type\":\"EntryPoint\",\"urlTemplate\":\"https:\/\/staging.lucky-hunter.com\/?s={search_term_string}\"},\"query-input\":{\"@type\":\"PropertyValueSpecification\",\"valueRequired\":true,\"valueName\":\"search_term_string\"}}],\"inLanguage\":\"hu\"}]}<\/script>\n<!-- \/ Yoast SEO plugin. -->","yoast_head_json":{"title":"Banded Hunting Logo Cap for the passionate hunter","description":"Complete your outfit with a smart and practical Hunting Cap from American Banded. Choose from different camouflage designs.","robots":{"index":"noindex","follow":"follow","max-snippet":"max-snippet:-1","max-image-preview":"max-image-preview:large","max-video-preview":"max-video-preview:-1"},"og_locale":"hu_HU","og_type":"article","og_title":"Banded Hunting Logo Cap for the passionate hunter","og_description":"Complete your outfit with a smart and practical Hunting Cap from American Banded. Choose from different camouflage designs.","og_url":"https:\/\/staging.lucky-hunter.com\/product\/banded-hunting-logo-cap\/","og_site_name":"Lucky-Hunter","article_modified_time":"2025-10-01T23:44:33+00:00","og_image":[{"width":1000,"height":1000,"url":"https:\/\/staging.lucky-hunter.com\/wp-content\/uploads\/2022\/10\/JB-0322.png","type":"image\/png"}],"twitter_card":"summary_large_image","twitter_misc":{"Becs\u00fclt olvas\u00e1si id\u0151":"1 perc"},"schema":{"@context":"https:\/\/schema.org","@graph":[{"@type":"WebPage","@id":"https:\/\/staging.lucky-hunter.com\/product\/banded-hunting-logo-cap\/","url":"https:\/\/staging.lucky-hunter.com\/product\/banded-hunting-logo-cap\/","name":"Banded Hunting Logo Cap for the passionate hunter","isPartOf":{"@id":"https:\/\/staging.lucky-hunter.com\/#website"},"primaryImageOfPage":{"@id":"https:\/\/staging.lucky-hunter.com\/product\/banded-hunting-logo-cap\/#primaryimage"},"image":{"@id":"https:\/\/staging.lucky-hunter.com\/product\/banded-hunting-logo-cap\/#primaryimage"},"thumbnailUrl":"https:\/\/staging.lucky-hunter.com\/wp-content\/uploads\/2022\/10\/JB-0322.png","datePublished":"2022-10-04T11:24:42+00:00","dateModified":"2025-10-01T23:44:33+00:00","description":"Complete your outfit with a smart and practical Hunting Cap from American Banded. Choose from different camouflage designs.","breadcrumb":{"@id":"https:\/\/staging.lucky-hunter.com\/product\/banded-hunting-logo-cap\/#breadcrumb"},"inLanguage":"hu","potentialAction":[{"@type":"ReadAction","target":["https:\/\/staging.lucky-hunter.com\/product\/banded-hunting-logo-cap\/"]}]},{"@type":"ImageObject","inLanguage":"hu","@id":"https:\/\/staging.lucky-hunter.com\/product\/banded-hunting-logo-cap\/#primaryimage","url":"https:\/\/staging.lucky-hunter.com\/wp-content\/uploads\/2022\/10\/JB-0322.png","contentUrl":"https:\/\/staging.lucky-hunter.com\/wp-content\/uploads\/2022\/10\/JB-0322.png","width":1000,"height":1000},{"@type":"BreadcrumbList","@id":"https:\/\/staging.lucky-hunter.com\/product\/banded-hunting-logo-cap\/#breadcrumb","itemListElement":[{"@type":"ListItem","position":1,"name":"Home","item":"https:\/\/staging.lucky-hunter.com\/hu\/"},{"@type":"ListItem","position":2,"name":"Shop","item":"https:\/\/staging.lucky-hunter.com\/hu\/shop\/"},{"@type":"ListItem","position":3,"name":"Banded Logo Hunting Cap"}]},{"@type":"WebSite","@id":"https:\/\/staging.lucky-hunter.com\/#website","url":"https:\/\/staging.lucky-hunter.com\/","name":"Lucky-Hunter","description":"Gear Up or Give Up","potentialAction":[{"@type":"SearchAction","target":{"@type":"EntryPoint","urlTemplate":"https:\/\/staging.lucky-hunter.com\/?s={search_term_string}"},"query-input":{"@type":"PropertyValueSpecification","valueRequired":true,"valueName":"search_term_string"}}],"inLanguage":"hu"}]}},"_links":{"self":[{"href":"https:\/\/staging.lucky-hunter.com\/hu\/wp-json\/wp\/v2\/product\/51142"}],"collection":[{"href":"https:\/\/staging.lucky-hunter.com\/hu\/wp-json\/wp\/v2\/product"}],"about":[{"href":"https:\/\/staging.lucky-hunter.com\/hu\/wp-json\/wp\/v2\/types\/product"}],"wp:featuredmedia":[{"embeddable":true,"href":"https:\/\/staging.lucky-hunter.com\/hu\/wp-json\/wp\/v2\/media\/54977"}],"wp:attachment":[{"href":"https:\/\/staging.lucky-hunter.com\/hu\/wp-json\/wp\/v2\/media?parent=51142"}],"wp:term":[{"taxonomy":"product_brand","embeddable":true,"href":"https:\/\/staging.lucky-hunter.com\/hu\/wp-json\/wp\/v2\/product_brand?post=51142"},{"taxonomy":"product_cat","embeddable":true,"href":"https:\/\/staging.lucky-hunter.com\/hu\/wp-json\/wp\/v2\/product_cat?post=51142"},{"taxonomy":"product_tag","embeddable":true,"href":"https:\/\/staging.lucky-hunter.com\/hu\/wp-json\/wp\/v2\/product_tag?post=51142"}],"curies":[{"name":"wp","href":"https:\/\/api.w.org\/{rel}","templated":true}]}}