{"id":343314,"date":"2025-02-06T15:52:15","date_gmt":"2025-02-06T14:52:15","guid":{"rendered":"https:\/\/staging.lucky-hunter.com\/?post_type=product&#038;p=343314"},"modified":"2025-10-02T01:13:12","modified_gmt":"2025-10-01T23:13:12","slug":"final-approach-crow-silhouette-decoys-12-pcs","status":"publish","type":"product","link":"https:\/\/staging.lucky-hunter.com\/hu\/product\/final-approach-crow-silhouette-decoys-12-pcs\/","title":{"rendered":"Final Approach Crow Silhouette Decoys &#8211; 12 pcs"},"content":{"rendered":"<h2><strong>Final Approach Silhouette Crow Decoys<\/strong><\/h2>\n<div>The great advantage of silhouette decoys is that you can create a large spread of feeding and resting birds without carrying all heavy bags of full-body decoys.<\/div>\n<div><\/div>\n<div>Simply place the silhouettes in a varied setup with full-body decoys. It is a very effective way to hide your blind, as the crows will be focused on the number of conspecifics.<\/div>\n<div><\/div>\n<div>Make sure to vary the angle of the silhouettes so that the crows see them from all directions.<\/div>\n<div><\/div>\n<div>Made in over-size for even more visibility in the field.<\/div>\n<div><\/div>\n<div><strong>In the package:<\/strong><\/div>\n<div><\/div>\n<div>4 x Feeders<\/div>\n<div>4 x Callers<\/div>\n<div>4 x Uprights<\/div>\n<div>12 x double metal stakes, which are easier to put in frozen ground.<\/div>\n<div><\/div>\n<div>Made of strong material but the silhouettes still curl or bend if not handled properly. We therefore suggest that you transport and store them in a carrying bag.<\/div>\n","protected":false},"excerpt":{"rendered":"<p>The great advantage of silhouette decoys is that you can easily create a large spread of feeding and resting birds.<\/p>\n","protected":false},"featured_media":1362499,"template":"","meta":[],"product_brand":[9598],"product_cat":[8531],"product_tag":[],"yoast_head":"<!-- This site is optimized with the Yoast SEO plugin v24.3 - https:\/\/yoast.com\/wordpress\/plugins\/seo\/ -->\n<title>Final Approach Crow Silhouette Decoys - 12 pcs - Lucky-Hunter<\/title>\n<meta name=\"description\" content=\"The great advantage of silhouette decoys is that you can create a large spread of feeding and resting birds\" \/>\n<meta name=\"robots\" content=\"noindex, follow, max-snippet:-1, max-image-preview:large, max-video-preview:-1\" \/>\n<meta property=\"og:locale\" content=\"hu_HU\" \/>\n<meta property=\"og:type\" content=\"article\" \/>\n<meta property=\"og:title\" content=\"Final Approach Crow Silhouette Decoys - 12 pcs - Lucky-Hunter\" \/>\n<meta property=\"og:description\" content=\"The great advantage of silhouette decoys is that you can create a large spread of feeding and resting birds\" \/>\n<meta property=\"og:url\" content=\"https:\/\/staging.lucky-hunter.com\/product\/final-approach-crow-silhouette-decoys-12-pcs\/\" \/>\n<meta property=\"og:site_name\" content=\"Lucky-Hunter\" \/>\n<meta property=\"article:modified_time\" content=\"2025-10-01T23:13:12+00:00\" \/>\n<meta property=\"og:image\" content=\"https:\/\/staging.lucky-hunter.com\/wp-content\/uploads\/2025\/02\/LF-441-removebg-e1756124306877.png\" \/>\n\t<meta property=\"og:image:width\" content=\"1000\" \/>\n\t<meta property=\"og:image:height\" content=\"1001\" \/>\n\t<meta property=\"og:image:type\" content=\"image\/png\" \/>\n<meta name=\"twitter:card\" content=\"summary_large_image\" \/>\n<meta name=\"twitter:label1\" content=\"Becs\u00fclt olvas\u00e1si id\u0151\" \/>\n\t<meta name=\"twitter:data1\" content=\"1 perc\" \/>\n<script type=\"application\/ld+json\" class=\"yoast-schema-graph\">{\"@context\":\"https:\/\/schema.org\",\"@graph\":[{\"@type\":\"WebPage\",\"@id\":\"https:\/\/staging.lucky-hunter.com\/product\/final-approach-crow-silhouette-decoys-12-pcs\/\",\"url\":\"https:\/\/staging.lucky-hunter.com\/product\/final-approach-crow-silhouette-decoys-12-pcs\/\",\"name\":\"Final Approach Crow Silhouette Decoys - 12 pcs - Lucky-Hunter\",\"isPartOf\":{\"@id\":\"https:\/\/staging.lucky-hunter.com\/#website\"},\"primaryImageOfPage\":{\"@id\":\"https:\/\/staging.lucky-hunter.com\/product\/final-approach-crow-silhouette-decoys-12-pcs\/#primaryimage\"},\"image\":{\"@id\":\"https:\/\/staging.lucky-hunter.com\/product\/final-approach-crow-silhouette-decoys-12-pcs\/#primaryimage\"},\"thumbnailUrl\":\"https:\/\/staging.lucky-hunter.com\/wp-content\/uploads\/2025\/02\/LF-441-removebg-e1756124306877.png\",\"datePublished\":\"2025-02-06T14:52:15+00:00\",\"dateModified\":\"2025-10-01T23:13:12+00:00\",\"description\":\"The great advantage of silhouette decoys is that you can create a large spread of feeding and resting birds\",\"breadcrumb\":{\"@id\":\"https:\/\/staging.lucky-hunter.com\/product\/final-approach-crow-silhouette-decoys-12-pcs\/#breadcrumb\"},\"inLanguage\":\"hu\",\"potentialAction\":[{\"@type\":\"ReadAction\",\"target\":[\"https:\/\/staging.lucky-hunter.com\/product\/final-approach-crow-silhouette-decoys-12-pcs\/\"]}]},{\"@type\":\"ImageObject\",\"inLanguage\":\"hu\",\"@id\":\"https:\/\/staging.lucky-hunter.com\/product\/final-approach-crow-silhouette-decoys-12-pcs\/#primaryimage\",\"url\":\"https:\/\/staging.lucky-hunter.com\/wp-content\/uploads\/2025\/02\/LF-441-removebg-e1756124306877.png\",\"contentUrl\":\"https:\/\/staging.lucky-hunter.com\/wp-content\/uploads\/2025\/02\/LF-441-removebg-e1756124306877.png\",\"width\":1000,\"height\":1001},{\"@type\":\"BreadcrumbList\",\"@id\":\"https:\/\/staging.lucky-hunter.com\/product\/final-approach-crow-silhouette-decoys-12-pcs\/#breadcrumb\",\"itemListElement\":[{\"@type\":\"ListItem\",\"position\":1,\"name\":\"Home\",\"item\":\"https:\/\/staging.lucky-hunter.com\/hu\/\"},{\"@type\":\"ListItem\",\"position\":2,\"name\":\"Shop\",\"item\":\"https:\/\/staging.lucky-hunter.com\/hu\/shop\/\"},{\"@type\":\"ListItem\",\"position\":3,\"name\":\"Final Approach Crow Silhouette Decoys &#8211; 12 pcs\"}]},{\"@type\":\"WebSite\",\"@id\":\"https:\/\/staging.lucky-hunter.com\/#website\",\"url\":\"https:\/\/staging.lucky-hunter.com\/\",\"name\":\"Lucky-Hunter\",\"description\":\"Gear Up or Give Up\",\"potentialAction\":[{\"@type\":\"SearchAction\",\"target\":{\"@type\":\"EntryPoint\",\"urlTemplate\":\"https:\/\/staging.lucky-hunter.com\/?s={search_term_string}\"},\"query-input\":{\"@type\":\"PropertyValueSpecification\",\"valueRequired\":true,\"valueName\":\"search_term_string\"}}],\"inLanguage\":\"hu\"}]}<\/script>\n<!-- \/ Yoast SEO plugin. -->","yoast_head_json":{"title":"Final Approach Crow Silhouette Decoys - 12 pcs - Lucky-Hunter","description":"The great advantage of silhouette decoys is that you can create a large spread of feeding and resting birds","robots":{"index":"noindex","follow":"follow","max-snippet":"max-snippet:-1","max-image-preview":"max-image-preview:large","max-video-preview":"max-video-preview:-1"},"og_locale":"hu_HU","og_type":"article","og_title":"Final Approach Crow Silhouette Decoys - 12 pcs - Lucky-Hunter","og_description":"The great advantage of silhouette decoys is that you can create a large spread of feeding and resting birds","og_url":"https:\/\/staging.lucky-hunter.com\/product\/final-approach-crow-silhouette-decoys-12-pcs\/","og_site_name":"Lucky-Hunter","article_modified_time":"2025-10-01T23:13:12+00:00","og_image":[{"width":1000,"height":1001,"url":"https:\/\/staging.lucky-hunter.com\/wp-content\/uploads\/2025\/02\/LF-441-removebg-e1756124306877.png","type":"image\/png"}],"twitter_card":"summary_large_image","twitter_misc":{"Becs\u00fclt olvas\u00e1si id\u0151":"1 perc"},"schema":{"@context":"https:\/\/schema.org","@graph":[{"@type":"WebPage","@id":"https:\/\/staging.lucky-hunter.com\/product\/final-approach-crow-silhouette-decoys-12-pcs\/","url":"https:\/\/staging.lucky-hunter.com\/product\/final-approach-crow-silhouette-decoys-12-pcs\/","name":"Final Approach Crow Silhouette Decoys - 12 pcs - Lucky-Hunter","isPartOf":{"@id":"https:\/\/staging.lucky-hunter.com\/#website"},"primaryImageOfPage":{"@id":"https:\/\/staging.lucky-hunter.com\/product\/final-approach-crow-silhouette-decoys-12-pcs\/#primaryimage"},"image":{"@id":"https:\/\/staging.lucky-hunter.com\/product\/final-approach-crow-silhouette-decoys-12-pcs\/#primaryimage"},"thumbnailUrl":"https:\/\/staging.lucky-hunter.com\/wp-content\/uploads\/2025\/02\/LF-441-removebg-e1756124306877.png","datePublished":"2025-02-06T14:52:15+00:00","dateModified":"2025-10-01T23:13:12+00:00","description":"The great advantage of silhouette decoys is that you can create a large spread of feeding and resting birds","breadcrumb":{"@id":"https:\/\/staging.lucky-hunter.com\/product\/final-approach-crow-silhouette-decoys-12-pcs\/#breadcrumb"},"inLanguage":"hu","potentialAction":[{"@type":"ReadAction","target":["https:\/\/staging.lucky-hunter.com\/product\/final-approach-crow-silhouette-decoys-12-pcs\/"]}]},{"@type":"ImageObject","inLanguage":"hu","@id":"https:\/\/staging.lucky-hunter.com\/product\/final-approach-crow-silhouette-decoys-12-pcs\/#primaryimage","url":"https:\/\/staging.lucky-hunter.com\/wp-content\/uploads\/2025\/02\/LF-441-removebg-e1756124306877.png","contentUrl":"https:\/\/staging.lucky-hunter.com\/wp-content\/uploads\/2025\/02\/LF-441-removebg-e1756124306877.png","width":1000,"height":1001},{"@type":"BreadcrumbList","@id":"https:\/\/staging.lucky-hunter.com\/product\/final-approach-crow-silhouette-decoys-12-pcs\/#breadcrumb","itemListElement":[{"@type":"ListItem","position":1,"name":"Home","item":"https:\/\/staging.lucky-hunter.com\/hu\/"},{"@type":"ListItem","position":2,"name":"Shop","item":"https:\/\/staging.lucky-hunter.com\/hu\/shop\/"},{"@type":"ListItem","position":3,"name":"Final Approach Crow Silhouette Decoys &#8211; 12 pcs"}]},{"@type":"WebSite","@id":"https:\/\/staging.lucky-hunter.com\/#website","url":"https:\/\/staging.lucky-hunter.com\/","name":"Lucky-Hunter","description":"Gear Up or Give Up","potentialAction":[{"@type":"SearchAction","target":{"@type":"EntryPoint","urlTemplate":"https:\/\/staging.lucky-hunter.com\/?s={search_term_string}"},"query-input":{"@type":"PropertyValueSpecification","valueRequired":true,"valueName":"search_term_string"}}],"inLanguage":"hu"}]}},"_links":{"self":[{"href":"https:\/\/staging.lucky-hunter.com\/hu\/wp-json\/wp\/v2\/product\/343314"}],"collection":[{"href":"https:\/\/staging.lucky-hunter.com\/hu\/wp-json\/wp\/v2\/product"}],"about":[{"href":"https:\/\/staging.lucky-hunter.com\/hu\/wp-json\/wp\/v2\/types\/product"}],"wp:featuredmedia":[{"embeddable":true,"href":"https:\/\/staging.lucky-hunter.com\/hu\/wp-json\/wp\/v2\/media\/1362499"}],"wp:attachment":[{"href":"https:\/\/staging.lucky-hunter.com\/hu\/wp-json\/wp\/v2\/media?parent=343314"}],"wp:term":[{"taxonomy":"product_brand","embeddable":true,"href":"https:\/\/staging.lucky-hunter.com\/hu\/wp-json\/wp\/v2\/product_brand?post=343314"},{"taxonomy":"product_cat","embeddable":true,"href":"https:\/\/staging.lucky-hunter.com\/hu\/wp-json\/wp\/v2\/product_cat?post=343314"},{"taxonomy":"product_tag","embeddable":true,"href":"https:\/\/staging.lucky-hunter.com\/hu\/wp-json\/wp\/v2\/product_tag?post=343314"}],"curies":[{"name":"wp","href":"https:\/\/api.w.org\/{rel}","templated":true}]}}