{"id":343265,"date":"2025-02-06T15:52:25","date_gmt":"2025-02-06T14:52:25","guid":{"rendered":"https:\/\/staging.lucky-hunter.com\/?post_type=product&#038;p=343265"},"modified":"2025-10-01T06:59:05","modified_gmt":"2025-10-01T04:59:05","slug":"final-approach-egyptian-goose-floaters-6-pack","status":"publish","type":"product","link":"https:\/\/staging.lucky-hunter.com\/hu\/product\/final-approach-egyptian-goose-floaters-6-pack\/","title":{"rendered":"Final Approach Egyptian Goose Floaters &#8211; 6 pack"},"content":{"rendered":"<h2><strong>Super nice floating Egyptian geese decoys from Final Approach<\/strong><\/h2>\n<div>6 pack floating Egyptian geese in the usual high quality that you know from the Final Approach Last Pass series.<\/div>\n<div><\/div>\n<div>Designed by double world champion decoy carver Wayne Simkin.<\/div>\n<div><\/div>\n<div>Manufactured in one piece to ensure the best durability.<\/div>\n<div><\/div>\n<div>Comes with a weighted keel that is prepared for mounting a rigging system with weights.<\/div>\n<div><\/div>\n<div>The sexes of the Egyptian goose are identical in plumage but the males are usually somewhat larger. They vary greatly in plumage tone, with some birds greyer and others browner, but this variation has not been observed to be sex- or age-related. Actually, it is not a goose at all, but more closely related to the common shelduck, which it surpasses in size.<\/div>\n","protected":false},"excerpt":{"rendered":"<p>6 pack floating Egyptian geese in the usual high quality that you know from the Final Approach Last Pass series.<\/p>\n","protected":false},"featured_media":1362438,"template":"","meta":[],"product_brand":[9557],"product_cat":[9772],"product_tag":[],"yoast_head":"<!-- This site is optimized with the Yoast SEO plugin v24.3 - https:\/\/yoast.com\/wordpress\/plugins\/seo\/ -->\n<title>Final Approach Egyptian Goose Floaters - 6 pack - Lucky-Hunter<\/title>\n<meta name=\"description\" content=\"6 pack floating Egyptian geese in the usual high quality that you know from the Final Approach Last Pass series.\" \/>\n<meta name=\"robots\" content=\"noindex, follow, max-snippet:-1, max-image-preview:large, max-video-preview:-1\" \/>\n<meta property=\"og:locale\" content=\"hu_HU\" \/>\n<meta property=\"og:type\" content=\"article\" \/>\n<meta property=\"og:title\" content=\"Final Approach Egyptian Goose Floaters - 6 pack - Lucky-Hunter\" \/>\n<meta property=\"og:description\" content=\"6 pack floating Egyptian geese in the usual high quality that you know from the Final Approach Last Pass series.\" \/>\n<meta property=\"og:url\" content=\"https:\/\/staging.lucky-hunter.com\/product\/final-approach-egyptian-goose-floaters-6-pack\/\" \/>\n<meta property=\"og:site_name\" content=\"Lucky-Hunter\" \/>\n<meta property=\"article:modified_time\" content=\"2025-10-01T04:59:05+00:00\" \/>\n<meta property=\"og:image\" content=\"https:\/\/staging.lucky-hunter.com\/wp-content\/uploads\/2025\/02\/IMG_7314-removebg-e1756123706228.png\" \/>\n\t<meta property=\"og:image:width\" content=\"1000\" \/>\n\t<meta property=\"og:image:height\" content=\"1333\" \/>\n\t<meta property=\"og:image:type\" content=\"image\/png\" \/>\n<meta name=\"twitter:card\" content=\"summary_large_image\" \/>\n<meta name=\"twitter:label1\" content=\"Becs\u00fclt olvas\u00e1si id\u0151\" \/>\n\t<meta name=\"twitter:data1\" content=\"1 perc\" \/>\n<script type=\"application\/ld+json\" class=\"yoast-schema-graph\">{\"@context\":\"https:\/\/schema.org\",\"@graph\":[{\"@type\":\"WebPage\",\"@id\":\"https:\/\/staging.lucky-hunter.com\/product\/final-approach-egyptian-goose-floaters-6-pack\/\",\"url\":\"https:\/\/staging.lucky-hunter.com\/product\/final-approach-egyptian-goose-floaters-6-pack\/\",\"name\":\"Final Approach Egyptian Goose Floaters - 6 pack - Lucky-Hunter\",\"isPartOf\":{\"@id\":\"https:\/\/staging.lucky-hunter.com\/#website\"},\"primaryImageOfPage\":{\"@id\":\"https:\/\/staging.lucky-hunter.com\/product\/final-approach-egyptian-goose-floaters-6-pack\/#primaryimage\"},\"image\":{\"@id\":\"https:\/\/staging.lucky-hunter.com\/product\/final-approach-egyptian-goose-floaters-6-pack\/#primaryimage\"},\"thumbnailUrl\":\"https:\/\/staging.lucky-hunter.com\/wp-content\/uploads\/2025\/02\/IMG_7314-removebg-e1756123706228.png\",\"datePublished\":\"2025-02-06T14:52:25+00:00\",\"dateModified\":\"2025-10-01T04:59:05+00:00\",\"description\":\"6 pack floating Egyptian geese in the usual high quality that you know from the Final Approach Last Pass series.\",\"breadcrumb\":{\"@id\":\"https:\/\/staging.lucky-hunter.com\/product\/final-approach-egyptian-goose-floaters-6-pack\/#breadcrumb\"},\"inLanguage\":\"hu\",\"potentialAction\":[{\"@type\":\"ReadAction\",\"target\":[\"https:\/\/staging.lucky-hunter.com\/product\/final-approach-egyptian-goose-floaters-6-pack\/\"]}]},{\"@type\":\"ImageObject\",\"inLanguage\":\"hu\",\"@id\":\"https:\/\/staging.lucky-hunter.com\/product\/final-approach-egyptian-goose-floaters-6-pack\/#primaryimage\",\"url\":\"https:\/\/staging.lucky-hunter.com\/wp-content\/uploads\/2025\/02\/IMG_7314-removebg-e1756123706228.png\",\"contentUrl\":\"https:\/\/staging.lucky-hunter.com\/wp-content\/uploads\/2025\/02\/IMG_7314-removebg-e1756123706228.png\",\"width\":1000,\"height\":1333},{\"@type\":\"BreadcrumbList\",\"@id\":\"https:\/\/staging.lucky-hunter.com\/product\/final-approach-egyptian-goose-floaters-6-pack\/#breadcrumb\",\"itemListElement\":[{\"@type\":\"ListItem\",\"position\":1,\"name\":\"Home\",\"item\":\"https:\/\/staging.lucky-hunter.com\/hu\/\"},{\"@type\":\"ListItem\",\"position\":2,\"name\":\"Shop\",\"item\":\"https:\/\/staging.lucky-hunter.com\/hu\/shop\/\"},{\"@type\":\"ListItem\",\"position\":3,\"name\":\"Final Approach Egyptian Goose Floaters &#8211; 6 pack\"}]},{\"@type\":\"WebSite\",\"@id\":\"https:\/\/staging.lucky-hunter.com\/#website\",\"url\":\"https:\/\/staging.lucky-hunter.com\/\",\"name\":\"Lucky-Hunter\",\"description\":\"Gear Up or Give Up\",\"potentialAction\":[{\"@type\":\"SearchAction\",\"target\":{\"@type\":\"EntryPoint\",\"urlTemplate\":\"https:\/\/staging.lucky-hunter.com\/?s={search_term_string}\"},\"query-input\":{\"@type\":\"PropertyValueSpecification\",\"valueRequired\":true,\"valueName\":\"search_term_string\"}}],\"inLanguage\":\"hu\"}]}<\/script>\n<!-- \/ Yoast SEO plugin. -->","yoast_head_json":{"title":"Final Approach Egyptian Goose Floaters - 6 pack - Lucky-Hunter","description":"6 pack floating Egyptian geese in the usual high quality that you know from the Final Approach Last Pass series.","robots":{"index":"noindex","follow":"follow","max-snippet":"max-snippet:-1","max-image-preview":"max-image-preview:large","max-video-preview":"max-video-preview:-1"},"og_locale":"hu_HU","og_type":"article","og_title":"Final Approach Egyptian Goose Floaters - 6 pack - Lucky-Hunter","og_description":"6 pack floating Egyptian geese in the usual high quality that you know from the Final Approach Last Pass series.","og_url":"https:\/\/staging.lucky-hunter.com\/product\/final-approach-egyptian-goose-floaters-6-pack\/","og_site_name":"Lucky-Hunter","article_modified_time":"2025-10-01T04:59:05+00:00","og_image":[{"url":"https:\/\/staging.lucky-hunter.com\/wp-content\/uploads\/2025\/02\/IMG_7314-removebg-e1756123706228.png","width":1000,"height":1333,"type":"image\/png"}],"twitter_card":"summary_large_image","twitter_misc":{"Becs\u00fclt olvas\u00e1si id\u0151":"1 perc"},"schema":{"@context":"https:\/\/schema.org","@graph":[{"@type":"WebPage","@id":"https:\/\/staging.lucky-hunter.com\/product\/final-approach-egyptian-goose-floaters-6-pack\/","url":"https:\/\/staging.lucky-hunter.com\/product\/final-approach-egyptian-goose-floaters-6-pack\/","name":"Final Approach Egyptian Goose Floaters - 6 pack - Lucky-Hunter","isPartOf":{"@id":"https:\/\/staging.lucky-hunter.com\/#website"},"primaryImageOfPage":{"@id":"https:\/\/staging.lucky-hunter.com\/product\/final-approach-egyptian-goose-floaters-6-pack\/#primaryimage"},"image":{"@id":"https:\/\/staging.lucky-hunter.com\/product\/final-approach-egyptian-goose-floaters-6-pack\/#primaryimage"},"thumbnailUrl":"https:\/\/staging.lucky-hunter.com\/wp-content\/uploads\/2025\/02\/IMG_7314-removebg-e1756123706228.png","datePublished":"2025-02-06T14:52:25+00:00","dateModified":"2025-10-01T04:59:05+00:00","description":"6 pack floating Egyptian geese in the usual high quality that you know from the Final Approach Last Pass series.","breadcrumb":{"@id":"https:\/\/staging.lucky-hunter.com\/product\/final-approach-egyptian-goose-floaters-6-pack\/#breadcrumb"},"inLanguage":"hu","potentialAction":[{"@type":"ReadAction","target":["https:\/\/staging.lucky-hunter.com\/product\/final-approach-egyptian-goose-floaters-6-pack\/"]}]},{"@type":"ImageObject","inLanguage":"hu","@id":"https:\/\/staging.lucky-hunter.com\/product\/final-approach-egyptian-goose-floaters-6-pack\/#primaryimage","url":"https:\/\/staging.lucky-hunter.com\/wp-content\/uploads\/2025\/02\/IMG_7314-removebg-e1756123706228.png","contentUrl":"https:\/\/staging.lucky-hunter.com\/wp-content\/uploads\/2025\/02\/IMG_7314-removebg-e1756123706228.png","width":1000,"height":1333},{"@type":"BreadcrumbList","@id":"https:\/\/staging.lucky-hunter.com\/product\/final-approach-egyptian-goose-floaters-6-pack\/#breadcrumb","itemListElement":[{"@type":"ListItem","position":1,"name":"Home","item":"https:\/\/staging.lucky-hunter.com\/hu\/"},{"@type":"ListItem","position":2,"name":"Shop","item":"https:\/\/staging.lucky-hunter.com\/hu\/shop\/"},{"@type":"ListItem","position":3,"name":"Final Approach Egyptian Goose Floaters &#8211; 6 pack"}]},{"@type":"WebSite","@id":"https:\/\/staging.lucky-hunter.com\/#website","url":"https:\/\/staging.lucky-hunter.com\/","name":"Lucky-Hunter","description":"Gear Up or Give Up","potentialAction":[{"@type":"SearchAction","target":{"@type":"EntryPoint","urlTemplate":"https:\/\/staging.lucky-hunter.com\/?s={search_term_string}"},"query-input":{"@type":"PropertyValueSpecification","valueRequired":true,"valueName":"search_term_string"}}],"inLanguage":"hu"}]}},"_links":{"self":[{"href":"https:\/\/staging.lucky-hunter.com\/hu\/wp-json\/wp\/v2\/product\/343265"}],"collection":[{"href":"https:\/\/staging.lucky-hunter.com\/hu\/wp-json\/wp\/v2\/product"}],"about":[{"href":"https:\/\/staging.lucky-hunter.com\/hu\/wp-json\/wp\/v2\/types\/product"}],"wp:featuredmedia":[{"embeddable":true,"href":"https:\/\/staging.lucky-hunter.com\/hu\/wp-json\/wp\/v2\/media\/1362438"}],"wp:attachment":[{"href":"https:\/\/staging.lucky-hunter.com\/hu\/wp-json\/wp\/v2\/media?parent=343265"}],"wp:term":[{"taxonomy":"product_brand","embeddable":true,"href":"https:\/\/staging.lucky-hunter.com\/hu\/wp-json\/wp\/v2\/product_brand?post=343265"},{"taxonomy":"product_cat","embeddable":true,"href":"https:\/\/staging.lucky-hunter.com\/hu\/wp-json\/wp\/v2\/product_cat?post=343265"},{"taxonomy":"product_tag","embeddable":true,"href":"https:\/\/staging.lucky-hunter.com\/hu\/wp-json\/wp\/v2\/product_tag?post=343265"}],"curies":[{"name":"wp","href":"https:\/\/api.w.org\/{rel}","templated":true}]}}