{"id":32388,"date":"2022-09-01T12:10:12","date_gmt":"2022-09-01T10:10:12","guid":{"rendered":"https:\/\/staging.lucky-hunter.com\/?post_type=product&#038;p=32388"},"modified":"2025-10-02T06:23:10","modified_gmt":"2025-10-02T04:23:10","slug":"final-approach","status":"publish","type":"product","link":"https:\/\/staging.lucky-hunter.com\/hu\/product\/final-approach\/","title":{"rendered":"Final Approach Specklebelly Floaters &#8211; 6 pcs"},"content":{"rendered":"<p><iframe title=\"Final Approach Floating Goose Decoys | Specklebelly &amp; Greylags\" width=\"1020\" height=\"574\" src=\"https:\/\/www.youtube.com\/embed\/QahVxW9JrX8?wmode=transparent&amp;rel=0&amp;feature=oembed&#038;enablejsapi=1&#038;origin=https:\/\/staging.lucky-hunter.com\" frameborder=\"0\" allow=\"accelerometer; autoplay; clipboard-write; encrypted-media; gyroscope; picture-in-picture\" allowfullscreen><\/iframe><\/p>\n<h2>Perfect Deocys For Hunting Geese On Water<\/h2>\n<p>Final Approach brings you Greylag Goose floaters that looks great at a very competitive price. These are an updated version of the Standard series.<\/p>\n<p>Final Approach is one of the most recognized waterfowl brands in the United States, and their own passion for bird hunting and high demands on the gear are implemented in all products from decoys, hides, bags and accessories.<\/p>\n<p>The one piece design on these greylag floaters gives the durability any waterfowl hunter wants from a decoy. The decoys are rocking a new carve and paint scheme that is detailed and realistic. After you use these, you will understand why they are going to be a best selling goose decoy.<\/p>\n<p><strong>Features:<\/strong><\/p>\n<ul>\n<li>Rugged FA construction and durability as always!<\/li>\n<li>One piece design for added durability<\/li>\n<li>Weighted keel with cord lock system<\/li>\n<li>Updated paint scheme for realistic appearance<\/li>\n<li>6 pack mat painted decoys<\/li>\n<li>Standard size.<\/li>\n<\/ul>\n","protected":false},"excerpt":{"rendered":"<p>Final Approach brings you Specklebelly floaters that looks great at a very competitive price. These are an updated version of the Standard series floaters with new carving and more realistic ultra mat painting scheme.<\/p>\n","protected":false},"featured_media":55416,"template":"","meta":[],"product_brand":[9658],"product_cat":[8447],"product_tag":[9523,9479],"yoast_head":"<!-- This site is optimized with the Yoast SEO plugin v24.3 - https:\/\/yoast.com\/wordpress\/plugins\/seo\/ -->\n<title>Final Approach Specklebelly Floaters | Perfect for hunting on water<\/title>\n<meta name=\"description\" content=\"Final Approach brings you Specklebelly goose floaters that looks great at a very competitive price. These are an updated version of the Standard series.\" \/>\n<meta name=\"robots\" content=\"noindex, follow, max-snippet:-1, max-image-preview:large, max-video-preview:-1\" \/>\n<meta property=\"og:locale\" content=\"hu_HU\" \/>\n<meta property=\"og:type\" content=\"article\" \/>\n<meta property=\"og:title\" content=\"Final Approach Specklebelly Floaters | Perfect for hunting on water\" \/>\n<meta property=\"og:description\" content=\"Final Approach brings you Specklebelly goose floaters that looks great at a very competitive price. These are an updated version of the Standard series.\" \/>\n<meta property=\"og:url\" content=\"https:\/\/staging.lucky-hunter.com\/product\/final-approach\/\" \/>\n<meta property=\"og:site_name\" content=\"Lucky-Hunter\" \/>\n<meta property=\"article:modified_time\" content=\"2025-10-02T04:23:10+00:00\" \/>\n<meta property=\"og:image\" content=\"https:\/\/staging.lucky-hunter.com\/wp-content\/uploads\/2022\/09\/LF-404-1.png\" \/>\n\t<meta property=\"og:image:width\" content=\"1000\" \/>\n\t<meta property=\"og:image:height\" content=\"1000\" \/>\n\t<meta property=\"og:image:type\" content=\"image\/png\" \/>\n<meta name=\"twitter:card\" content=\"summary_large_image\" \/>\n<meta name=\"twitter:label1\" content=\"Becs\u00fclt olvas\u00e1si id\u0151\" \/>\n\t<meta name=\"twitter:data1\" content=\"1 perc\" \/>\n<script type=\"application\/ld+json\" class=\"yoast-schema-graph\">{\"@context\":\"https:\/\/schema.org\",\"@graph\":[{\"@type\":\"WebPage\",\"@id\":\"https:\/\/staging.lucky-hunter.com\/product\/final-approach\/\",\"url\":\"https:\/\/staging.lucky-hunter.com\/product\/final-approach\/\",\"name\":\"Final Approach Specklebelly Floaters | Perfect for hunting on water\",\"isPartOf\":{\"@id\":\"https:\/\/staging.lucky-hunter.com\/#website\"},\"primaryImageOfPage\":{\"@id\":\"https:\/\/staging.lucky-hunter.com\/product\/final-approach\/#primaryimage\"},\"image\":{\"@id\":\"https:\/\/staging.lucky-hunter.com\/product\/final-approach\/#primaryimage\"},\"thumbnailUrl\":\"https:\/\/staging.lucky-hunter.com\/wp-content\/uploads\/2022\/09\/LF-404-1.png\",\"datePublished\":\"2022-09-01T10:10:12+00:00\",\"dateModified\":\"2025-10-02T04:23:10+00:00\",\"description\":\"Final Approach brings you Specklebelly goose floaters that looks great at a very competitive price. These are an updated version of the Standard series.\",\"breadcrumb\":{\"@id\":\"https:\/\/staging.lucky-hunter.com\/product\/final-approach\/#breadcrumb\"},\"inLanguage\":\"hu\",\"potentialAction\":[{\"@type\":\"ReadAction\",\"target\":[\"https:\/\/staging.lucky-hunter.com\/product\/final-approach\/\"]}]},{\"@type\":\"ImageObject\",\"inLanguage\":\"hu\",\"@id\":\"https:\/\/staging.lucky-hunter.com\/product\/final-approach\/#primaryimage\",\"url\":\"https:\/\/staging.lucky-hunter.com\/wp-content\/uploads\/2022\/09\/LF-404-1.png\",\"contentUrl\":\"https:\/\/staging.lucky-hunter.com\/wp-content\/uploads\/2022\/09\/LF-404-1.png\",\"width\":1000,\"height\":1000},{\"@type\":\"BreadcrumbList\",\"@id\":\"https:\/\/staging.lucky-hunter.com\/product\/final-approach\/#breadcrumb\",\"itemListElement\":[{\"@type\":\"ListItem\",\"position\":1,\"name\":\"Home\",\"item\":\"https:\/\/staging.lucky-hunter.com\/hu\/\"},{\"@type\":\"ListItem\",\"position\":2,\"name\":\"Shop\",\"item\":\"https:\/\/staging.lucky-hunter.com\/hu\/shop\/\"},{\"@type\":\"ListItem\",\"position\":3,\"name\":\"Final Approach Specklebelly Floaters &#8211; 6 pcs\"}]},{\"@type\":\"WebSite\",\"@id\":\"https:\/\/staging.lucky-hunter.com\/#website\",\"url\":\"https:\/\/staging.lucky-hunter.com\/\",\"name\":\"Lucky-Hunter\",\"description\":\"Gear Up or Give Up\",\"potentialAction\":[{\"@type\":\"SearchAction\",\"target\":{\"@type\":\"EntryPoint\",\"urlTemplate\":\"https:\/\/staging.lucky-hunter.com\/?s={search_term_string}\"},\"query-input\":{\"@type\":\"PropertyValueSpecification\",\"valueRequired\":true,\"valueName\":\"search_term_string\"}}],\"inLanguage\":\"hu\"}]}<\/script>\n<!-- \/ Yoast SEO plugin. -->","yoast_head_json":{"title":"Final Approach Specklebelly Floaters | Perfect for hunting on water","description":"Final Approach brings you Specklebelly goose floaters that looks great at a very competitive price. These are an updated version of the Standard series.","robots":{"index":"noindex","follow":"follow","max-snippet":"max-snippet:-1","max-image-preview":"max-image-preview:large","max-video-preview":"max-video-preview:-1"},"og_locale":"hu_HU","og_type":"article","og_title":"Final Approach Specklebelly Floaters | Perfect for hunting on water","og_description":"Final Approach brings you Specklebelly goose floaters that looks great at a very competitive price. These are an updated version of the Standard series.","og_url":"https:\/\/staging.lucky-hunter.com\/product\/final-approach\/","og_site_name":"Lucky-Hunter","article_modified_time":"2025-10-02T04:23:10+00:00","og_image":[{"width":1000,"height":1000,"url":"https:\/\/staging.lucky-hunter.com\/wp-content\/uploads\/2022\/09\/LF-404-1.png","type":"image\/png"}],"twitter_card":"summary_large_image","twitter_misc":{"Becs\u00fclt olvas\u00e1si id\u0151":"1 perc"},"schema":{"@context":"https:\/\/schema.org","@graph":[{"@type":"WebPage","@id":"https:\/\/staging.lucky-hunter.com\/product\/final-approach\/","url":"https:\/\/staging.lucky-hunter.com\/product\/final-approach\/","name":"Final Approach Specklebelly Floaters | Perfect for hunting on water","isPartOf":{"@id":"https:\/\/staging.lucky-hunter.com\/#website"},"primaryImageOfPage":{"@id":"https:\/\/staging.lucky-hunter.com\/product\/final-approach\/#primaryimage"},"image":{"@id":"https:\/\/staging.lucky-hunter.com\/product\/final-approach\/#primaryimage"},"thumbnailUrl":"https:\/\/staging.lucky-hunter.com\/wp-content\/uploads\/2022\/09\/LF-404-1.png","datePublished":"2022-09-01T10:10:12+00:00","dateModified":"2025-10-02T04:23:10+00:00","description":"Final Approach brings you Specklebelly goose floaters that looks great at a very competitive price. These are an updated version of the Standard series.","breadcrumb":{"@id":"https:\/\/staging.lucky-hunter.com\/product\/final-approach\/#breadcrumb"},"inLanguage":"hu","potentialAction":[{"@type":"ReadAction","target":["https:\/\/staging.lucky-hunter.com\/product\/final-approach\/"]}]},{"@type":"ImageObject","inLanguage":"hu","@id":"https:\/\/staging.lucky-hunter.com\/product\/final-approach\/#primaryimage","url":"https:\/\/staging.lucky-hunter.com\/wp-content\/uploads\/2022\/09\/LF-404-1.png","contentUrl":"https:\/\/staging.lucky-hunter.com\/wp-content\/uploads\/2022\/09\/LF-404-1.png","width":1000,"height":1000},{"@type":"BreadcrumbList","@id":"https:\/\/staging.lucky-hunter.com\/product\/final-approach\/#breadcrumb","itemListElement":[{"@type":"ListItem","position":1,"name":"Home","item":"https:\/\/staging.lucky-hunter.com\/hu\/"},{"@type":"ListItem","position":2,"name":"Shop","item":"https:\/\/staging.lucky-hunter.com\/hu\/shop\/"},{"@type":"ListItem","position":3,"name":"Final Approach Specklebelly Floaters &#8211; 6 pcs"}]},{"@type":"WebSite","@id":"https:\/\/staging.lucky-hunter.com\/#website","url":"https:\/\/staging.lucky-hunter.com\/","name":"Lucky-Hunter","description":"Gear Up or Give Up","potentialAction":[{"@type":"SearchAction","target":{"@type":"EntryPoint","urlTemplate":"https:\/\/staging.lucky-hunter.com\/?s={search_term_string}"},"query-input":{"@type":"PropertyValueSpecification","valueRequired":true,"valueName":"search_term_string"}}],"inLanguage":"hu"}]}},"_links":{"self":[{"href":"https:\/\/staging.lucky-hunter.com\/hu\/wp-json\/wp\/v2\/product\/32388"}],"collection":[{"href":"https:\/\/staging.lucky-hunter.com\/hu\/wp-json\/wp\/v2\/product"}],"about":[{"href":"https:\/\/staging.lucky-hunter.com\/hu\/wp-json\/wp\/v2\/types\/product"}],"wp:featuredmedia":[{"embeddable":true,"href":"https:\/\/staging.lucky-hunter.com\/hu\/wp-json\/wp\/v2\/media\/55416"}],"wp:attachment":[{"href":"https:\/\/staging.lucky-hunter.com\/hu\/wp-json\/wp\/v2\/media?parent=32388"}],"wp:term":[{"taxonomy":"product_brand","embeddable":true,"href":"https:\/\/staging.lucky-hunter.com\/hu\/wp-json\/wp\/v2\/product_brand?post=32388"},{"taxonomy":"product_cat","embeddable":true,"href":"https:\/\/staging.lucky-hunter.com\/hu\/wp-json\/wp\/v2\/product_cat?post=32388"},{"taxonomy":"product_tag","embeddable":true,"href":"https:\/\/staging.lucky-hunter.com\/hu\/wp-json\/wp\/v2\/product_tag?post=32388"}],"curies":[{"name":"wp","href":"https:\/\/api.w.org\/{rel}","templated":true}]}}