{"id":32376,"date":"2022-09-01T11:59:27","date_gmt":"2022-09-01T09:59:27","guid":{"rendered":"https:\/\/staging.lucky-hunter.com\/?post_type=product&#038;p=32376"},"modified":"2025-10-02T06:14:30","modified_gmt":"2025-10-02T04:14:30","slug":"final-approach-gadwall","status":"publish","type":"product","link":"https:\/\/staging.lucky-hunter.com\/hu\/product\/final-approach-gadwall\/","title":{"rendered":"Final Approach Gadwall &#8211; 6 pcs"},"content":{"rendered":"<p><iframe title=\"Final Approach LIVE Gadwall\" width=\"1020\" height=\"574\" src=\"https:\/\/www.youtube.com\/embed\/AqFd504gIsc?wmode=transparent&amp;rel=0&amp;feature=oembed&#038;enablejsapi=1&#038;origin=https:\/\/staging.lucky-hunter.com\" frameborder=\"0\" allow=\"accelerometer; autoplay; clipboard-write; encrypted-media; gyroscope; picture-in-picture\" allowfullscreen><\/iframe><\/p>\n<h2>Quality decoys from Final Approach<\/h2>\n<p>Brand new for 2021, the Final Approach LIVE Gadwall. This 6 pack comes with 3 rester drakes and 3 feeder drakes. Made from a premium EVA material paired with a lifelike paint scheme makes these decoys stand out. The attitude of these decoys is nothing like you have seen before. Gadwall are common to find in many environments and make for some great decoying action. This all drake pack gives you the color that you want so your spread will stand out above the rest.<\/p>\n<h2>FEATURES<\/h2>\n<ul>\n<li><strong>Premium EVA material<\/strong><\/li>\n<li><strong>Amazing \u201cLIVE\u201d feather detail provided by World Champion carver Tom Christie<\/strong><\/li>\n<li><strong>One piece design<\/strong><\/li>\n<li><strong>Full size<\/strong><\/li>\n<li><strong>3 attachment points for rigging<\/strong><\/li>\n<li><strong>6 pack: 3 rester drakes, 3 feeder drakes<\/strong><\/li>\n<\/ul>\n","protected":false},"excerpt":{"rendered":"<p>Final Approach has\u00a0 made one of the best looking Gadwall decoys on the market! The details are lifelike and the quality is high<\/p>\n","protected":false},"featured_media":47742,"template":"","meta":[],"product_brand":[9557],"product_cat":[8493],"product_tag":[9470,9523,9779],"yoast_head":"<!-- This site is optimized with the Yoast SEO plugin v24.3 - https:\/\/yoast.com\/wordpress\/plugins\/seo\/ -->\n<title>Final Approach Gadwall | Lifelike Decoys at Lucky-Hunter.com<\/title>\n<meta name=\"description\" content=\"Gadwall are common to find in many environments and make for some great decoying action. This all drake pack gives you the color that you want in your spred\" \/>\n<meta name=\"robots\" content=\"noindex, follow, max-snippet:-1, max-image-preview:large, max-video-preview:-1\" \/>\n<meta property=\"og:locale\" content=\"hu_HU\" \/>\n<meta property=\"og:type\" content=\"article\" \/>\n<meta property=\"og:title\" content=\"Final Approach Gadwall | Lifelike Decoys at Lucky-Hunter.com\" \/>\n<meta property=\"og:description\" content=\"Gadwall are common to find in many environments and make for some great decoying action. This all drake pack gives you the color that you want in your spred\" \/>\n<meta property=\"og:url\" content=\"https:\/\/staging.lucky-hunter.com\/it\/product\/final-approach-gadwall\/\" \/>\n<meta property=\"og:site_name\" content=\"Lucky-Hunter\" \/>\n<meta property=\"article:modified_time\" content=\"2025-10-02T04:14:30+00:00\" \/>\n<meta property=\"og:image\" content=\"https:\/\/staging.lucky-hunter.com\/wp-content\/uploads\/2022\/09\/LF-381.png\" \/>\n\t<meta property=\"og:image:width\" content=\"1000\" \/>\n\t<meta property=\"og:image:height\" content=\"1000\" \/>\n\t<meta property=\"og:image:type\" content=\"image\/png\" \/>\n<meta name=\"twitter:card\" content=\"summary_large_image\" \/>\n<meta name=\"twitter:label1\" content=\"Becs\u00fclt olvas\u00e1si id\u0151\" \/>\n\t<meta name=\"twitter:data1\" content=\"1 perc\" \/>\n<script type=\"application\/ld+json\" class=\"yoast-schema-graph\">{\"@context\":\"https:\/\/schema.org\",\"@graph\":[{\"@type\":\"WebPage\",\"@id\":\"https:\/\/staging.lucky-hunter.com\/it\/product\/final-approach-gadwall\/\",\"url\":\"https:\/\/staging.lucky-hunter.com\/it\/product\/final-approach-gadwall\/\",\"name\":\"Final Approach Gadwall | Lifelike Decoys at Lucky-Hunter.com\",\"isPartOf\":{\"@id\":\"https:\/\/staging.lucky-hunter.com\/#website\"},\"primaryImageOfPage\":{\"@id\":\"https:\/\/staging.lucky-hunter.com\/it\/product\/final-approach-gadwall\/#primaryimage\"},\"image\":{\"@id\":\"https:\/\/staging.lucky-hunter.com\/it\/product\/final-approach-gadwall\/#primaryimage\"},\"thumbnailUrl\":\"https:\/\/staging.lucky-hunter.com\/wp-content\/uploads\/2022\/09\/LF-381.png\",\"datePublished\":\"2022-09-01T09:59:27+00:00\",\"dateModified\":\"2025-10-02T04:14:30+00:00\",\"description\":\"Gadwall are common to find in many environments and make for some great decoying action. This all drake pack gives you the color that you want in your spred\",\"breadcrumb\":{\"@id\":\"https:\/\/staging.lucky-hunter.com\/it\/product\/final-approach-gadwall\/#breadcrumb\"},\"inLanguage\":\"hu\",\"potentialAction\":[{\"@type\":\"ReadAction\",\"target\":[\"https:\/\/staging.lucky-hunter.com\/it\/product\/final-approach-gadwall\/\"]}]},{\"@type\":\"ImageObject\",\"inLanguage\":\"hu\",\"@id\":\"https:\/\/staging.lucky-hunter.com\/it\/product\/final-approach-gadwall\/#primaryimage\",\"url\":\"https:\/\/staging.lucky-hunter.com\/wp-content\/uploads\/2022\/09\/LF-381.png\",\"contentUrl\":\"https:\/\/staging.lucky-hunter.com\/wp-content\/uploads\/2022\/09\/LF-381.png\",\"width\":1000,\"height\":1000},{\"@type\":\"BreadcrumbList\",\"@id\":\"https:\/\/staging.lucky-hunter.com\/it\/product\/final-approach-gadwall\/#breadcrumb\",\"itemListElement\":[{\"@type\":\"ListItem\",\"position\":1,\"name\":\"Home\",\"item\":\"https:\/\/staging.lucky-hunter.com\/hu\/\"},{\"@type\":\"ListItem\",\"position\":2,\"name\":\"Shop\",\"item\":\"https:\/\/staging.lucky-hunter.com\/hu\/shop\/\"},{\"@type\":\"ListItem\",\"position\":3,\"name\":\"Final Approach Gadwall &#8211; 6 pcs\"}]},{\"@type\":\"WebSite\",\"@id\":\"https:\/\/staging.lucky-hunter.com\/#website\",\"url\":\"https:\/\/staging.lucky-hunter.com\/\",\"name\":\"Lucky-Hunter\",\"description\":\"Gear Up or Give Up\",\"potentialAction\":[{\"@type\":\"SearchAction\",\"target\":{\"@type\":\"EntryPoint\",\"urlTemplate\":\"https:\/\/staging.lucky-hunter.com\/?s={search_term_string}\"},\"query-input\":{\"@type\":\"PropertyValueSpecification\",\"valueRequired\":true,\"valueName\":\"search_term_string\"}}],\"inLanguage\":\"hu\"}]}<\/script>\n<!-- \/ Yoast SEO plugin. -->","yoast_head_json":{"title":"Final Approach Gadwall | Lifelike Decoys at Lucky-Hunter.com","description":"Gadwall are common to find in many environments and make for some great decoying action. This all drake pack gives you the color that you want in your spred","robots":{"index":"noindex","follow":"follow","max-snippet":"max-snippet:-1","max-image-preview":"max-image-preview:large","max-video-preview":"max-video-preview:-1"},"og_locale":"hu_HU","og_type":"article","og_title":"Final Approach Gadwall | Lifelike Decoys at Lucky-Hunter.com","og_description":"Gadwall are common to find in many environments and make for some great decoying action. This all drake pack gives you the color that you want in your spred","og_url":"https:\/\/staging.lucky-hunter.com\/it\/product\/final-approach-gadwall\/","og_site_name":"Lucky-Hunter","article_modified_time":"2025-10-02T04:14:30+00:00","og_image":[{"width":1000,"height":1000,"url":"https:\/\/staging.lucky-hunter.com\/wp-content\/uploads\/2022\/09\/LF-381.png","type":"image\/png"}],"twitter_card":"summary_large_image","twitter_misc":{"Becs\u00fclt olvas\u00e1si id\u0151":"1 perc"},"schema":{"@context":"https:\/\/schema.org","@graph":[{"@type":"WebPage","@id":"https:\/\/staging.lucky-hunter.com\/it\/product\/final-approach-gadwall\/","url":"https:\/\/staging.lucky-hunter.com\/it\/product\/final-approach-gadwall\/","name":"Final Approach Gadwall | Lifelike Decoys at Lucky-Hunter.com","isPartOf":{"@id":"https:\/\/staging.lucky-hunter.com\/#website"},"primaryImageOfPage":{"@id":"https:\/\/staging.lucky-hunter.com\/it\/product\/final-approach-gadwall\/#primaryimage"},"image":{"@id":"https:\/\/staging.lucky-hunter.com\/it\/product\/final-approach-gadwall\/#primaryimage"},"thumbnailUrl":"https:\/\/staging.lucky-hunter.com\/wp-content\/uploads\/2022\/09\/LF-381.png","datePublished":"2022-09-01T09:59:27+00:00","dateModified":"2025-10-02T04:14:30+00:00","description":"Gadwall are common to find in many environments and make for some great decoying action. This all drake pack gives you the color that you want in your spred","breadcrumb":{"@id":"https:\/\/staging.lucky-hunter.com\/it\/product\/final-approach-gadwall\/#breadcrumb"},"inLanguage":"hu","potentialAction":[{"@type":"ReadAction","target":["https:\/\/staging.lucky-hunter.com\/it\/product\/final-approach-gadwall\/"]}]},{"@type":"ImageObject","inLanguage":"hu","@id":"https:\/\/staging.lucky-hunter.com\/it\/product\/final-approach-gadwall\/#primaryimage","url":"https:\/\/staging.lucky-hunter.com\/wp-content\/uploads\/2022\/09\/LF-381.png","contentUrl":"https:\/\/staging.lucky-hunter.com\/wp-content\/uploads\/2022\/09\/LF-381.png","width":1000,"height":1000},{"@type":"BreadcrumbList","@id":"https:\/\/staging.lucky-hunter.com\/it\/product\/final-approach-gadwall\/#breadcrumb","itemListElement":[{"@type":"ListItem","position":1,"name":"Home","item":"https:\/\/staging.lucky-hunter.com\/hu\/"},{"@type":"ListItem","position":2,"name":"Shop","item":"https:\/\/staging.lucky-hunter.com\/hu\/shop\/"},{"@type":"ListItem","position":3,"name":"Final Approach Gadwall &#8211; 6 pcs"}]},{"@type":"WebSite","@id":"https:\/\/staging.lucky-hunter.com\/#website","url":"https:\/\/staging.lucky-hunter.com\/","name":"Lucky-Hunter","description":"Gear Up or Give Up","potentialAction":[{"@type":"SearchAction","target":{"@type":"EntryPoint","urlTemplate":"https:\/\/staging.lucky-hunter.com\/?s={search_term_string}"},"query-input":{"@type":"PropertyValueSpecification","valueRequired":true,"valueName":"search_term_string"}}],"inLanguage":"hu"}]}},"_links":{"self":[{"href":"https:\/\/staging.lucky-hunter.com\/hu\/wp-json\/wp\/v2\/product\/32376"}],"collection":[{"href":"https:\/\/staging.lucky-hunter.com\/hu\/wp-json\/wp\/v2\/product"}],"about":[{"href":"https:\/\/staging.lucky-hunter.com\/hu\/wp-json\/wp\/v2\/types\/product"}],"wp:featuredmedia":[{"embeddable":true,"href":"https:\/\/staging.lucky-hunter.com\/hu\/wp-json\/wp\/v2\/media\/47742"}],"wp:attachment":[{"href":"https:\/\/staging.lucky-hunter.com\/hu\/wp-json\/wp\/v2\/media?parent=32376"}],"wp:term":[{"taxonomy":"product_brand","embeddable":true,"href":"https:\/\/staging.lucky-hunter.com\/hu\/wp-json\/wp\/v2\/product_brand?post=32376"},{"taxonomy":"product_cat","embeddable":true,"href":"https:\/\/staging.lucky-hunter.com\/hu\/wp-json\/wp\/v2\/product_cat?post=32376"},{"taxonomy":"product_tag","embeddable":true,"href":"https:\/\/staging.lucky-hunter.com\/hu\/wp-json\/wp\/v2\/product_tag?post=32376"}],"curies":[{"name":"wp","href":"https:\/\/api.w.org\/{rel}","templated":true}]}}