{"id":32307,"date":"2022-08-31T11:31:20","date_gmt":"2022-08-31T09:31:20","guid":{"rendered":"https:\/\/staging.lucky-hunter.com\/?post_type=product&#038;p=32307"},"modified":"2025-10-02T02:02:34","modified_gmt":"2025-10-02T00:02:34","slug":"final-approach-teal-decoys-12-pcs","status":"publish","type":"product","link":"https:\/\/staging.lucky-hunter.com\/hu\/product\/final-approach-teal-decoys-12-pcs\/","title":{"rendered":"Final Approach Teal Decoys &#8211; 12 pcs"},"content":{"rendered":"<p><iframe title=\"Final Approach HD Greenwing Teal\" width=\"1020\" height=\"574\" src=\"https:\/\/www.youtube.com\/embed\/x10jppIq5A4?start=73&#038;wmode=transparent&amp;rel=0&amp;feature=oembed&#038;enablejsapi=1&#038;origin=https:\/\/staging.lucky-hunter.com\" frameborder=\"0\" allow=\"accelerometer; autoplay; clipboard-write; encrypted-media; gyroscope; picture-in-picture; web-share\" allowfullscreen><\/iframe><\/p>\n<h2>Quality decoys from Final Approach<\/h2>\n<p>When you get these decoys in your hands you will see what the new FA is all about! The detail on these decoys is unmatched from the top of the head to the end of the tail. Perfect for when there are teal in your area or if you want to add a bit of variety to your spread. In this 12 pack you get 8 drakes and 4 hens.<\/p>\n<h4><strong>FEATURES<\/strong><\/h4>\n<ul>\n<li>Premium plastic<\/li>\n<li>Outstanding detail provided by world champion carver Wayne Simkin<\/li>\n<li>Full-size<\/li>\n<li>One piece<\/li>\n<li>True to life paint scheme<\/li>\n<li>12 pack<\/li>\n<li>8 low head drakes, 4 feeder hens<\/li>\n<\/ul>\n","protected":false},"excerpt":{"rendered":"<p>Final Approach has pushed the limit of how much decoy you can get for the money. Here you get\u00a0 12 teal ducks, in top quality, at a very good price<\/p>\n","protected":false},"featured_media":56737,"template":"","meta":[],"product_brand":[9637],"product_cat":[8690],"product_tag":[9523],"yoast_head":"<!-- This site is optimized with the Yoast SEO plugin v24.3 - https:\/\/yoast.com\/wordpress\/plugins\/seo\/ -->\n<title>Final Approach Teal Floaters | 12 top quality decoys for hunting Teal<\/title>\n<meta name=\"description\" content=\"Here you really get something for your money! You get 12 decoys in really good quality, for your next Teal hunt - Check them out at Lucky-Hunter.com\" \/>\n<meta name=\"robots\" content=\"noindex, follow, max-snippet:-1, max-image-preview:large, max-video-preview:-1\" \/>\n<meta property=\"og:locale\" content=\"hu_HU\" \/>\n<meta property=\"og:type\" content=\"article\" \/>\n<meta property=\"og:title\" content=\"Final Approach Teal Floaters | 12 top quality decoys for hunting Teal\" \/>\n<meta property=\"og:description\" content=\"Here you really get something for your money! You get 12 decoys in really good quality, for your next Teal hunt - Check them out at Lucky-Hunter.com\" \/>\n<meta property=\"og:url\" content=\"https:\/\/staging.lucky-hunter.com\/product\/final-approach-teal-decoys-12-pcs\/\" \/>\n<meta property=\"og:site_name\" content=\"Lucky-Hunter\" \/>\n<meta property=\"article:modified_time\" content=\"2025-10-02T00:02:34+00:00\" \/>\n<meta property=\"og:image\" content=\"https:\/\/staging.lucky-hunter.com\/wp-content\/uploads\/2022\/08\/LF-383-1.png\" \/>\n\t<meta property=\"og:image:width\" content=\"1000\" \/>\n\t<meta property=\"og:image:height\" content=\"1000\" \/>\n\t<meta property=\"og:image:type\" content=\"image\/png\" \/>\n<meta name=\"twitter:card\" content=\"summary_large_image\" \/>\n<meta name=\"twitter:label1\" content=\"Becs\u00fclt olvas\u00e1si id\u0151\" \/>\n\t<meta name=\"twitter:data1\" content=\"1 perc\" \/>\n<script type=\"application\/ld+json\" class=\"yoast-schema-graph\">{\"@context\":\"https:\/\/schema.org\",\"@graph\":[{\"@type\":\"WebPage\",\"@id\":\"https:\/\/staging.lucky-hunter.com\/product\/final-approach-teal-decoys-12-pcs\/\",\"url\":\"https:\/\/staging.lucky-hunter.com\/product\/final-approach-teal-decoys-12-pcs\/\",\"name\":\"Final Approach Teal Floaters | 12 top quality decoys for hunting Teal\",\"isPartOf\":{\"@id\":\"https:\/\/staging.lucky-hunter.com\/#website\"},\"primaryImageOfPage\":{\"@id\":\"https:\/\/staging.lucky-hunter.com\/product\/final-approach-teal-decoys-12-pcs\/#primaryimage\"},\"image\":{\"@id\":\"https:\/\/staging.lucky-hunter.com\/product\/final-approach-teal-decoys-12-pcs\/#primaryimage\"},\"thumbnailUrl\":\"https:\/\/staging.lucky-hunter.com\/wp-content\/uploads\/2022\/08\/LF-383-1.png\",\"datePublished\":\"2022-08-31T09:31:20+00:00\",\"dateModified\":\"2025-10-02T00:02:34+00:00\",\"description\":\"Here you really get something for your money! You get 12 decoys in really good quality, for your next Teal hunt - Check them out at Lucky-Hunter.com\",\"breadcrumb\":{\"@id\":\"https:\/\/staging.lucky-hunter.com\/product\/final-approach-teal-decoys-12-pcs\/#breadcrumb\"},\"inLanguage\":\"hu\",\"potentialAction\":[{\"@type\":\"ReadAction\",\"target\":[\"https:\/\/staging.lucky-hunter.com\/product\/final-approach-teal-decoys-12-pcs\/\"]}]},{\"@type\":\"ImageObject\",\"inLanguage\":\"hu\",\"@id\":\"https:\/\/staging.lucky-hunter.com\/product\/final-approach-teal-decoys-12-pcs\/#primaryimage\",\"url\":\"https:\/\/staging.lucky-hunter.com\/wp-content\/uploads\/2022\/08\/LF-383-1.png\",\"contentUrl\":\"https:\/\/staging.lucky-hunter.com\/wp-content\/uploads\/2022\/08\/LF-383-1.png\",\"width\":1000,\"height\":1000},{\"@type\":\"BreadcrumbList\",\"@id\":\"https:\/\/staging.lucky-hunter.com\/product\/final-approach-teal-decoys-12-pcs\/#breadcrumb\",\"itemListElement\":[{\"@type\":\"ListItem\",\"position\":1,\"name\":\"Home\",\"item\":\"https:\/\/staging.lucky-hunter.com\/hu\/\"},{\"@type\":\"ListItem\",\"position\":2,\"name\":\"Shop\",\"item\":\"https:\/\/staging.lucky-hunter.com\/hu\/shop\/\"},{\"@type\":\"ListItem\",\"position\":3,\"name\":\"Final Approach Teal Decoys &#8211; 12 pcs\"}]},{\"@type\":\"WebSite\",\"@id\":\"https:\/\/staging.lucky-hunter.com\/#website\",\"url\":\"https:\/\/staging.lucky-hunter.com\/\",\"name\":\"Lucky-Hunter\",\"description\":\"Gear Up or Give Up\",\"potentialAction\":[{\"@type\":\"SearchAction\",\"target\":{\"@type\":\"EntryPoint\",\"urlTemplate\":\"https:\/\/staging.lucky-hunter.com\/?s={search_term_string}\"},\"query-input\":{\"@type\":\"PropertyValueSpecification\",\"valueRequired\":true,\"valueName\":\"search_term_string\"}}],\"inLanguage\":\"hu\"}]}<\/script>\n<!-- \/ Yoast SEO plugin. -->","yoast_head_json":{"title":"Final Approach Teal Floaters | 12 top quality decoys for hunting Teal","description":"Here you really get something for your money! You get 12 decoys in really good quality, for your next Teal hunt - Check them out at Lucky-Hunter.com","robots":{"index":"noindex","follow":"follow","max-snippet":"max-snippet:-1","max-image-preview":"max-image-preview:large","max-video-preview":"max-video-preview:-1"},"og_locale":"hu_HU","og_type":"article","og_title":"Final Approach Teal Floaters | 12 top quality decoys for hunting Teal","og_description":"Here you really get something for your money! You get 12 decoys in really good quality, for your next Teal hunt - Check them out at Lucky-Hunter.com","og_url":"https:\/\/staging.lucky-hunter.com\/product\/final-approach-teal-decoys-12-pcs\/","og_site_name":"Lucky-Hunter","article_modified_time":"2025-10-02T00:02:34+00:00","og_image":[{"width":1000,"height":1000,"url":"https:\/\/staging.lucky-hunter.com\/wp-content\/uploads\/2022\/08\/LF-383-1.png","type":"image\/png"}],"twitter_card":"summary_large_image","twitter_misc":{"Becs\u00fclt olvas\u00e1si id\u0151":"1 perc"},"schema":{"@context":"https:\/\/schema.org","@graph":[{"@type":"WebPage","@id":"https:\/\/staging.lucky-hunter.com\/product\/final-approach-teal-decoys-12-pcs\/","url":"https:\/\/staging.lucky-hunter.com\/product\/final-approach-teal-decoys-12-pcs\/","name":"Final Approach Teal Floaters | 12 top quality decoys for hunting Teal","isPartOf":{"@id":"https:\/\/staging.lucky-hunter.com\/#website"},"primaryImageOfPage":{"@id":"https:\/\/staging.lucky-hunter.com\/product\/final-approach-teal-decoys-12-pcs\/#primaryimage"},"image":{"@id":"https:\/\/staging.lucky-hunter.com\/product\/final-approach-teal-decoys-12-pcs\/#primaryimage"},"thumbnailUrl":"https:\/\/staging.lucky-hunter.com\/wp-content\/uploads\/2022\/08\/LF-383-1.png","datePublished":"2022-08-31T09:31:20+00:00","dateModified":"2025-10-02T00:02:34+00:00","description":"Here you really get something for your money! You get 12 decoys in really good quality, for your next Teal hunt - Check them out at Lucky-Hunter.com","breadcrumb":{"@id":"https:\/\/staging.lucky-hunter.com\/product\/final-approach-teal-decoys-12-pcs\/#breadcrumb"},"inLanguage":"hu","potentialAction":[{"@type":"ReadAction","target":["https:\/\/staging.lucky-hunter.com\/product\/final-approach-teal-decoys-12-pcs\/"]}]},{"@type":"ImageObject","inLanguage":"hu","@id":"https:\/\/staging.lucky-hunter.com\/product\/final-approach-teal-decoys-12-pcs\/#primaryimage","url":"https:\/\/staging.lucky-hunter.com\/wp-content\/uploads\/2022\/08\/LF-383-1.png","contentUrl":"https:\/\/staging.lucky-hunter.com\/wp-content\/uploads\/2022\/08\/LF-383-1.png","width":1000,"height":1000},{"@type":"BreadcrumbList","@id":"https:\/\/staging.lucky-hunter.com\/product\/final-approach-teal-decoys-12-pcs\/#breadcrumb","itemListElement":[{"@type":"ListItem","position":1,"name":"Home","item":"https:\/\/staging.lucky-hunter.com\/hu\/"},{"@type":"ListItem","position":2,"name":"Shop","item":"https:\/\/staging.lucky-hunter.com\/hu\/shop\/"},{"@type":"ListItem","position":3,"name":"Final Approach Teal Decoys &#8211; 12 pcs"}]},{"@type":"WebSite","@id":"https:\/\/staging.lucky-hunter.com\/#website","url":"https:\/\/staging.lucky-hunter.com\/","name":"Lucky-Hunter","description":"Gear Up or Give Up","potentialAction":[{"@type":"SearchAction","target":{"@type":"EntryPoint","urlTemplate":"https:\/\/staging.lucky-hunter.com\/?s={search_term_string}"},"query-input":{"@type":"PropertyValueSpecification","valueRequired":true,"valueName":"search_term_string"}}],"inLanguage":"hu"}]}},"_links":{"self":[{"href":"https:\/\/staging.lucky-hunter.com\/hu\/wp-json\/wp\/v2\/product\/32307"}],"collection":[{"href":"https:\/\/staging.lucky-hunter.com\/hu\/wp-json\/wp\/v2\/product"}],"about":[{"href":"https:\/\/staging.lucky-hunter.com\/hu\/wp-json\/wp\/v2\/types\/product"}],"wp:featuredmedia":[{"embeddable":true,"href":"https:\/\/staging.lucky-hunter.com\/hu\/wp-json\/wp\/v2\/media\/56737"}],"wp:attachment":[{"href":"https:\/\/staging.lucky-hunter.com\/hu\/wp-json\/wp\/v2\/media?parent=32307"}],"wp:term":[{"taxonomy":"product_brand","embeddable":true,"href":"https:\/\/staging.lucky-hunter.com\/hu\/wp-json\/wp\/v2\/product_brand?post=32307"},{"taxonomy":"product_cat","embeddable":true,"href":"https:\/\/staging.lucky-hunter.com\/hu\/wp-json\/wp\/v2\/product_cat?post=32307"},{"taxonomy":"product_tag","embeddable":true,"href":"https:\/\/staging.lucky-hunter.com\/hu\/wp-json\/wp\/v2\/product_tag?post=32307"}],"curies":[{"name":"wp","href":"https:\/\/api.w.org\/{rel}","templated":true}]}}