{"id":317196,"date":"2025-01-03T15:02:18","date_gmt":"2025-01-03T14:02:18","guid":{"rendered":"https:\/\/staging.lucky-hunter.com\/?post_type=product&#038;p=317196"},"modified":"2025-10-02T05:57:10","modified_gmt":"2025-10-02T03:57:10","slug":"avian-x-powerflight-motion-mallard-wings","status":"publish","type":"product","link":"https:\/\/staging.lucky-hunter.com\/hu\/product\/avian-x-powerflight-motion-mallard-wings\/","title":{"rendered":"Replacement Wing for Avian-X Powerflight Motion Mallard"},"content":{"rendered":"<h2><strong>Replacement wing &#8211; Left or Right<\/strong><\/h2>\n<div>If you have a bad luck and have lost a wing for your AvianX Power flight mallard, you can buy a new one here.<\/div>\n<div><\/div>\n<div>Sold individually.<\/div>\n<div><\/div>\n<div>Choose between Right or Left wing.<\/div>\n","protected":false},"excerpt":{"rendered":"<p>If you have a bad luck and have lost a wing for your AvianX Power flight mallard, you can buy a new one here.<\/p>\n","protected":false},"featured_media":343214,"template":"","meta":[],"product_brand":[9530],"product_cat":[8616,9756,8686],"product_tag":[9497],"yoast_head":"<!-- This site is optimized with the Yoast SEO plugin v24.3 - https:\/\/yoast.com\/wordpress\/plugins\/seo\/ -->\n<title>Avian-X Powerflight Mallard - Spinning Wing Duck Decoy<\/title>\n<meta name=\"description\" content=\"Replacement Wing - If you have a bad luck and have lost a wing for your AvianX Power flight mallard, you can buy a new one here.\" \/>\n<meta name=\"robots\" content=\"noindex, follow, max-snippet:-1, max-image-preview:large, max-video-preview:-1\" \/>\n<meta property=\"og:locale\" content=\"hu_HU\" \/>\n<meta property=\"og:type\" content=\"article\" \/>\n<meta property=\"og:title\" content=\"Avian-X Powerflight Mallard - Spinning Wing Duck Decoy\" \/>\n<meta property=\"og:description\" content=\"Replacement Wing - If you have a bad luck and have lost a wing for your AvianX Power flight mallard, you can buy a new one here.\" \/>\n<meta property=\"og:url\" content=\"https:\/\/staging.lucky-hunter.com\/product\/avian-x-powerflight-motion-mallard-wings\/\" \/>\n<meta property=\"og:site_name\" content=\"Lucky-Hunter\" \/>\n<meta property=\"article:modified_time\" content=\"2025-10-02T03:57:10+00:00\" \/>\n<meta property=\"og:image\" content=\"https:\/\/staging.lucky-hunter.com\/wp-content\/uploads\/2025\/01\/IMG_6075-removebg-e1738847326907.png\" \/>\n\t<meta property=\"og:image:width\" content=\"1000\" \/>\n\t<meta property=\"og:image:height\" content=\"1333\" \/>\n\t<meta property=\"og:image:type\" content=\"image\/png\" \/>\n<meta name=\"twitter:card\" content=\"summary_large_image\" \/>\n<meta name=\"twitter:label1\" content=\"Becs\u00fclt olvas\u00e1si id\u0151\" \/>\n\t<meta name=\"twitter:data1\" content=\"1 perc\" \/>\n<script type=\"application\/ld+json\" class=\"yoast-schema-graph\">{\"@context\":\"https:\/\/schema.org\",\"@graph\":[{\"@type\":\"WebPage\",\"@id\":\"https:\/\/staging.lucky-hunter.com\/product\/avian-x-powerflight-motion-mallard-wings\/\",\"url\":\"https:\/\/staging.lucky-hunter.com\/product\/avian-x-powerflight-motion-mallard-wings\/\",\"name\":\"Avian-X Powerflight Mallard - Spinning Wing Duck Decoy\",\"isPartOf\":{\"@id\":\"https:\/\/staging.lucky-hunter.com\/#website\"},\"primaryImageOfPage\":{\"@id\":\"https:\/\/staging.lucky-hunter.com\/product\/avian-x-powerflight-motion-mallard-wings\/#primaryimage\"},\"image\":{\"@id\":\"https:\/\/staging.lucky-hunter.com\/product\/avian-x-powerflight-motion-mallard-wings\/#primaryimage\"},\"thumbnailUrl\":\"https:\/\/staging.lucky-hunter.com\/wp-content\/uploads\/2025\/01\/IMG_6075-removebg-e1738847326907.png\",\"datePublished\":\"2025-01-03T14:02:18+00:00\",\"dateModified\":\"2025-10-02T03:57:10+00:00\",\"description\":\"Replacement Wing - If you have a bad luck and have lost a wing for your AvianX Power flight mallard, you can buy a new one here.\",\"breadcrumb\":{\"@id\":\"https:\/\/staging.lucky-hunter.com\/product\/avian-x-powerflight-motion-mallard-wings\/#breadcrumb\"},\"inLanguage\":\"hu\",\"potentialAction\":[{\"@type\":\"ReadAction\",\"target\":[\"https:\/\/staging.lucky-hunter.com\/product\/avian-x-powerflight-motion-mallard-wings\/\"]}]},{\"@type\":\"ImageObject\",\"inLanguage\":\"hu\",\"@id\":\"https:\/\/staging.lucky-hunter.com\/product\/avian-x-powerflight-motion-mallard-wings\/#primaryimage\",\"url\":\"https:\/\/staging.lucky-hunter.com\/wp-content\/uploads\/2025\/01\/IMG_6075-removebg-e1738847326907.png\",\"contentUrl\":\"https:\/\/staging.lucky-hunter.com\/wp-content\/uploads\/2025\/01\/IMG_6075-removebg-e1738847326907.png\",\"width\":1000,\"height\":1333},{\"@type\":\"BreadcrumbList\",\"@id\":\"https:\/\/staging.lucky-hunter.com\/product\/avian-x-powerflight-motion-mallard-wings\/#breadcrumb\",\"itemListElement\":[{\"@type\":\"ListItem\",\"position\":1,\"name\":\"Home\",\"item\":\"https:\/\/staging.lucky-hunter.com\/hu\/\"},{\"@type\":\"ListItem\",\"position\":2,\"name\":\"Shop\",\"item\":\"https:\/\/staging.lucky-hunter.com\/hu\/shop\/\"},{\"@type\":\"ListItem\",\"position\":3,\"name\":\"Replacement Wing for Avian-X Powerflight Motion Mallard\"}]},{\"@type\":\"WebSite\",\"@id\":\"https:\/\/staging.lucky-hunter.com\/#website\",\"url\":\"https:\/\/staging.lucky-hunter.com\/\",\"name\":\"Lucky-Hunter\",\"description\":\"Gear Up or Give Up\",\"potentialAction\":[{\"@type\":\"SearchAction\",\"target\":{\"@type\":\"EntryPoint\",\"urlTemplate\":\"https:\/\/staging.lucky-hunter.com\/?s={search_term_string}\"},\"query-input\":{\"@type\":\"PropertyValueSpecification\",\"valueRequired\":true,\"valueName\":\"search_term_string\"}}],\"inLanguage\":\"hu\"}]}<\/script>\n<!-- \/ Yoast SEO plugin. -->","yoast_head_json":{"title":"Avian-X Powerflight Mallard - Spinning Wing Duck Decoy","description":"Replacement Wing - If you have a bad luck and have lost a wing for your AvianX Power flight mallard, you can buy a new one here.","robots":{"index":"noindex","follow":"follow","max-snippet":"max-snippet:-1","max-image-preview":"max-image-preview:large","max-video-preview":"max-video-preview:-1"},"og_locale":"hu_HU","og_type":"article","og_title":"Avian-X Powerflight Mallard - Spinning Wing Duck Decoy","og_description":"Replacement Wing - If you have a bad luck and have lost a wing for your AvianX Power flight mallard, you can buy a new one here.","og_url":"https:\/\/staging.lucky-hunter.com\/product\/avian-x-powerflight-motion-mallard-wings\/","og_site_name":"Lucky-Hunter","article_modified_time":"2025-10-02T03:57:10+00:00","og_image":[{"url":"https:\/\/staging.lucky-hunter.com\/wp-content\/uploads\/2025\/01\/IMG_6075-removebg-e1738847326907.png","width":1000,"height":1333,"type":"image\/png"}],"twitter_card":"summary_large_image","twitter_misc":{"Becs\u00fclt olvas\u00e1si id\u0151":"1 perc"},"schema":{"@context":"https:\/\/schema.org","@graph":[{"@type":"WebPage","@id":"https:\/\/staging.lucky-hunter.com\/product\/avian-x-powerflight-motion-mallard-wings\/","url":"https:\/\/staging.lucky-hunter.com\/product\/avian-x-powerflight-motion-mallard-wings\/","name":"Avian-X Powerflight Mallard - Spinning Wing Duck Decoy","isPartOf":{"@id":"https:\/\/staging.lucky-hunter.com\/#website"},"primaryImageOfPage":{"@id":"https:\/\/staging.lucky-hunter.com\/product\/avian-x-powerflight-motion-mallard-wings\/#primaryimage"},"image":{"@id":"https:\/\/staging.lucky-hunter.com\/product\/avian-x-powerflight-motion-mallard-wings\/#primaryimage"},"thumbnailUrl":"https:\/\/staging.lucky-hunter.com\/wp-content\/uploads\/2025\/01\/IMG_6075-removebg-e1738847326907.png","datePublished":"2025-01-03T14:02:18+00:00","dateModified":"2025-10-02T03:57:10+00:00","description":"Replacement Wing - If you have a bad luck and have lost a wing for your AvianX Power flight mallard, you can buy a new one here.","breadcrumb":{"@id":"https:\/\/staging.lucky-hunter.com\/product\/avian-x-powerflight-motion-mallard-wings\/#breadcrumb"},"inLanguage":"hu","potentialAction":[{"@type":"ReadAction","target":["https:\/\/staging.lucky-hunter.com\/product\/avian-x-powerflight-motion-mallard-wings\/"]}]},{"@type":"ImageObject","inLanguage":"hu","@id":"https:\/\/staging.lucky-hunter.com\/product\/avian-x-powerflight-motion-mallard-wings\/#primaryimage","url":"https:\/\/staging.lucky-hunter.com\/wp-content\/uploads\/2025\/01\/IMG_6075-removebg-e1738847326907.png","contentUrl":"https:\/\/staging.lucky-hunter.com\/wp-content\/uploads\/2025\/01\/IMG_6075-removebg-e1738847326907.png","width":1000,"height":1333},{"@type":"BreadcrumbList","@id":"https:\/\/staging.lucky-hunter.com\/product\/avian-x-powerflight-motion-mallard-wings\/#breadcrumb","itemListElement":[{"@type":"ListItem","position":1,"name":"Home","item":"https:\/\/staging.lucky-hunter.com\/hu\/"},{"@type":"ListItem","position":2,"name":"Shop","item":"https:\/\/staging.lucky-hunter.com\/hu\/shop\/"},{"@type":"ListItem","position":3,"name":"Replacement Wing for Avian-X Powerflight Motion Mallard"}]},{"@type":"WebSite","@id":"https:\/\/staging.lucky-hunter.com\/#website","url":"https:\/\/staging.lucky-hunter.com\/","name":"Lucky-Hunter","description":"Gear Up or Give Up","potentialAction":[{"@type":"SearchAction","target":{"@type":"EntryPoint","urlTemplate":"https:\/\/staging.lucky-hunter.com\/?s={search_term_string}"},"query-input":{"@type":"PropertyValueSpecification","valueRequired":true,"valueName":"search_term_string"}}],"inLanguage":"hu"}]}},"_links":{"self":[{"href":"https:\/\/staging.lucky-hunter.com\/hu\/wp-json\/wp\/v2\/product\/317196"}],"collection":[{"href":"https:\/\/staging.lucky-hunter.com\/hu\/wp-json\/wp\/v2\/product"}],"about":[{"href":"https:\/\/staging.lucky-hunter.com\/hu\/wp-json\/wp\/v2\/types\/product"}],"wp:featuredmedia":[{"embeddable":true,"href":"https:\/\/staging.lucky-hunter.com\/hu\/wp-json\/wp\/v2\/media\/343214"}],"wp:attachment":[{"href":"https:\/\/staging.lucky-hunter.com\/hu\/wp-json\/wp\/v2\/media?parent=317196"}],"wp:term":[{"taxonomy":"product_brand","embeddable":true,"href":"https:\/\/staging.lucky-hunter.com\/hu\/wp-json\/wp\/v2\/product_brand?post=317196"},{"taxonomy":"product_cat","embeddable":true,"href":"https:\/\/staging.lucky-hunter.com\/hu\/wp-json\/wp\/v2\/product_cat?post=317196"},{"taxonomy":"product_tag","embeddable":true,"href":"https:\/\/staging.lucky-hunter.com\/hu\/wp-json\/wp\/v2\/product_tag?post=317196"}],"curies":[{"name":"wp","href":"https:\/\/api.w.org\/{rel}","templated":true}]}}