{"id":31488,"date":"2022-07-22T11:41:58","date_gmt":"2022-07-22T09:41:58","guid":{"rendered":"https:\/\/staging.lucky-hunter.com\/?post_type=product&#038;p=31488"},"modified":"2025-10-02T01:34:50","modified_gmt":"2025-10-01T23:34:50","slug":"banded-soft-shell-pant-max7","status":"publish","type":"product","link":"https:\/\/staging.lucky-hunter.com\/hu\/product\/banded-soft-shell-pant-max7\/","title":{"rendered":"Banded Soft-Shell Wader Pant &#8211; Max7"},"content":{"rendered":"<h4><a href=\"https:\/\/staging.lucky-hunter.com\/wp-content\/uploads\/2022\/08\/Storrelsesguide-Herre-Engelsk.pdf\" target=\"_blank\" rel=\"noopener\"><strong>See the size guide here<\/strong><\/a><\/h4>\n<h2><strong>This will become your new favorite pant !<\/strong><\/h2>\n<div>\n<div><span style=\"color: #ed1c24;\"><strong>There may be a 2-3 week delivery time for this item. Contact us if necessary for the stock status of the desired size.<\/strong><\/span><\/div>\n<div><\/div>\n<div>These are the kind of pants you put on, and never take off.<\/div>\n<div><\/div>\n<div>Use them together with your Banded jacket or hoodie, and you have a perfect set &#8211; but the trousers are also really smart in their own right.<\/div>\n<div><\/div>\n<div>4-way stretch soft-shell fabric backed with a micro-fleece lining makes these pants the ultimate in comfort and flexibility.<\/div>\n<div><\/div>\n<div>Equipped with two upper hand-warmer pockets and integrated adjustable gaiters.<\/div>\n<div><\/div>\n<div>They work flawlessly with waders and look flawless without them.<\/div>\n<div><\/div>\n<div><strong>Features:<\/strong><\/div>\n<ul>\n<li>Soft-shell construction<\/li>\n<li>Articulated knees for freedom of movement<\/li>\n<li>4-way stretch fabric<\/li>\n<li>Two handwarmer pockets<\/li>\n<li>Integrated Velcro ankle garters.<\/li>\n<\/ul>\n<\/div>\n<p>&nbsp;<\/p>\n","protected":false},"excerpt":{"rendered":"<p>These are the kind of pants you put on, and never take off. They work flawlessly with Banded waders and look flawless without them.<\/p>\n","protected":false},"featured_media":54474,"template":"","meta":[],"product_brand":[6608],"product_cat":[8102],"product_tag":[],"yoast_head":"<!-- This site is optimized with the Yoast SEO plugin v24.3 - https:\/\/yoast.com\/wordpress\/plugins\/seo\/ -->\n<title>Banded Soft-Shell Pant - Max7. This will become your new favorite pant !<\/title>\n<meta name=\"description\" content=\"These are the kind of pants you put on, and never take off. They work flawlessly with Banded waders and look flawless without them.\u00a0\" \/>\n<meta name=\"robots\" content=\"noindex, follow, max-snippet:-1, max-image-preview:large, max-video-preview:-1\" \/>\n<meta property=\"og:locale\" content=\"hu_HU\" \/>\n<meta property=\"og:type\" content=\"article\" \/>\n<meta property=\"og:title\" content=\"Banded Soft-Shell Pant - Max7. This will become your new favorite pant !\" \/>\n<meta property=\"og:description\" content=\"These are the kind of pants you put on, and never take off. They work flawlessly with Banded waders and look flawless without them.\u00a0\" \/>\n<meta property=\"og:url\" content=\"https:\/\/staging.lucky-hunter.com\/product\/banded-soft-shell-pant-max7\/\" \/>\n<meta property=\"og:site_name\" content=\"Lucky-Hunter\" \/>\n<meta property=\"article:modified_time\" content=\"2025-10-01T23:34:50+00:00\" \/>\n<meta property=\"og:image\" content=\"https:\/\/staging.lucky-hunter.com\/wp-content\/uploads\/2022\/07\/JB-0222.png\" \/>\n\t<meta property=\"og:image:width\" content=\"1000\" \/>\n\t<meta property=\"og:image:height\" content=\"1000\" \/>\n\t<meta property=\"og:image:type\" content=\"image\/png\" \/>\n<meta name=\"twitter:card\" content=\"summary_large_image\" \/>\n<meta name=\"twitter:label1\" content=\"Becs\u00fclt olvas\u00e1si id\u0151\" \/>\n\t<meta name=\"twitter:data1\" content=\"1 perc\" \/>\n<script type=\"application\/ld+json\" class=\"yoast-schema-graph\">{\"@context\":\"https:\/\/schema.org\",\"@graph\":[{\"@type\":\"WebPage\",\"@id\":\"https:\/\/staging.lucky-hunter.com\/product\/banded-soft-shell-pant-max7\/\",\"url\":\"https:\/\/staging.lucky-hunter.com\/product\/banded-soft-shell-pant-max7\/\",\"name\":\"Banded Soft-Shell Pant - Max7. This will become your new favorite pant !\",\"isPartOf\":{\"@id\":\"https:\/\/staging.lucky-hunter.com\/#website\"},\"primaryImageOfPage\":{\"@id\":\"https:\/\/staging.lucky-hunter.com\/product\/banded-soft-shell-pant-max7\/#primaryimage\"},\"image\":{\"@id\":\"https:\/\/staging.lucky-hunter.com\/product\/banded-soft-shell-pant-max7\/#primaryimage\"},\"thumbnailUrl\":\"https:\/\/staging.lucky-hunter.com\/wp-content\/uploads\/2022\/07\/JB-0222.png\",\"datePublished\":\"2022-07-22T09:41:58+00:00\",\"dateModified\":\"2025-10-01T23:34:50+00:00\",\"description\":\"These are the kind of pants you put on, and never take off. They work flawlessly with Banded waders and look flawless without them.\u00a0\",\"breadcrumb\":{\"@id\":\"https:\/\/staging.lucky-hunter.com\/product\/banded-soft-shell-pant-max7\/#breadcrumb\"},\"inLanguage\":\"hu\",\"potentialAction\":[{\"@type\":\"ReadAction\",\"target\":[\"https:\/\/staging.lucky-hunter.com\/product\/banded-soft-shell-pant-max7\/\"]}]},{\"@type\":\"ImageObject\",\"inLanguage\":\"hu\",\"@id\":\"https:\/\/staging.lucky-hunter.com\/product\/banded-soft-shell-pant-max7\/#primaryimage\",\"url\":\"https:\/\/staging.lucky-hunter.com\/wp-content\/uploads\/2022\/07\/JB-0222.png\",\"contentUrl\":\"https:\/\/staging.lucky-hunter.com\/wp-content\/uploads\/2022\/07\/JB-0222.png\",\"width\":1000,\"height\":1000},{\"@type\":\"BreadcrumbList\",\"@id\":\"https:\/\/staging.lucky-hunter.com\/product\/banded-soft-shell-pant-max7\/#breadcrumb\",\"itemListElement\":[{\"@type\":\"ListItem\",\"position\":1,\"name\":\"Home\",\"item\":\"https:\/\/staging.lucky-hunter.com\/hu\/\"},{\"@type\":\"ListItem\",\"position\":2,\"name\":\"Shop\",\"item\":\"https:\/\/staging.lucky-hunter.com\/hu\/shop\/\"},{\"@type\":\"ListItem\",\"position\":3,\"name\":\"Banded Soft-Shell Wader Pant &#8211; Max7\"}]},{\"@type\":\"WebSite\",\"@id\":\"https:\/\/staging.lucky-hunter.com\/#website\",\"url\":\"https:\/\/staging.lucky-hunter.com\/\",\"name\":\"Lucky-Hunter\",\"description\":\"Gear Up or Give Up\",\"potentialAction\":[{\"@type\":\"SearchAction\",\"target\":{\"@type\":\"EntryPoint\",\"urlTemplate\":\"https:\/\/staging.lucky-hunter.com\/?s={search_term_string}\"},\"query-input\":{\"@type\":\"PropertyValueSpecification\",\"valueRequired\":true,\"valueName\":\"search_term_string\"}}],\"inLanguage\":\"hu\"}]}<\/script>\n<!-- \/ Yoast SEO plugin. -->","yoast_head_json":{"title":"Banded Soft-Shell Pant - Max7. This will become your new favorite pant !","description":"These are the kind of pants you put on, and never take off. They work flawlessly with Banded waders and look flawless without them.\u00a0","robots":{"index":"noindex","follow":"follow","max-snippet":"max-snippet:-1","max-image-preview":"max-image-preview:large","max-video-preview":"max-video-preview:-1"},"og_locale":"hu_HU","og_type":"article","og_title":"Banded Soft-Shell Pant - Max7. This will become your new favorite pant !","og_description":"These are the kind of pants you put on, and never take off. They work flawlessly with Banded waders and look flawless without them.\u00a0","og_url":"https:\/\/staging.lucky-hunter.com\/product\/banded-soft-shell-pant-max7\/","og_site_name":"Lucky-Hunter","article_modified_time":"2025-10-01T23:34:50+00:00","og_image":[{"width":1000,"height":1000,"url":"https:\/\/staging.lucky-hunter.com\/wp-content\/uploads\/2022\/07\/JB-0222.png","type":"image\/png"}],"twitter_card":"summary_large_image","twitter_misc":{"Becs\u00fclt olvas\u00e1si id\u0151":"1 perc"},"schema":{"@context":"https:\/\/schema.org","@graph":[{"@type":"WebPage","@id":"https:\/\/staging.lucky-hunter.com\/product\/banded-soft-shell-pant-max7\/","url":"https:\/\/staging.lucky-hunter.com\/product\/banded-soft-shell-pant-max7\/","name":"Banded Soft-Shell Pant - Max7. This will become your new favorite pant !","isPartOf":{"@id":"https:\/\/staging.lucky-hunter.com\/#website"},"primaryImageOfPage":{"@id":"https:\/\/staging.lucky-hunter.com\/product\/banded-soft-shell-pant-max7\/#primaryimage"},"image":{"@id":"https:\/\/staging.lucky-hunter.com\/product\/banded-soft-shell-pant-max7\/#primaryimage"},"thumbnailUrl":"https:\/\/staging.lucky-hunter.com\/wp-content\/uploads\/2022\/07\/JB-0222.png","datePublished":"2022-07-22T09:41:58+00:00","dateModified":"2025-10-01T23:34:50+00:00","description":"These are the kind of pants you put on, and never take off. They work flawlessly with Banded waders and look flawless without them.\u00a0","breadcrumb":{"@id":"https:\/\/staging.lucky-hunter.com\/product\/banded-soft-shell-pant-max7\/#breadcrumb"},"inLanguage":"hu","potentialAction":[{"@type":"ReadAction","target":["https:\/\/staging.lucky-hunter.com\/product\/banded-soft-shell-pant-max7\/"]}]},{"@type":"ImageObject","inLanguage":"hu","@id":"https:\/\/staging.lucky-hunter.com\/product\/banded-soft-shell-pant-max7\/#primaryimage","url":"https:\/\/staging.lucky-hunter.com\/wp-content\/uploads\/2022\/07\/JB-0222.png","contentUrl":"https:\/\/staging.lucky-hunter.com\/wp-content\/uploads\/2022\/07\/JB-0222.png","width":1000,"height":1000},{"@type":"BreadcrumbList","@id":"https:\/\/staging.lucky-hunter.com\/product\/banded-soft-shell-pant-max7\/#breadcrumb","itemListElement":[{"@type":"ListItem","position":1,"name":"Home","item":"https:\/\/staging.lucky-hunter.com\/hu\/"},{"@type":"ListItem","position":2,"name":"Shop","item":"https:\/\/staging.lucky-hunter.com\/hu\/shop\/"},{"@type":"ListItem","position":3,"name":"Banded Soft-Shell Wader Pant &#8211; Max7"}]},{"@type":"WebSite","@id":"https:\/\/staging.lucky-hunter.com\/#website","url":"https:\/\/staging.lucky-hunter.com\/","name":"Lucky-Hunter","description":"Gear Up or Give Up","potentialAction":[{"@type":"SearchAction","target":{"@type":"EntryPoint","urlTemplate":"https:\/\/staging.lucky-hunter.com\/?s={search_term_string}"},"query-input":{"@type":"PropertyValueSpecification","valueRequired":true,"valueName":"search_term_string"}}],"inLanguage":"hu"}]}},"_links":{"self":[{"href":"https:\/\/staging.lucky-hunter.com\/hu\/wp-json\/wp\/v2\/product\/31488"}],"collection":[{"href":"https:\/\/staging.lucky-hunter.com\/hu\/wp-json\/wp\/v2\/product"}],"about":[{"href":"https:\/\/staging.lucky-hunter.com\/hu\/wp-json\/wp\/v2\/types\/product"}],"wp:featuredmedia":[{"embeddable":true,"href":"https:\/\/staging.lucky-hunter.com\/hu\/wp-json\/wp\/v2\/media\/54474"}],"wp:attachment":[{"href":"https:\/\/staging.lucky-hunter.com\/hu\/wp-json\/wp\/v2\/media?parent=31488"}],"wp:term":[{"taxonomy":"product_brand","embeddable":true,"href":"https:\/\/staging.lucky-hunter.com\/hu\/wp-json\/wp\/v2\/product_brand?post=31488"},{"taxonomy":"product_cat","embeddable":true,"href":"https:\/\/staging.lucky-hunter.com\/hu\/wp-json\/wp\/v2\/product_cat?post=31488"},{"taxonomy":"product_tag","embeddable":true,"href":"https:\/\/staging.lucky-hunter.com\/hu\/wp-json\/wp\/v2\/product_tag?post=31488"}],"curies":[{"name":"wp","href":"https:\/\/api.w.org\/{rel}","templated":true}]}}