{"id":31232,"date":"2022-07-11T15:34:09","date_gmt":"2022-07-11T13:34:09","guid":{"rendered":"https:\/\/staging.lucky-hunter.com\/?post_type=product&#038;p=31232"},"modified":"2025-10-02T01:31:29","modified_gmt":"2025-10-01T23:31:29","slug":"banded-atchafalaya-pullover-timber","status":"publish","type":"product","link":"https:\/\/staging.lucky-hunter.com\/hu\/product\/banded-atchafalaya-pullover-timber\/","title":{"rendered":"Banded Atchafalaya Pullover &#8211; Timber"},"content":{"rendered":"<h4><a href=\"https:\/\/staging.lucky-hunter.com\/wp-content\/uploads\/2022\/08\/Storrelsesguide-Herre-Engelsk.pdf\" target=\"_blank\" rel=\"noopener\"><strong>See the size guide here<\/strong><\/a><\/h4>\n<h2><strong>The ultimate hoodie for the passionate hunter<\/strong><\/h2>\n<div>\n<div><span style=\"color: #ed1c24;\"><strong>There may be a 2-3 week delivery time for this item. Contact us if necessary for the stock status of the desired size.<\/strong><\/span><\/div>\n<div><\/div>\n<div>Banded Atchafalaya pullover is windproof and weatherproof with a really nice fleece lining.<\/div>\n<div><\/div>\n<div>Made with the special Q.W.A.S. fabric technology that is quiet, warm and water-repellent.<\/div>\n<div><\/div>\n<div><strong>Key features:<\/strong><\/div>\n<ul>\n<li>Q.W.A.S. fabric<\/li>\n<li>Coral fleece lining that ensures warmth and comfort<\/li>\n<li>Coral fleece-lined front pocket which is perfect for cold hands, and there is plenty of space for storing small items<\/li>\n<li>An anatomically tri-adjustable hood keeps the wind out and the heat inside<\/li>\n<li>Adjustable drawcord hem seals out the wind<\/li>\n<li>Timber camo design.<\/li>\n<\/ul>\n<div><\/div>\n<div>Select size S, M, L, XL, 2XL, 3XL.<\/div>\n<\/div>\n","protected":false},"excerpt":{"rendered":"<div>Banded Atchafalaya pullover is windproof and weatherproof with a really nice fleece lining. Quiet, warm and water-repellent fabric.<\/div>\n","protected":false},"featured_media":31256,"template":"","meta":[],"product_brand":[6608],"product_cat":[9114],"product_tag":[],"yoast_head":"<!-- This site is optimized with the Yoast SEO plugin v24.3 - https:\/\/yoast.com\/wordpress\/plugins\/seo\/ -->\n<title>Banded Atchafalaya Pullover - The ultimate hunters hoody<\/title>\n<meta name=\"description\" content=\"Banded Atchafalaya pullover is windproof and weatherproof with a really nice fleece lining. Quiet, warm and water-repellent fabric.\" \/>\n<meta name=\"robots\" content=\"noindex, follow, max-snippet:-1, max-image-preview:large, max-video-preview:-1\" \/>\n<meta property=\"og:locale\" content=\"hu_HU\" \/>\n<meta property=\"og:type\" content=\"article\" \/>\n<meta property=\"og:title\" content=\"Banded Atchafalaya Pullover - The ultimate hunters hoody\" \/>\n<meta property=\"og:description\" content=\"Banded Atchafalaya pullover is windproof and weatherproof with a really nice fleece lining. Quiet, warm and water-repellent fabric.\" \/>\n<meta property=\"og:url\" content=\"https:\/\/staging.lucky-hunter.com\/product\/banded-atchafalaya-pullover-timber\/\" \/>\n<meta property=\"og:site_name\" content=\"Lucky-Hunter\" \/>\n<meta property=\"article:modified_time\" content=\"2025-10-01T23:31:29+00:00\" \/>\n<meta property=\"og:image\" content=\"https:\/\/staging.lucky-hunter.com\/wp-content\/uploads\/2022\/07\/JB-0080.png\" \/>\n\t<meta property=\"og:image:width\" content=\"1000\" \/>\n\t<meta property=\"og:image:height\" content=\"1000\" \/>\n\t<meta property=\"og:image:type\" content=\"image\/png\" \/>\n<meta name=\"twitter:card\" content=\"summary_large_image\" \/>\n<meta name=\"twitter:label1\" content=\"Becs\u00fclt olvas\u00e1si id\u0151\" \/>\n\t<meta name=\"twitter:data1\" content=\"1 perc\" \/>\n<script type=\"application\/ld+json\" class=\"yoast-schema-graph\">{\"@context\":\"https:\/\/schema.org\",\"@graph\":[{\"@type\":\"WebPage\",\"@id\":\"https:\/\/staging.lucky-hunter.com\/product\/banded-atchafalaya-pullover-timber\/\",\"url\":\"https:\/\/staging.lucky-hunter.com\/product\/banded-atchafalaya-pullover-timber\/\",\"name\":\"Banded Atchafalaya Pullover - The ultimate hunters hoody\",\"isPartOf\":{\"@id\":\"https:\/\/staging.lucky-hunter.com\/#website\"},\"primaryImageOfPage\":{\"@id\":\"https:\/\/staging.lucky-hunter.com\/product\/banded-atchafalaya-pullover-timber\/#primaryimage\"},\"image\":{\"@id\":\"https:\/\/staging.lucky-hunter.com\/product\/banded-atchafalaya-pullover-timber\/#primaryimage\"},\"thumbnailUrl\":\"https:\/\/staging.lucky-hunter.com\/wp-content\/uploads\/2022\/07\/JB-0080.png\",\"datePublished\":\"2022-07-11T13:34:09+00:00\",\"dateModified\":\"2025-10-01T23:31:29+00:00\",\"description\":\"Banded Atchafalaya pullover is windproof and weatherproof with a really nice fleece lining. Quiet, warm and water-repellent fabric.\",\"breadcrumb\":{\"@id\":\"https:\/\/staging.lucky-hunter.com\/product\/banded-atchafalaya-pullover-timber\/#breadcrumb\"},\"inLanguage\":\"hu\",\"potentialAction\":[{\"@type\":\"ReadAction\",\"target\":[\"https:\/\/staging.lucky-hunter.com\/product\/banded-atchafalaya-pullover-timber\/\"]}]},{\"@type\":\"ImageObject\",\"inLanguage\":\"hu\",\"@id\":\"https:\/\/staging.lucky-hunter.com\/product\/banded-atchafalaya-pullover-timber\/#primaryimage\",\"url\":\"https:\/\/staging.lucky-hunter.com\/wp-content\/uploads\/2022\/07\/JB-0080.png\",\"contentUrl\":\"https:\/\/staging.lucky-hunter.com\/wp-content\/uploads\/2022\/07\/JB-0080.png\",\"width\":1000,\"height\":1000},{\"@type\":\"BreadcrumbList\",\"@id\":\"https:\/\/staging.lucky-hunter.com\/product\/banded-atchafalaya-pullover-timber\/#breadcrumb\",\"itemListElement\":[{\"@type\":\"ListItem\",\"position\":1,\"name\":\"Home\",\"item\":\"https:\/\/staging.lucky-hunter.com\/hu\/\"},{\"@type\":\"ListItem\",\"position\":2,\"name\":\"Shop\",\"item\":\"https:\/\/staging.lucky-hunter.com\/hu\/shop\/\"},{\"@type\":\"ListItem\",\"position\":3,\"name\":\"Banded Atchafalaya Pullover &#8211; Timber\"}]},{\"@type\":\"WebSite\",\"@id\":\"https:\/\/staging.lucky-hunter.com\/#website\",\"url\":\"https:\/\/staging.lucky-hunter.com\/\",\"name\":\"Lucky-Hunter\",\"description\":\"Gear Up or Give Up\",\"potentialAction\":[{\"@type\":\"SearchAction\",\"target\":{\"@type\":\"EntryPoint\",\"urlTemplate\":\"https:\/\/staging.lucky-hunter.com\/?s={search_term_string}\"},\"query-input\":{\"@type\":\"PropertyValueSpecification\",\"valueRequired\":true,\"valueName\":\"search_term_string\"}}],\"inLanguage\":\"hu\"}]}<\/script>\n<!-- \/ Yoast SEO plugin. -->","yoast_head_json":{"title":"Banded Atchafalaya Pullover - The ultimate hunters hoody","description":"Banded Atchafalaya pullover is windproof and weatherproof with a really nice fleece lining. Quiet, warm and water-repellent fabric.","robots":{"index":"noindex","follow":"follow","max-snippet":"max-snippet:-1","max-image-preview":"max-image-preview:large","max-video-preview":"max-video-preview:-1"},"og_locale":"hu_HU","og_type":"article","og_title":"Banded Atchafalaya Pullover - The ultimate hunters hoody","og_description":"Banded Atchafalaya pullover is windproof and weatherproof with a really nice fleece lining. Quiet, warm and water-repellent fabric.","og_url":"https:\/\/staging.lucky-hunter.com\/product\/banded-atchafalaya-pullover-timber\/","og_site_name":"Lucky-Hunter","article_modified_time":"2025-10-01T23:31:29+00:00","og_image":[{"width":1000,"height":1000,"url":"https:\/\/staging.lucky-hunter.com\/wp-content\/uploads\/2022\/07\/JB-0080.png","type":"image\/png"}],"twitter_card":"summary_large_image","twitter_misc":{"Becs\u00fclt olvas\u00e1si id\u0151":"1 perc"},"schema":{"@context":"https:\/\/schema.org","@graph":[{"@type":"WebPage","@id":"https:\/\/staging.lucky-hunter.com\/product\/banded-atchafalaya-pullover-timber\/","url":"https:\/\/staging.lucky-hunter.com\/product\/banded-atchafalaya-pullover-timber\/","name":"Banded Atchafalaya Pullover - The ultimate hunters hoody","isPartOf":{"@id":"https:\/\/staging.lucky-hunter.com\/#website"},"primaryImageOfPage":{"@id":"https:\/\/staging.lucky-hunter.com\/product\/banded-atchafalaya-pullover-timber\/#primaryimage"},"image":{"@id":"https:\/\/staging.lucky-hunter.com\/product\/banded-atchafalaya-pullover-timber\/#primaryimage"},"thumbnailUrl":"https:\/\/staging.lucky-hunter.com\/wp-content\/uploads\/2022\/07\/JB-0080.png","datePublished":"2022-07-11T13:34:09+00:00","dateModified":"2025-10-01T23:31:29+00:00","description":"Banded Atchafalaya pullover is windproof and weatherproof with a really nice fleece lining. Quiet, warm and water-repellent fabric.","breadcrumb":{"@id":"https:\/\/staging.lucky-hunter.com\/product\/banded-atchafalaya-pullover-timber\/#breadcrumb"},"inLanguage":"hu","potentialAction":[{"@type":"ReadAction","target":["https:\/\/staging.lucky-hunter.com\/product\/banded-atchafalaya-pullover-timber\/"]}]},{"@type":"ImageObject","inLanguage":"hu","@id":"https:\/\/staging.lucky-hunter.com\/product\/banded-atchafalaya-pullover-timber\/#primaryimage","url":"https:\/\/staging.lucky-hunter.com\/wp-content\/uploads\/2022\/07\/JB-0080.png","contentUrl":"https:\/\/staging.lucky-hunter.com\/wp-content\/uploads\/2022\/07\/JB-0080.png","width":1000,"height":1000},{"@type":"BreadcrumbList","@id":"https:\/\/staging.lucky-hunter.com\/product\/banded-atchafalaya-pullover-timber\/#breadcrumb","itemListElement":[{"@type":"ListItem","position":1,"name":"Home","item":"https:\/\/staging.lucky-hunter.com\/hu\/"},{"@type":"ListItem","position":2,"name":"Shop","item":"https:\/\/staging.lucky-hunter.com\/hu\/shop\/"},{"@type":"ListItem","position":3,"name":"Banded Atchafalaya Pullover &#8211; Timber"}]},{"@type":"WebSite","@id":"https:\/\/staging.lucky-hunter.com\/#website","url":"https:\/\/staging.lucky-hunter.com\/","name":"Lucky-Hunter","description":"Gear Up or Give Up","potentialAction":[{"@type":"SearchAction","target":{"@type":"EntryPoint","urlTemplate":"https:\/\/staging.lucky-hunter.com\/?s={search_term_string}"},"query-input":{"@type":"PropertyValueSpecification","valueRequired":true,"valueName":"search_term_string"}}],"inLanguage":"hu"}]}},"_links":{"self":[{"href":"https:\/\/staging.lucky-hunter.com\/hu\/wp-json\/wp\/v2\/product\/31232"}],"collection":[{"href":"https:\/\/staging.lucky-hunter.com\/hu\/wp-json\/wp\/v2\/product"}],"about":[{"href":"https:\/\/staging.lucky-hunter.com\/hu\/wp-json\/wp\/v2\/types\/product"}],"wp:featuredmedia":[{"embeddable":true,"href":"https:\/\/staging.lucky-hunter.com\/hu\/wp-json\/wp\/v2\/media\/31256"}],"wp:attachment":[{"href":"https:\/\/staging.lucky-hunter.com\/hu\/wp-json\/wp\/v2\/media?parent=31232"}],"wp:term":[{"taxonomy":"product_brand","embeddable":true,"href":"https:\/\/staging.lucky-hunter.com\/hu\/wp-json\/wp\/v2\/product_brand?post=31232"},{"taxonomy":"product_cat","embeddable":true,"href":"https:\/\/staging.lucky-hunter.com\/hu\/wp-json\/wp\/v2\/product_cat?post=31232"},{"taxonomy":"product_tag","embeddable":true,"href":"https:\/\/staging.lucky-hunter.com\/hu\/wp-json\/wp\/v2\/product_tag?post=31232"}],"curies":[{"name":"wp","href":"https:\/\/api.w.org\/{rel}","templated":true}]}}