{"id":28289,"date":"2022-06-16T12:25:46","date_gmt":"2022-06-16T10:25:46","guid":{"rendered":"https:\/\/staging.lucky-hunter.com\/?post_type=product&#038;p=28289"},"modified":"2025-10-02T04:25:10","modified_gmt":"2025-10-02T02:25:10","slug":"rigem-right-xtreme-ghillie-layout-blind","status":"publish","type":"product","link":"https:\/\/staging.lucky-hunter.com\/hu\/product\/rigem-right-xtreme-ghillie-layout-blind\/","title":{"rendered":"Rig\u00b4Em Right Xtreme Ghillie Layout Blind"},"content":{"rendered":"<h2><strong>Rig\u00b4Em Right &#8211; Gear For Diehard Waterfowlers<\/strong><\/h2>\n<div>When it comes to waterfowl hunting, getting hidden is the first key to success.<\/div>\n<div><\/div>\n<div>The all new Xtreme Ghillie Layout Blind from Rig&#8217;Em Right\u00ae is the most effective concealment system ever designed.<\/div>\n<div><\/div>\n<div>Featuring interchangeable Ghillie covers with plenty of stubble straps for adding native vegetation, this low-profile blind practically disappears in the field.<\/div>\n<div><\/div>\n<div>Additionally, this blind features the signature multi-layer padded backrest and water-shedding cover for warmth and all-day comfort.<\/div>\n<div><\/div>\n<div>The unique frame design offers lightning fast set-up and take-down and stows away with little space required.<\/div>\n<div><\/div>\n<div>This blind has plenty of room under the headrest to stash extra gear &#8211; this is a low-profile blind that does not compromise comfort for concealment.<\/div>\n<div><\/div>\n<div>GORE\u00aeOPTIFADE\u00ae Marsh cover included.<\/div>\n<div><\/div>\n<div>Field Green cover and Snow cover sold separately<\/div>\n<div><\/div>\n<div><strong>Measurements are approximate:<\/strong><\/div>\n<ul>\n<li>Length: 211 cm<\/li>\n<li>Interior width: 76 cm<\/li>\n<li>Headrest height: 38 cm<\/li>\n<li>Interior width at head rest: 76 cm<\/li>\n<li>Interior width at footbed: 58,5 cm<\/li>\n<li>Interior height at footbed: 33 cm<\/li>\n<li>Folded: 111x 208 x 25 cm<\/li>\n<li>Weight: 10 kilo.<\/li>\n<\/ul>\n<div><strong>Assembly Instructions Here:\u00a0<\/strong><\/div>\n<div>https:\/\/cdn.shopify.com\/s\/files\/1\/0060\/0801\/2871\/files\/Xtreme_Ghillie_Instructions.pdf?v=1647014003<\/div>\n","protected":false},"excerpt":{"rendered":"<div>The all new Xtreme Ghillie Layout Blind from Rig&#8217;Em Right\u00ae is the most effective concealment system ever designed.<\/div>\n<div><\/div>\n","protected":false},"featured_media":55383,"template":"","meta":[],"product_brand":[95],"product_cat":[75],"product_tag":[],"yoast_head":"<!-- This site is optimized with the Yoast SEO plugin v24.3 - https:\/\/yoast.com\/wordpress\/plugins\/seo\/ -->\n<title>Rig\u00b4Em Right Xtreme Ghillie Layout Blind<\/title>\n<meta name=\"description\" content=\"The all new Xtreme Ghillie Layout Blind from Rig&#039;Em Right\u00ae is the most effective concealment system ever designed.\" \/>\n<meta name=\"robots\" content=\"noindex, follow, max-snippet:-1, max-image-preview:large, max-video-preview:-1\" \/>\n<meta property=\"og:locale\" content=\"hu_HU\" \/>\n<meta property=\"og:type\" content=\"article\" \/>\n<meta property=\"og:title\" content=\"Rig\u00b4Em Right Xtreme Ghillie Layout Blind\" \/>\n<meta property=\"og:description\" content=\"The all new Xtreme Ghillie Layout Blind from Rig&#039;Em Right\u00ae is the most effective concealment system ever designed.\" \/>\n<meta property=\"og:url\" content=\"https:\/\/staging.lucky-hunter.com\/product\/rigem-right-xtreme-ghillie-layout-blind\/\" \/>\n<meta property=\"og:site_name\" content=\"Lucky-Hunter\" \/>\n<meta property=\"article:modified_time\" content=\"2025-10-02T02:25:10+00:00\" \/>\n<meta property=\"og:image\" content=\"https:\/\/staging.lucky-hunter.com\/wp-content\/uploads\/2022\/06\/LS-219.png\" \/>\n\t<meta property=\"og:image:width\" content=\"1000\" \/>\n\t<meta property=\"og:image:height\" content=\"1000\" \/>\n\t<meta property=\"og:image:type\" content=\"image\/png\" \/>\n<meta name=\"twitter:card\" content=\"summary_large_image\" \/>\n<meta name=\"twitter:label1\" content=\"Becs\u00fclt olvas\u00e1si id\u0151\" \/>\n\t<meta name=\"twitter:data1\" content=\"1 perc\" \/>\n<script type=\"application\/ld+json\" class=\"yoast-schema-graph\">{\"@context\":\"https:\/\/schema.org\",\"@graph\":[{\"@type\":\"WebPage\",\"@id\":\"https:\/\/staging.lucky-hunter.com\/product\/rigem-right-xtreme-ghillie-layout-blind\/\",\"url\":\"https:\/\/staging.lucky-hunter.com\/product\/rigem-right-xtreme-ghillie-layout-blind\/\",\"name\":\"Rig\u00b4Em Right Xtreme Ghillie Layout Blind\",\"isPartOf\":{\"@id\":\"https:\/\/staging.lucky-hunter.com\/#website\"},\"primaryImageOfPage\":{\"@id\":\"https:\/\/staging.lucky-hunter.com\/product\/rigem-right-xtreme-ghillie-layout-blind\/#primaryimage\"},\"image\":{\"@id\":\"https:\/\/staging.lucky-hunter.com\/product\/rigem-right-xtreme-ghillie-layout-blind\/#primaryimage\"},\"thumbnailUrl\":\"https:\/\/staging.lucky-hunter.com\/wp-content\/uploads\/2022\/06\/LS-219.png\",\"datePublished\":\"2022-06-16T10:25:46+00:00\",\"dateModified\":\"2025-10-02T02:25:10+00:00\",\"description\":\"The all new Xtreme Ghillie Layout Blind from Rig'Em Right\u00ae is the most effective concealment system ever designed.\",\"breadcrumb\":{\"@id\":\"https:\/\/staging.lucky-hunter.com\/product\/rigem-right-xtreme-ghillie-layout-blind\/#breadcrumb\"},\"inLanguage\":\"hu\",\"potentialAction\":[{\"@type\":\"ReadAction\",\"target\":[\"https:\/\/staging.lucky-hunter.com\/product\/rigem-right-xtreme-ghillie-layout-blind\/\"]}]},{\"@type\":\"ImageObject\",\"inLanguage\":\"hu\",\"@id\":\"https:\/\/staging.lucky-hunter.com\/product\/rigem-right-xtreme-ghillie-layout-blind\/#primaryimage\",\"url\":\"https:\/\/staging.lucky-hunter.com\/wp-content\/uploads\/2022\/06\/LS-219.png\",\"contentUrl\":\"https:\/\/staging.lucky-hunter.com\/wp-content\/uploads\/2022\/06\/LS-219.png\",\"width\":1000,\"height\":1000},{\"@type\":\"BreadcrumbList\",\"@id\":\"https:\/\/staging.lucky-hunter.com\/product\/rigem-right-xtreme-ghillie-layout-blind\/#breadcrumb\",\"itemListElement\":[{\"@type\":\"ListItem\",\"position\":1,\"name\":\"Home\",\"item\":\"https:\/\/staging.lucky-hunter.com\/hu\/\"},{\"@type\":\"ListItem\",\"position\":2,\"name\":\"Shop\",\"item\":\"https:\/\/staging.lucky-hunter.com\/hu\/shop\/\"},{\"@type\":\"ListItem\",\"position\":3,\"name\":\"Rig\u00b4Em Right Xtreme Ghillie Layout Blind\"}]},{\"@type\":\"WebSite\",\"@id\":\"https:\/\/staging.lucky-hunter.com\/#website\",\"url\":\"https:\/\/staging.lucky-hunter.com\/\",\"name\":\"Lucky-Hunter\",\"description\":\"Gear Up or Give Up\",\"potentialAction\":[{\"@type\":\"SearchAction\",\"target\":{\"@type\":\"EntryPoint\",\"urlTemplate\":\"https:\/\/staging.lucky-hunter.com\/?s={search_term_string}\"},\"query-input\":{\"@type\":\"PropertyValueSpecification\",\"valueRequired\":true,\"valueName\":\"search_term_string\"}}],\"inLanguage\":\"hu\"}]}<\/script>\n<!-- \/ Yoast SEO plugin. -->","yoast_head_json":{"title":"Rig\u00b4Em Right Xtreme Ghillie Layout Blind","description":"The all new Xtreme Ghillie Layout Blind from Rig'Em Right\u00ae is the most effective concealment system ever designed.","robots":{"index":"noindex","follow":"follow","max-snippet":"max-snippet:-1","max-image-preview":"max-image-preview:large","max-video-preview":"max-video-preview:-1"},"og_locale":"hu_HU","og_type":"article","og_title":"Rig\u00b4Em Right Xtreme Ghillie Layout Blind","og_description":"The all new Xtreme Ghillie Layout Blind from Rig'Em Right\u00ae is the most effective concealment system ever designed.","og_url":"https:\/\/staging.lucky-hunter.com\/product\/rigem-right-xtreme-ghillie-layout-blind\/","og_site_name":"Lucky-Hunter","article_modified_time":"2025-10-02T02:25:10+00:00","og_image":[{"width":1000,"height":1000,"url":"https:\/\/staging.lucky-hunter.com\/wp-content\/uploads\/2022\/06\/LS-219.png","type":"image\/png"}],"twitter_card":"summary_large_image","twitter_misc":{"Becs\u00fclt olvas\u00e1si id\u0151":"1 perc"},"schema":{"@context":"https:\/\/schema.org","@graph":[{"@type":"WebPage","@id":"https:\/\/staging.lucky-hunter.com\/product\/rigem-right-xtreme-ghillie-layout-blind\/","url":"https:\/\/staging.lucky-hunter.com\/product\/rigem-right-xtreme-ghillie-layout-blind\/","name":"Rig\u00b4Em Right Xtreme Ghillie Layout Blind","isPartOf":{"@id":"https:\/\/staging.lucky-hunter.com\/#website"},"primaryImageOfPage":{"@id":"https:\/\/staging.lucky-hunter.com\/product\/rigem-right-xtreme-ghillie-layout-blind\/#primaryimage"},"image":{"@id":"https:\/\/staging.lucky-hunter.com\/product\/rigem-right-xtreme-ghillie-layout-blind\/#primaryimage"},"thumbnailUrl":"https:\/\/staging.lucky-hunter.com\/wp-content\/uploads\/2022\/06\/LS-219.png","datePublished":"2022-06-16T10:25:46+00:00","dateModified":"2025-10-02T02:25:10+00:00","description":"The all new Xtreme Ghillie Layout Blind from Rig'Em Right\u00ae is the most effective concealment system ever designed.","breadcrumb":{"@id":"https:\/\/staging.lucky-hunter.com\/product\/rigem-right-xtreme-ghillie-layout-blind\/#breadcrumb"},"inLanguage":"hu","potentialAction":[{"@type":"ReadAction","target":["https:\/\/staging.lucky-hunter.com\/product\/rigem-right-xtreme-ghillie-layout-blind\/"]}]},{"@type":"ImageObject","inLanguage":"hu","@id":"https:\/\/staging.lucky-hunter.com\/product\/rigem-right-xtreme-ghillie-layout-blind\/#primaryimage","url":"https:\/\/staging.lucky-hunter.com\/wp-content\/uploads\/2022\/06\/LS-219.png","contentUrl":"https:\/\/staging.lucky-hunter.com\/wp-content\/uploads\/2022\/06\/LS-219.png","width":1000,"height":1000},{"@type":"BreadcrumbList","@id":"https:\/\/staging.lucky-hunter.com\/product\/rigem-right-xtreme-ghillie-layout-blind\/#breadcrumb","itemListElement":[{"@type":"ListItem","position":1,"name":"Home","item":"https:\/\/staging.lucky-hunter.com\/hu\/"},{"@type":"ListItem","position":2,"name":"Shop","item":"https:\/\/staging.lucky-hunter.com\/hu\/shop\/"},{"@type":"ListItem","position":3,"name":"Rig\u00b4Em Right Xtreme Ghillie Layout Blind"}]},{"@type":"WebSite","@id":"https:\/\/staging.lucky-hunter.com\/#website","url":"https:\/\/staging.lucky-hunter.com\/","name":"Lucky-Hunter","description":"Gear Up or Give Up","potentialAction":[{"@type":"SearchAction","target":{"@type":"EntryPoint","urlTemplate":"https:\/\/staging.lucky-hunter.com\/?s={search_term_string}"},"query-input":{"@type":"PropertyValueSpecification","valueRequired":true,"valueName":"search_term_string"}}],"inLanguage":"hu"}]}},"_links":{"self":[{"href":"https:\/\/staging.lucky-hunter.com\/hu\/wp-json\/wp\/v2\/product\/28289"}],"collection":[{"href":"https:\/\/staging.lucky-hunter.com\/hu\/wp-json\/wp\/v2\/product"}],"about":[{"href":"https:\/\/staging.lucky-hunter.com\/hu\/wp-json\/wp\/v2\/types\/product"}],"wp:featuredmedia":[{"embeddable":true,"href":"https:\/\/staging.lucky-hunter.com\/hu\/wp-json\/wp\/v2\/media\/55383"}],"wp:attachment":[{"href":"https:\/\/staging.lucky-hunter.com\/hu\/wp-json\/wp\/v2\/media?parent=28289"}],"wp:term":[{"taxonomy":"product_brand","embeddable":true,"href":"https:\/\/staging.lucky-hunter.com\/hu\/wp-json\/wp\/v2\/product_brand?post=28289"},{"taxonomy":"product_cat","embeddable":true,"href":"https:\/\/staging.lucky-hunter.com\/hu\/wp-json\/wp\/v2\/product_cat?post=28289"},{"taxonomy":"product_tag","embeddable":true,"href":"https:\/\/staging.lucky-hunter.com\/hu\/wp-json\/wp\/v2\/product_tag?post=28289"}],"curies":[{"name":"wp","href":"https:\/\/api.w.org\/{rel}","templated":true}]}}