{"id":28207,"date":"2022-06-14T09:41:19","date_gmt":"2022-06-14T07:41:19","guid":{"rendered":"https:\/\/staging.lucky-hunter.com\/?post_type=product&#038;p=28207"},"modified":"2025-10-02T06:01:34","modified_gmt":"2025-10-02T04:01:34","slug":"niggeloh-dog-harness-follow-trail","status":"publish","type":"product","link":"https:\/\/staging.lucky-hunter.com\/hu\/product\/niggeloh-dog-harness-follow-trail\/","title":{"rendered":"Niggeloh Dog Harness Follow &#8220;TRAIL&#8221;"},"content":{"rendered":"<h2><strong>Multi-purpose and multi-talented harnesses for dogs by Niggeloh<\/strong><\/h2>\n<p>A professional dog harness by German Niggeloh. It is a no-frills piece of equipment for the serious dog handler team.<\/p>\n<p>TRAIL: Trail or track: You name it\u2026 these functions are programmed in the design. Co-designed and tested with dog handling experts at the Southern Black Forest Tracking Station.<\/p>\n<p>Hand-made in Germany.<\/p>\n<p>This harness guarantees that your dog is at top performance.<\/p>\n<p>The harness is flexible and elastic; the dog is unencumbered in its movements and can freely track with its nose to the ground\u2026 all the way to the end of the trail.<\/p>\n<p>Available in size Small that fits short-legged scent hounds (Dachsbracke), large Terrier breeds, Beagle, Toy Poodle, Pomeranian, Miniature Schnauzer etc.<\/p>\n","protected":false},"excerpt":{"rendered":"<p>This harness by German Niggeloh guarantees that your dog is at top performance. The harness is flexible and elastic.<\/p>\n","protected":false},"featured_media":28233,"template":"","meta":[],"product_brand":[8091],"product_cat":[8083],"product_tag":[],"yoast_head":"<!-- This site is optimized with the Yoast SEO plugin v24.3 - https:\/\/yoast.com\/wordpress\/plugins\/seo\/ -->\n<title>Niggeloh Dog Harness Follow &quot;TRAIL&quot;<\/title>\n<meta name=\"description\" content=\"This harness by German Niggeloh guarantees that your dog is at top performance. The harness is flexible and elastic.\" \/>\n<meta name=\"robots\" content=\"noindex, follow, max-snippet:-1, max-image-preview:large, max-video-preview:-1\" \/>\n<meta property=\"og:locale\" content=\"hu_HU\" \/>\n<meta property=\"og:type\" content=\"article\" \/>\n<meta property=\"og:title\" content=\"Niggeloh Dog Harness Follow &quot;TRAIL&quot;\" \/>\n<meta property=\"og:description\" content=\"This harness by German Niggeloh guarantees that your dog is at top performance. The harness is flexible and elastic.\" \/>\n<meta property=\"og:url\" content=\"https:\/\/staging.lucky-hunter.com\/product\/niggeloh-dog-harness-follow-trail\/\" \/>\n<meta property=\"og:site_name\" content=\"Lucky-Hunter\" \/>\n<meta property=\"article:modified_time\" content=\"2025-10-02T04:01:34+00:00\" \/>\n<meta property=\"og:image\" content=\"https:\/\/staging.lucky-hunter.com\/wp-content\/uploads\/2022\/06\/151700014-Hundefu\u0308hrgeschirr-Follow-Trail-Gr.-M-rot-gelb-frei-medium-1.png\" \/>\n\t<meta property=\"og:image:width\" content=\"1276\" \/>\n\t<meta property=\"og:image:height\" content=\"1600\" \/>\n\t<meta property=\"og:image:type\" content=\"image\/png\" \/>\n<meta name=\"twitter:card\" content=\"summary_large_image\" \/>\n<meta name=\"twitter:label1\" content=\"Becs\u00fclt olvas\u00e1si id\u0151\" \/>\n\t<meta name=\"twitter:data1\" content=\"1 perc\" \/>\n<script type=\"application\/ld+json\" class=\"yoast-schema-graph\">{\"@context\":\"https:\/\/schema.org\",\"@graph\":[{\"@type\":\"WebPage\",\"@id\":\"https:\/\/staging.lucky-hunter.com\/product\/niggeloh-dog-harness-follow-trail\/\",\"url\":\"https:\/\/staging.lucky-hunter.com\/product\/niggeloh-dog-harness-follow-trail\/\",\"name\":\"Niggeloh Dog Harness Follow \\\"TRAIL\\\"\",\"isPartOf\":{\"@id\":\"https:\/\/staging.lucky-hunter.com\/#website\"},\"primaryImageOfPage\":{\"@id\":\"https:\/\/staging.lucky-hunter.com\/product\/niggeloh-dog-harness-follow-trail\/#primaryimage\"},\"image\":{\"@id\":\"https:\/\/staging.lucky-hunter.com\/product\/niggeloh-dog-harness-follow-trail\/#primaryimage\"},\"thumbnailUrl\":\"https:\/\/staging.lucky-hunter.com\/wp-content\/uploads\/2022\/06\/151700014-Hundefu\u0308hrgeschirr-Follow-Trail-Gr.-M-rot-gelb-frei-medium-1.png\",\"datePublished\":\"2022-06-14T07:41:19+00:00\",\"dateModified\":\"2025-10-02T04:01:34+00:00\",\"description\":\"This harness by German Niggeloh guarantees that your dog is at top performance. The harness is flexible and elastic.\",\"breadcrumb\":{\"@id\":\"https:\/\/staging.lucky-hunter.com\/product\/niggeloh-dog-harness-follow-trail\/#breadcrumb\"},\"inLanguage\":\"hu\",\"potentialAction\":[{\"@type\":\"ReadAction\",\"target\":[\"https:\/\/staging.lucky-hunter.com\/product\/niggeloh-dog-harness-follow-trail\/\"]}]},{\"@type\":\"ImageObject\",\"inLanguage\":\"hu\",\"@id\":\"https:\/\/staging.lucky-hunter.com\/product\/niggeloh-dog-harness-follow-trail\/#primaryimage\",\"url\":\"https:\/\/staging.lucky-hunter.com\/wp-content\/uploads\/2022\/06\/151700014-Hundefu\u0308hrgeschirr-Follow-Trail-Gr.-M-rot-gelb-frei-medium-1.png\",\"contentUrl\":\"https:\/\/staging.lucky-hunter.com\/wp-content\/uploads\/2022\/06\/151700014-Hundefu\u0308hrgeschirr-Follow-Trail-Gr.-M-rot-gelb-frei-medium-1.png\",\"width\":1276,\"height\":1600},{\"@type\":\"BreadcrumbList\",\"@id\":\"https:\/\/staging.lucky-hunter.com\/product\/niggeloh-dog-harness-follow-trail\/#breadcrumb\",\"itemListElement\":[{\"@type\":\"ListItem\",\"position\":1,\"name\":\"Home\",\"item\":\"https:\/\/staging.lucky-hunter.com\/hu\/\"},{\"@type\":\"ListItem\",\"position\":2,\"name\":\"Shop\",\"item\":\"https:\/\/staging.lucky-hunter.com\/hu\/shop\/\"},{\"@type\":\"ListItem\",\"position\":3,\"name\":\"Niggeloh Dog Harness Follow &#8220;TRAIL&#8221;\"}]},{\"@type\":\"WebSite\",\"@id\":\"https:\/\/staging.lucky-hunter.com\/#website\",\"url\":\"https:\/\/staging.lucky-hunter.com\/\",\"name\":\"Lucky-Hunter\",\"description\":\"Gear Up or Give Up\",\"potentialAction\":[{\"@type\":\"SearchAction\",\"target\":{\"@type\":\"EntryPoint\",\"urlTemplate\":\"https:\/\/staging.lucky-hunter.com\/?s={search_term_string}\"},\"query-input\":{\"@type\":\"PropertyValueSpecification\",\"valueRequired\":true,\"valueName\":\"search_term_string\"}}],\"inLanguage\":\"hu\"}]}<\/script>\n<!-- \/ Yoast SEO plugin. -->","yoast_head_json":{"title":"Niggeloh Dog Harness Follow \"TRAIL\"","description":"This harness by German Niggeloh guarantees that your dog is at top performance. The harness is flexible and elastic.","robots":{"index":"noindex","follow":"follow","max-snippet":"max-snippet:-1","max-image-preview":"max-image-preview:large","max-video-preview":"max-video-preview:-1"},"og_locale":"hu_HU","og_type":"article","og_title":"Niggeloh Dog Harness Follow \"TRAIL\"","og_description":"This harness by German Niggeloh guarantees that your dog is at top performance. The harness is flexible and elastic.","og_url":"https:\/\/staging.lucky-hunter.com\/product\/niggeloh-dog-harness-follow-trail\/","og_site_name":"Lucky-Hunter","article_modified_time":"2025-10-02T04:01:34+00:00","og_image":[{"width":1276,"height":1600,"url":"https:\/\/staging.lucky-hunter.com\/wp-content\/uploads\/2022\/06\/151700014-Hundefu\u0308hrgeschirr-Follow-Trail-Gr.-M-rot-gelb-frei-medium-1.png","type":"image\/png"}],"twitter_card":"summary_large_image","twitter_misc":{"Becs\u00fclt olvas\u00e1si id\u0151":"1 perc"},"schema":{"@context":"https:\/\/schema.org","@graph":[{"@type":"WebPage","@id":"https:\/\/staging.lucky-hunter.com\/product\/niggeloh-dog-harness-follow-trail\/","url":"https:\/\/staging.lucky-hunter.com\/product\/niggeloh-dog-harness-follow-trail\/","name":"Niggeloh Dog Harness Follow \"TRAIL\"","isPartOf":{"@id":"https:\/\/staging.lucky-hunter.com\/#website"},"primaryImageOfPage":{"@id":"https:\/\/staging.lucky-hunter.com\/product\/niggeloh-dog-harness-follow-trail\/#primaryimage"},"image":{"@id":"https:\/\/staging.lucky-hunter.com\/product\/niggeloh-dog-harness-follow-trail\/#primaryimage"},"thumbnailUrl":"https:\/\/staging.lucky-hunter.com\/wp-content\/uploads\/2022\/06\/151700014-Hundefu\u0308hrgeschirr-Follow-Trail-Gr.-M-rot-gelb-frei-medium-1.png","datePublished":"2022-06-14T07:41:19+00:00","dateModified":"2025-10-02T04:01:34+00:00","description":"This harness by German Niggeloh guarantees that your dog is at top performance. The harness is flexible and elastic.","breadcrumb":{"@id":"https:\/\/staging.lucky-hunter.com\/product\/niggeloh-dog-harness-follow-trail\/#breadcrumb"},"inLanguage":"hu","potentialAction":[{"@type":"ReadAction","target":["https:\/\/staging.lucky-hunter.com\/product\/niggeloh-dog-harness-follow-trail\/"]}]},{"@type":"ImageObject","inLanguage":"hu","@id":"https:\/\/staging.lucky-hunter.com\/product\/niggeloh-dog-harness-follow-trail\/#primaryimage","url":"https:\/\/staging.lucky-hunter.com\/wp-content\/uploads\/2022\/06\/151700014-Hundefu\u0308hrgeschirr-Follow-Trail-Gr.-M-rot-gelb-frei-medium-1.png","contentUrl":"https:\/\/staging.lucky-hunter.com\/wp-content\/uploads\/2022\/06\/151700014-Hundefu\u0308hrgeschirr-Follow-Trail-Gr.-M-rot-gelb-frei-medium-1.png","width":1276,"height":1600},{"@type":"BreadcrumbList","@id":"https:\/\/staging.lucky-hunter.com\/product\/niggeloh-dog-harness-follow-trail\/#breadcrumb","itemListElement":[{"@type":"ListItem","position":1,"name":"Home","item":"https:\/\/staging.lucky-hunter.com\/hu\/"},{"@type":"ListItem","position":2,"name":"Shop","item":"https:\/\/staging.lucky-hunter.com\/hu\/shop\/"},{"@type":"ListItem","position":3,"name":"Niggeloh Dog Harness Follow &#8220;TRAIL&#8221;"}]},{"@type":"WebSite","@id":"https:\/\/staging.lucky-hunter.com\/#website","url":"https:\/\/staging.lucky-hunter.com\/","name":"Lucky-Hunter","description":"Gear Up or Give Up","potentialAction":[{"@type":"SearchAction","target":{"@type":"EntryPoint","urlTemplate":"https:\/\/staging.lucky-hunter.com\/?s={search_term_string}"},"query-input":{"@type":"PropertyValueSpecification","valueRequired":true,"valueName":"search_term_string"}}],"inLanguage":"hu"}]}},"_links":{"self":[{"href":"https:\/\/staging.lucky-hunter.com\/hu\/wp-json\/wp\/v2\/product\/28207"}],"collection":[{"href":"https:\/\/staging.lucky-hunter.com\/hu\/wp-json\/wp\/v2\/product"}],"about":[{"href":"https:\/\/staging.lucky-hunter.com\/hu\/wp-json\/wp\/v2\/types\/product"}],"wp:featuredmedia":[{"embeddable":true,"href":"https:\/\/staging.lucky-hunter.com\/hu\/wp-json\/wp\/v2\/media\/28233"}],"wp:attachment":[{"href":"https:\/\/staging.lucky-hunter.com\/hu\/wp-json\/wp\/v2\/media?parent=28207"}],"wp:term":[{"taxonomy":"product_brand","embeddable":true,"href":"https:\/\/staging.lucky-hunter.com\/hu\/wp-json\/wp\/v2\/product_brand?post=28207"},{"taxonomy":"product_cat","embeddable":true,"href":"https:\/\/staging.lucky-hunter.com\/hu\/wp-json\/wp\/v2\/product_cat?post=28207"},{"taxonomy":"product_tag","embeddable":true,"href":"https:\/\/staging.lucky-hunter.com\/hu\/wp-json\/wp\/v2\/product_tag?post=28207"}],"curies":[{"name":"wp","href":"https:\/\/api.w.org\/{rel}","templated":true}]}}