{"id":28205,"date":"2022-06-13T13:26:01","date_gmt":"2022-06-13T11:26:01","guid":{"rendered":"https:\/\/staging.lucky-hunter.com\/?post_type=product&#038;p=28205"},"modified":"2023-01-12T00:52:15","modified_gmt":"2023-01-11T23:52:15","slug":"niggeloh-blood-tracking-lead-trail-ultra","status":"publish","type":"product","link":"https:\/\/staging.lucky-hunter.com\/hu\/product\/niggeloh-blood-tracking-lead-trail-ultra\/","title":{"rendered":"Niggeloh Blood Tracking Lead &#8211; Trail Ultra"},"content":{"rendered":"<h2><strong>High Quality 20 mm tracking lead by German Niggeloh<\/strong><\/h2>\n<p>The typical Niggeloh cross-ribbed design lets you hold this lead comfortably and securely.<\/p>\n<p>New edge reinforced webbing technique protects your hand from abrasive burns.<\/p>\n<p>Niggeloh TRAIL Ultra is water resistant, long-lasting, keeps clean and endures your worst conditions of wear and tear.<\/p>\n<p>Measures 12 m in length and is 20 mm wide, ultralight.<\/p>\n<p>Blaze yellow-red (cross ribbing) with woven REFLECTIVE STRIPES<\/p>\n<p>Leather stop alerts you to end of lead within 1 m.<\/p>\n","protected":false},"excerpt":{"rendered":"<p>Niggeloh \u201cTRAIL Ultra\u201d dog leash is water resistant, long-lasting, keeps clean and endures your worst conditions of wear and tear.<\/p>\n","protected":false},"featured_media":28243,"template":"","meta":[],"product_brand":[8091],"product_cat":[8083],"product_tag":[],"yoast_head":"<!-- This site is optimized with the Yoast SEO plugin v24.3 - https:\/\/yoast.com\/wordpress\/plugins\/seo\/ -->\n<title>Niggeloh Blood Tracking Lead &quot;TRAIL Ultra&quot;<\/title>\n<meta name=\"description\" content=\"Niggeloh \u201cTRAIL Ultra&quot; dog leash is water resistant, long-lasting, keeps clean and endures your worst conditions of wear and tear.\" \/>\n<meta name=\"robots\" content=\"noindex, follow, max-snippet:-1, max-image-preview:large, max-video-preview:-1\" \/>\n<meta property=\"og:locale\" content=\"hu_HU\" \/>\n<meta property=\"og:type\" content=\"article\" \/>\n<meta property=\"og:title\" content=\"Niggeloh Blood Tracking Lead &quot;TRAIL Ultra&quot;\" \/>\n<meta property=\"og:description\" content=\"Niggeloh \u201cTRAIL Ultra&quot; dog leash is water resistant, long-lasting, keeps clean and endures your worst conditions of wear and tear.\" \/>\n<meta property=\"og:url\" content=\"https:\/\/staging.lucky-hunter.com\/product\/niggeloh-blood-tracking-lead-trail-ultra\/\" \/>\n<meta property=\"og:site_name\" content=\"Lucky-Hunter\" \/>\n<meta property=\"article:modified_time\" content=\"2023-01-11T23:52:15+00:00\" \/>\n<meta property=\"og:image\" content=\"https:\/\/staging.lucky-hunter.com\/wp-content\/uploads\/2022\/06\/NI-161700001-Schweissriemen-TRAIL-20mm-12M-rot-gelb_frei-medium-1.png\" \/>\n\t<meta property=\"og:image:width\" content=\"1600\" \/>\n\t<meta property=\"og:image:height\" content=\"294\" \/>\n\t<meta property=\"og:image:type\" content=\"image\/png\" \/>\n<meta name=\"twitter:card\" content=\"summary_large_image\" \/>\n<meta name=\"twitter:label1\" content=\"Becs\u00fclt olvas\u00e1si id\u0151\" \/>\n\t<meta name=\"twitter:data1\" content=\"1 perc\" \/>\n<script type=\"application\/ld+json\" class=\"yoast-schema-graph\">{\"@context\":\"https:\/\/schema.org\",\"@graph\":[{\"@type\":\"WebPage\",\"@id\":\"https:\/\/staging.lucky-hunter.com\/product\/niggeloh-blood-tracking-lead-trail-ultra\/\",\"url\":\"https:\/\/staging.lucky-hunter.com\/product\/niggeloh-blood-tracking-lead-trail-ultra\/\",\"name\":\"Niggeloh Blood Tracking Lead \\\"TRAIL Ultra\\\"\",\"isPartOf\":{\"@id\":\"https:\/\/staging.lucky-hunter.com\/#website\"},\"primaryImageOfPage\":{\"@id\":\"https:\/\/staging.lucky-hunter.com\/product\/niggeloh-blood-tracking-lead-trail-ultra\/#primaryimage\"},\"image\":{\"@id\":\"https:\/\/staging.lucky-hunter.com\/product\/niggeloh-blood-tracking-lead-trail-ultra\/#primaryimage\"},\"thumbnailUrl\":\"https:\/\/staging.lucky-hunter.com\/wp-content\/uploads\/2022\/06\/NI-161700001-Schweissriemen-TRAIL-20mm-12M-rot-gelb_frei-medium-1.png\",\"datePublished\":\"2022-06-13T11:26:01+00:00\",\"dateModified\":\"2023-01-11T23:52:15+00:00\",\"description\":\"Niggeloh \u201cTRAIL Ultra\\\" dog leash is water resistant, long-lasting, keeps clean and endures your worst conditions of wear and tear.\",\"breadcrumb\":{\"@id\":\"https:\/\/staging.lucky-hunter.com\/product\/niggeloh-blood-tracking-lead-trail-ultra\/#breadcrumb\"},\"inLanguage\":\"hu\",\"potentialAction\":[{\"@type\":\"ReadAction\",\"target\":[\"https:\/\/staging.lucky-hunter.com\/product\/niggeloh-blood-tracking-lead-trail-ultra\/\"]}]},{\"@type\":\"ImageObject\",\"inLanguage\":\"hu\",\"@id\":\"https:\/\/staging.lucky-hunter.com\/product\/niggeloh-blood-tracking-lead-trail-ultra\/#primaryimage\",\"url\":\"https:\/\/staging.lucky-hunter.com\/wp-content\/uploads\/2022\/06\/NI-161700001-Schweissriemen-TRAIL-20mm-12M-rot-gelb_frei-medium-1.png\",\"contentUrl\":\"https:\/\/staging.lucky-hunter.com\/wp-content\/uploads\/2022\/06\/NI-161700001-Schweissriemen-TRAIL-20mm-12M-rot-gelb_frei-medium-1.png\",\"width\":1600,\"height\":294},{\"@type\":\"BreadcrumbList\",\"@id\":\"https:\/\/staging.lucky-hunter.com\/product\/niggeloh-blood-tracking-lead-trail-ultra\/#breadcrumb\",\"itemListElement\":[{\"@type\":\"ListItem\",\"position\":1,\"name\":\"Home\",\"item\":\"https:\/\/staging.lucky-hunter.com\/hu\/\"},{\"@type\":\"ListItem\",\"position\":2,\"name\":\"Shop\",\"item\":\"https:\/\/staging.lucky-hunter.com\/hu\/shop\/\"},{\"@type\":\"ListItem\",\"position\":3,\"name\":\"Niggeloh Blood Tracking Lead &#8211; Trail Ultra\"}]},{\"@type\":\"WebSite\",\"@id\":\"https:\/\/staging.lucky-hunter.com\/#website\",\"url\":\"https:\/\/staging.lucky-hunter.com\/\",\"name\":\"Lucky-Hunter\",\"description\":\"Gear Up or Give Up\",\"potentialAction\":[{\"@type\":\"SearchAction\",\"target\":{\"@type\":\"EntryPoint\",\"urlTemplate\":\"https:\/\/staging.lucky-hunter.com\/?s={search_term_string}\"},\"query-input\":{\"@type\":\"PropertyValueSpecification\",\"valueRequired\":true,\"valueName\":\"search_term_string\"}}],\"inLanguage\":\"hu\"}]}<\/script>\n<!-- \/ Yoast SEO plugin. -->","yoast_head_json":{"title":"Niggeloh Blood Tracking Lead \"TRAIL Ultra\"","description":"Niggeloh \u201cTRAIL Ultra\" dog leash is water resistant, long-lasting, keeps clean and endures your worst conditions of wear and tear.","robots":{"index":"noindex","follow":"follow","max-snippet":"max-snippet:-1","max-image-preview":"max-image-preview:large","max-video-preview":"max-video-preview:-1"},"og_locale":"hu_HU","og_type":"article","og_title":"Niggeloh Blood Tracking Lead \"TRAIL Ultra\"","og_description":"Niggeloh \u201cTRAIL Ultra\" dog leash is water resistant, long-lasting, keeps clean and endures your worst conditions of wear and tear.","og_url":"https:\/\/staging.lucky-hunter.com\/product\/niggeloh-blood-tracking-lead-trail-ultra\/","og_site_name":"Lucky-Hunter","article_modified_time":"2023-01-11T23:52:15+00:00","og_image":[{"width":1600,"height":294,"url":"https:\/\/staging.lucky-hunter.com\/wp-content\/uploads\/2022\/06\/NI-161700001-Schweissriemen-TRAIL-20mm-12M-rot-gelb_frei-medium-1.png","type":"image\/png"}],"twitter_card":"summary_large_image","twitter_misc":{"Becs\u00fclt olvas\u00e1si id\u0151":"1 perc"},"schema":{"@context":"https:\/\/schema.org","@graph":[{"@type":"WebPage","@id":"https:\/\/staging.lucky-hunter.com\/product\/niggeloh-blood-tracking-lead-trail-ultra\/","url":"https:\/\/staging.lucky-hunter.com\/product\/niggeloh-blood-tracking-lead-trail-ultra\/","name":"Niggeloh Blood Tracking Lead \"TRAIL Ultra\"","isPartOf":{"@id":"https:\/\/staging.lucky-hunter.com\/#website"},"primaryImageOfPage":{"@id":"https:\/\/staging.lucky-hunter.com\/product\/niggeloh-blood-tracking-lead-trail-ultra\/#primaryimage"},"image":{"@id":"https:\/\/staging.lucky-hunter.com\/product\/niggeloh-blood-tracking-lead-trail-ultra\/#primaryimage"},"thumbnailUrl":"https:\/\/staging.lucky-hunter.com\/wp-content\/uploads\/2022\/06\/NI-161700001-Schweissriemen-TRAIL-20mm-12M-rot-gelb_frei-medium-1.png","datePublished":"2022-06-13T11:26:01+00:00","dateModified":"2023-01-11T23:52:15+00:00","description":"Niggeloh \u201cTRAIL Ultra\" dog leash is water resistant, long-lasting, keeps clean and endures your worst conditions of wear and tear.","breadcrumb":{"@id":"https:\/\/staging.lucky-hunter.com\/product\/niggeloh-blood-tracking-lead-trail-ultra\/#breadcrumb"},"inLanguage":"hu","potentialAction":[{"@type":"ReadAction","target":["https:\/\/staging.lucky-hunter.com\/product\/niggeloh-blood-tracking-lead-trail-ultra\/"]}]},{"@type":"ImageObject","inLanguage":"hu","@id":"https:\/\/staging.lucky-hunter.com\/product\/niggeloh-blood-tracking-lead-trail-ultra\/#primaryimage","url":"https:\/\/staging.lucky-hunter.com\/wp-content\/uploads\/2022\/06\/NI-161700001-Schweissriemen-TRAIL-20mm-12M-rot-gelb_frei-medium-1.png","contentUrl":"https:\/\/staging.lucky-hunter.com\/wp-content\/uploads\/2022\/06\/NI-161700001-Schweissriemen-TRAIL-20mm-12M-rot-gelb_frei-medium-1.png","width":1600,"height":294},{"@type":"BreadcrumbList","@id":"https:\/\/staging.lucky-hunter.com\/product\/niggeloh-blood-tracking-lead-trail-ultra\/#breadcrumb","itemListElement":[{"@type":"ListItem","position":1,"name":"Home","item":"https:\/\/staging.lucky-hunter.com\/hu\/"},{"@type":"ListItem","position":2,"name":"Shop","item":"https:\/\/staging.lucky-hunter.com\/hu\/shop\/"},{"@type":"ListItem","position":3,"name":"Niggeloh Blood Tracking Lead &#8211; Trail Ultra"}]},{"@type":"WebSite","@id":"https:\/\/staging.lucky-hunter.com\/#website","url":"https:\/\/staging.lucky-hunter.com\/","name":"Lucky-Hunter","description":"Gear Up or Give Up","potentialAction":[{"@type":"SearchAction","target":{"@type":"EntryPoint","urlTemplate":"https:\/\/staging.lucky-hunter.com\/?s={search_term_string}"},"query-input":{"@type":"PropertyValueSpecification","valueRequired":true,"valueName":"search_term_string"}}],"inLanguage":"hu"}]}},"_links":{"self":[{"href":"https:\/\/staging.lucky-hunter.com\/hu\/wp-json\/wp\/v2\/product\/28205"}],"collection":[{"href":"https:\/\/staging.lucky-hunter.com\/hu\/wp-json\/wp\/v2\/product"}],"about":[{"href":"https:\/\/staging.lucky-hunter.com\/hu\/wp-json\/wp\/v2\/types\/product"}],"wp:featuredmedia":[{"embeddable":true,"href":"https:\/\/staging.lucky-hunter.com\/hu\/wp-json\/wp\/v2\/media\/28243"}],"wp:attachment":[{"href":"https:\/\/staging.lucky-hunter.com\/hu\/wp-json\/wp\/v2\/media?parent=28205"}],"wp:term":[{"taxonomy":"product_brand","embeddable":true,"href":"https:\/\/staging.lucky-hunter.com\/hu\/wp-json\/wp\/v2\/product_brand?post=28205"},{"taxonomy":"product_cat","embeddable":true,"href":"https:\/\/staging.lucky-hunter.com\/hu\/wp-json\/wp\/v2\/product_cat?post=28205"},{"taxonomy":"product_tag","embeddable":true,"href":"https:\/\/staging.lucky-hunter.com\/hu\/wp-json\/wp\/v2\/product_tag?post=28205"}],"curies":[{"name":"wp","href":"https:\/\/api.w.org\/{rel}","templated":true}]}}