{"id":28192,"date":"2022-06-14T12:13:58","date_gmt":"2022-06-14T10:13:58","guid":{"rendered":"https:\/\/staging.lucky-hunter.com\/?post_type=product&#038;p=28192"},"modified":"2025-10-02T06:02:10","modified_gmt":"2025-10-02T04:02:10","slug":"sportear-x-pro-stay-put-earplugs","status":"publish","type":"product","link":"https:\/\/staging.lucky-hunter.com\/hu\/product\/sportear-x-pro-stay-put-earplugs\/","title":{"rendered":"SportEar X-Pro Stay Put Earplugs"},"content":{"rendered":"<h2><strong>The most comfortable Earplugs<\/strong><\/h2>\n<div>You will enjoy unsurpassed comfort with this set of SportEar X-Pro earplugs made of soft silicone and a patented design.<\/div>\n<div><\/div>\n<div>The Sportear X-Pro is virtually impossible to drop due to the unique &#8220;stay put&#8221; silicone ring, which is ergonomically designed to maintain the position and comfort of the ear.<\/div>\n<div><\/div>\n<div>Your hearing remains protected without interfering with your ability to hear what is going on around you. The secret is a patented sound valve, which ensures that low sound levels are allowed to pass through, while potentially harmful noise levels are shut off.<\/div>\n<div><\/div>\n<div><strong>Features:<\/strong><\/div>\n<ul>\n<li>2 pcs silikone earplugs (L and M) included with a noise reduction on 22 and 12 dB in open and closed position<\/li>\n<li>2 pcs foam earplugs (S and M) included with a noise reduction on 29 and 12 dB in open and closed position<\/li>\n<li>The earplugs are washable, reusable and made of medical grade, non allergenic ultrasoft EVA materials that provide a perfect fit.<\/li>\n<\/ul>\n","protected":false},"excerpt":{"rendered":"<div>You will enjoy unsurpassed comfort with this set of SportEar X-Pro earplugs made of soft silicone and a patented design.<\/div>\n<div><\/div>\n","protected":false},"featured_media":56270,"template":"","meta":[],"product_brand":[],"product_cat":[9387],"product_tag":[],"yoast_head":"<!-- This site is optimized with the Yoast SEO plugin v24.3 - https:\/\/yoast.com\/wordpress\/plugins\/seo\/ -->\n<title>SportEar X-Pro Stay Put Earplugs - Ergonomically designed<\/title>\n<meta name=\"description\" content=\"You will enjoy unsurpassed comfort with this set of SportEar X-Pro earplugs made of soft silicone and a patented design. Perfect for shooting and hunting\" \/>\n<meta name=\"robots\" content=\"noindex, follow, max-snippet:-1, max-image-preview:large, max-video-preview:-1\" \/>\n<meta property=\"og:locale\" content=\"hu_HU\" \/>\n<meta property=\"og:type\" content=\"article\" \/>\n<meta property=\"og:title\" content=\"SportEar X-Pro Stay Put Earplugs - Ergonomically designed\" \/>\n<meta property=\"og:description\" content=\"You will enjoy unsurpassed comfort with this set of SportEar X-Pro earplugs made of soft silicone and a patented design. Perfect for shooting and hunting\" \/>\n<meta property=\"og:url\" content=\"https:\/\/staging.lucky-hunter.com\/product\/sportear-x-pro-stay-put-earplugs\/\" \/>\n<meta property=\"og:site_name\" content=\"Lucky-Hunter\" \/>\n<meta property=\"article:modified_time\" content=\"2025-10-02T04:02:10+00:00\" \/>\n<meta property=\"og:image\" content=\"https:\/\/staging.lucky-hunter.com\/wp-content\/uploads\/2022\/06\/PU-54.png\" \/>\n\t<meta property=\"og:image:width\" content=\"1000\" \/>\n\t<meta property=\"og:image:height\" content=\"1000\" \/>\n\t<meta property=\"og:image:type\" content=\"image\/png\" \/>\n<meta name=\"twitter:card\" content=\"summary_large_image\" \/>\n<meta name=\"twitter:label1\" content=\"Becs\u00fclt olvas\u00e1si id\u0151\" \/>\n\t<meta name=\"twitter:data1\" content=\"1 perc\" \/>\n<script type=\"application\/ld+json\" class=\"yoast-schema-graph\">{\"@context\":\"https:\/\/schema.org\",\"@graph\":[{\"@type\":\"WebPage\",\"@id\":\"https:\/\/staging.lucky-hunter.com\/product\/sportear-x-pro-stay-put-earplugs\/\",\"url\":\"https:\/\/staging.lucky-hunter.com\/product\/sportear-x-pro-stay-put-earplugs\/\",\"name\":\"SportEar X-Pro Stay Put Earplugs - Ergonomically designed\",\"isPartOf\":{\"@id\":\"https:\/\/staging.lucky-hunter.com\/#website\"},\"primaryImageOfPage\":{\"@id\":\"https:\/\/staging.lucky-hunter.com\/product\/sportear-x-pro-stay-put-earplugs\/#primaryimage\"},\"image\":{\"@id\":\"https:\/\/staging.lucky-hunter.com\/product\/sportear-x-pro-stay-put-earplugs\/#primaryimage\"},\"thumbnailUrl\":\"https:\/\/staging.lucky-hunter.com\/wp-content\/uploads\/2022\/06\/PU-54.png\",\"datePublished\":\"2022-06-14T10:13:58+00:00\",\"dateModified\":\"2025-10-02T04:02:10+00:00\",\"description\":\"You will enjoy unsurpassed comfort with this set of SportEar X-Pro earplugs made of soft silicone and a patented design. Perfect for shooting and hunting\",\"breadcrumb\":{\"@id\":\"https:\/\/staging.lucky-hunter.com\/product\/sportear-x-pro-stay-put-earplugs\/#breadcrumb\"},\"inLanguage\":\"hu\",\"potentialAction\":[{\"@type\":\"ReadAction\",\"target\":[\"https:\/\/staging.lucky-hunter.com\/product\/sportear-x-pro-stay-put-earplugs\/\"]}]},{\"@type\":\"ImageObject\",\"inLanguage\":\"hu\",\"@id\":\"https:\/\/staging.lucky-hunter.com\/product\/sportear-x-pro-stay-put-earplugs\/#primaryimage\",\"url\":\"https:\/\/staging.lucky-hunter.com\/wp-content\/uploads\/2022\/06\/PU-54.png\",\"contentUrl\":\"https:\/\/staging.lucky-hunter.com\/wp-content\/uploads\/2022\/06\/PU-54.png\",\"width\":1000,\"height\":1000,\"caption\":\"Earplugs\"},{\"@type\":\"BreadcrumbList\",\"@id\":\"https:\/\/staging.lucky-hunter.com\/product\/sportear-x-pro-stay-put-earplugs\/#breadcrumb\",\"itemListElement\":[{\"@type\":\"ListItem\",\"position\":1,\"name\":\"Home\",\"item\":\"https:\/\/staging.lucky-hunter.com\/hu\/\"},{\"@type\":\"ListItem\",\"position\":2,\"name\":\"Shop\",\"item\":\"https:\/\/staging.lucky-hunter.com\/hu\/shop\/\"},{\"@type\":\"ListItem\",\"position\":3,\"name\":\"SportEar X-Pro Stay Put Earplugs\"}]},{\"@type\":\"WebSite\",\"@id\":\"https:\/\/staging.lucky-hunter.com\/#website\",\"url\":\"https:\/\/staging.lucky-hunter.com\/\",\"name\":\"Lucky-Hunter\",\"description\":\"Gear Up or Give Up\",\"potentialAction\":[{\"@type\":\"SearchAction\",\"target\":{\"@type\":\"EntryPoint\",\"urlTemplate\":\"https:\/\/staging.lucky-hunter.com\/?s={search_term_string}\"},\"query-input\":{\"@type\":\"PropertyValueSpecification\",\"valueRequired\":true,\"valueName\":\"search_term_string\"}}],\"inLanguage\":\"hu\"}]}<\/script>\n<!-- \/ Yoast SEO plugin. -->","yoast_head_json":{"title":"SportEar X-Pro Stay Put Earplugs - Ergonomically designed","description":"You will enjoy unsurpassed comfort with this set of SportEar X-Pro earplugs made of soft silicone and a patented design. Perfect for shooting and hunting","robots":{"index":"noindex","follow":"follow","max-snippet":"max-snippet:-1","max-image-preview":"max-image-preview:large","max-video-preview":"max-video-preview:-1"},"og_locale":"hu_HU","og_type":"article","og_title":"SportEar X-Pro Stay Put Earplugs - Ergonomically designed","og_description":"You will enjoy unsurpassed comfort with this set of SportEar X-Pro earplugs made of soft silicone and a patented design. Perfect for shooting and hunting","og_url":"https:\/\/staging.lucky-hunter.com\/product\/sportear-x-pro-stay-put-earplugs\/","og_site_name":"Lucky-Hunter","article_modified_time":"2025-10-02T04:02:10+00:00","og_image":[{"width":1000,"height":1000,"url":"https:\/\/staging.lucky-hunter.com\/wp-content\/uploads\/2022\/06\/PU-54.png","type":"image\/png"}],"twitter_card":"summary_large_image","twitter_misc":{"Becs\u00fclt olvas\u00e1si id\u0151":"1 perc"},"schema":{"@context":"https:\/\/schema.org","@graph":[{"@type":"WebPage","@id":"https:\/\/staging.lucky-hunter.com\/product\/sportear-x-pro-stay-put-earplugs\/","url":"https:\/\/staging.lucky-hunter.com\/product\/sportear-x-pro-stay-put-earplugs\/","name":"SportEar X-Pro Stay Put Earplugs - Ergonomically designed","isPartOf":{"@id":"https:\/\/staging.lucky-hunter.com\/#website"},"primaryImageOfPage":{"@id":"https:\/\/staging.lucky-hunter.com\/product\/sportear-x-pro-stay-put-earplugs\/#primaryimage"},"image":{"@id":"https:\/\/staging.lucky-hunter.com\/product\/sportear-x-pro-stay-put-earplugs\/#primaryimage"},"thumbnailUrl":"https:\/\/staging.lucky-hunter.com\/wp-content\/uploads\/2022\/06\/PU-54.png","datePublished":"2022-06-14T10:13:58+00:00","dateModified":"2025-10-02T04:02:10+00:00","description":"You will enjoy unsurpassed comfort with this set of SportEar X-Pro earplugs made of soft silicone and a patented design. Perfect for shooting and hunting","breadcrumb":{"@id":"https:\/\/staging.lucky-hunter.com\/product\/sportear-x-pro-stay-put-earplugs\/#breadcrumb"},"inLanguage":"hu","potentialAction":[{"@type":"ReadAction","target":["https:\/\/staging.lucky-hunter.com\/product\/sportear-x-pro-stay-put-earplugs\/"]}]},{"@type":"ImageObject","inLanguage":"hu","@id":"https:\/\/staging.lucky-hunter.com\/product\/sportear-x-pro-stay-put-earplugs\/#primaryimage","url":"https:\/\/staging.lucky-hunter.com\/wp-content\/uploads\/2022\/06\/PU-54.png","contentUrl":"https:\/\/staging.lucky-hunter.com\/wp-content\/uploads\/2022\/06\/PU-54.png","width":1000,"height":1000,"caption":"Earplugs"},{"@type":"BreadcrumbList","@id":"https:\/\/staging.lucky-hunter.com\/product\/sportear-x-pro-stay-put-earplugs\/#breadcrumb","itemListElement":[{"@type":"ListItem","position":1,"name":"Home","item":"https:\/\/staging.lucky-hunter.com\/hu\/"},{"@type":"ListItem","position":2,"name":"Shop","item":"https:\/\/staging.lucky-hunter.com\/hu\/shop\/"},{"@type":"ListItem","position":3,"name":"SportEar X-Pro Stay Put Earplugs"}]},{"@type":"WebSite","@id":"https:\/\/staging.lucky-hunter.com\/#website","url":"https:\/\/staging.lucky-hunter.com\/","name":"Lucky-Hunter","description":"Gear Up or Give Up","potentialAction":[{"@type":"SearchAction","target":{"@type":"EntryPoint","urlTemplate":"https:\/\/staging.lucky-hunter.com\/?s={search_term_string}"},"query-input":{"@type":"PropertyValueSpecification","valueRequired":true,"valueName":"search_term_string"}}],"inLanguage":"hu"}]}},"_links":{"self":[{"href":"https:\/\/staging.lucky-hunter.com\/hu\/wp-json\/wp\/v2\/product\/28192"}],"collection":[{"href":"https:\/\/staging.lucky-hunter.com\/hu\/wp-json\/wp\/v2\/product"}],"about":[{"href":"https:\/\/staging.lucky-hunter.com\/hu\/wp-json\/wp\/v2\/types\/product"}],"wp:featuredmedia":[{"embeddable":true,"href":"https:\/\/staging.lucky-hunter.com\/hu\/wp-json\/wp\/v2\/media\/56270"}],"wp:attachment":[{"href":"https:\/\/staging.lucky-hunter.com\/hu\/wp-json\/wp\/v2\/media?parent=28192"}],"wp:term":[{"taxonomy":"product_brand","embeddable":true,"href":"https:\/\/staging.lucky-hunter.com\/hu\/wp-json\/wp\/v2\/product_brand?post=28192"},{"taxonomy":"product_cat","embeddable":true,"href":"https:\/\/staging.lucky-hunter.com\/hu\/wp-json\/wp\/v2\/product_cat?post=28192"},{"taxonomy":"product_tag","embeddable":true,"href":"https:\/\/staging.lucky-hunter.com\/hu\/wp-json\/wp\/v2\/product_tag?post=28192"}],"curies":[{"name":"wp","href":"https:\/\/api.w.org\/{rel}","templated":true}]}}