{"id":27880,"date":"2022-05-12T11:59:15","date_gmt":"2022-05-12T09:59:15","guid":{"rendered":"https:\/\/staging.lucky-hunter.com\/?post_type=product&#038;p=27880"},"modified":"2025-10-02T06:17:05","modified_gmt":"2025-10-02T04:17:05","slug":"nikon-prostaff-p7-8x42-handheld-binoculars-copy","status":"publish","type":"product","link":"https:\/\/staging.lucky-hunter.com\/hu\/product\/nikon-prostaff-p7-8x42-handheld-binoculars-copy\/","title":{"rendered":"Nikon Prostaff P7 8&#215;42 handheld binoculars"},"content":{"rendered":"<div>Nikon Prostaff P7 8&#215;42 is a compact handheld binoculars, which combines durability, low weight and high optical quality.<\/div>\n<div><\/div>\n<div>The binoculars are very light &#8211; only 590 grams &#8211; and the multicoated lens elements give a created, clear and bright image with high contrast.<\/div>\n<div><\/div>\n<div>All lenses and prisms are made of Nikon&#8217;s eco-glass, which is free of lead and arsenic.<\/div>\n<div><\/div>\n<div>The fiberglass-reinforced polycarbonate design is extremely durable and the binoculars are nitrogen-filled, which means that it is free from fog and condensation on all interior glass surfaces.<\/div>\n<div><\/div>\n<div>Rubber lining improves shock protection and supports the firm, comfortable grip.<\/div>\n<div><\/div>\n<div>Sliding and rotating rubber balls with multi-click adjustments mean that the binoculars can be easily placed with the right eye point.<\/div>\n<div><\/div>\n<div>The long eye distance makes it easy to enjoy a clear and full field of view, even for users with glasses.<\/div>\n<p><strong>Technical specification:<\/strong><\/p>\n<ul>\n<li>Magnification 8x<\/li>\n<li>Diameter of the front lens 42 mm<\/li>\n<li>126 meters field of view at 1000M<\/li>\n<li>Close up view: 3 meters<\/li>\n<li>Waterproof: 100%<\/li>\n<li>Distance between eyes: 56 &#8211; 72 mm<\/li>\n<li>Warranty 10 years.<\/li>\n<\/ul>\n","protected":false},"excerpt":{"rendered":"<p>Nikon Prostaff P7 8&#215;42 is a compact handheld binoculars, which combines durability, low weight and high optical quality.<\/p>\n","protected":false},"featured_media":27929,"template":"","meta":[],"product_brand":[8086],"product_cat":[8089],"product_tag":[],"yoast_head":"<!-- This site is optimized with the Yoast SEO plugin v24.3 - https:\/\/yoast.com\/wordpress\/plugins\/seo\/ -->\n<title>Nikon Prostaff P7 8x42 handheld binoculars - Lucky-Hunter.com<\/title>\n<meta name=\"description\" content=\"Nikon Prostaff P7 8x42 is a compact handheld binoculars, which combines durability, low weight and high optical quality.\" \/>\n<meta name=\"robots\" content=\"noindex, follow, max-snippet:-1, max-image-preview:large, max-video-preview:-1\" \/>\n<meta property=\"og:locale\" content=\"hu_HU\" \/>\n<meta property=\"og:type\" content=\"article\" \/>\n<meta property=\"og:title\" content=\"Nikon Prostaff P7 8x42 handheld binoculars - Lucky-Hunter.com\" \/>\n<meta property=\"og:description\" content=\"Nikon Prostaff P7 8x42 is a compact handheld binoculars, which combines durability, low weight and high optical quality.\" \/>\n<meta property=\"og:url\" content=\"https:\/\/staging.lucky-hunter.com\/product\/nikon-prostaff-p7-8x42-handheld-binoculars-copy\/\" \/>\n<meta property=\"og:site_name\" content=\"Lucky-Hunter\" \/>\n<meta property=\"article:modified_time\" content=\"2025-10-02T04:17:05+00:00\" \/>\n<meta property=\"og:image\" content=\"https:\/\/staging.lucky-hunter.com\/wp-content\/uploads\/2022\/05\/NV-605-1.png\" \/>\n\t<meta property=\"og:image:width\" content=\"700\" \/>\n\t<meta property=\"og:image:height\" content=\"595\" \/>\n\t<meta property=\"og:image:type\" content=\"image\/png\" \/>\n<meta name=\"twitter:card\" content=\"summary_large_image\" \/>\n<meta name=\"twitter:label1\" content=\"Becs\u00fclt olvas\u00e1si id\u0151\" \/>\n\t<meta name=\"twitter:data1\" content=\"1 perc\" \/>\n<script type=\"application\/ld+json\" class=\"yoast-schema-graph\">{\"@context\":\"https:\/\/schema.org\",\"@graph\":[{\"@type\":\"WebPage\",\"@id\":\"https:\/\/staging.lucky-hunter.com\/product\/nikon-prostaff-p7-8x42-handheld-binoculars-copy\/\",\"url\":\"https:\/\/staging.lucky-hunter.com\/product\/nikon-prostaff-p7-8x42-handheld-binoculars-copy\/\",\"name\":\"Nikon Prostaff P7 8x42 handheld binoculars - Lucky-Hunter.com\",\"isPartOf\":{\"@id\":\"https:\/\/staging.lucky-hunter.com\/#website\"},\"primaryImageOfPage\":{\"@id\":\"https:\/\/staging.lucky-hunter.com\/product\/nikon-prostaff-p7-8x42-handheld-binoculars-copy\/#primaryimage\"},\"image\":{\"@id\":\"https:\/\/staging.lucky-hunter.com\/product\/nikon-prostaff-p7-8x42-handheld-binoculars-copy\/#primaryimage\"},\"thumbnailUrl\":\"https:\/\/staging.lucky-hunter.com\/wp-content\/uploads\/2022\/05\/NV-605-1.png\",\"datePublished\":\"2022-05-12T09:59:15+00:00\",\"dateModified\":\"2025-10-02T04:17:05+00:00\",\"description\":\"Nikon Prostaff P7 8x42 is a compact handheld binoculars, which combines durability, low weight and high optical quality.\",\"breadcrumb\":{\"@id\":\"https:\/\/staging.lucky-hunter.com\/product\/nikon-prostaff-p7-8x42-handheld-binoculars-copy\/#breadcrumb\"},\"inLanguage\":\"hu\",\"potentialAction\":[{\"@type\":\"ReadAction\",\"target\":[\"https:\/\/staging.lucky-hunter.com\/product\/nikon-prostaff-p7-8x42-handheld-binoculars-copy\/\"]}]},{\"@type\":\"ImageObject\",\"inLanguage\":\"hu\",\"@id\":\"https:\/\/staging.lucky-hunter.com\/product\/nikon-prostaff-p7-8x42-handheld-binoculars-copy\/#primaryimage\",\"url\":\"https:\/\/staging.lucky-hunter.com\/wp-content\/uploads\/2022\/05\/NV-605-1.png\",\"contentUrl\":\"https:\/\/staging.lucky-hunter.com\/wp-content\/uploads\/2022\/05\/NV-605-1.png\",\"width\":700,\"height\":595},{\"@type\":\"BreadcrumbList\",\"@id\":\"https:\/\/staging.lucky-hunter.com\/product\/nikon-prostaff-p7-8x42-handheld-binoculars-copy\/#breadcrumb\",\"itemListElement\":[{\"@type\":\"ListItem\",\"position\":1,\"name\":\"Home\",\"item\":\"https:\/\/staging.lucky-hunter.com\/hu\/\"},{\"@type\":\"ListItem\",\"position\":2,\"name\":\"Shop\",\"item\":\"https:\/\/staging.lucky-hunter.com\/hu\/shop\/\"},{\"@type\":\"ListItem\",\"position\":3,\"name\":\"Nikon Prostaff P7 8&#215;42 handheld binoculars\"}]},{\"@type\":\"WebSite\",\"@id\":\"https:\/\/staging.lucky-hunter.com\/#website\",\"url\":\"https:\/\/staging.lucky-hunter.com\/\",\"name\":\"Lucky-Hunter\",\"description\":\"Gear Up or Give Up\",\"potentialAction\":[{\"@type\":\"SearchAction\",\"target\":{\"@type\":\"EntryPoint\",\"urlTemplate\":\"https:\/\/staging.lucky-hunter.com\/?s={search_term_string}\"},\"query-input\":{\"@type\":\"PropertyValueSpecification\",\"valueRequired\":true,\"valueName\":\"search_term_string\"}}],\"inLanguage\":\"hu\"}]}<\/script>\n<!-- \/ Yoast SEO plugin. -->","yoast_head_json":{"title":"Nikon Prostaff P7 8x42 handheld binoculars - Lucky-Hunter.com","description":"Nikon Prostaff P7 8x42 is a compact handheld binoculars, which combines durability, low weight and high optical quality.","robots":{"index":"noindex","follow":"follow","max-snippet":"max-snippet:-1","max-image-preview":"max-image-preview:large","max-video-preview":"max-video-preview:-1"},"og_locale":"hu_HU","og_type":"article","og_title":"Nikon Prostaff P7 8x42 handheld binoculars - Lucky-Hunter.com","og_description":"Nikon Prostaff P7 8x42 is a compact handheld binoculars, which combines durability, low weight and high optical quality.","og_url":"https:\/\/staging.lucky-hunter.com\/product\/nikon-prostaff-p7-8x42-handheld-binoculars-copy\/","og_site_name":"Lucky-Hunter","article_modified_time":"2025-10-02T04:17:05+00:00","og_image":[{"width":700,"height":595,"url":"https:\/\/staging.lucky-hunter.com\/wp-content\/uploads\/2022\/05\/NV-605-1.png","type":"image\/png"}],"twitter_card":"summary_large_image","twitter_misc":{"Becs\u00fclt olvas\u00e1si id\u0151":"1 perc"},"schema":{"@context":"https:\/\/schema.org","@graph":[{"@type":"WebPage","@id":"https:\/\/staging.lucky-hunter.com\/product\/nikon-prostaff-p7-8x42-handheld-binoculars-copy\/","url":"https:\/\/staging.lucky-hunter.com\/product\/nikon-prostaff-p7-8x42-handheld-binoculars-copy\/","name":"Nikon Prostaff P7 8x42 handheld binoculars - Lucky-Hunter.com","isPartOf":{"@id":"https:\/\/staging.lucky-hunter.com\/#website"},"primaryImageOfPage":{"@id":"https:\/\/staging.lucky-hunter.com\/product\/nikon-prostaff-p7-8x42-handheld-binoculars-copy\/#primaryimage"},"image":{"@id":"https:\/\/staging.lucky-hunter.com\/product\/nikon-prostaff-p7-8x42-handheld-binoculars-copy\/#primaryimage"},"thumbnailUrl":"https:\/\/staging.lucky-hunter.com\/wp-content\/uploads\/2022\/05\/NV-605-1.png","datePublished":"2022-05-12T09:59:15+00:00","dateModified":"2025-10-02T04:17:05+00:00","description":"Nikon Prostaff P7 8x42 is a compact handheld binoculars, which combines durability, low weight and high optical quality.","breadcrumb":{"@id":"https:\/\/staging.lucky-hunter.com\/product\/nikon-prostaff-p7-8x42-handheld-binoculars-copy\/#breadcrumb"},"inLanguage":"hu","potentialAction":[{"@type":"ReadAction","target":["https:\/\/staging.lucky-hunter.com\/product\/nikon-prostaff-p7-8x42-handheld-binoculars-copy\/"]}]},{"@type":"ImageObject","inLanguage":"hu","@id":"https:\/\/staging.lucky-hunter.com\/product\/nikon-prostaff-p7-8x42-handheld-binoculars-copy\/#primaryimage","url":"https:\/\/staging.lucky-hunter.com\/wp-content\/uploads\/2022\/05\/NV-605-1.png","contentUrl":"https:\/\/staging.lucky-hunter.com\/wp-content\/uploads\/2022\/05\/NV-605-1.png","width":700,"height":595},{"@type":"BreadcrumbList","@id":"https:\/\/staging.lucky-hunter.com\/product\/nikon-prostaff-p7-8x42-handheld-binoculars-copy\/#breadcrumb","itemListElement":[{"@type":"ListItem","position":1,"name":"Home","item":"https:\/\/staging.lucky-hunter.com\/hu\/"},{"@type":"ListItem","position":2,"name":"Shop","item":"https:\/\/staging.lucky-hunter.com\/hu\/shop\/"},{"@type":"ListItem","position":3,"name":"Nikon Prostaff P7 8&#215;42 handheld binoculars"}]},{"@type":"WebSite","@id":"https:\/\/staging.lucky-hunter.com\/#website","url":"https:\/\/staging.lucky-hunter.com\/","name":"Lucky-Hunter","description":"Gear Up or Give Up","potentialAction":[{"@type":"SearchAction","target":{"@type":"EntryPoint","urlTemplate":"https:\/\/staging.lucky-hunter.com\/?s={search_term_string}"},"query-input":{"@type":"PropertyValueSpecification","valueRequired":true,"valueName":"search_term_string"}}],"inLanguage":"hu"}]}},"_links":{"self":[{"href":"https:\/\/staging.lucky-hunter.com\/hu\/wp-json\/wp\/v2\/product\/27880"}],"collection":[{"href":"https:\/\/staging.lucky-hunter.com\/hu\/wp-json\/wp\/v2\/product"}],"about":[{"href":"https:\/\/staging.lucky-hunter.com\/hu\/wp-json\/wp\/v2\/types\/product"}],"wp:featuredmedia":[{"embeddable":true,"href":"https:\/\/staging.lucky-hunter.com\/hu\/wp-json\/wp\/v2\/media\/27929"}],"wp:attachment":[{"href":"https:\/\/staging.lucky-hunter.com\/hu\/wp-json\/wp\/v2\/media?parent=27880"}],"wp:term":[{"taxonomy":"product_brand","embeddable":true,"href":"https:\/\/staging.lucky-hunter.com\/hu\/wp-json\/wp\/v2\/product_brand?post=27880"},{"taxonomy":"product_cat","embeddable":true,"href":"https:\/\/staging.lucky-hunter.com\/hu\/wp-json\/wp\/v2\/product_cat?post=27880"},{"taxonomy":"product_tag","embeddable":true,"href":"https:\/\/staging.lucky-hunter.com\/hu\/wp-json\/wp\/v2\/product_tag?post=27880"}],"curies":[{"name":"wp","href":"https:\/\/api.w.org\/{rel}","templated":true}]}}