{"id":266602,"date":"2024-10-24T15:05:35","date_gmt":"2024-10-24T13:05:35","guid":{"rendered":"https:\/\/staging.lucky-hunter.com\/?post_type=product&#038;p=266602"},"modified":"2025-10-01T06:58:08","modified_gmt":"2025-10-01T04:58:08","slug":"avianx-power-shaker-mallard-drake","status":"publish","type":"product","link":"https:\/\/staging.lucky-hunter.com\/hu\/product\/avianx-power-shaker-mallard-drake\/","title":{"rendered":"AvianX Power Shaker Mallard Drake"},"content":{"rendered":"<p><iframe title=\"Avian X Power Shaker Motion Decoys\" width=\"1020\" height=\"574\" src=\"https:\/\/www.youtube.com\/embed\/IArEMN9E8LY?wmode=transparent&amp;rel=0&amp;feature=oembed&#038;enablejsapi=1&#038;origin=https:\/\/staging.lucky-hunter.com\" frameborder=\"0\" allow=\"accelerometer; autoplay; clipboard-write; encrypted-media; gyroscope; picture-in-picture; web-share\" referrerpolicy=\"strict-origin-when-cross-origin\" allowfullscreen><\/iframe><\/p>\n<h1><strong>Avian-X for duck hunting on less windy days<\/strong><\/h1>\n<div>Avian-X Power Shaker Motion Mallard fully lives up to the uncompromising quality you know from your Avian-X decoys.<\/div>\n<div><\/div>\n<div>Avian-X is undoubtedly the market&#8217;s most innovative brand, where the goal is to develop decoys that look as real as the ducks flying over your head.<\/div>\n<div><\/div>\n<div>This decoy is designed to recreate the lifelike movement of a Mallard Drake cleaning his feathers on the water. It is therefore super relevant for duck hunting at lakes, marshes and shallow water, where the ducks rest and look for food.<\/div>\n<div><\/div>\n<div>The duck decoy has foam filling that makes it sink-free and it is powered by 4 x AA batteries of good quality (not included).<\/div>\n<div><\/div>\n<div>Operating time approx. 10 hours depending on batteries and temperature.<\/div>\n","protected":false},"excerpt":{"rendered":"<p>AvianX Power Shaker decoy is designed to recreate the lifelike movement of a Mallard Drake cleaning his feathers on the water.<\/p>\n","protected":false},"featured_media":266547,"template":"","meta":[],"product_brand":[110],"product_cat":[8024,9732],"product_tag":[],"yoast_head":"<!-- This site is optimized with the Yoast SEO plugin v24.3 - https:\/\/yoast.com\/wordpress\/plugins\/seo\/ -->\n<title>AvianX Power Shaker Mallard Drake - Lucky-Hunter<\/title>\n<meta name=\"description\" content=\"AvianX Power Shaker decoy is designed to recreate the lifelike movement of a Mallard Drake cleaning his feathers on the water.\" \/>\n<meta name=\"robots\" content=\"noindex, follow, max-snippet:-1, max-image-preview:large, max-video-preview:-1\" \/>\n<meta property=\"og:locale\" content=\"hu_HU\" \/>\n<meta property=\"og:type\" content=\"article\" \/>\n<meta property=\"og:title\" content=\"AvianX Power Shaker Mallard Drake - Lucky-Hunter\" \/>\n<meta property=\"og:description\" content=\"AvianX Power Shaker decoy is designed to recreate the lifelike movement of a Mallard Drake cleaning his feathers on the water.\" \/>\n<meta property=\"og:url\" content=\"https:\/\/staging.lucky-hunter.com\/product\/avianx-power-shaker-mallard-drake\/\" \/>\n<meta property=\"og:site_name\" content=\"Lucky-Hunter\" \/>\n<meta property=\"article:modified_time\" content=\"2025-10-01T04:58:08+00:00\" \/>\n<meta property=\"og:image\" content=\"https:\/\/staging.lucky-hunter.com\/wp-content\/uploads\/2024\/02\/IMG_4359-removebg-e1729774901604.png\" \/>\n\t<meta property=\"og:image:width\" content=\"1000\" \/>\n\t<meta property=\"og:image:height\" content=\"1333\" \/>\n\t<meta property=\"og:image:type\" content=\"image\/png\" \/>\n<meta name=\"twitter:card\" content=\"summary_large_image\" \/>\n<meta name=\"twitter:label1\" content=\"Becs\u00fclt olvas\u00e1si id\u0151\" \/>\n\t<meta name=\"twitter:data1\" content=\"1 perc\" \/>\n<script type=\"application\/ld+json\" class=\"yoast-schema-graph\">{\"@context\":\"https:\/\/schema.org\",\"@graph\":[{\"@type\":\"WebPage\",\"@id\":\"https:\/\/staging.lucky-hunter.com\/product\/avianx-power-shaker-mallard-drake\/\",\"url\":\"https:\/\/staging.lucky-hunter.com\/product\/avianx-power-shaker-mallard-drake\/\",\"name\":\"AvianX Power Shaker Mallard Drake - Lucky-Hunter\",\"isPartOf\":{\"@id\":\"https:\/\/staging.lucky-hunter.com\/#website\"},\"primaryImageOfPage\":{\"@id\":\"https:\/\/staging.lucky-hunter.com\/product\/avianx-power-shaker-mallard-drake\/#primaryimage\"},\"image\":{\"@id\":\"https:\/\/staging.lucky-hunter.com\/product\/avianx-power-shaker-mallard-drake\/#primaryimage\"},\"thumbnailUrl\":\"https:\/\/staging.lucky-hunter.com\/wp-content\/uploads\/2024\/02\/IMG_4359-removebg-e1729774901604.png\",\"datePublished\":\"2024-10-24T13:05:35+00:00\",\"dateModified\":\"2025-10-01T04:58:08+00:00\",\"description\":\"AvianX Power Shaker decoy is designed to recreate the lifelike movement of a Mallard Drake cleaning his feathers on the water.\",\"breadcrumb\":{\"@id\":\"https:\/\/staging.lucky-hunter.com\/product\/avianx-power-shaker-mallard-drake\/#breadcrumb\"},\"inLanguage\":\"hu\",\"potentialAction\":[{\"@type\":\"ReadAction\",\"target\":[\"https:\/\/staging.lucky-hunter.com\/product\/avianx-power-shaker-mallard-drake\/\"]}]},{\"@type\":\"ImageObject\",\"inLanguage\":\"hu\",\"@id\":\"https:\/\/staging.lucky-hunter.com\/product\/avianx-power-shaker-mallard-drake\/#primaryimage\",\"url\":\"https:\/\/staging.lucky-hunter.com\/wp-content\/uploads\/2024\/02\/IMG_4359-removebg-e1729774901604.png\",\"contentUrl\":\"https:\/\/staging.lucky-hunter.com\/wp-content\/uploads\/2024\/02\/IMG_4359-removebg-e1729774901604.png\",\"width\":1000,\"height\":1333},{\"@type\":\"BreadcrumbList\",\"@id\":\"https:\/\/staging.lucky-hunter.com\/product\/avianx-power-shaker-mallard-drake\/#breadcrumb\",\"itemListElement\":[{\"@type\":\"ListItem\",\"position\":1,\"name\":\"Home\",\"item\":\"https:\/\/staging.lucky-hunter.com\/hu\/\"},{\"@type\":\"ListItem\",\"position\":2,\"name\":\"Shop\",\"item\":\"https:\/\/staging.lucky-hunter.com\/hu\/shop\/\"},{\"@type\":\"ListItem\",\"position\":3,\"name\":\"AvianX Power Shaker Mallard Drake\"}]},{\"@type\":\"WebSite\",\"@id\":\"https:\/\/staging.lucky-hunter.com\/#website\",\"url\":\"https:\/\/staging.lucky-hunter.com\/\",\"name\":\"Lucky-Hunter\",\"description\":\"Gear Up or Give Up\",\"potentialAction\":[{\"@type\":\"SearchAction\",\"target\":{\"@type\":\"EntryPoint\",\"urlTemplate\":\"https:\/\/staging.lucky-hunter.com\/?s={search_term_string}\"},\"query-input\":{\"@type\":\"PropertyValueSpecification\",\"valueRequired\":true,\"valueName\":\"search_term_string\"}}],\"inLanguage\":\"hu\"}]}<\/script>\n<!-- \/ Yoast SEO plugin. -->","yoast_head_json":{"title":"AvianX Power Shaker Mallard Drake - Lucky-Hunter","description":"AvianX Power Shaker decoy is designed to recreate the lifelike movement of a Mallard Drake cleaning his feathers on the water.","robots":{"index":"noindex","follow":"follow","max-snippet":"max-snippet:-1","max-image-preview":"max-image-preview:large","max-video-preview":"max-video-preview:-1"},"og_locale":"hu_HU","og_type":"article","og_title":"AvianX Power Shaker Mallard Drake - Lucky-Hunter","og_description":"AvianX Power Shaker decoy is designed to recreate the lifelike movement of a Mallard Drake cleaning his feathers on the water.","og_url":"https:\/\/staging.lucky-hunter.com\/product\/avianx-power-shaker-mallard-drake\/","og_site_name":"Lucky-Hunter","article_modified_time":"2025-10-01T04:58:08+00:00","og_image":[{"url":"https:\/\/staging.lucky-hunter.com\/wp-content\/uploads\/2024\/02\/IMG_4359-removebg-e1729774901604.png","width":1000,"height":1333,"type":"image\/png"}],"twitter_card":"summary_large_image","twitter_misc":{"Becs\u00fclt olvas\u00e1si id\u0151":"1 perc"},"schema":{"@context":"https:\/\/schema.org","@graph":[{"@type":"WebPage","@id":"https:\/\/staging.lucky-hunter.com\/product\/avianx-power-shaker-mallard-drake\/","url":"https:\/\/staging.lucky-hunter.com\/product\/avianx-power-shaker-mallard-drake\/","name":"AvianX Power Shaker Mallard Drake - Lucky-Hunter","isPartOf":{"@id":"https:\/\/staging.lucky-hunter.com\/#website"},"primaryImageOfPage":{"@id":"https:\/\/staging.lucky-hunter.com\/product\/avianx-power-shaker-mallard-drake\/#primaryimage"},"image":{"@id":"https:\/\/staging.lucky-hunter.com\/product\/avianx-power-shaker-mallard-drake\/#primaryimage"},"thumbnailUrl":"https:\/\/staging.lucky-hunter.com\/wp-content\/uploads\/2024\/02\/IMG_4359-removebg-e1729774901604.png","datePublished":"2024-10-24T13:05:35+00:00","dateModified":"2025-10-01T04:58:08+00:00","description":"AvianX Power Shaker decoy is designed to recreate the lifelike movement of a Mallard Drake cleaning his feathers on the water.","breadcrumb":{"@id":"https:\/\/staging.lucky-hunter.com\/product\/avianx-power-shaker-mallard-drake\/#breadcrumb"},"inLanguage":"hu","potentialAction":[{"@type":"ReadAction","target":["https:\/\/staging.lucky-hunter.com\/product\/avianx-power-shaker-mallard-drake\/"]}]},{"@type":"ImageObject","inLanguage":"hu","@id":"https:\/\/staging.lucky-hunter.com\/product\/avianx-power-shaker-mallard-drake\/#primaryimage","url":"https:\/\/staging.lucky-hunter.com\/wp-content\/uploads\/2024\/02\/IMG_4359-removebg-e1729774901604.png","contentUrl":"https:\/\/staging.lucky-hunter.com\/wp-content\/uploads\/2024\/02\/IMG_4359-removebg-e1729774901604.png","width":1000,"height":1333},{"@type":"BreadcrumbList","@id":"https:\/\/staging.lucky-hunter.com\/product\/avianx-power-shaker-mallard-drake\/#breadcrumb","itemListElement":[{"@type":"ListItem","position":1,"name":"Home","item":"https:\/\/staging.lucky-hunter.com\/hu\/"},{"@type":"ListItem","position":2,"name":"Shop","item":"https:\/\/staging.lucky-hunter.com\/hu\/shop\/"},{"@type":"ListItem","position":3,"name":"AvianX Power Shaker Mallard Drake"}]},{"@type":"WebSite","@id":"https:\/\/staging.lucky-hunter.com\/#website","url":"https:\/\/staging.lucky-hunter.com\/","name":"Lucky-Hunter","description":"Gear Up or Give Up","potentialAction":[{"@type":"SearchAction","target":{"@type":"EntryPoint","urlTemplate":"https:\/\/staging.lucky-hunter.com\/?s={search_term_string}"},"query-input":{"@type":"PropertyValueSpecification","valueRequired":true,"valueName":"search_term_string"}}],"inLanguage":"hu"}]}},"_links":{"self":[{"href":"https:\/\/staging.lucky-hunter.com\/hu\/wp-json\/wp\/v2\/product\/266602"}],"collection":[{"href":"https:\/\/staging.lucky-hunter.com\/hu\/wp-json\/wp\/v2\/product"}],"about":[{"href":"https:\/\/staging.lucky-hunter.com\/hu\/wp-json\/wp\/v2\/types\/product"}],"wp:featuredmedia":[{"embeddable":true,"href":"https:\/\/staging.lucky-hunter.com\/hu\/wp-json\/wp\/v2\/media\/266547"}],"wp:attachment":[{"href":"https:\/\/staging.lucky-hunter.com\/hu\/wp-json\/wp\/v2\/media?parent=266602"}],"wp:term":[{"taxonomy":"product_brand","embeddable":true,"href":"https:\/\/staging.lucky-hunter.com\/hu\/wp-json\/wp\/v2\/product_brand?post=266602"},{"taxonomy":"product_cat","embeddable":true,"href":"https:\/\/staging.lucky-hunter.com\/hu\/wp-json\/wp\/v2\/product_cat?post=266602"},{"taxonomy":"product_tag","embeddable":true,"href":"https:\/\/staging.lucky-hunter.com\/hu\/wp-json\/wp\/v2\/product_tag?post=266602"}],"curies":[{"name":"wp","href":"https:\/\/api.w.org\/{rel}","templated":true}]}}